{"id":10279,"date":"2025-07-08T10:19:02","date_gmt":"2025-07-08T10:19:02","guid":{"rendered":"https:\/\/miamedic.lt\/?post_type=product&#038;p=10279"},"modified":"2025-12-01T00:29:04","modified_gmt":"2025-12-01T00:29:04","slug":"skin-balance","status":"publish","type":"product","link":"https:\/\/miamedic.lt\/en\/shop\/skin-balance\/","title":{"rendered":"Skin Balance"},"content":{"rendered":"<p><strong>Mesoestetic Skin Balance<\/strong><\/p>\n<p>Serumas pasi\u017eymi raminan\u010diu poveikiu ir puikiai toleruoja od\u0105. Jis susilpnina odos aprai\u0161kas, susijusias su jautria ir \u012fjautrinta oda, vietin\u012f paraudim\u0105, nie\u017e\u0117jim\u0105 ir sudirginim\u0105. Su antioksidantais ir pusiausvyr\u0105 atkurian\u010diomis med\u017eiagomis, kurios skatina subalansuot\u0105 mikrobiot\u0105 ir stiprina nat\u016brali\u0105 odos apsaugos sistem\u0105.<\/p>\n<p>RAMINAMASIS POVEIKIS: Augalin\u0117s kilm\u0117s veikli\u0173j\u0173 med\u017eiag\u0173 derinio ir sinergijos d\u0117ka suteikia greit\u0105 raminam\u0105j\u012f poveik\u012f ir suma\u017eina paraudim\u0105.<\/p>\n<p>ATGAIKINANTIS VEIKSMAS: pantenolis kartu su alavijo ekstraktu ir medetkomis skatina l\u0105steli\u0173 atsinaujinimo procesus, stiprina od\u0105 ir stiprina apsaugin\u0119 funkcij\u0105.<\/p>\n<p>BIOBALANCAVIMAS: Prebiotiko buvimas skatina subalansuot\u0105 mikrobiot\u0105 ir nauding\u0173 bakterij\u0173 egzistavim\u0105, siekiant sustiprinti nat\u016brali\u0105 odos apsaug\u0105.<\/p>\n<p>ANTIOKSIDANTAS: tretrapeptidas-2 apsaugo nuo oksidacijos, kuri\u0105 sukelia pagrindin\u0117s reaktyvios r\u016b\u0161ys nuo kasdieninio i\u0161orini\u0173 veiksni\u0173 poveikio.<\/p>\n<p><strong>Usage:<\/strong> Naudokite du kartus per dien\u0105, ryte ir vakare. Prie\u0161 naudodami \u012fprast\u0105 krem\u0105, nuvalykite veid\u0105 ant sausos odos u\u017ela\u0161inkite 3-4 la\u0161us serumo. \u0160velniai masa\u017euokite vis\u0105, kol visi\u0161kai \u012fsigers.<\/p>","protected":false},"excerpt":{"rendered":"<p>Raminantis serumas<\/p>","protected":false},"featured_media":10280,"comment_status":"open","ping_status":"closed","template":"","meta":[],"product_cat":[107],"product_tag":[],"class_list":{"0":"post-10279","1":"product","2":"type-product","3":"status-publish","4":"has-post-thumbnail","6":"product_cat-serumai","7":"pa_brands-mesoestetic","8":"pa_talpa-30ml-2","10":"first","11":"instock","12":"taxable","13":"shipping-taxable","14":"purchasable","15":"product-type-simple"},"_links":{"self":[{"href":"https:\/\/miamedic.lt\/en\/wp-json\/wp\/v2\/product\/10279","targetHints":{"allow":["GET"]}}],"collection":[{"href":"https:\/\/miamedic.lt\/en\/wp-json\/wp\/v2\/product"}],"about":[{"href":"https:\/\/miamedic.lt\/en\/wp-json\/wp\/v2\/types\/product"}],"replies":[{"embeddable":true,"href":"https:\/\/miamedic.lt\/en\/wp-json\/wp\/v2\/comments?post=10279"}],"version-history":[{"count":1,"href":"https:\/\/miamedic.lt\/en\/wp-json\/wp\/v2\/product\/10279\/revisions"}],"predecessor-version":[{"id":10283,"href":"https:\/\/miamedic.lt\/en\/wp-json\/wp\/v2\/product\/10279\/revisions\/10283"}],"wp:featuredmedia":[{"embeddable":true,"href":"https:\/\/miamedic.lt\/en\/wp-json\/wp\/v2\/media\/10280"}],"wp:attachment":[{"href":"https:\/\/miamedic.lt\/en\/wp-json\/wp\/v2\/media?parent=10279"}],"wp:term":[{"taxonomy":"product_cat","embeddable":true,"href":"https:\/\/miamedic.lt\/en\/wp-json\/wp\/v2\/product_cat?post=10279"},{"taxonomy":"product_tag","embeddable":true,"href":"https:\/\/miamedic.lt\/en\/wp-json\/wp\/v2\/product_tag?post=10279"}],"curies":[{"name":"wp","href":"https:\/\/api.w.org\/{rel}","templated":true}]}}