{"id":10276,"date":"2025-07-07T11:35:49","date_gmt":"2025-07-07T11:35:49","guid":{"rendered":"https:\/\/miamedic.lt\/?post_type=product&#038;p=10276"},"modified":"2025-12-01T00:29:04","modified_gmt":"2025-12-01T00:29:04","slug":"melan-recovery","status":"publish","type":"product","link":"https:\/\/miamedic.lt\/en\/shop\/melan-recovery\/","title":{"rendered":"Melan Recovery"},"content":{"rendered":"<p data-start=\"44\" data-end=\"141\"><strong data-start=\"44\" data-end=\"74\">Mesoestetic Melan Recovery<\/strong> \u2013 raminamasis bei atkuriamasis balzamas jautriai, sudirgintai odai<\/p>\n<p data-start=\"143\" data-end=\"218\"><span class=\"relative -mx-px my-[-0.2rem] rounded px-px py-[0.2rem] transition-colors duration-100 ease-in-out\">Intensyvi balzamo formul\u0117 sukurta raminti od\u0105, suma\u017einti paraudim\u0105 po agresyvi\u0173 proced\u016br\u0173 (pvz., lazerio, \u0161veitimo, skutimosi ar depiliacijos), stiprinti odos barjer\u0105 ir didinti komfort\u0105. Tinka naudoti profilakti\u0161kai arba kaip palaikomoji priemon\u0117 jautriai ar dehidratuotai odai\u202f<\/span><\/p>\n<p data-start=\"220\" data-end=\"313\"><strong data-start=\"220\" data-end=\"235\">Odos tipas:<\/strong><br data-start=\"235\" data-end=\"238\" \/><span class=\"relative -mx-px my-[-0.2rem] rounded px-px py-[0.2rem] transition-colors duration-100 ease-in-out\">Vis\u0173 tip\u0173 oda \u2013 ypa\u010d jautri, dehidratuota arba stimuliacija paveikta oda (proced\u016bros, i\u0161or\u0117s faktoriai)\u202f<\/span>.<\/p>\n<p data-start=\"315\" data-end=\"644\"><strong data-start=\"315\" data-end=\"328\">Poveikis:<\/strong><br data-start=\"328\" data-end=\"331\" \/><span class=\"relative -mx-px my-[-0.2rem] rounded px-px py-[0.2rem] transition-colors duration-100 ease-in-out\">\u2022 Akimirksniu mal\u0161ina tempim\u0105 ir diskomfort\u0105\u202f<\/span><br data-start=\"405\" data-end=\"408\" \/><span class=\"relative -mx-px my-[-0.2rem] rounded px-px py-[0.2rem] transition-colors duration-100 ease-in-out\">\u2022 Suma\u017eina paraudim\u0105 ir odos jautrum\u0105<\/span><br data-start=\"482\" data-end=\"485\" \/><span class=\"relative -mx-px my-[-0.2rem] rounded px-px py-[0.2rem] transition-colors duration-100 ease-in-out\">\u2022 Atkuria ir sustiprina hidrolipidin\u012f barjer\u0105\u202f<\/span><br data-start=\"561\" data-end=\"564\" \/><span class=\"relative -mx-px my-[-0.2rem] rounded px-px py-[0.2rem] transition-colors duration-100 ease-in-out\">\u2022 Skatina elastingumo atstatym\u0105 ir odos mink\u0161tum\u0105\u202f<\/span><\/p>\n<p data-start=\"646\" data-end=\"825\"><strong data-start=\"646\" data-end=\"661\">Naudojimas:<\/strong><br data-start=\"661\" data-end=\"664\" \/><span class=\"relative -mx-px my-[-0.2rem] rounded px-px py-[0.2rem] transition-colors duration-100 ease-in-out\">\u2022 Tepkite ant \u0161varios veido odos ryte, dien\u0105 ar vakare \u2013 kiekvien\u0105 kart\u0105, kai jau\u010diamas tempimas<\/span><br data-start=\"742\" data-end=\"745\" \/><span class=\"relative -mx-px my-[-0.2rem] rounded px-px py-[0.2rem] transition-colors duration-100 ease-in-out\">\u2022 Tepkite gausiai, masa\u017euokite \u0161velniais judesiais, kol visi\u0161kai susigers\u202f<\/span><\/p>\n<p data-start=\"827\" data-end=\"1141\"><strong data-start=\"827\" data-end=\"851\">Atsargumo priemon\u0117s:<\/strong><br data-start=\"851\" data-end=\"854\" \/><span class=\"relative -mx-px my-[-0.2rem] rounded px-px py-[0.2rem] transition-colors duration-100 ease-in-out\">\u2022 Tik i\u0161oriniam naudojimui<\/span><br data-start=\"893\" data-end=\"896\" \/><span class=\"relative -mx-px my-[-0.2rem] rounded px-px py-[0.2rem] transition-colors duration-100 ease-in-out\">\u2022 Venkite patekimo \u012f akis<\/span><br data-start=\"935\" data-end=\"938\" \/><span class=\"relative -mx-px my-[-0.2rem] rounded px-px py-[0.2rem] transition-colors duration-100 ease-in-out\">\u2022 Nutraukti naudojim\u0105, jei atsiranda stiprus dirginimas<\/span><br data-start=\"977\" data-end=\"980\" \/><span class=\"relative -mx-px my-[-0.2rem] rounded px-px py-[0.2rem] transition-colors duration-100 ease-in-out\">\u2022 Tinka naudoti po Cosmelan ir Dermamelan proced\u016br\u0173\u202f<\/span><br data-start=\"1058\" data-end=\"1061\" \/><span class=\"relative -mx-px my-[-0.2rem] rounded px-px py-[0.2rem] transition-colors duration-100 ease-in-out\">\u2022 Rekomenduojama derinti su pla\u010dia spektrine SPF apsauga\u202f<\/span><\/p>\n<p data-start=\"1143\" data-end=\"1249\"><strong data-start=\"1143\" data-end=\"1163\">Laikymo s\u0105lygos:<\/strong><br data-start=\"1163\" data-end=\"1166\" \/><span class=\"relative -mx-px my-[-0.2rem] rounded px-px py-[0.2rem] transition-colors duration-100 ease-in-out\">\u2022 Laikyti kambario temperat\u016broje (15\u201325\u202f\u00b0C)<\/span><br data-start=\"1205\" data-end=\"1208\" \/><span class=\"relative -mx-px my-[-0.2rem] rounded px-px py-[0.2rem] transition-colors duration-100 ease-in-out\">\u2022 Saugoti nuo tiesiogin\u0117s saul\u0117s ir temperat\u016bros svyravim\u0173<\/span><\/p>\n","protected":false},"excerpt":{"rendered":"<p>Raminamasis bei atkuriamasis balzamas jautriai, sudirgintai odai<\/p>","protected":false},"featured_media":10277,"comment_status":"open","ping_status":"closed","template":"","meta":[],"product_cat":[129],"product_tag":[],"class_list":{"0":"post-10276","1":"product","2":"type-product","3":"status-publish","4":"has-post-thumbnail","6":"product_cat-veido-kremai","7":"pa_brands-mesoestetic","8":"pa_talpa-50ml-2","10":"first","11":"instock","12":"taxable","13":"shipping-taxable","14":"purchasable","15":"product-type-simple"},"_links":{"self":[{"href":"https:\/\/miamedic.lt\/en\/wp-json\/wp\/v2\/product\/10276","targetHints":{"allow":["GET"]}}],"collection":[{"href":"https:\/\/miamedic.lt\/en\/wp-json\/wp\/v2\/product"}],"about":[{"href":"https:\/\/miamedic.lt\/en\/wp-json\/wp\/v2\/types\/product"}],"replies":[{"embeddable":true,"href":"https:\/\/miamedic.lt\/en\/wp-json\/wp\/v2\/comments?post=10276"}],"version-history":[{"count":2,"href":"https:\/\/miamedic.lt\/en\/wp-json\/wp\/v2\/product\/10276\/revisions"}],"predecessor-version":[{"id":10281,"href":"https:\/\/miamedic.lt\/en\/wp-json\/wp\/v2\/product\/10276\/revisions\/10281"}],"wp:featuredmedia":[{"embeddable":true,"href":"https:\/\/miamedic.lt\/en\/wp-json\/wp\/v2\/media\/10277"}],"wp:attachment":[{"href":"https:\/\/miamedic.lt\/en\/wp-json\/wp\/v2\/media?parent=10276"}],"wp:term":[{"taxonomy":"product_cat","embeddable":true,"href":"https:\/\/miamedic.lt\/en\/wp-json\/wp\/v2\/product_cat?post=10276"},{"taxonomy":"product_tag","embeddable":true,"href":"https:\/\/miamedic.lt\/en\/wp-json\/wp\/v2\/product_tag?post=10276"}],"curies":[{"name":"wp","href":"https:\/\/api.w.org\/{rel}","templated":true}]}}