{"id":10273,"date":"2025-07-07T11:31:24","date_gmt":"2025-07-07T11:31:24","guid":{"rendered":"https:\/\/miamedic.lt\/?post_type=product&#038;p=10273"},"modified":"2025-12-01T00:29:04","modified_gmt":"2025-12-01T00:29:04","slug":"couperend-cream","status":"publish","type":"product","link":"https:\/\/miamedic.lt\/en\/shop\/couperend-cream\/","title":{"rendered":"Couperend Cream"},"content":{"rendered":"<p>Mesoestetic Couperend Cream &#8211; dr\u0117kinamasis kremas, ma\u017einantis kapiliar\u0173 trapum\u0105 ir paraudim\u0105, linkusiai \u012f kuperoz\u0119. Jis stiprina kapiliarus ir ma\u017eina paraudimo bei telangiektazijos intensyvum\u0105.<\/p>\n<p>Sald\u017ei\u0173j\u0173 dobil\u0173, rusk\u0173, m\u0117lyni\u0173, hesperidino ir escino ekstrakt\u0173 derinys pasi\u017eymi galingu prie\u0161u\u017edegiminiu ir kraujagysles apsaugan\u010diu poveikiu, pa\u0161alina matom\u0105 paraudim\u0105 ir stiprina kapiliarus. Pagerina odos i\u0161vaizd\u0105, suteikia vienodumo ir \u0161velnumo.<\/p>\n<p>Gausu skvaleno ir pantenolio bei suteikia elastingumo. Tai taip pat apsaugo nuo lupimo ir odos sudirginimo.<\/p>\n<p>BIOBALANCAVIMAS: prebiotiko, acetilheptapeptido-4, buvimas skatina subalansuot\u0105 mikrobiot\u0105 ir naudingas bakterijas, kad sustiprint\u0173 barjerin\u0119 funkcij\u0105, taigi ir nat\u016brali\u0105 odos apsaugos sistem\u0105.<\/p>\n<p>ANTIOKSIDANTAS: tretrapeptidas-2 apsaugo nuo oksidacijos.<\/p>\n<p><strong>Usage:<\/strong> Naudokite du kartus per dien\u0105, ryte ir vakare. Tepkite ant nuvalytos, sausos odos ir \u0161velniai masa\u017euokite, kol visi\u0161kai \u012fsigers.<\/p>","protected":false},"excerpt":{"rendered":"<p>Dr\u0117kinamasis kremas, ma\u017einantis kapiliar\u0173 trapum\u0105 ir paraudim\u0105<\/p>","protected":false},"featured_media":10274,"comment_status":"open","ping_status":"closed","template":"","meta":[],"product_cat":[129],"product_tag":[],"class_list":{"0":"post-10273","1":"product","2":"type-product","3":"status-publish","4":"has-post-thumbnail","6":"product_cat-veido-kremai","7":"pa_brands-mesoestetic","8":"pa_talpa-50ml-2","10":"first","11":"instock","12":"taxable","13":"shipping-taxable","14":"purchasable","15":"product-type-simple"},"_links":{"self":[{"href":"https:\/\/miamedic.lt\/en\/wp-json\/wp\/v2\/product\/10273","targetHints":{"allow":["GET"]}}],"collection":[{"href":"https:\/\/miamedic.lt\/en\/wp-json\/wp\/v2\/product"}],"about":[{"href":"https:\/\/miamedic.lt\/en\/wp-json\/wp\/v2\/types\/product"}],"replies":[{"embeddable":true,"href":"https:\/\/miamedic.lt\/en\/wp-json\/wp\/v2\/comments?post=10273"}],"version-history":[{"count":1,"href":"https:\/\/miamedic.lt\/en\/wp-json\/wp\/v2\/product\/10273\/revisions"}],"predecessor-version":[{"id":10275,"href":"https:\/\/miamedic.lt\/en\/wp-json\/wp\/v2\/product\/10273\/revisions\/10275"}],"wp:featuredmedia":[{"embeddable":true,"href":"https:\/\/miamedic.lt\/en\/wp-json\/wp\/v2\/media\/10274"}],"wp:attachment":[{"href":"https:\/\/miamedic.lt\/en\/wp-json\/wp\/v2\/media?parent=10273"}],"wp:term":[{"taxonomy":"product_cat","embeddable":true,"href":"https:\/\/miamedic.lt\/en\/wp-json\/wp\/v2\/product_cat?post=10273"},{"taxonomy":"product_tag","embeddable":true,"href":"https:\/\/miamedic.lt\/en\/wp-json\/wp\/v2\/product_tag?post=10273"}],"curies":[{"name":"wp","href":"https:\/\/api.w.org\/{rel}","templated":true}]}}