{"id":10270,"date":"2025-07-07T11:27:34","date_gmt":"2025-07-07T11:27:34","guid":{"rendered":"https:\/\/miamedic.lt\/?post_type=product&#038;p=10270"},"modified":"2025-12-01T00:29:05","modified_gmt":"2025-12-01T00:29:05","slug":"fast-skin-repair","status":"publish","type":"product","link":"https:\/\/miamedic.lt\/en\/shop\/fast-skin-repair\/","title":{"rendered":"Fast Skin Repair"},"content":{"rendered":"<p><strong>Mesoestetic Fast Skin Repair<\/strong> &#8211; atkuriamasis kremas jautriai ir sudirgusiai odai. Skatina epidermio atsistatym\u0105 ir stiprina barjerin\u0119 funkcij\u0105, atkuria komfort\u0105, elastingum\u0105 ir mink\u0161tum\u0105. Tinka vis\u0173 tip\u0173 odai ir ypa\u010d po estetini\u0173 proced\u016br\u0173. Galima naudoti po vabzd\u017ei\u0173 sukandimo. Atkuria, gaivina, ramina ir maitin\u0105 od\u0105.REGENERACIJA: Pantenolio regeneracinis veiksmingumas yra sustiprintas su azijine centale ir alantoinu, kad b\u016bt\u0173 skatinamas odos atsigavimas ir u\u017ekertamas kelias sudirgimui, pleiskanojimui ir paraudimui.\u00a0 ATSTATOMASIS IR DR\u0116KINAMASIS: veikliosios med\u017eiagos su dideliu lipid\u0173 kiekiu, pavyzd\u017eiui, skvalenas, kartu su dr\u0117kinan\u010diomis veikliosiomis med\u017eiagomis, tokiomis kaip hialurono r\u016bg\u0161tis ir \u0161lapalas, atkuria hidrolipidin\u0117s pl\u0117vel\u0117s balans\u0105 ir apsaugo od\u0105 nuo aplinkos veiksni\u0173 ir i\u0161saus\u0117jimo.<\/p>\n<p>BIOBALANCAVIMAS: prebiotiko, acetilheptapeptido-4, buvimas skatina subalansuot\u0105 mikrobiot\u0105 ir naudingas bakterijas, kad sustiprint\u0173 barjerin\u0119 funkcij\u0105, taigi ir nat\u016brali\u0105 odos apsaugos sistem\u0105. ANTIOKSIDANTAS: tretrapeptidas-2 apsaugo nuo oksidacijos.Sud\u0117tis: hialurono r\u016bg\u0161tis, skvalenas, \u0161lapalas, alantoinas, azijin\u0117 cental\u0117, pantenolis<\/p>\n<p>Naudojimas: Naudokite du kartus per dien\u0105 ryte ir vakare. Tepkite ant nuvalytos, sausos odos, \u0161velniai masa\u017euokite, kol visi\u0161kai \u012fsigers.<\/p>","protected":false},"excerpt":{"rendered":"<p>Atkuriamasis kremas jautriai ir sudirgusiai odai<\/p>","protected":false},"featured_media":10271,"comment_status":"open","ping_status":"closed","template":"","meta":[],"product_cat":[129],"product_tag":[],"class_list":{"0":"post-10270","1":"product","2":"type-product","3":"status-publish","4":"has-post-thumbnail","6":"product_cat-veido-kremai","7":"pa_brands-mesoestetic","8":"pa_talpa-50ml-2","10":"first","11":"instock","12":"taxable","13":"shipping-taxable","14":"purchasable","15":"product-type-simple"},"_links":{"self":[{"href":"https:\/\/miamedic.lt\/en\/wp-json\/wp\/v2\/product\/10270","targetHints":{"allow":["GET"]}}],"collection":[{"href":"https:\/\/miamedic.lt\/en\/wp-json\/wp\/v2\/product"}],"about":[{"href":"https:\/\/miamedic.lt\/en\/wp-json\/wp\/v2\/types\/product"}],"replies":[{"embeddable":true,"href":"https:\/\/miamedic.lt\/en\/wp-json\/wp\/v2\/comments?post=10270"}],"version-history":[{"count":1,"href":"https:\/\/miamedic.lt\/en\/wp-json\/wp\/v2\/product\/10270\/revisions"}],"predecessor-version":[{"id":10272,"href":"https:\/\/miamedic.lt\/en\/wp-json\/wp\/v2\/product\/10270\/revisions\/10272"}],"wp:featuredmedia":[{"embeddable":true,"href":"https:\/\/miamedic.lt\/en\/wp-json\/wp\/v2\/media\/10271"}],"wp:attachment":[{"href":"https:\/\/miamedic.lt\/en\/wp-json\/wp\/v2\/media?parent=10270"}],"wp:term":[{"taxonomy":"product_cat","embeddable":true,"href":"https:\/\/miamedic.lt\/en\/wp-json\/wp\/v2\/product_cat?post=10270"},{"taxonomy":"product_tag","embeddable":true,"href":"https:\/\/miamedic.lt\/en\/wp-json\/wp\/v2\/product_tag?post=10270"}],"curies":[{"name":"wp","href":"https:\/\/api.w.org\/{rel}","templated":true}]}}