{"id":10267,"date":"2025-07-07T11:17:26","date_gmt":"2025-07-07T11:17:26","guid":{"rendered":"https:\/\/miamedic.lt\/?post_type=product&#038;p=10267"},"modified":"2025-12-01T00:29:05","modified_gmt":"2025-12-01T00:29:05","slug":"ha-densimatrix","status":"publish","type":"product","link":"https:\/\/miamedic.lt\/en\/shop\/ha-densimatrix\/","title":{"rendered":"ha densimatrix"},"content":{"rendered":"<p><strong>Mesoestetic Ha Densimatrix<\/strong><\/p>\n<p>Hialurono r\u016bg\u0161ties koncentratas, suteikiantis dr\u0117kinam\u0105j\u012f, sen\u0117jim\u0105 stabdant\u012f, putlinant\u012f ir u\u017epildant\u012f poveik\u012f. Padeda padidinti hidratacij\u0105 ir sultingum\u0105, u\u017ekirsti keli\u0105 dehidratacijai ir apsaugoti nuo prie\u0161laikinio sen\u0117jimo. Leid\u017eia suma\u017einti ir koreguoti sen\u0117jimo atsiradusius netobulumus, tokius kaip rauk\u0161les, mimikos linijas, elastingumo ir stangrumo stok\u0105. Skirtas vis\u0173 tip\u0173 odai.<\/p>\n<p>Ha densimatrix formul\u0119 sudaro trys unikal\u016bs kompleksai, turintys sinergetin\u012f poveik\u012f, kurie suteikia unikalius efektyvumo rezultatus:<\/p>\n<p>HA densimatrix\u00ae kompleksas: sujungia keli\u0173 molekulini\u0173 form\u0173 hialurono r\u016bg\u0161t\u012f (kry\u017emin\u0119, auk\u0161t\u0105, vidutin\u0119 ir \u017eem\u0105) su aktyvia med\u017eiaga, kuri pagerina endogenin\u0119 sintez\u0119. U\u017etikrina pripildymo ir gil\u0173, ilgalaik\u012f dr\u0117kinam\u0105j\u012f poveik\u012f, padidina audini\u0173 sultingum\u0105, elastingum\u0105 ir turgor\u0105.<\/p>\n<p>Antihialuronidaz\u0117s kompleksas: apsaugo nuo hialurono r\u016bg\u0161ties skilimo, nes slopina hialuronidaz\u0117s fermento veikim\u0105 ir blokuoja oksidacij\u0105, kuri\u0105 sukelia i\u0161orin\u0117s agresijos.<\/p>\n<p>Antiaging pro kompleksas: Intensyviai stangrina audinius ir apsaugo nuo rauk\u0161li\u0173 susidarymo, nes gerina od\u0105 palaikom\u0173j\u0173 skaidul\u0173: kolageno ir elastino sintez\u0119.<\/p>\n<p><strong>Usage:<\/strong> Naudokite du kartus per dien\u0105, ryte ir vakare. U\u017ela\u0161inkite 3-4 la\u0161us ant sausos, nuvalytos odos ir \u0161velniai masa\u017euokite, kol visi\u0161kai \u012fsigers.<\/p>","protected":false},"excerpt":{"rendered":"<p>Hialurono r\u016bg\u0161ties koncentratas suteikiantis dr\u0117kinam\u0105j\u012f poveik\u012f<\/p>","protected":false},"featured_media":10268,"comment_status":"open","ping_status":"closed","template":"","meta":[],"product_cat":[107],"product_tag":[],"class_list":{"0":"post-10267","1":"product","2":"type-product","3":"status-publish","4":"has-post-thumbnail","6":"product_cat-serumai","7":"pa_brands-mesoestetic","8":"pa_talpa-30ml-2","10":"first","11":"instock","12":"taxable","13":"shipping-taxable","14":"purchasable","15":"product-type-simple"},"_links":{"self":[{"href":"https:\/\/miamedic.lt\/en\/wp-json\/wp\/v2\/product\/10267","targetHints":{"allow":["GET"]}}],"collection":[{"href":"https:\/\/miamedic.lt\/en\/wp-json\/wp\/v2\/product"}],"about":[{"href":"https:\/\/miamedic.lt\/en\/wp-json\/wp\/v2\/types\/product"}],"replies":[{"embeddable":true,"href":"https:\/\/miamedic.lt\/en\/wp-json\/wp\/v2\/comments?post=10267"}],"version-history":[{"count":1,"href":"https:\/\/miamedic.lt\/en\/wp-json\/wp\/v2\/product\/10267\/revisions"}],"predecessor-version":[{"id":10269,"href":"https:\/\/miamedic.lt\/en\/wp-json\/wp\/v2\/product\/10267\/revisions\/10269"}],"wp:featuredmedia":[{"embeddable":true,"href":"https:\/\/miamedic.lt\/en\/wp-json\/wp\/v2\/media\/10268"}],"wp:attachment":[{"href":"https:\/\/miamedic.lt\/en\/wp-json\/wp\/v2\/media?parent=10267"}],"wp:term":[{"taxonomy":"product_cat","embeddable":true,"href":"https:\/\/miamedic.lt\/en\/wp-json\/wp\/v2\/product_cat?post=10267"},{"taxonomy":"product_tag","embeddable":true,"href":"https:\/\/miamedic.lt\/en\/wp-json\/wp\/v2\/product_tag?post=10267"}],"curies":[{"name":"wp","href":"https:\/\/api.w.org\/{rel}","templated":true}]}}