{"id":10264,"date":"2025-07-07T11:13:25","date_gmt":"2025-07-07T11:13:25","guid":{"rendered":"https:\/\/miamedic.lt\/?post_type=product&#038;p=10264"},"modified":"2025-12-01T00:29:05","modified_gmt":"2025-12-01T00:29:05","slug":"hydra-vital-light","status":"publish","type":"product","link":"https:\/\/miamedic.lt\/en\/shop\/hydra-vital-light\/","title":{"rendered":"Hydra-vital Light"},"content":{"rendered":"<p><strong>Mesoestetic Hydra-vital Light<\/strong> &#8211; gaivinantis dr\u0117kinamasis gelis-kremas. Suteikia trumpalaik\u012f ir ilgalaik\u012f dr\u0117kinim\u0105 ir apsaugo nuo i\u0161orini\u0173 atak\u0173, toki\u0173 kaip tar\u0161a. I\u0161 karto suteikia gaivumo, \u0161velnumo ir komforto poj\u016bt\u012f. Normaliai, mi\u0161riai ir riebiai odai.<\/p>\n<p>GREAITAS IR ILGALAIKIS DR\u0116KINIMAS: didel\u0117s ir vidutin\u0117s molekulin\u0117s mas\u0117s hialurono r\u016bg\u0161ties derinys u\u017etikrina greit\u0105 ir ilgalaik\u012f dr\u0117kinim\u0105, akimirksniu suteikia veido \u0161vyt\u0117jim\u0105 ir \u0161velnum\u0105 bei apsaugo nuo dehidratacijos.<\/p>\n<p>ANTIOKSIDANTAS: biotechnologinis aktyvus ingredientas Urban D-Tox, viena vertus, sukuria apsaugin\u012f sluoksn\u012f, kuris neleid\u017eia ter\u0161ian\u010dioms dalel\u0117ms prilipti prie odos, kita vertus, saugo od\u0105 nuo oksidacinio streso.<\/p>\n<p>BARJERIN\u0116 FUNKCIJA: augalinis polisacharidas, skatinantis molekuli\u0173, padedan\u010di\u0173 sustiprinti barjerin\u0119 funkcij\u0105, susidarym\u0105, u\u017ekertant keli\u0105 transepiderminiam vandens praradimui.<\/p>\n<p><strong>Usage:<\/strong> Rekomenduojama naudoti du kartus per dien\u0105. Tepkite ant \u0161varios veido odos.<\/p>\n<p>Nor\u0117dami pasiekti geriausi\u0173 rezultat\u0173 \u2013 \u0161velniai masa\u017euokite veid\u0105 ir kakl\u0105.<\/p>","protected":false},"excerpt":{"rendered":"<p>Gaivinantis dr\u0117kinamasis gelis-kremas<\/p>","protected":false},"featured_media":10265,"comment_status":"open","ping_status":"closed","template":"","meta":[],"product_cat":[129],"product_tag":[],"class_list":{"0":"post-10264","1":"product","2":"type-product","3":"status-publish","4":"has-post-thumbnail","6":"product_cat-veido-kremai","7":"pa_brands-mesoestetic","8":"pa_talpa-50ml-2","10":"first","11":"instock","12":"taxable","13":"shipping-taxable","14":"purchasable","15":"product-type-simple"},"_links":{"self":[{"href":"https:\/\/miamedic.lt\/en\/wp-json\/wp\/v2\/product\/10264","targetHints":{"allow":["GET"]}}],"collection":[{"href":"https:\/\/miamedic.lt\/en\/wp-json\/wp\/v2\/product"}],"about":[{"href":"https:\/\/miamedic.lt\/en\/wp-json\/wp\/v2\/types\/product"}],"replies":[{"embeddable":true,"href":"https:\/\/miamedic.lt\/en\/wp-json\/wp\/v2\/comments?post=10264"}],"version-history":[{"count":1,"href":"https:\/\/miamedic.lt\/en\/wp-json\/wp\/v2\/product\/10264\/revisions"}],"predecessor-version":[{"id":10266,"href":"https:\/\/miamedic.lt\/en\/wp-json\/wp\/v2\/product\/10264\/revisions\/10266"}],"wp:featuredmedia":[{"embeddable":true,"href":"https:\/\/miamedic.lt\/en\/wp-json\/wp\/v2\/media\/10265"}],"wp:attachment":[{"href":"https:\/\/miamedic.lt\/en\/wp-json\/wp\/v2\/media?parent=10264"}],"wp:term":[{"taxonomy":"product_cat","embeddable":true,"href":"https:\/\/miamedic.lt\/en\/wp-json\/wp\/v2\/product_cat?post=10264"},{"taxonomy":"product_tag","embeddable":true,"href":"https:\/\/miamedic.lt\/en\/wp-json\/wp\/v2\/product_tag?post=10264"}],"curies":[{"name":"wp","href":"https:\/\/api.w.org\/{rel}","templated":true}]}}