{"id":10259,"date":"2025-07-07T11:09:29","date_gmt":"2025-07-07T11:09:29","guid":{"rendered":"https:\/\/miamedic.lt\/?post_type=product&#038;p=10259"},"modified":"2025-12-01T00:29:05","modified_gmt":"2025-12-01T00:29:05","slug":"hydra-vital-factor-k","status":"publish","type":"product","link":"https:\/\/miamedic.lt\/en\/shop\/hydra-vital-factor-k\/","title":{"rendered":"Hydra-vital Factor K"},"content":{"rendered":"<p>Mesoestetic Hydra-vital Factor K &#8211; turtingas dr\u0117kinamasis ir maitinamasis kremas su vitaminu E normaliai ir sausai odai. Atkuria mitybos ir dr\u0117gm\u0117s lyg\u012f, reikaling\u0105 hidrolipidiniam sluoksniui atkurti, ir apsaugo nuo i\u0161orini\u0173 agresij\u0173, sukelian\u010di\u0173 prie\u0161laikin\u012f sen\u0117jim\u0105. Rezultatas \u2013 dr\u0117kinama, lygesn\u0117, elastingesn\u0117 ir apsaugota oda.<\/p>\n<p>GILIAI DR\u0116KINIMAS: itin dr\u0117kinantis kompleksas, kurio sud\u0117tis labai pana\u0161i \u012f nat\u016bral\u0173 dr\u0117kinam\u0105j\u012f faktori\u0173 (aminor\u016bg\u0161tys, \u0161lapalas, alantoinas ir pieno r\u016bg\u0161tis), padedantis atkurti ir sustiprinti hidrolipidin\u0119 pl\u0117vel\u0119, i\u0161laikant dr\u0117kinimo lyg\u012f vis\u0105 dien\u0105.<\/p>\n<p>APSAUGINIS ANTIOKSIDANTIS VEIKSMAS: alfa tokoferolio (vitamino E) sud\u0117tyje esantis antioksidacinis veikimas apsaugo od\u0105 nuo laisv\u0173j\u0173 radikal\u0173, atsaking\u0173 u\u017e greitesn\u012f odos sen\u0117jim\u0105, susidarymo.<\/p>\n<p>Naudojimas: Naudokite du kartus per dien\u0105, ryte ir vakare. Tepkite ant nuvalytos odos, \u0161velniai masa\u017euokite veid\u0105, kakl\u0105 ir dekolt\u0117 srit\u012f, kol visi\u0161kai \u012fsigers.<\/p>","protected":false},"excerpt":{"rendered":"<p>Turtingas dr\u0117kinamasis ir maitinamasis kremas su vitaminu E<\/p>","protected":false},"featured_media":10260,"comment_status":"open","ping_status":"closed","template":"","meta":[],"product_cat":[129],"product_tag":[],"class_list":{"0":"post-10259","1":"product","2":"type-product","3":"status-publish","4":"has-post-thumbnail","6":"product_cat-veido-kremai","7":"pa_brands-mesoestetic","8":"pa_talpa-50ml-2","10":"first","11":"instock","12":"taxable","13":"shipping-taxable","14":"purchasable","15":"product-type-simple"},"_links":{"self":[{"href":"https:\/\/miamedic.lt\/en\/wp-json\/wp\/v2\/product\/10259","targetHints":{"allow":["GET"]}}],"collection":[{"href":"https:\/\/miamedic.lt\/en\/wp-json\/wp\/v2\/product"}],"about":[{"href":"https:\/\/miamedic.lt\/en\/wp-json\/wp\/v2\/types\/product"}],"replies":[{"embeddable":true,"href":"https:\/\/miamedic.lt\/en\/wp-json\/wp\/v2\/comments?post=10259"}],"version-history":[{"count":1,"href":"https:\/\/miamedic.lt\/en\/wp-json\/wp\/v2\/product\/10259\/revisions"}],"predecessor-version":[{"id":10261,"href":"https:\/\/miamedic.lt\/en\/wp-json\/wp\/v2\/product\/10259\/revisions\/10261"}],"wp:featuredmedia":[{"embeddable":true,"href":"https:\/\/miamedic.lt\/en\/wp-json\/wp\/v2\/media\/10260"}],"wp:attachment":[{"href":"https:\/\/miamedic.lt\/en\/wp-json\/wp\/v2\/media?parent=10259"}],"wp:term":[{"taxonomy":"product_cat","embeddable":true,"href":"https:\/\/miamedic.lt\/en\/wp-json\/wp\/v2\/product_cat?post=10259"},{"taxonomy":"product_tag","embeddable":true,"href":"https:\/\/miamedic.lt\/en\/wp-json\/wp\/v2\/product_tag?post=10259"}],"curies":[{"name":"wp","href":"https:\/\/api.w.org\/{rel}","templated":true}]}}