{"id":10256,"date":"2025-07-07T11:05:28","date_gmt":"2025-07-07T11:05:28","guid":{"rendered":"https:\/\/miamedic.lt\/?post_type=product&#038;p=10256"},"modified":"2026-02-02T17:20:03","modified_gmt":"2026-02-02T17:20:03","slug":"hydravital-mask","status":"publish","type":"product","link":"https:\/\/miamedic.lt\/en\/shop\/hydravital-mask\/","title":{"rendered":"Hydravital Mask"},"content":{"rendered":"<p>Mesoestetic Hydravital Mask &#8211; intensyviai dr\u0117kinanti kauk\u0117 sausai ir dehidratuotai odai.<\/p>\n<p><strong>INTENSYVI DR\u0116KINIMAS:<\/strong> hialurono r\u016bg\u0161ties ir Trispalvi\u0173 na\u0161lai\u010di\u0173 ekstrakto derinys suteikia momentin\u012f auk\u0161tos kokyb\u0117s dr\u0117kinim\u0105 ir efektyvesn\u012f, vienodesn\u012f dr\u0117kinim\u0105.<\/p>\n<p><strong>RIEBAL\u0172 ATSTATYMAS, MAITINIMAS:<\/strong> argano aliejus, turintis daug omega-3 ir omega-6, padeda atkurti odai svarbius lipidus, kurie u\u017etikrina komfort\u0105, balans\u0105 ir apsaug\u0105.<\/p>\n<p><strong>RAMINANTIS:<\/strong> pantenolis (provitaminas B5) suteikia regeneruojant\u012f, raminant\u012f ir paraudim\u0105 ma\u017einant\u012f poveik\u012f, kuris apsaugo nuo odos pleiskanojimo ir dirginimo.<\/p>\n<p><strong>BIOBALANSAVIMAS:<\/strong> postbiotinis aktyvus ingredientas, Lactobacillus Ferment, gautas i\u0161 bakterij\u0173 fermentacijos, gerina mikrobioto balans\u0105, kad sustiprint\u0173 ir i\u0161saugot\u0173 odos barjero funkcij\u0105 optimalios b\u016bkl\u0117s.<\/p>\n<p>Biotechnologinis aktyvus ingredientas \u201eUrban D-tox\u201c turi dvigub\u0105 poveik\u012f tar\u0161os poveikiui odai: kartu pa\u0161alina ter\u0161al\u0173 daleles ir ma\u017eina oksidacin\u012f stres\u0105, kuris pagreitina odos sen\u0117jim\u0105.<\/p>\n<p><strong>Usage:<\/strong> Naudokite\u00a0 du kartus per savait\u0119. Tepkite ant sausos, nuvalytos odos ir palikite 10-15 minu\u010di\u0173. Pa\u0161alinkite dr\u0117gna servet\u0117le arba kempine.<\/p>","protected":false},"excerpt":{"rendered":"<p>Intensyviai dr\u0117kinanti kauk\u0117 sausai ir dehidratuotai odai.<\/p>","protected":false},"featured_media":10257,"comment_status":"open","ping_status":"closed","template":"","meta":[],"product_cat":[420],"product_tag":[],"class_list":{"0":"post-10256","1":"product","2":"type-product","3":"status-publish","4":"has-post-thumbnail","6":"product_cat-veido-kaukes","7":"pa_brands-mesoestetic","8":"pa_talpa-100ml","10":"first","11":"instock","12":"taxable","13":"shipping-taxable","14":"purchasable","15":"product-type-simple"},"_links":{"self":[{"href":"https:\/\/miamedic.lt\/en\/wp-json\/wp\/v2\/product\/10256","targetHints":{"allow":["GET"]}}],"collection":[{"href":"https:\/\/miamedic.lt\/en\/wp-json\/wp\/v2\/product"}],"about":[{"href":"https:\/\/miamedic.lt\/en\/wp-json\/wp\/v2\/types\/product"}],"replies":[{"embeddable":true,"href":"https:\/\/miamedic.lt\/en\/wp-json\/wp\/v2\/comments?post=10256"}],"version-history":[{"count":1,"href":"https:\/\/miamedic.lt\/en\/wp-json\/wp\/v2\/product\/10256\/revisions"}],"predecessor-version":[{"id":10258,"href":"https:\/\/miamedic.lt\/en\/wp-json\/wp\/v2\/product\/10256\/revisions\/10258"}],"wp:featuredmedia":[{"embeddable":true,"href":"https:\/\/miamedic.lt\/en\/wp-json\/wp\/v2\/media\/10257"}],"wp:attachment":[{"href":"https:\/\/miamedic.lt\/en\/wp-json\/wp\/v2\/media?parent=10256"}],"wp:term":[{"taxonomy":"product_cat","embeddable":true,"href":"https:\/\/miamedic.lt\/en\/wp-json\/wp\/v2\/product_cat?post=10256"},{"taxonomy":"product_tag","embeddable":true,"href":"https:\/\/miamedic.lt\/en\/wp-json\/wp\/v2\/product_tag?post=10256"}],"curies":[{"name":"wp","href":"https:\/\/api.w.org\/{rel}","templated":true}]}}