{"id":10253,"date":"2025-07-07T11:00:00","date_gmt":"2025-07-07T11:00:00","guid":{"rendered":"https:\/\/miamedic.lt\/?post_type=product&#038;p=10253"},"modified":"2025-12-01T00:29:06","modified_gmt":"2025-12-01T00:29:06","slug":"brightening-foam","status":"publish","type":"product","link":"https:\/\/miamedic.lt\/en\/shop\/brightening-foam\/","title":{"rendered":"Brightening Foam"},"content":{"rendered":"<p><strong>Mesoestetic Brightening Foam<\/strong><\/p>\n<p>Kremin\u0117s valomosios putos su AHA r\u016bg\u0161timi. Atnaujina, atkuria odos balans\u0105 ir ma\u017eina tar\u0161\u0105. Normaliai ir mi\u0161riai odai.<\/p>\n<p><strong>ATNAUJINA, SKAISTINA:<\/strong><\/p>\n<p>Ma\u017eos koncentracijos glikolio ir pieno r\u016bg\u0161ties buvimas leid\u017eia pagerinti odos tekst\u016br\u0105, kokyb\u0119 ir \u0161viesum\u0105.BIOBALANCAVIMAS:Veiklioji med\u017eiaga Lactobacillus Ferment, gauta fermentuojant bakterij\u0105, stiprina mikrobiotos pusiausvyr\u0105, kad sustiprint\u0173 ir i\u0161laikyt\u0173 odos barjerin\u0119 funkcij\u0105 optimaliomis s\u0105lygomis.TAR\u0160OS \u0160ALINIMAS:<\/p>\n<p>Biotechnologi\u0161kai aktyvus ingredientas Urban D-tox si\u016blo dvejop\u0105 poveik\u012f odos tar\u0161os poveikiui: kartu pa\u0161alina ter\u0161al\u0173 daleles ir ma\u017eina oksidacin\u012f stres\u0105, kuris, kaip \u017einoma, pagreitina odos sen\u0117jim\u0105.<\/p>","protected":false},"excerpt":{"rendered":"<p>Kremin\u0117s valomosios putos su AHA r\u016bg\u0161timi<\/p>","protected":false},"featured_media":10254,"comment_status":"open","ping_status":"closed","template":"","meta":[],"product_cat":[124],"product_tag":[],"class_list":{"0":"post-10253","1":"product","2":"type-product","3":"status-publish","4":"has-post-thumbnail","6":"product_cat-prausikliai","7":"pa_brands-mesoestetic","8":"pa_talpa-100ml","10":"first","11":"instock","12":"taxable","13":"shipping-taxable","14":"purchasable","15":"product-type-simple"},"_links":{"self":[{"href":"https:\/\/miamedic.lt\/en\/wp-json\/wp\/v2\/product\/10253","targetHints":{"allow":["GET"]}}],"collection":[{"href":"https:\/\/miamedic.lt\/en\/wp-json\/wp\/v2\/product"}],"about":[{"href":"https:\/\/miamedic.lt\/en\/wp-json\/wp\/v2\/types\/product"}],"replies":[{"embeddable":true,"href":"https:\/\/miamedic.lt\/en\/wp-json\/wp\/v2\/comments?post=10253"}],"version-history":[{"count":1,"href":"https:\/\/miamedic.lt\/en\/wp-json\/wp\/v2\/product\/10253\/revisions"}],"predecessor-version":[{"id":10255,"href":"https:\/\/miamedic.lt\/en\/wp-json\/wp\/v2\/product\/10253\/revisions\/10255"}],"wp:featuredmedia":[{"embeddable":true,"href":"https:\/\/miamedic.lt\/en\/wp-json\/wp\/v2\/media\/10254"}],"wp:attachment":[{"href":"https:\/\/miamedic.lt\/en\/wp-json\/wp\/v2\/media?parent=10253"}],"wp:term":[{"taxonomy":"product_cat","embeddable":true,"href":"https:\/\/miamedic.lt\/en\/wp-json\/wp\/v2\/product_cat?post=10253"},{"taxonomy":"product_tag","embeddable":true,"href":"https:\/\/miamedic.lt\/en\/wp-json\/wp\/v2\/product_tag?post=10253"}],"curies":[{"name":"wp","href":"https:\/\/api.w.org\/{rel}","templated":true}]}}