{"id":10247,"date":"2025-07-07T09:58:16","date_gmt":"2025-07-07T09:58:16","guid":{"rendered":"https:\/\/miamedic.lt\/?post_type=product&#038;p=10247"},"modified":"2025-12-01T00:29:06","modified_gmt":"2025-12-01T00:29:06","slug":"antiaging-flash-ampoules","status":"publish","type":"product","link":"https:\/\/miamedic.lt\/en\/shop\/antiaging-flash-ampoules\/","title":{"rendered":"AntiAging Flash Ampoules"},"content":{"rendered":"<p><strong>Mesoestetic Anti-Aging Flash<\/strong> \u2013 intensyvi sen\u0117jim\u0105 stabdanti priemon\u0117, suteikianti greit\u0105 pak\u0117limo ir nuovargio ma\u017einimo efekt\u0105. Koncentruota formul\u0117, sudaryta i\u0161 sinergi\u0161kai veikian\u010di\u0173 sen\u0117jim\u0105 stabdan\u010di\u0173 ingredient\u0173, padeda suma\u017einti smulkias rauk\u0161leles ir padidinti odos stangrum\u0105. Tinka sausai ir brand\u017eiai odai.<\/p>\n<p><strong>Usage:<\/strong><\/p>\n<ol>\n<li>Atidarykite ampul\u0119 ir jos turin\u012f tepkite ant veido ir kaklo odos.<\/li>\n<li>\u0160velniai masa\u017euokite sukamaisiais judesiais, kol produktas visi\u0161kai \u012fsigers.<\/li>\n<\/ol>\n<ol start=\"3\">\n<li><strong>Talpa:<\/strong><br \/>\n10 x 2 ml<\/li>\n<li>Pakuot\u0117je: 10 ampuli\u0173.<\/li>\n<\/ol>","protected":false},"excerpt":{"rendered":"<p>Intensyvi odos sen\u0117jim\u0105 stabdanti priemon\u0117<\/p>","protected":false},"featured_media":10248,"comment_status":"open","ping_status":"closed","template":"","meta":[],"product_cat":[187],"product_tag":[],"class_list":{"0":"post-10247","1":"product","2":"type-product","3":"status-publish","4":"has-post-thumbnail","6":"product_cat-ampules","7":"pa_brands-mesoestetic","8":"pa_talpa-10-x-2ml","10":"first","11":"instock","12":"taxable","13":"shipping-taxable","14":"purchasable","15":"product-type-simple"},"_links":{"self":[{"href":"https:\/\/miamedic.lt\/en\/wp-json\/wp\/v2\/product\/10247","targetHints":{"allow":["GET"]}}],"collection":[{"href":"https:\/\/miamedic.lt\/en\/wp-json\/wp\/v2\/product"}],"about":[{"href":"https:\/\/miamedic.lt\/en\/wp-json\/wp\/v2\/types\/product"}],"replies":[{"embeddable":true,"href":"https:\/\/miamedic.lt\/en\/wp-json\/wp\/v2\/comments?post=10247"}],"version-history":[{"count":2,"href":"https:\/\/miamedic.lt\/en\/wp-json\/wp\/v2\/product\/10247\/revisions"}],"predecessor-version":[{"id":12389,"href":"https:\/\/miamedic.lt\/en\/wp-json\/wp\/v2\/product\/10247\/revisions\/12389"}],"wp:featuredmedia":[{"embeddable":true,"href":"https:\/\/miamedic.lt\/en\/wp-json\/wp\/v2\/media\/10248"}],"wp:attachment":[{"href":"https:\/\/miamedic.lt\/en\/wp-json\/wp\/v2\/media?parent=10247"}],"wp:term":[{"taxonomy":"product_cat","embeddable":true,"href":"https:\/\/miamedic.lt\/en\/wp-json\/wp\/v2\/product_cat?post=10247"},{"taxonomy":"product_tag","embeddable":true,"href":"https:\/\/miamedic.lt\/en\/wp-json\/wp\/v2\/product_tag?post=10247"}],"curies":[{"name":"wp","href":"https:\/\/api.w.org\/{rel}","templated":true}]}}