{"id":10244,"date":"2025-07-07T09:54:56","date_gmt":"2025-07-07T09:54:56","guid":{"rendered":"https:\/\/miamedic.lt\/?post_type=product&#038;p=10244"},"modified":"2025-12-01T00:29:06","modified_gmt":"2025-12-01T00:29:06","slug":"proteoglycans-ampoules","status":"publish","type":"product","link":"https:\/\/miamedic.lt\/en\/shop\/proteoglycans-ampoules\/","title":{"rendered":"Proteoglycans Ampoules"},"content":{"rendered":"<p><strong>Mesoestetic Proteoglycans Ampoules<\/strong> \u2013 tai itin koncentruotas prie\u0161 sen\u0117jim\u0105 skirtas sprendimas, sukurtas padidinti odos dr\u0117gm\u0117s kiek\u012f ir elastingum\u0105, suma\u017einti matomus odos sen\u0117jimo po\u017eymius bei skatinti odos dr\u0117kinim\u0105 ir regeneracij\u0105 i\u0161 vidaus.<\/p>\n<p>Ampul\u0117se esanti unikali proteoglikan\u0173 formul\u0117 giliai \u012fsiskverbia \u012f od\u0105, skatindama dr\u0117gm\u0117s i\u0161laikym\u0105, kuris padeda odai atsinaujinti. Naudojant \u0161ias ampules oda tampa stangresn\u0117, lygesn\u0117 ir spindinti, o rauk\u0161l\u0117s ir smulkios linijos suma\u017e\u0117ja.<\/p>\n<p>Vienos doz\u0117s pakuot\u0117 u\u017etikrina lengv\u0105 ir higieni\u0161k\u0105 naudojim\u0105, tod\u0117l ampul\u0117s puikiai tinka tiek kasdieniam naudojimui namuose, tiek kelion\u0117se. Patirkite stipr\u0173 prie\u0161 sen\u0117jim\u0105 nukreipt\u0105 poveik\u012f su <strong>Mesoestetic Proteoglycans Ampoules<\/strong> ir atgaivinkite savo od\u0105, kad ji atrodyt\u0173 jaunatvi\u0161kai ir sveikai.<\/p>\n<p><strong>Panaudojimo sritys:<\/strong><\/p>\n<ul>\n<li>Dr\u0117gm\u0117s kiekio odoje didinimas.<\/li>\n<li>Odos elastingumo gerinimas.<\/li>\n<li>Matom\u0173 odos sen\u0117jimo po\u017eymi\u0173, toki\u0173 kaip rauk\u0161l\u0117s ir smulkios linijos, ma\u017einimas.<\/li>\n<li>Odos regeneracijos ir atsinaujinimo skatinimas.<\/li>\n<li>Odos strukt\u016bros bei bendros i\u0161vaizdos gerinimas.<\/li>\n<\/ul>\n<p><strong>Usage:<\/strong><\/p>\n<p><strong>Mesoestetic Proteoglycans Ampoules<\/strong> tepamos ant \u0161varios veido odos po valymo ir \u0161velniai \u012fmasa\u017euojamos. Rekomenduojama naudoti vakare ir reguliariai integruoti \u012f odos prie\u017ei\u016bros rutin\u0105.<\/p>\n<p>Ampul\u0117s skirtos vienkartiniam naudojimui ir tur\u0117t\u0173 b\u016bti sunaudotos per 24 valandas.<\/p>\n<p><strong>Talpa:<\/strong> 10 x 2 ml<\/p>","protected":false},"excerpt":{"rendered":"<p>Koncentruotos, prie\u0161 sen\u0117jim\u0105 skirtos, ampul\u0117s<\/p>","protected":false},"featured_media":10245,"comment_status":"open","ping_status":"closed","template":"","meta":[],"product_cat":[187],"product_tag":[],"class_list":{"0":"post-10244","1":"product","2":"type-product","3":"status-publish","4":"has-post-thumbnail","6":"product_cat-ampules","7":"pa_brands-mesoestetic","8":"pa_talpa-10-x-2ml","10":"first","11":"instock","12":"taxable","13":"shipping-taxable","14":"purchasable","15":"product-type-simple"},"_links":{"self":[{"href":"https:\/\/miamedic.lt\/en\/wp-json\/wp\/v2\/product\/10244","targetHints":{"allow":["GET"]}}],"collection":[{"href":"https:\/\/miamedic.lt\/en\/wp-json\/wp\/v2\/product"}],"about":[{"href":"https:\/\/miamedic.lt\/en\/wp-json\/wp\/v2\/types\/product"}],"replies":[{"embeddable":true,"href":"https:\/\/miamedic.lt\/en\/wp-json\/wp\/v2\/comments?post=10244"}],"version-history":[{"count":1,"href":"https:\/\/miamedic.lt\/en\/wp-json\/wp\/v2\/product\/10244\/revisions"}],"predecessor-version":[{"id":10246,"href":"https:\/\/miamedic.lt\/en\/wp-json\/wp\/v2\/product\/10244\/revisions\/10246"}],"wp:featuredmedia":[{"embeddable":true,"href":"https:\/\/miamedic.lt\/en\/wp-json\/wp\/v2\/media\/10245"}],"wp:attachment":[{"href":"https:\/\/miamedic.lt\/en\/wp-json\/wp\/v2\/media?parent=10244"}],"wp:term":[{"taxonomy":"product_cat","embeddable":true,"href":"https:\/\/miamedic.lt\/en\/wp-json\/wp\/v2\/product_cat?post=10244"},{"taxonomy":"product_tag","embeddable":true,"href":"https:\/\/miamedic.lt\/en\/wp-json\/wp\/v2\/product_tag?post=10244"}],"curies":[{"name":"wp","href":"https:\/\/api.w.org\/{rel}","templated":true}]}}