{"id":10241,"date":"2025-07-07T09:50:48","date_gmt":"2025-07-07T09:50:48","guid":{"rendered":"https:\/\/miamedic.lt\/?post_type=product&#038;p=10241"},"modified":"2025-12-01T00:29:07","modified_gmt":"2025-12-01T00:29:07","slug":"skinretin-03","status":"publish","type":"product","link":"https:\/\/miamedic.lt\/en\/shop\/skinretin-03\/","title":{"rendered":"Skinretin 0,3%"},"content":{"rendered":"<p><strong>Mesoestetic Skinretin 0,3%<\/strong> &#8211; lengvos tekst\u016bros naktinis kremas tinka vis\u0173 tip\u0173 odai.<\/p>\n<p>Gryno retinolio ir baku\u010diolio derinys maksimaliai padidina formul\u0117s sen\u0117jim\u0105 stabdant\u012f poveik\u012f ir skatina optimali\u0105 tolerancijos pusiausvyr\u0105. Be to, \u012ftraukdami m\u016bs\u0173 i\u0161skirtin\u012f probiotin\u012f kompleks\u0105, sustipriname odos regeneacijos galimybes, nepa\u017eeid\u017eiam odos barjiero ir stiprindami odos mikrobiot\u0105.<\/p>\n<p>Mesoestetic Skinretin 0.3% privalumai:<\/p>\n<ul>\n<li>Atkuria odos jaunatvi\u0161kum\u0105<\/li>\n<li>Suteikia \u0161vyt\u0117jimo<\/li>\n<li>Atgaivina<\/li>\n<\/ul>\n<p><strong>Usage:<\/strong><\/p>\n<p>Tepkite krem\u0105 ant \u0161varios, sausos veido, kaklo ir dekolt\u0117 odos kiekvien\u0105 vakar\u0105.<\/p>\n<p>Pirmas dvi savaites naudokite kas antr\u0105 vakar\u0105, nes retinolis gali sukelti \u0161veln\u0173 odos pleiskanojim\u0105 ir jautrum\u0105 \u2013 tai normalus rei\u0161kinys. Jei oda gerai toleruoja krem\u0105, galite naudoti j\u012f kasdien. Jei oda jautri, suma\u017einkite naudojimo da\u017en\u012f.<\/p>\n<p>Retinolis padidina odos jautrum\u0105 saul\u0117s spinduliams, tod\u0117l kasdien rekomenduojama naudoti apsaugin\u012f krem\u0105 su SPF.<\/p>\n<p>&nbsp;<\/p>","protected":false},"excerpt":{"rendered":"<p>Lengvos tekst\u016bros naktinis kremas tinka vis\u0173 tip\u0173 odai.<\/p>","protected":false},"featured_media":10242,"comment_status":"open","ping_status":"closed","template":"","meta":[],"product_cat":[180],"product_tag":[],"class_list":{"0":"post-10241","1":"product","2":"type-product","3":"status-publish","4":"has-post-thumbnail","6":"product_cat-naktiniai-kremai","7":"pa_brands-mesoestetic","8":"pa_talpa-50ml-2","10":"first","11":"instock","12":"taxable","13":"shipping-taxable","14":"purchasable","15":"product-type-simple"},"_links":{"self":[{"href":"https:\/\/miamedic.lt\/en\/wp-json\/wp\/v2\/product\/10241","targetHints":{"allow":["GET"]}}],"collection":[{"href":"https:\/\/miamedic.lt\/en\/wp-json\/wp\/v2\/product"}],"about":[{"href":"https:\/\/miamedic.lt\/en\/wp-json\/wp\/v2\/types\/product"}],"replies":[{"embeddable":true,"href":"https:\/\/miamedic.lt\/en\/wp-json\/wp\/v2\/comments?post=10241"}],"version-history":[{"count":1,"href":"https:\/\/miamedic.lt\/en\/wp-json\/wp\/v2\/product\/10241\/revisions"}],"predecessor-version":[{"id":10243,"href":"https:\/\/miamedic.lt\/en\/wp-json\/wp\/v2\/product\/10241\/revisions\/10243"}],"wp:featuredmedia":[{"embeddable":true,"href":"https:\/\/miamedic.lt\/en\/wp-json\/wp\/v2\/media\/10242"}],"wp:attachment":[{"href":"https:\/\/miamedic.lt\/en\/wp-json\/wp\/v2\/media?parent=10241"}],"wp:term":[{"taxonomy":"product_cat","embeddable":true,"href":"https:\/\/miamedic.lt\/en\/wp-json\/wp\/v2\/product_cat?post=10241"},{"taxonomy":"product_tag","embeddable":true,"href":"https:\/\/miamedic.lt\/en\/wp-json\/wp\/v2\/product_tag?post=10241"}],"curies":[{"name":"wp","href":"https:\/\/api.w.org\/{rel}","templated":true}]}}