{"id":10238,"date":"2025-07-07T09:46:46","date_gmt":"2025-07-07T09:46:46","guid":{"rendered":"https:\/\/miamedic.lt\/?post_type=product&#038;p=10238"},"modified":"2025-12-01T00:29:07","modified_gmt":"2025-12-01T00:29:07","slug":"aox-ferulic","status":"publish","type":"product","link":"https:\/\/miamedic.lt\/en\/shop\/aox-ferulic\/","title":{"rendered":"AOX FERULIC"},"content":{"rendered":"<p><strong>Mesoestetic AOX Ferulic \u2013 pa\u017eangus serumas, veikiantis kaip apsauginis skydas J\u016bs\u0173 odai.<\/strong><\/p>\n<p>D\u0117l sud\u0117tyje esan\u010dios ferulo r\u016bg\u0161ties, vitamino C ir glutationo, \u0161is serumas efektyviai apsaugo odos l\u0105steles nuo oksidacinio streso ir skatina j\u0173 regeneracij\u0105.<\/p>\n<p>Lengvos, \u0161ilkin\u0117s tekst\u016bros formul\u0117 greitai \u012fsigeria, suteikdama odai skaistumo, stangrumo ir jaunatvi\u0161k\u0105 i\u0161vaizd\u0105.<\/p>\n<p><strong>Puikiai tinka tiems, kurie susiduria su odos sen\u0117jimo po\u017eymiais, pavargusia i\u0161vaizda ir nelygiu odos tonu.<\/strong><\/p>\n<p>Produktas apsaugo nuo <strong>foto-<\/strong> ir <strong>chrono-sen\u0117jimo<\/strong>, pagerina bendr\u0105 odos b\u016bkl\u0119.<\/p>\n<p><strong>Effect:<\/strong><\/p>\n<ul>\n<li><strong>Rauk\u0161li\u0173 ma\u017einimas:<\/strong> glotnina rauk\u0161les, gerina odos tekst\u016br\u0105.<\/li>\n<li><strong>L\u0105steli\u0173 apsauga:<\/strong> saugo od\u0105 nuo oksidacin\u0117s \u017ealos ir stiprina l\u0105steles.<\/li>\n<li><strong>Sen\u0117jimo prevencija:<\/strong> apsaugo nuo UV ir HEV spinduli\u0173 poveikio.<\/li>\n<li><strong>Spalvos tolyginimas:<\/strong> skaistina veid\u0105, ma\u017eina pigmentines d\u0117mes ir netolyg\u0173 ton\u0105.<\/li>\n<li><strong>Regeneracija:<\/strong> spartina odos atsinaujinimo procesus ir skatina jos ilgaam\u017ei\u0161kum\u0105.<\/li>\n<\/ul>\n<p><strong>Usage:<\/strong><\/p>\n<ol>\n<li>Prie\u0161 pirm\u0105 naudojim\u0105 aktyvuokite \u2013 pasukite pakuot\u0117s kaklel\u012f pagal instrukcij\u0105.<\/li>\n<li>Kasdien u\u017ela\u0161inkite <strong>3\u20134 la\u0161us<\/strong> serumo ant \u0161varios veido odos.<\/li>\n<li>Tolygiai paskirstykite ir \u0161velniai \u012fmasa\u017euokite.<\/li>\n<\/ol>\n<p><strong>Rekomendacija:<\/strong> naudokite ryte arba vakare kaip dal\u012f kasdien\u0117s odos prie\u017ei\u016bros rutinos.<\/p>","protected":false},"excerpt":{"rendered":"<p>Pa\u017eangus serumas, veikiantis kaip apsauginis skydas J\u016bs\u0173 odai.<\/p>","protected":false},"featured_media":10239,"comment_status":"open","ping_status":"closed","template":"","meta":[],"product_cat":[107],"product_tag":[],"class_list":{"0":"post-10238","1":"product","2":"type-product","3":"status-publish","4":"has-post-thumbnail","6":"product_cat-serumai","7":"pa_brands-mesoestetic","8":"pa_talpa-15ml","10":"first","11":"instock","12":"taxable","13":"shipping-taxable","14":"purchasable","15":"product-type-simple"},"_links":{"self":[{"href":"https:\/\/miamedic.lt\/en\/wp-json\/wp\/v2\/product\/10238","targetHints":{"allow":["GET"]}}],"collection":[{"href":"https:\/\/miamedic.lt\/en\/wp-json\/wp\/v2\/product"}],"about":[{"href":"https:\/\/miamedic.lt\/en\/wp-json\/wp\/v2\/types\/product"}],"replies":[{"embeddable":true,"href":"https:\/\/miamedic.lt\/en\/wp-json\/wp\/v2\/comments?post=10238"}],"version-history":[{"count":1,"href":"https:\/\/miamedic.lt\/en\/wp-json\/wp\/v2\/product\/10238\/revisions"}],"predecessor-version":[{"id":10240,"href":"https:\/\/miamedic.lt\/en\/wp-json\/wp\/v2\/product\/10238\/revisions\/10240"}],"wp:featuredmedia":[{"embeddable":true,"href":"https:\/\/miamedic.lt\/en\/wp-json\/wp\/v2\/media\/10239"}],"wp:attachment":[{"href":"https:\/\/miamedic.lt\/en\/wp-json\/wp\/v2\/media?parent=10238"}],"wp:term":[{"taxonomy":"product_cat","embeddable":true,"href":"https:\/\/miamedic.lt\/en\/wp-json\/wp\/v2\/product_cat?post=10238"},{"taxonomy":"product_tag","embeddable":true,"href":"https:\/\/miamedic.lt\/en\/wp-json\/wp\/v2\/product_tag?post=10238"}],"curies":[{"name":"wp","href":"https:\/\/api.w.org\/{rel}","templated":true}]}}