{"id":10235,"date":"2025-07-07T09:31:51","date_gmt":"2025-07-07T09:31:51","guid":{"rendered":"https:\/\/miamedic.lt\/?post_type=product&#038;p=10235"},"modified":"2025-12-01T00:29:07","modified_gmt":"2025-12-01T00:29:07","slug":"age-element-anti-wrinkle-lip-and-contour","status":"publish","type":"product","link":"https:\/\/miamedic.lt\/en\/shop\/age-element-anti-wrinkle-lip-and-contour\/","title":{"rendered":"Age Element Anti-Wrinkle Lip and Contour"},"content":{"rendered":"<p data-start=\"140\" data-end=\"253\"><strong data-start=\"140\" data-end=\"184\">Mesoestetic Age Element Anti\u2011Wrinkle Lip<\/strong> \u2013 stiprus stangrinamasis ir atgaivinantis l\u016bp\u0173 bei j\u0173 kont\u016br\u0173 kremas<\/p>\n<p data-start=\"255\" data-end=\"513\">\u0160i pa\u017eangios technologin\u0117s formul\u0117s priemon\u0117 skirta suma\u017einti l\u016bp\u0173 ir j\u0173 kont\u016br\u0173 rauk\u0161leles, pagerinti elastingum\u0105 bei suformuoti dailesn\u012f, pilnesn\u012f l\u016bp\u0173 siluet\u0105. Anti\u2011Wrinkle Lip taip pat giliai maitina ir dr\u0117kina plon\u0105 l\u016bp\u0173 od\u0105, neleid\u017eianti jai i\u0161saus\u0117ti.<\/p>\n<p data-start=\"515\" data-end=\"605\"><strong data-start=\"515\" data-end=\"530\">Odos tipas:<\/strong><br data-start=\"530\" data-end=\"533\" \/>Vis\u0173 tip\u0173 l\u016bp\u0173 oda \u2013 ypa\u010d brandi, linkusi \u012f rauk\u0161leles ir praradusi t\u016br\u012f<\/p>\n<p data-start=\"607\" data-end=\"827\"><strong data-start=\"607\" data-end=\"620\">Effect:<\/strong><br data-start=\"620\" data-end=\"623\" \/>\u2022 Ma\u017eina vertikali\u0173 ir i\u0161rai\u0161kos rauk\u0161leli\u0173 atsiradim\u0105 aplink l\u016bpas<br data-start=\"690\" data-end=\"693\" \/>\u2022 Stiprina l\u016bp\u0173 kont\u016br\u0105 ir suteikia pak\u0117limo efekt\u0105<br data-start=\"744\" data-end=\"747\" \/>\u2022 Intensyviai dr\u0117kina ir mink\u0161tina l\u016bpas<br data-start=\"787\" data-end=\"790\" \/>\u2022 Atkuria l\u016bp\u0173 elastingum\u0105 ir putlum\u0105<\/p>\n<p data-start=\"829\" data-end=\"1047\"><strong data-start=\"829\" data-end=\"844\">Usage:<\/strong><br data-start=\"844\" data-end=\"847\" \/>\u2022 Tepkite ryte ir vakare, nuvalius l\u016bpas ir j\u0173 kont\u016br\u0105<br data-start=\"901\" data-end=\"904\" \/>\u2022 Nedidel\u012f kiek\u012f kremo \u0161velniai paskirstykite aplink l\u016bpas bei ant pa\u010di\u0173 l\u016bp\u0173<br data-start=\"981\" data-end=\"984\" \/>\u2022 \u012emasa\u017euokite \u0161velniais sukamaisiais ar \u012ftap\u0161niojimo judesiais<\/p>\n<p data-start=\"1049\" data-end=\"1273\"><strong data-start=\"1049\" data-end=\"1073\">Atsargumo priemon\u0117s:<\/strong><br data-start=\"1073\" data-end=\"1076\" \/>\u2022 Tik i\u0161oriniam naudojimui<br data-start=\"1102\" data-end=\"1105\" \/>\u2022 Venkite kontakto su gleivin\u0117mis \u2013 patekus \u012f vid\u0173, nuplaukite vandeniu<br data-start=\"1176\" data-end=\"1179\" \/>\u2022 Jei pasirei\u0161kia sudirgimas \u2013 nutraukite naudojim\u0105<br data-start=\"1230\" data-end=\"1233\" \/>\u2022 Laikyti vaikams nepasiekiamoje vietoje<\/p>\n<p data-start=\"1275\" data-end=\"1385\"><strong data-start=\"1275\" data-end=\"1295\">Laikymo s\u0105lygos:<\/strong><br data-start=\"1295\" data-end=\"1298\" \/>\u2022 Laikyti sausoje, v\u0117sioje vietoje (15\u201325\u202f\u00b0C), atokiau nuo tiesiogini\u0173 saul\u0117s spinduli\u0173<\/p>","protected":false},"excerpt":{"rendered":"<p>Stiprus stangrinamasis ir atgaivinantis l\u016bp\u0173 bei j\u0173 kont\u016br\u0173 kremas<\/p>","protected":false},"featured_media":10236,"comment_status":"open","ping_status":"closed","template":"","meta":[],"product_cat":[239],"product_tag":[],"class_list":{"0":"post-10235","1":"product","2":"type-product","3":"status-publish","4":"has-post-thumbnail","6":"product_cat-lupu-balzamai","7":"pa_brands-mesoestetic","8":"pa_talpa-15ml","10":"first","11":"instock","12":"taxable","13":"shipping-taxable","14":"purchasable","15":"product-type-simple"},"_links":{"self":[{"href":"https:\/\/miamedic.lt\/en\/wp-json\/wp\/v2\/product\/10235","targetHints":{"allow":["GET"]}}],"collection":[{"href":"https:\/\/miamedic.lt\/en\/wp-json\/wp\/v2\/product"}],"about":[{"href":"https:\/\/miamedic.lt\/en\/wp-json\/wp\/v2\/types\/product"}],"replies":[{"embeddable":true,"href":"https:\/\/miamedic.lt\/en\/wp-json\/wp\/v2\/comments?post=10235"}],"version-history":[{"count":2,"href":"https:\/\/miamedic.lt\/en\/wp-json\/wp\/v2\/product\/10235\/revisions"}],"predecessor-version":[{"id":12390,"href":"https:\/\/miamedic.lt\/en\/wp-json\/wp\/v2\/product\/10235\/revisions\/12390"}],"wp:featuredmedia":[{"embeddable":true,"href":"https:\/\/miamedic.lt\/en\/wp-json\/wp\/v2\/media\/10236"}],"wp:attachment":[{"href":"https:\/\/miamedic.lt\/en\/wp-json\/wp\/v2\/media?parent=10235"}],"wp:term":[{"taxonomy":"product_cat","embeddable":true,"href":"https:\/\/miamedic.lt\/en\/wp-json\/wp\/v2\/product_cat?post=10235"},{"taxonomy":"product_tag","embeddable":true,"href":"https:\/\/miamedic.lt\/en\/wp-json\/wp\/v2\/product_tag?post=10235"}],"curies":[{"name":"wp","href":"https:\/\/api.w.org\/{rel}","templated":true}]}}