{"id":10232,"date":"2025-07-07T09:27:30","date_gmt":"2025-07-07T09:27:30","guid":{"rendered":"https:\/\/miamedic.lt\/?post_type=product&#038;p=10232"},"modified":"2025-12-01T00:29:07","modified_gmt":"2025-12-01T00:29:07","slug":"age-element-anti-wrinkle-concentrate","status":"publish","type":"product","link":"https:\/\/miamedic.lt\/en\/shop\/age-element-anti-wrinkle-concentrate\/","title":{"rendered":"Age Element Anti-Wrinkle Concentrate"},"content":{"rendered":"<p><strong>Age Element Anti-Wrinkle Concentrate<\/strong><\/p>\n<p>Tai koncentruotas serumas, intensyviai veikiantis ry\u0161kias rauk\u0161les.<\/p>\n<p>Jis stimuliuoja nat\u016bralaus kolageno gamyb\u0105, atkuria odos skaidulas ir giliai i\u0161lygina rauk\u0161les.<\/p>\n<p>Formul\u0117 papildyta hialurono r\u016bg\u0161timi, kuri u\u017epildo mimikos linijas, pertvarko veido kont\u016brus ir atkuria jaunatvi\u0161k\u0105 i\u0161vaizd\u0105.<\/p>\n<p>Augalinis retinolis, tetrapeptidas-72 ir hialurono r\u016bg\u0161tis skatina dermos baltym\u0173 sintez\u0119 ir padeda i\u0161lyginti rauk\u0161les.<\/p>\n<p>\u0160is koncentratas turi serumo tekst\u016br\u0105 ir gali b\u016bti naudojamas kaip atskiras produktas arba kartu su kitais Age Element serumais.<\/p>\n<p><strong>Usage:<\/strong><\/p>\n<p>Naudokite du kartus per dien\u0105 \u2013 ryte ir vakare.<\/p>\n<ol>\n<li>U\u017ela\u0161inkite 3\u20134 la\u0161us ant \u0161varios, sausos odos.<\/li>\n<li>Paskirstykite tolygiai ant veido \u0161velniais masa\u017euojamaisiais judesiais, kol visi\u0161kai susigers.<\/li>\n<li>Naudokite vien\u0105 arba derinkite su kitu Age Element koncentratu.<\/li>\n<li>Prie\u0161 \u012fprast\u0105 prie\u017ei\u016bros krem\u0105 ir (arba) apsaugin\u012f krem\u0105 nuo saul\u0117s.<\/li>\n<\/ol>","protected":false},"excerpt":{"rendered":"<p>Koncentruotas serumas, intensyviai veikiantis ry\u0161kias rauk\u0161les<\/p>","protected":false},"featured_media":10233,"comment_status":"open","ping_status":"closed","template":"","meta":[],"product_cat":[107],"product_tag":[],"class_list":{"0":"post-10232","1":"product","2":"type-product","3":"status-publish","4":"has-post-thumbnail","6":"product_cat-serumai","7":"pa_brands-mesoestetic","8":"pa_talpa-30ml-2","10":"first","11":"instock","12":"taxable","13":"shipping-taxable","14":"purchasable","15":"product-type-simple"},"_links":{"self":[{"href":"https:\/\/miamedic.lt\/en\/wp-json\/wp\/v2\/product\/10232","targetHints":{"allow":["GET"]}}],"collection":[{"href":"https:\/\/miamedic.lt\/en\/wp-json\/wp\/v2\/product"}],"about":[{"href":"https:\/\/miamedic.lt\/en\/wp-json\/wp\/v2\/types\/product"}],"replies":[{"embeddable":true,"href":"https:\/\/miamedic.lt\/en\/wp-json\/wp\/v2\/comments?post=10232"}],"version-history":[{"count":2,"href":"https:\/\/miamedic.lt\/en\/wp-json\/wp\/v2\/product\/10232\/revisions"}],"predecessor-version":[{"id":12391,"href":"https:\/\/miamedic.lt\/en\/wp-json\/wp\/v2\/product\/10232\/revisions\/12391"}],"wp:featuredmedia":[{"embeddable":true,"href":"https:\/\/miamedic.lt\/en\/wp-json\/wp\/v2\/media\/10233"}],"wp:attachment":[{"href":"https:\/\/miamedic.lt\/en\/wp-json\/wp\/v2\/media?parent=10232"}],"wp:term":[{"taxonomy":"product_cat","embeddable":true,"href":"https:\/\/miamedic.lt\/en\/wp-json\/wp\/v2\/product_cat?post=10232"},{"taxonomy":"product_tag","embeddable":true,"href":"https:\/\/miamedic.lt\/en\/wp-json\/wp\/v2\/product_tag?post=10232"}],"curies":[{"name":"wp","href":"https:\/\/api.w.org\/{rel}","templated":true}]}}