{"id":10229,"date":"2025-07-07T09:21:06","date_gmt":"2025-07-07T09:21:06","guid":{"rendered":"https:\/\/miamedic.lt\/?post_type=product&#038;p=10229"},"modified":"2025-12-01T00:29:07","modified_gmt":"2025-12-01T00:29:07","slug":"age-element-anti-wrinkle-eye-contour-2","status":"publish","type":"product","link":"https:\/\/miamedic.lt\/en\/shop\/age-element-anti-wrinkle-eye-contour-2\/","title":{"rendered":"Age Element Anti-Wrinkle Eye Contour"},"content":{"rendered":"<p><strong>Age Element Anti-Wrinkle Eye Contour<\/strong><\/p>\n<p>\u0160i veiksminga formul\u0117 sukurta tam, kad <strong>pa\u0161alint\u0173 rauk\u0161les j\u0173 atsiradimo \u0161altinyje<\/strong> ir <strong>panaikint\u0173 ry\u0161kiausius nuovargio po\u017eymius<\/strong>, tokius kaip <strong>patams\u0117j\u0119 paakiai<\/strong> ir <strong>mai\u0161eliai po akimis<\/strong>.<\/p>\n<p>Kremas turi <strong>\u201eBotox\u201c tipo poveik\u012f<\/strong>, kuris i\u0161lygina <strong>dinami\u0161kas mimikos rauk\u0161les<\/strong> ir suteikia <strong>greit\u0105, matom\u0105 rezultat\u0105<\/strong>.<\/p>\n<p>Produktas papildytas <strong>keraminiu aplikatoriumi<\/strong>, kuris suteikia <strong>v\u0117sinant\u012f efekt\u0105<\/strong> \u2013 tai dar labiau sustiprina <strong>prie\u0161rauk\u0161lin\u012f poveik\u012f<\/strong>.<\/p>\n<ul>\n<li><strong>Acetilheksapeptidas-1<\/strong> suma\u017eina rauk\u0161leles aplink akis<\/li>\n<li><strong>Kedro ekstraktas<\/strong> padeda suma\u017einti <strong>patinim\u0105 ir tamsius ratilus<\/strong> po akimis<\/li>\n<\/ul>\n<p>Kremo <strong>kremin\u0117 tekst\u016bra<\/strong> leid\u017eia lengvai masa\u017euoti j\u012f tiesiai ant rauk\u0161li\u0173, u\u017etikrinant komforti\u0161k\u0105 naudojim\u0105.<\/p>\n<p><strong>Usage:<\/strong><\/p>\n<p>Naudokite <strong>du kartus per dien\u0105 \u2013 ryte ir vakare<\/strong>.<\/p>\n<ol>\n<li>U\u017etepkite nedidel\u012f kiek\u012f <strong>Anti-Wrinkle Eye Contour<\/strong> tiesiai <strong>ant rauk\u0161li\u0173 aplink akis<\/strong>.<\/li>\n<li><strong>Masa\u017euokite keraminiu aplikatoriumi<\/strong>, \u0161velniais judesiais jud\u0117dami per rauk\u0161les \u2013 taip suaktyvinsite <strong>v\u0117sinant\u012f ir prie\u0161 rauk\u0161lin\u012f efekt\u0105<\/strong>.<\/li>\n<li>Naudokite <strong>po serumo<\/strong>, bet <strong>prie\u0161 dienin\u012f arba naktin\u012f krem\u0105 ir (arba) apsaugin\u012f krem\u0105 nuo saul\u0117s<\/strong>.<\/li>\n<\/ol>","protected":false},"excerpt":{"rendered":"<p>Paaki\u0173 kremas rauk\u0161l\u0117ms<\/p>","protected":false},"featured_media":10230,"comment_status":"open","ping_status":"closed","template":"","meta":[],"product_cat":[83],"product_tag":[],"class_list":{"0":"post-10229","1":"product","2":"type-product","3":"status-publish","4":"has-post-thumbnail","6":"product_cat-paakiu-kremai","7":"pa_brands-mesoestetic","8":"pa_talpa-15ml","10":"first","11":"instock","12":"taxable","13":"shipping-taxable","14":"purchasable","15":"product-type-simple"},"_links":{"self":[{"href":"https:\/\/miamedic.lt\/en\/wp-json\/wp\/v2\/product\/10229","targetHints":{"allow":["GET"]}}],"collection":[{"href":"https:\/\/miamedic.lt\/en\/wp-json\/wp\/v2\/product"}],"about":[{"href":"https:\/\/miamedic.lt\/en\/wp-json\/wp\/v2\/types\/product"}],"replies":[{"embeddable":true,"href":"https:\/\/miamedic.lt\/en\/wp-json\/wp\/v2\/comments?post=10229"}],"version-history":[{"count":1,"href":"https:\/\/miamedic.lt\/en\/wp-json\/wp\/v2\/product\/10229\/revisions"}],"predecessor-version":[{"id":10231,"href":"https:\/\/miamedic.lt\/en\/wp-json\/wp\/v2\/product\/10229\/revisions\/10231"}],"wp:featuredmedia":[{"embeddable":true,"href":"https:\/\/miamedic.lt\/en\/wp-json\/wp\/v2\/media\/10230"}],"wp:attachment":[{"href":"https:\/\/miamedic.lt\/en\/wp-json\/wp\/v2\/media?parent=10229"}],"wp:term":[{"taxonomy":"product_cat","embeddable":true,"href":"https:\/\/miamedic.lt\/en\/wp-json\/wp\/v2\/product_cat?post=10229"},{"taxonomy":"product_tag","embeddable":true,"href":"https:\/\/miamedic.lt\/en\/wp-json\/wp\/v2\/product_tag?post=10229"}],"curies":[{"name":"wp","href":"https:\/\/api.w.org\/{rel}","templated":true}]}}