{"id":10226,"date":"2025-07-07T09:17:33","date_gmt":"2025-07-07T09:17:33","guid":{"rendered":"https:\/\/miamedic.lt\/?post_type=product&#038;p=10226"},"modified":"2025-12-01T00:29:08","modified_gmt":"2025-12-01T00:29:08","slug":"age-element-anti-wrinkle-night-cream","status":"publish","type":"product","link":"https:\/\/miamedic.lt\/en\/shop\/age-element-anti-wrinkle-night-cream\/","title":{"rendered":"Age Element Anti-Wrinkle Night Cream"},"content":{"rendered":"<p data-start=\"44\" data-end=\"169\"><strong data-start=\"44\" data-end=\"96\">mesoestetic Age Element Anti\u2011Wrinkle Night Cream<\/strong> \u2013 intensyvi\u0105 atstatom\u0105j\u0105 naktin\u0119 prie\u017ei\u016br\u0105 suteikiantis kremas rauk\u0161l\u0117ms<\/p>\n<p data-start=\"171\" data-end=\"246\"><span class=\"relative -mx-px my-[-0.2rem] rounded px-px py-[0.2rem] transition-colors duration-100 ease-in-out\">Gazintas formule, \u0161is naktinis kremas padeda strukt\u016br\u0105 pertvarkyti giluminiu lygiu, skatindamas odos regeneracij\u0105 ir ma\u017eindamas ry\u0161kias rauk\u0161les. K\u016bno prisotinimas aktyviomis med\u017eiagomis nakties metu u\u017etikrina matom\u0105 stangrumo ir elastingumo pager\u0117jim\u0105<\/span><\/p>\n<p data-start=\"248\" data-end=\"341\"><strong data-start=\"248\" data-end=\"263\">Odos tipas:<\/strong><br data-start=\"263\" data-end=\"266\" \/><span class=\"relative -mx-px my-[-0.2rem] rounded px-px py-[0.2rem] transition-colors duration-100 ease-in-out\">Tinka vis\u0173 tip\u0173 odai \u2013 ypa\u010d brand\u017eiai, su gilumin\u0117mis rauk\u0161l\u0117mis ir praradusiai stangrum\u0105 odai\u202f<\/span>.<\/p>\n<p data-start=\"343\" data-end=\"673\"><strong data-start=\"343\" data-end=\"356\">Poveikis:<\/strong><br data-start=\"356\" data-end=\"359\" \/><span class=\"relative -mx-px my-[-0.2rem] rounded px-px py-[0.2rem] transition-colors duration-100 ease-in-out\">\u2022 Glotnina ir ma\u017eina gilias rauk\u0161les\u202f<\/span><br data-start=\"433\" data-end=\"436\" \/><span class=\"relative -mx-px my-[-0.2rem] rounded px-px py-[0.2rem] transition-colors duration-100 ease-in-out\">\u2022 Stiprina odos strukt\u016br\u0105, gerina elastingum\u0105<\/span><br data-start=\"510\" data-end=\"513\" \/><span class=\"relative -mx-px my-[-0.2rem] rounded px-px py-[0.2rem] transition-colors duration-100 ease-in-out\">\u2022 Atpalaiduoja mimikos linijas<\/span><br data-start=\"550\" data-end=\"553\" \/><span class=\"relative -mx-px my-[-0.2rem] rounded px-px py-[0.2rem] transition-colors duration-100 ease-in-out\">\u2022 Intensyviai maitina ir atkuria nakties metu<\/span><br data-start=\"592\" data-end=\"595\" \/><span class=\"relative -mx-px my-[-0.2rem] rounded px-px py-[0.2rem] transition-colors duration-100 ease-in-out\">\u2022 Skatina l\u0105steli\u0173 regeneracij\u0105 bei detoksikacij\u0105 nakties metu<\/span><\/p>\n<p data-start=\"675\" data-end=\"855\"><strong data-start=\"675\" data-end=\"690\">Naudojimas:<\/strong><br data-start=\"690\" data-end=\"693\" \/><span class=\"relative -mx-px my-[-0.2rem] rounded px-px py-[0.2rem] transition-colors duration-100 ease-in-out\">\u2022 Naudoti <strong data-start=\"10\" data-end=\"42\">vien\u0105 kart\u0105 per dien\u0105 vakare<\/strong>, po odos valymo<\/span><br data-start=\"732\" data-end=\"735\" \/><span class=\"relative -mx-px my-[-0.2rem] rounded px-px py-[0.2rem] transition-colors duration-100 ease-in-out\">\u2022 Paskirstyti tolygiai ant \u0161varios, sausos odos veido ir kaklo linijoje<\/span><br data-start=\"774\" data-end=\"777\" \/><span class=\"relative -mx-px my-[-0.2rem] rounded px-px py-[0.2rem] transition-colors duration-100 ease-in-out\">\u2022 \u012emasa\u017euoti \u0161velniais, sukamaisiais judesiais iki visi\u0161ko \u012fsig\u0117rimo\u202f<\/span><\/p>\n<p data-start=\"857\" data-end=\"1130\"><strong data-start=\"857\" data-end=\"881\">Atsargumo priemon\u0117s:<\/strong><br data-start=\"881\" data-end=\"884\" \/><span class=\"relative -mx-px my-[-0.2rem] rounded px-px py-[0.2rem] transition-colors duration-100 ease-in-out\">\u2022 Tik i\u0161oriniam naudojimui<\/span><br data-start=\"923\" data-end=\"926\" \/><span class=\"relative -mx-px my-[-0.2rem] rounded px-px py-[0.2rem] transition-colors duration-100 ease-in-out\">\u2022 Venkite kontakto su akimis\u202f<\/span><br data-start=\"1004\" data-end=\"1007\" \/><span class=\"relative -mx-px my-[-0.2rem] rounded px-px py-[0.2rem] transition-colors duration-100 ease-in-out\">\u2022 Jei pasirei\u0161kia sudirginimas \u2013 nutraukite naudojim\u0105<\/span><br data-start=\"1046\" data-end=\"1049\" \/><span class=\"relative -mx-px my-[-0.2rem] rounded px-px py-[0.2rem] transition-colors duration-100 ease-in-out\">\u2022 Produktas gali tur\u0117ti aktyvi\u0173 med\u017eiag\u0173 \u2013 jei oda jautri, rekomenduojamas alternatyvus kursas<\/span><br data-start=\"1088\" data-end=\"1091\" \/><span class=\"relative -mx-px my-[-0.2rem] rounded px-px py-[0.2rem] transition-colors duration-100 ease-in-out\">\u2022 Laikyti vaikams nepasiekiamoje vietoje<\/span><\/p>\n<p data-start=\"1132\" data-end=\"1236\"><strong data-start=\"1132\" data-end=\"1152\">Laikymo s\u0105lygos:<\/strong><br data-start=\"1152\" data-end=\"1155\" \/><span class=\"relative -mx-px my-[-0.2rem] rounded px-px py-[0.2rem] transition-colors duration-100 ease-in-out\">\u2022 Laikyti kambario temperat\u016broje (15\u201325\u202f\u00b0C)<\/span><br data-start=\"1194\" data-end=\"1197\" \/><span class=\"relative -mx-px my-[-0.2rem] rounded px-px py-[0.2rem] transition-colors duration-100 ease-in-out\">\u2022 Saugoti nuo tiesiogini\u0173 saul\u0117s spinduli\u0173<\/span><\/p>\n","protected":false},"excerpt":{"rendered":"<p>Intensyvi\u0105 atstatom\u0105j\u0105 naktin\u0119 prie\u017ei\u016br\u0105 suteikiantis kremas rauk\u0161l\u0117ms<\/p>","protected":false},"featured_media":10227,"comment_status":"open","ping_status":"closed","template":"","meta":[],"product_cat":[180],"product_tag":[],"class_list":{"0":"post-10226","1":"product","2":"type-product","3":"status-publish","4":"has-post-thumbnail","6":"product_cat-naktiniai-kremai","7":"pa_brands-mesoestetic","8":"pa_talpa-50ml-2","10":"first","11":"instock","12":"taxable","13":"shipping-taxable","14":"purchasable","15":"product-type-simple"},"_links":{"self":[{"href":"https:\/\/miamedic.lt\/en\/wp-json\/wp\/v2\/product\/10226","targetHints":{"allow":["GET"]}}],"collection":[{"href":"https:\/\/miamedic.lt\/en\/wp-json\/wp\/v2\/product"}],"about":[{"href":"https:\/\/miamedic.lt\/en\/wp-json\/wp\/v2\/types\/product"}],"replies":[{"embeddable":true,"href":"https:\/\/miamedic.lt\/en\/wp-json\/wp\/v2\/comments?post=10226"}],"version-history":[{"count":2,"href":"https:\/\/miamedic.lt\/en\/wp-json\/wp\/v2\/product\/10226\/revisions"}],"predecessor-version":[{"id":12392,"href":"https:\/\/miamedic.lt\/en\/wp-json\/wp\/v2\/product\/10226\/revisions\/12392"}],"wp:featuredmedia":[{"embeddable":true,"href":"https:\/\/miamedic.lt\/en\/wp-json\/wp\/v2\/media\/10227"}],"wp:attachment":[{"href":"https:\/\/miamedic.lt\/en\/wp-json\/wp\/v2\/media?parent=10226"}],"wp:term":[{"taxonomy":"product_cat","embeddable":true,"href":"https:\/\/miamedic.lt\/en\/wp-json\/wp\/v2\/product_cat?post=10226"},{"taxonomy":"product_tag","embeddable":true,"href":"https:\/\/miamedic.lt\/en\/wp-json\/wp\/v2\/product_tag?post=10226"}],"curies":[{"name":"wp","href":"https:\/\/api.w.org\/{rel}","templated":true}]}}