{"id":10223,"date":"2025-07-07T09:14:19","date_gmt":"2025-07-07T09:14:19","guid":{"rendered":"https:\/\/miamedic.lt\/?post_type=product&#038;p=10223"},"modified":"2025-12-01T00:29:08","modified_gmt":"2025-12-01T00:29:08","slug":"age-element-anti-wrinkle-cream","status":"publish","type":"product","link":"https:\/\/miamedic.lt\/en\/shop\/age-element-anti-wrinkle-cream\/","title":{"rendered":"Age Element Anti-Wrinkle Cream"},"content":{"rendered":"<p><strong>Age Element Anti-Wrinkle Cream<\/strong><\/p>\n<p>Tai odos strukt\u016br\u0105 atkuriantis kremas, kuris i\u0161lygina rauk\u0161les ir suteikia lygesn\u0119, be tr\u016bkum\u0173 atrodan\u010di\u0105 od\u0105.<\/p>\n<p>Formul\u0117, praturtinta regeneruojan\u010diais aktyviaisiais ingredientais, gydo rauk\u0161les ties j\u0173 atsiradimo prie\u017eastimi, ma\u017eina ir koreguoja bendr\u0105 j\u0173 i\u0161vaizd\u0105.<\/p>\n<p>Sud\u0117tyje esantis <strong>acetilheksapeptidas-1<\/strong> suteikia <strong>\u201eBotox\u201c tipo efekt\u0105<\/strong>, kuris i\u0161lygina mimikos rauk\u0161les ir u\u017etikrina <strong>greitai pastebim\u0105 rezultat\u0105<\/strong>.<\/p>\n<p>Kremas pasi\u017eymi <strong>malonia, kremin\u0117s konsistencijos tekst\u016bra<\/strong>, kuri suteikia komfort\u0105, bet nepalieka riebumo poj\u016b\u010dio.<\/p>\n<p><strong>Usage:<\/strong><\/p>\n<p>Naudokite <strong>du kartus per dien\u0105 \u2013 ryte ir vakare<\/strong>.<\/p>\n<p>Tepkite <strong>ant \u0161varios, sausos odos<\/strong>.<\/p>\n<p>Tolygiai paskirstykite krem\u0105 ant veido <strong>\u0161velniai masa\u017euodami<\/strong>, kol visi\u0161kai susigers.<\/p>\n<p>Nor\u0117dami u\u017etikrinti <strong>visapusi\u0161k\u0105 apsaug\u0105 nuo foto-sen\u0117jimo<\/strong>, papildykite savo rutin\u0105 <strong>apsauginiu kremu nuo saul\u0117s<\/strong>.<\/p>","protected":false},"excerpt":{"rendered":"<p>Odos strukt\u016br\u0105 atkuriantis kremas, kuris i\u0161lygina rauk\u0161les<\/p>","protected":false},"featured_media":10224,"comment_status":"open","ping_status":"closed","template":"","meta":[],"product_cat":[129],"product_tag":[],"class_list":{"0":"post-10223","1":"product","2":"type-product","3":"status-publish","4":"has-post-thumbnail","6":"product_cat-veido-kremai","7":"pa_brands-mesoestetic","8":"pa_talpa-50ml-2","10":"first","11":"instock","12":"taxable","13":"shipping-taxable","14":"purchasable","15":"product-type-simple"},"_links":{"self":[{"href":"https:\/\/miamedic.lt\/en\/wp-json\/wp\/v2\/product\/10223","targetHints":{"allow":["GET"]}}],"collection":[{"href":"https:\/\/miamedic.lt\/en\/wp-json\/wp\/v2\/product"}],"about":[{"href":"https:\/\/miamedic.lt\/en\/wp-json\/wp\/v2\/types\/product"}],"replies":[{"embeddable":true,"href":"https:\/\/miamedic.lt\/en\/wp-json\/wp\/v2\/comments?post=10223"}],"version-history":[{"count":1,"href":"https:\/\/miamedic.lt\/en\/wp-json\/wp\/v2\/product\/10223\/revisions"}],"predecessor-version":[{"id":10225,"href":"https:\/\/miamedic.lt\/en\/wp-json\/wp\/v2\/product\/10223\/revisions\/10225"}],"wp:featuredmedia":[{"embeddable":true,"href":"https:\/\/miamedic.lt\/en\/wp-json\/wp\/v2\/media\/10224"}],"wp:attachment":[{"href":"https:\/\/miamedic.lt\/en\/wp-json\/wp\/v2\/media?parent=10223"}],"wp:term":[{"taxonomy":"product_cat","embeddable":true,"href":"https:\/\/miamedic.lt\/en\/wp-json\/wp\/v2\/product_cat?post=10223"},{"taxonomy":"product_tag","embeddable":true,"href":"https:\/\/miamedic.lt\/en\/wp-json\/wp\/v2\/product_tag?post=10223"}],"curies":[{"name":"wp","href":"https:\/\/api.w.org\/{rel}","templated":true}]}}