{"id":10217,"date":"2025-07-07T08:58:17","date_gmt":"2025-07-07T08:58:17","guid":{"rendered":"https:\/\/miamedic.lt\/?post_type=product&#038;p=10217"},"modified":"2025-12-01T00:29:08","modified_gmt":"2025-12-01T00:29:08","slug":"age-element-firming-concentrate","status":"publish","type":"product","link":"https:\/\/miamedic.lt\/en\/shop\/age-element-firming-concentrate\/","title":{"rendered":"Age Element Firming Concentrate"},"content":{"rendered":"<p>Koncentruotas serumas su dideliu stangrinan\u010di\u0173 veikli\u0173j\u0173 med\u017eiag\u0173 kiekiu, <strong>Mesoestetic Age Element Firming Concentrate<\/strong> pagerina odos elastingum\u0105 ir suteikia momentin\u012f \u201eliftingo\u201c efekt\u0105.<\/p>\n<p>Praturtintas japoni\u0161kos orchid\u0117jos ekstraktu ir stangrinan\u010di\u0173 veikli\u0173j\u0173 med\u017eiag\u0173 kompleksu, \u0161is serumas pertvarko odos strukt\u016br\u0105, skatina elastino ir kolageno sintez\u0119, stiprina fibroblast\u0173 funkcij\u0105 ir gerina odos stangrum\u0105. Akimirksniu pakelia veido kont\u016br\u0105, padeda i\u0161 naujo apibr\u0117\u017eti veido form\u0105.<\/p>\n<p><strong>Privalumai:<\/strong><\/p>\n<ul>\n<li>Momentinis \u201eliftingo\u201c efektas<\/li>\n<li>Pagerina odos elastingum\u0105<\/li>\n<li>Stangrina od\u0105 ir ry\u0161kina veido kont\u016brus<\/li>\n<\/ul>\n<p><strong>Mesoestetic Age Element Firming Concentrate<\/strong> \u2013 tai idealus pasirinkimas odai, praradusiai stangrum\u0105, turin\u010diai elastingumo suma\u017e\u0117jim\u0105, veido kont\u016br\u0173 suglebim\u0105 ar \u201egravitacines\u201c rauk\u0161les.<\/p>\n<p><strong>Usage:<\/strong><\/p>\n<ul>\n<li>U\u017ela\u0161inkite <strong>3\u20134 la\u0161us<\/strong> ant \u0161varios odos prie\u0161 krem\u0105.<\/li>\n<li>\u0160velniai \u012fmasa\u017euokite, kol visi\u0161kai susigers.<\/li>\n<li>Naudokite <strong>ryte ir vakare<\/strong>.<\/li>\n<\/ul>\n<p><strong>Talpa:<\/strong> 30 ml<\/p>","protected":false},"excerpt":{"rendered":"<p>Koncentruotas serumas su dideliu stangrinan\u010di\u0173 veikli\u0173j\u0173 med\u017eiag\u0173 kiekiu<\/p>","protected":false},"featured_media":10218,"comment_status":"open","ping_status":"closed","template":"","meta":[],"product_cat":[107],"product_tag":[],"class_list":{"0":"post-10217","1":"product","2":"type-product","3":"status-publish","4":"has-post-thumbnail","6":"product_cat-serumai","7":"pa_brands-mesoestetic","8":"pa_talpa-30ml-2","10":"first","11":"instock","12":"taxable","13":"shipping-taxable","14":"purchasable","15":"product-type-simple"},"_links":{"self":[{"href":"https:\/\/miamedic.lt\/en\/wp-json\/wp\/v2\/product\/10217","targetHints":{"allow":["GET"]}}],"collection":[{"href":"https:\/\/miamedic.lt\/en\/wp-json\/wp\/v2\/product"}],"about":[{"href":"https:\/\/miamedic.lt\/en\/wp-json\/wp\/v2\/types\/product"}],"replies":[{"embeddable":true,"href":"https:\/\/miamedic.lt\/en\/wp-json\/wp\/v2\/comments?post=10217"}],"version-history":[{"count":1,"href":"https:\/\/miamedic.lt\/en\/wp-json\/wp\/v2\/product\/10217\/revisions"}],"predecessor-version":[{"id":10219,"href":"https:\/\/miamedic.lt\/en\/wp-json\/wp\/v2\/product\/10217\/revisions\/10219"}],"wp:featuredmedia":[{"embeddable":true,"href":"https:\/\/miamedic.lt\/en\/wp-json\/wp\/v2\/media\/10218"}],"wp:attachment":[{"href":"https:\/\/miamedic.lt\/en\/wp-json\/wp\/v2\/media?parent=10217"}],"wp:term":[{"taxonomy":"product_cat","embeddable":true,"href":"https:\/\/miamedic.lt\/en\/wp-json\/wp\/v2\/product_cat?post=10217"},{"taxonomy":"product_tag","embeddable":true,"href":"https:\/\/miamedic.lt\/en\/wp-json\/wp\/v2\/product_tag?post=10217"}],"curies":[{"name":"wp","href":"https:\/\/api.w.org\/{rel}","templated":true}]}}