{"id":10214,"date":"2025-07-07T08:45:45","date_gmt":"2025-07-07T08:45:45","guid":{"rendered":"https:\/\/miamedic.lt\/?post_type=product&#038;p=10214"},"modified":"2025-12-01T10:22:29","modified_gmt":"2025-12-01T10:22:29","slug":"age-element-firming-eye-contour","status":"publish","type":"product","link":"https:\/\/miamedic.lt\/en\/shop\/age-element-firming-eye-contour\/","title":{"rendered":"Age Element Firming Eye Contour"},"content":{"rendered":"<p data-start=\"44\" data-end=\"181\"><strong data-start=\"44\" data-end=\"91\">Mesoestetic Age Element Firming Eye Contour<\/strong> \u2013 liftingo ir stangrinimo suteikiantis paaki\u0173 kremas su intenzyviu stangrinan\u010diu poveikiu<\/p>\n<p data-start=\"183\" data-end=\"258\"><span class=\"relative -mx-px my-[-0.2rem] rounded px-px py-[0.2rem] transition-colors duration-100 ease-in-out\">\u0160is kremas su koncentrine, technologine formule specialiai orientuota \u012f paaki\u0173 zon\u0105 \u2013 nuo patinim\u0173 iki vir\u0161utinio voko suglebimo, tamsi\u0173 ratil\u0173 ir i\u0161rai\u0161kos rauk\u0161li\u0173. Jo unikalus keramikinis aplikatorius ne tik ramina ir v\u0117sina, bet ir pagerina mikrocirkuliacij\u0105, sustiprina stangrinam\u0105j\u012f efekt\u0105\u202f<\/span><\/p>\n<p data-start=\"260\" data-end=\"353\"><strong data-start=\"260\" data-end=\"275\">Odos tipas:<\/strong><br data-start=\"275\" data-end=\"278\" \/><span class=\"relative -mx-px my-[-0.2rem] rounded px-px py-[0.2rem] transition-colors duration-100 ease-in-out\">Vis\u0173 tip\u0173 paaki\u0173 oda \u2013 ypa\u010d brandi, suglebusi ar linkusi \u012f patinim\u0105 ir tamsius ratilus\u202f<\/span>.<\/p>\n<p data-start=\"355\" data-end=\"684\"><strong data-start=\"355\" data-end=\"368\">Poveikis:<\/strong><br data-start=\"368\" data-end=\"371\" \/><span class=\"relative -mx-px my-[-0.2rem] rounded px-px py-[0.2rem] transition-colors duration-100 ease-in-out\">\u2022 Gra\u017eina vir\u0161utinio voko kont\u016brus, ma\u017eina suglebim\u0105\u202f<\/span><br data-start=\"445\" data-end=\"448\" \/><span class=\"relative -mx-px my-[-0.2rem] rounded px-px py-[0.2rem] transition-colors duration-100 ease-in-out\">\u2022 \u0160velnina rauk\u0161leles ir mimikos linijas\u202f<\/span><br data-start=\"522\" data-end=\"525\" \/><span class=\"relative -mx-px my-[-0.2rem] rounded px-px py-[0.2rem] transition-colors duration-100 ease-in-out\">\u2022 Ma\u017eina patinim\u0105 ir tamsius ratilus\u202f<\/span><br data-start=\"601\" data-end=\"604\" \/><span class=\"relative -mx-px my-[-0.2rem] rounded px-px py-[0.2rem] transition-colors duration-100 ease-in-out\">\u2022 Suteikia v\u0117sumo poj\u016bt\u012f ir atgaiva paaki\u0173 zonai\u202f<\/span><\/p>\n<p data-start=\"686\" data-end=\"824\"><strong data-start=\"686\" data-end=\"701\">Naudojimas:<\/strong><br data-start=\"701\" data-end=\"704\" \/><span class=\"relative -mx-px my-[-0.2rem] rounded px-px py-[0.2rem] transition-colors duration-100 ease-in-out\">\u2022 Naudoti ryte ir vakare, po serum\u0173, prie\u0161 dr\u0117kiklio ir SPF tepim\u0105\u202f<\/span><br data-start=\"782\" data-end=\"785\" \/><span class=\"relative -mx-px my-[-0.2rem] rounded px-px py-[0.2rem] transition-colors duration-100 ease-in-out\">\u2022 Nedidel\u012f kiek\u012f kremo tepti aplikatoriumi ar pir\u0161tu \u2013 sukamaisiais judesiais vir\u0161utiniam vokui, v\u0117liau \u012f tap\u0161nokite vis\u0105 paaki\u0173 zon\u0105<\/span><\/p>\n<p data-start=\"826\" data-end=\"1018\"><strong data-start=\"826\" data-end=\"850\">Atsargumo priemon\u0117s:<\/strong><br data-start=\"850\" data-end=\"853\" \/><span class=\"relative -mx-px my-[-0.2rem] rounded px-px py-[0.2rem] transition-colors duration-100 ease-in-out\">\u2022 Tik i\u0161oriniam naudojimui<\/span><br data-start=\"892\" data-end=\"895\" \/><span class=\"relative -mx-px my-[-0.2rem] rounded px-px py-[0.2rem] transition-colors duration-100 ease-in-out\">\u2022 Venkite patekimo \u012f akis \u2013 patekus, kruop\u0161\u010diai praplaukite<\/span><br data-start=\"934\" data-end=\"937\" \/><span class=\"relative -mx-px my-[-0.2rem] rounded px-px py-[0.2rem] transition-colors duration-100 ease-in-out\">\u2022 Jei pastebimas sudirgimas, nutraukite naudojim\u0105<\/span><br data-start=\"976\" data-end=\"979\" \/><span class=\"relative -mx-px my-[-0.2rem] rounded px-px py-[0.2rem] transition-colors duration-100 ease-in-out\">\u2022 Laikyti vaikams nepasiekiamoje vietoje<\/span><\/p>\n<p data-start=\"1020\" data-end=\"1124\"><strong data-start=\"1020\" data-end=\"1040\">Laikymo s\u0105lygos:<\/strong><br data-start=\"1040\" data-end=\"1043\" \/><span class=\"relative -mx-px my-[-0.2rem] rounded px-px py-[0.2rem] transition-colors duration-100 ease-in-out\">\u2022 Saugoti sausoje vietoje, kambario temperat\u016broje (15\u201325\u202f\u00b0C)<\/span><br data-start=\"1082\" data-end=\"1085\" \/><span class=\"relative -mx-px my-[-0.2rem] rounded px-px py-[0.2rem] transition-colors duration-100 ease-in-out\">\u2022 Venkite tiesiogini\u0173 saul\u0117s spinduli\u0173 ir auk\u0161tos temperat\u016bros<\/span><\/p>\n","protected":false},"excerpt":{"rendered":"<p>Liftingo ir stangrinimo suteikiantis paaki\u0173 kremas<\/p>","protected":false},"featured_media":10215,"comment_status":"open","ping_status":"closed","template":"","meta":[],"product_cat":[83],"product_tag":[],"class_list":{"0":"post-10214","1":"product","2":"type-product","3":"status-publish","4":"has-post-thumbnail","6":"product_cat-paakiu-kremai","7":"pa_brands-mesoestetic","8":"pa_talpa-15ml","10":"first","11":"instock","12":"taxable","13":"shipping-taxable","14":"purchasable","15":"product-type-simple"},"_links":{"self":[{"href":"https:\/\/miamedic.lt\/en\/wp-json\/wp\/v2\/product\/10214","targetHints":{"allow":["GET"]}}],"collection":[{"href":"https:\/\/miamedic.lt\/en\/wp-json\/wp\/v2\/product"}],"about":[{"href":"https:\/\/miamedic.lt\/en\/wp-json\/wp\/v2\/types\/product"}],"replies":[{"embeddable":true,"href":"https:\/\/miamedic.lt\/en\/wp-json\/wp\/v2\/comments?post=10214"}],"version-history":[{"count":2,"href":"https:\/\/miamedic.lt\/en\/wp-json\/wp\/v2\/product\/10214\/revisions"}],"predecessor-version":[{"id":12393,"href":"https:\/\/miamedic.lt\/en\/wp-json\/wp\/v2\/product\/10214\/revisions\/12393"}],"wp:featuredmedia":[{"embeddable":true,"href":"https:\/\/miamedic.lt\/en\/wp-json\/wp\/v2\/media\/10215"}],"wp:attachment":[{"href":"https:\/\/miamedic.lt\/en\/wp-json\/wp\/v2\/media?parent=10214"}],"wp:term":[{"taxonomy":"product_cat","embeddable":true,"href":"https:\/\/miamedic.lt\/en\/wp-json\/wp\/v2\/product_cat?post=10214"},{"taxonomy":"product_tag","embeddable":true,"href":"https:\/\/miamedic.lt\/en\/wp-json\/wp\/v2\/product_tag?post=10214"}],"curies":[{"name":"wp","href":"https:\/\/api.w.org\/{rel}","templated":true}]}}