{"id":10211,"date":"2025-07-07T08:42:22","date_gmt":"2025-07-07T08:42:22","guid":{"rendered":"https:\/\/miamedic.lt\/?post_type=product&#038;p=10211"},"modified":"2025-12-01T00:29:09","modified_gmt":"2025-12-01T00:29:09","slug":"age-element-firming-cream","status":"publish","type":"product","link":"https:\/\/miamedic.lt\/en\/shop\/age-element-firming-cream\/","title":{"rendered":"Age Element Firming Cream"},"content":{"rendered":"<p><strong>Atkurkite veido kont\u016brus su \u201emesoestetic Age Element Firming Cream\u201c \u2013 stangrinamuoju veido kremu, kuris glotnina od\u0105 ir didina jos elastingum\u0105.<\/strong><\/p>\n<p>Kremas praturtintas keturi\u0173 skirting\u0173 molekulini\u0173 form\u0173 hialurono r\u016bg\u0161timis, tod\u0117l intensyviai dr\u0117kina ir gerina rauk\u0161li\u0173 i\u0161vaizd\u0105. D\u0117l augalini\u0173 ekstrakt\u0173, pavyzd\u017eiui, lubin\u0173, kurie skatina dermos baltym\u0173 sintez\u0119, pager\u0117ja odos stangrumas ir elastingumas.<\/p>\n<p><strong>\u201eMesoestetic Age Element Firming Cream\u201c privalumai:<\/strong><\/p>\n<ul>\n<li>Stangrina ir atkuria veido kont\u016brus<\/li>\n<li>Glotnina od\u0105<\/li>\n<li>Didina elastingum\u0105<\/li>\n<\/ul>\n<p>Glotnindamas od\u0105 ir ai\u0161kiau i\u0161ry\u0161kindamas veido bruo\u017eus, \u0161is kremas puikiai tinka odai su gravitacin\u0117mis rauk\u0161l\u0117mis, suma\u017e\u0117jusiu stangrumu, elastingumu ar kont\u016br\u0173 i\u0161sitrynimu.<\/p>\n<p><strong>Usage:<\/strong><\/p>\n<p>\u201eAge Element Firming Cream\u201c naudokite du kartus per dien\u0105 \u2013 ryte ir vakare.<\/p>\n<p>Tepkite ant \u0161varios, sausos odos.<\/p>\n<p>Paskirstykite tolygiai ant veido \u0161velniais masa\u017euojamaisiais judesiais, kol visi\u0161kai susigers.<\/p>\n<p>Nor\u0117dami u\u017etikrinti visapusi\u0161k\u0105 apsaug\u0105 nuo foto-sen\u0117jimo, papildykite savo odos prie\u017ei\u016bros rutin\u0105 apsauginiu kremu nuo saul\u0117s.<\/p>","protected":false},"excerpt":{"rendered":"<p>Stangrinamasis veido kremas, kuris glotnina od\u0105 ir didina jos elastingum\u0105.<\/p>","protected":false},"featured_media":10212,"comment_status":"open","ping_status":"closed","template":"","meta":[],"product_cat":[129],"product_tag":[],"class_list":{"0":"post-10211","1":"product","2":"type-product","3":"status-publish","4":"has-post-thumbnail","6":"product_cat-veido-kremai","7":"pa_brands-mesoestetic","8":"pa_talpa-50ml-2","10":"first","11":"instock","12":"taxable","13":"shipping-taxable","14":"purchasable","15":"product-type-simple"},"_links":{"self":[{"href":"https:\/\/miamedic.lt\/en\/wp-json\/wp\/v2\/product\/10211","targetHints":{"allow":["GET"]}}],"collection":[{"href":"https:\/\/miamedic.lt\/en\/wp-json\/wp\/v2\/product"}],"about":[{"href":"https:\/\/miamedic.lt\/en\/wp-json\/wp\/v2\/types\/product"}],"replies":[{"embeddable":true,"href":"https:\/\/miamedic.lt\/en\/wp-json\/wp\/v2\/comments?post=10211"}],"version-history":[{"count":1,"href":"https:\/\/miamedic.lt\/en\/wp-json\/wp\/v2\/product\/10211\/revisions"}],"predecessor-version":[{"id":10213,"href":"https:\/\/miamedic.lt\/en\/wp-json\/wp\/v2\/product\/10211\/revisions\/10213"}],"wp:featuredmedia":[{"embeddable":true,"href":"https:\/\/miamedic.lt\/en\/wp-json\/wp\/v2\/media\/10212"}],"wp:attachment":[{"href":"https:\/\/miamedic.lt\/en\/wp-json\/wp\/v2\/media?parent=10211"}],"wp:term":[{"taxonomy":"product_cat","embeddable":true,"href":"https:\/\/miamedic.lt\/en\/wp-json\/wp\/v2\/product_cat?post=10211"},{"taxonomy":"product_tag","embeddable":true,"href":"https:\/\/miamedic.lt\/en\/wp-json\/wp\/v2\/product_tag?post=10211"}],"curies":[{"name":"wp","href":"https:\/\/api.w.org\/{rel}","templated":true}]}}