{"id":10204,"date":"2025-07-07T08:36:59","date_gmt":"2025-07-07T08:36:59","guid":{"rendered":"https:\/\/miamedic.lt\/?post_type=product&#038;p=10204"},"modified":"2025-12-01T00:29:09","modified_gmt":"2025-12-01T00:29:09","slug":"age-element-brightening-complex","status":"publish","type":"product","link":"https:\/\/miamedic.lt\/en\/shop\/age-element-brightening-complex\/","title":{"rendered":"age element brightening complex"},"content":{"rendered":"<p data-start=\"44\" data-end=\"168\"><strong data-start=\"44\" data-end=\"96\">Mesoestetic Age Element Brightening Complex Plus<\/strong> \u2013 intensyvus 4 savai\u010di\u0173 \u0161viesinantis ir atnaujinantis gydymo komplektas<\/p>\n<p data-start=\"170\" data-end=\"245\"><span class=\"relative -mx-px my-[-0.2rem] rounded px-px py-[0.2rem] transition-colors duration-100 ease-in-out\">Pa\u017eangi dviej\u0173 fazi\u0173 sistema \u2014 koncentratas su stabilizuotu 15\u202f% vit.\u202fC kapsuli\u0173 formoje ir aktyvinantis tirpalas. Skirta tamsi\u0173 d\u0117mi\u0173 ma\u017einimui, odos tono i\u0161lyginimui ir jaunatvi\u0161kumo atk\u016brimui: puikiai tinka odai, kuriai tr\u016bksta spindesio ir vienodo atspalvio bei yra pirmieji sen\u0117jimo po\u017eymiai. Vitamino C apsaugin\u0117 kapsul\u0117 garantuoja maksimal\u0173 veiksmingum\u0105 ir stabilum\u0105 iki pat naudojimo momento\u202f<\/span><span class=\"\" data-state=\"closed\"><span class=\"ms-1 inline-flex max-w-full items-center relative top-[-0.094rem] animate-[show_150ms_ease-in]\"><a class=\"flex h-4.5 overflow-hidden rounded-xl px-2 text-[9px] font-medium text-token-text-secondary! bg-[#F4F4F4]! dark:bg-[#303030]! transition-colors duration-150 ease-in-out\" href=\"https:\/\/www.mesoestetic.com\/age-element-brightening-complex-plus.html?utm_source=chatgpt.com\" target=\"_blank\" rel=\"noopener\"><span class=\"relative start-0 bottom-0 flex h-full w-full items-center\"><span class=\"flex h-4 w-full items-center justify-between absolute\"><span class=\"max-w-full grow truncate overflow-hidden text-center\">incidecoder.com<\/span><span class=\"-me-1 flex h-full items-center rounded-full px-1 text-[#8F8F8F]\">+14<\/span><\/span><span class=\"flex h-4 w-full items-center justify-between\"><span class=\"max-w-full grow truncate overflow-hidden text-center\">mesoestetic.com<\/span><span class=\"-me-1 flex h-full items-center rounded-full px-1 text-[#8F8F8F]\">+14<\/span><\/span><span class=\"flex h-4 w-full items-center justify-between absolute\"><span class=\"max-w-full grow truncate overflow-hidden text-center\">us.facethefuture.store<\/span><span class=\"-me-1 flex h-full items-center rounded-full px-1 text-[#8F8F8F]\">+14<\/span><\/span><\/span><\/a><\/span><\/span>.<\/p>\n<p data-start=\"247\" data-end=\"340\"><strong data-start=\"247\" data-end=\"262\">Odos tipas:<\/strong><br data-start=\"262\" data-end=\"265\" \/><span class=\"relative -mx-px my-[-0.2rem] rounded px-px py-[0.2rem] transition-colors duration-100 ease-in-out\">Vis\u0173 tip\u0173 oda, ypatingai tinkama pigmentacijos korekcijai, tono netolygumui ir dehidratacijai\u202f<\/span>.<\/p>\n<p data-start=\"342\" data-end=\"671\"><strong data-start=\"342\" data-end=\"355\">Poveikis:<\/strong><br data-start=\"355\" data-end=\"358\" \/><span class=\"relative -mx-px my-[-0.2rem] rounded px-px py-[0.2rem] transition-colors duration-100 ease-in-out\">\u2022 \u0160viesina ir atgaivina od\u0105 jau po pirmos savait\u0117s\u202f<\/span><br data-start=\"432\" data-end=\"435\" \/><span class=\"relative -mx-px my-[-0.2rem] rounded px-px py-[0.2rem] transition-colors duration-100 ease-in-out\">\u2022 Skatina epidermio atsinaujinim\u0105 ir lygina tekst\u016br\u0105\u202f<\/span><br data-start=\"509\" data-end=\"512\" \/><span class=\"relative -mx-px my-[-0.2rem] rounded px-px py-[0.2rem] transition-colors duration-100 ease-in-out\">\u2022 Suma\u017eina pigmentines d\u0117mes, palaiko tolyg\u0173 atspalv\u012f\u202f<\/span><br data-start=\"588\" data-end=\"591\" \/><span class=\"relative -mx-px my-[-0.2rem] rounded px-px py-[0.2rem] transition-colors duration-100 ease-in-out\">\u2022 Dr\u0117kina ir suteikia elastingumo, kovodamas su laisvaisiais radikalais\u202f<\/span><\/p>\n<p data-start=\"673\" data-end=\"690\"><strong data-start=\"673\" data-end=\"688\">Naudojimas:<\/strong><\/p>\n<ol data-start=\"691\" data-end=\"1077\">\n<li data-start=\"691\" data-end=\"775\">\n<p data-start=\"694\" data-end=\"775\"><span class=\"relative -mx-px my-[-0.2rem] rounded px-px py-[0.2rem] transition-colors duration-100 ease-in-out\">Naudokite vakare, kasdien 4 savaites (po 7\u202fml buteliuk\u0105 kas savait\u0119)<\/span><\/p>\n<\/li>\n<li data-start=\"776\" data-end=\"820\">\n<p data-start=\"779\" data-end=\"820\"><span class=\"relative -mx-px my-[-0.2rem] rounded px-px py-[0.2rem] transition-colors duration-100 ease-in-out\">Nuimkite apsaugin\u012f kam\u0161tel\u012f ir u\u017ed\u0117kite kapsul\u0119 su vit.\u202fC.<\/span><\/p>\n<\/li>\n<li data-start=\"821\" data-end=\"865\">\n<p data-start=\"824\" data-end=\"865\"><span class=\"relative -mx-px my-[-0.2rem] rounded px-px py-[0.2rem] transition-colors duration-100 ease-in-out\">Paspauskite buteliuko vir\u0161\u0173, kad kapsul\u0117 i\u0161sprogt\u0173.<\/span><\/p>\n<\/li>\n<li data-start=\"866\" data-end=\"949\">\n<p data-start=\"869\" data-end=\"949\"><span class=\"relative -mx-px my-[-0.2rem] rounded px-px py-[0.2rem] transition-colors duration-100 ease-in-out\">Laikykite 1\u20132\u202fmin. nustatytai, \u0161okin\u0117kite; po to suplakite 1\u20132\u202fmin. ir palikite stov\u0117ti dar 2\u202fmin.\u202f<\/span><\/p>\n<\/li>\n<li data-start=\"950\" data-end=\"994\">\n<p data-start=\"953\" data-end=\"994\"><span class=\"relative -mx-px my-[-0.2rem] rounded px-px py-[0.2rem] transition-colors duration-100 ease-in-out\">U\u017ela\u0161inkite 3\u20134 la\u0161us ant \u0161varios, sausos odos ir \u0161velniai \u012fmasa\u017euokite.<\/span><\/p>\n<\/li>\n<li data-start=\"995\" data-end=\"1077\">\n<p data-start=\"998\" data-end=\"1077\"><span class=\"relative -mx-px my-[-0.2rem] rounded px-px py-[0.2rem] transition-colors duration-100 ease-in-out\">Po 4 savai\u010di\u0173 \u2013 rekomenduojama pakartoti kurs\u0105 kas 4 m\u0117nesius\u202f<\/span>.<\/p>\n<\/li>\n<\/ol>\n<p data-start=\"1079\" data-end=\"1105\"><strong data-start=\"1079\" data-end=\"1103\">Atsargumo priemon\u0117s:<\/strong><\/p>\n<ul data-start=\"1106\" data-end=\"1323\">\n<li data-start=\"1106\" data-end=\"1149\">\n<p data-start=\"1108\" data-end=\"1149\"><span class=\"relative -mx-px my-[-0.2rem] rounded px-px py-[0.2rem] transition-colors duration-100 ease-in-out\">Tik i\u0161oriniam naudojimui.<\/span><\/p>\n<\/li>\n<li data-start=\"1150\" data-end=\"1193\">\n<p data-start=\"1152\" data-end=\"1193\"><span class=\"relative -mx-px my-[-0.2rem] rounded px-px py-[0.2rem] transition-colors duration-100 ease-in-out\">Prie\u0161 naudojim\u0105 rekomenduojamas odos testas.<\/span><\/p>\n<\/li>\n<li data-start=\"1194\" data-end=\"1237\">\n<p data-start=\"1196\" data-end=\"1237\"><span class=\"relative -mx-px my-[-0.2rem] rounded px-px py-[0.2rem] transition-colors duration-100 ease-in-out\">Venkite kontakto su akimis \u2013 patekus, plaukite gausiai vandeniu.<\/span><\/p>\n<\/li>\n<li data-start=\"1238\" data-end=\"1281\">\n<p data-start=\"1240\" data-end=\"1281\"><span class=\"relative -mx-px my-[-0.2rem] rounded px-px py-[0.2rem] transition-colors duration-100 ease-in-out\">Naudojimo dien\u0105 ir po \u2013 b\u016btina naudoti SPF apsaug\u0105 nuo saul\u0117s.<\/span><\/p>\n<\/li>\n<li data-start=\"1282\" data-end=\"1323\">\n<p data-start=\"1284\" data-end=\"1323\"><span class=\"relative -mx-px my-[-0.2rem] rounded px-px py-[0.2rem] transition-colors duration-100 ease-in-out\">Nevartoti ant pa\u017eeistos ar ypa\u010d jautrios odos.<\/span><\/p>\n<\/li>\n<\/ul>\n<p data-start=\"1325\" data-end=\"1387\"><strong data-start=\"1325\" data-end=\"1345\">Laikymo s\u0105lygos:<\/strong><br data-start=\"1345\" data-end=\"1348\" \/><span class=\"relative -mx-px my-[-0.2rem] rounded px-px py-[0.2rem] transition-colors duration-100 ease-in-out\">Laikyti kambario temperat\u016broje (15\u201325\u202f\u00b0C), toliau nuo tiesiogini\u0173 saul\u0117s spinduli\u0173.<\/span><\/p>\n","protected":false},"excerpt":{"rendered":"<p>\u0161viesinantis ir atnaujinantis komplektas<\/p>","protected":false},"featured_media":10205,"comment_status":"open","ping_status":"closed","template":"","meta":[],"product_cat":[187,107],"product_tag":[],"class_list":{"0":"post-10204","1":"product","2":"type-product","3":"status-publish","4":"has-post-thumbnail","6":"product_cat-ampules","7":"product_cat-serumai","8":"pa_brands-mesoestetic","9":"pa_talpa-4-x-55ml","11":"first","12":"instock","13":"taxable","14":"shipping-taxable","15":"purchasable","16":"product-type-simple"},"_links":{"self":[{"href":"https:\/\/miamedic.lt\/en\/wp-json\/wp\/v2\/product\/10204","targetHints":{"allow":["GET"]}}],"collection":[{"href":"https:\/\/miamedic.lt\/en\/wp-json\/wp\/v2\/product"}],"about":[{"href":"https:\/\/miamedic.lt\/en\/wp-json\/wp\/v2\/types\/product"}],"replies":[{"embeddable":true,"href":"https:\/\/miamedic.lt\/en\/wp-json\/wp\/v2\/comments?post=10204"}],"version-history":[{"count":3,"href":"https:\/\/miamedic.lt\/en\/wp-json\/wp\/v2\/product\/10204\/revisions"}],"predecessor-version":[{"id":12394,"href":"https:\/\/miamedic.lt\/en\/wp-json\/wp\/v2\/product\/10204\/revisions\/12394"}],"wp:featuredmedia":[{"embeddable":true,"href":"https:\/\/miamedic.lt\/en\/wp-json\/wp\/v2\/media\/10205"}],"wp:attachment":[{"href":"https:\/\/miamedic.lt\/en\/wp-json\/wp\/v2\/media?parent=10204"}],"wp:term":[{"taxonomy":"product_cat","embeddable":true,"href":"https:\/\/miamedic.lt\/en\/wp-json\/wp\/v2\/product_cat?post=10204"},{"taxonomy":"product_tag","embeddable":true,"href":"https:\/\/miamedic.lt\/en\/wp-json\/wp\/v2\/product_tag?post=10204"}],"curies":[{"name":"wp","href":"https:\/\/api.w.org\/{rel}","templated":true}]}}