{"id":10199,"date":"2025-07-07T08:30:50","date_gmt":"2025-07-07T08:30:50","guid":{"rendered":"https:\/\/miamedic.lt\/?post_type=product&#038;p=10199"},"modified":"2025-12-01T00:29:09","modified_gmt":"2025-12-01T00:29:09","slug":"age-element-brightening-concentrate","status":"publish","type":"product","link":"https:\/\/miamedic.lt\/en\/shop\/age-element-brightening-concentrate\/","title":{"rendered":"age element brightening concentrate"},"content":{"rendered":"<p><strong>Mesoestetic Age Alement Brightening Concentrate<\/strong><\/p>\n<p>\u0160is koncentruotas serumas su galingu antioksidant\u0173 ir \u0161viesinan\u010di\u0173 veikli\u0173j\u0173 med\u017eiag\u0173 deriniu ma\u017eina tamsias d\u0117mes ir netobulumus, apsaugo od\u0105 nuo sen\u0117jimo ir suteikia veidui sveiko \u0161vyt\u0117jimo.<\/p>\n<p><strong>Privalumai:<\/strong><\/p>\n<ul>\n<li>I\u0161lygina odos atspalv\u012f<\/li>\n<li>Padidina odos \u0161vyt\u0117jim\u0105<\/li>\n<li>Ma\u017eina pigmentines d\u0117mes ir netobulumus<\/li>\n<\/ul>\n<p><strong>Pagrindin\u0117s veikliosios med\u017eiagos:<\/strong><\/p>\n<ul>\n<li><strong>Biotechnologinis j\u016bros ekstraktas<\/strong>, <strong>niacinamidas<\/strong> ir <strong>vitaminas C<\/strong>: veikia kartu, kad suma\u017eint\u0173 melanino kaupim\u0105si ir stiprint\u0173 odos barjer\u0105.<\/li>\n<li><strong>Acetyl Tetrapeptide-2<\/strong>: skaistina od\u0105 ir tolygina jos ton\u0105.<\/li>\n<li><strong>Ferulo r\u016bg\u0161tis<\/strong>: padeda apsaugoti nuo oksidacinio streso.<\/li>\n<\/ul>\n<p><strong>Usage:<\/strong><\/p>\n<p>Tepkite ant veido, kaklo ir dekolt\u0117 srities <strong>ryte ir vakare<\/strong>, prie\u0161 naudojant krem\u0105.<\/p>","protected":false},"excerpt":{"rendered":"<p>Koncentruotas serumas su galingu antioksidant\u0173 ir \u0161viesinan\u010di\u0173 veikli\u0173j\u0173 med\u017eiag\u0173 deriniu<\/p>","protected":false},"featured_media":10201,"comment_status":"open","ping_status":"closed","template":"","meta":[],"product_cat":[107],"product_tag":[],"class_list":{"0":"post-10199","1":"product","2":"type-product","3":"status-publish","4":"has-post-thumbnail","6":"product_cat-serumai","7":"pa_brands-mesoestetic","8":"pa_talpa-30ml-2","10":"first","11":"instock","12":"taxable","13":"shipping-taxable","14":"purchasable","15":"product-type-simple"},"_links":{"self":[{"href":"https:\/\/miamedic.lt\/en\/wp-json\/wp\/v2\/product\/10199","targetHints":{"allow":["GET"]}}],"collection":[{"href":"https:\/\/miamedic.lt\/en\/wp-json\/wp\/v2\/product"}],"about":[{"href":"https:\/\/miamedic.lt\/en\/wp-json\/wp\/v2\/types\/product"}],"replies":[{"embeddable":true,"href":"https:\/\/miamedic.lt\/en\/wp-json\/wp\/v2\/comments?post=10199"}],"version-history":[{"count":1,"href":"https:\/\/miamedic.lt\/en\/wp-json\/wp\/v2\/product\/10199\/revisions"}],"predecessor-version":[{"id":10202,"href":"https:\/\/miamedic.lt\/en\/wp-json\/wp\/v2\/product\/10199\/revisions\/10202"}],"wp:featuredmedia":[{"embeddable":true,"href":"https:\/\/miamedic.lt\/en\/wp-json\/wp\/v2\/media\/10201"}],"wp:attachment":[{"href":"https:\/\/miamedic.lt\/en\/wp-json\/wp\/v2\/media?parent=10199"}],"wp:term":[{"taxonomy":"product_cat","embeddable":true,"href":"https:\/\/miamedic.lt\/en\/wp-json\/wp\/v2\/product_cat?post=10199"},{"taxonomy":"product_tag","embeddable":true,"href":"https:\/\/miamedic.lt\/en\/wp-json\/wp\/v2\/product_tag?post=10199"}],"curies":[{"name":"wp","href":"https:\/\/api.w.org\/{rel}","templated":true}]}}