{"id":10196,"date":"2025-07-07T08:23:54","date_gmt":"2025-07-07T08:23:54","guid":{"rendered":"https:\/\/miamedic.lt\/?post_type=product&#038;p=10196"},"modified":"2025-12-01T00:29:09","modified_gmt":"2025-12-01T00:29:09","slug":"age-element-brightening-cream","status":"publish","type":"product","link":"https:\/\/miamedic.lt\/en\/shop\/age-element-brightening-cream\/","title":{"rendered":"age element brightening cream"},"content":{"rendered":"<p><strong>Mesoestetic Age Element Brightening Cream<\/strong><\/p>\n<p>\u0160viesinantis ir nuo pigmentacijos apsaugantis veido kremas su daugialypiu antioksidaciniu poveikiu, kuris atgaivina od\u0105 ir suvienodina jos atspalv\u012f. Formul\u0117je esantis biotechnologinis j\u016bros ekstraktas ir niacinamidas veikia sinergi\u0161kai su stabilizuotu vitaminu C \u2013 suma\u017eina melanino kaupim\u0105si, suteikia odai \u0161vyt\u0117jimo ir tolyg\u0173 ton\u0105.<\/p>\n<p>Lengvos, greitai \u012fsigerian\u010dios gelin\u0117s-kremin\u0117s tekst\u016bros priemon\u0117, idealiai tinkanti pirmiesiems odos sen\u0117jimo po\u017eymiams.<\/p>\n<p><strong>Talpa:<\/strong> 50 ml stiklinis buteliukas<\/p>\n<p><strong>Usage:<\/strong><\/p>\n<ul>\n<li>Naudokite <strong>du kartus per dien\u0105 \u2013 ryte ir vakare<\/strong>.<\/li>\n<li>Tepkite ant \u0161varios, sausos odos.<\/li>\n<li>Tolygiai paskirstykite per vis\u0105 veid\u0105, \u0161velniai masa\u017euodami, kol visi\u0161kai susigers.<\/li>\n<li>Nor\u0117dami visapusi\u0161kai apsisaugoti nuo fotosen\u0117jimo, naudokite auk\u0161tos arba labai auk\u0161tos apsaugos nuo saul\u0117s priemones.<\/li>\n<\/ul>","protected":false},"excerpt":{"rendered":"<p>\u0160viesinantis ir nuo pigmentacijos apsaugantis veido kremas<\/p>","protected":false},"featured_media":10197,"comment_status":"open","ping_status":"closed","template":"","meta":[],"product_cat":[129],"product_tag":[],"class_list":{"0":"post-10196","1":"product","2":"type-product","3":"status-publish","4":"has-post-thumbnail","6":"product_cat-veido-kremai","7":"pa_brands-mesoestetic","8":"pa_talpa-50ml-2","10":"first","11":"instock","12":"taxable","13":"shipping-taxable","14":"purchasable","15":"product-type-simple"},"_links":{"self":[{"href":"https:\/\/miamedic.lt\/en\/wp-json\/wp\/v2\/product\/10196","targetHints":{"allow":["GET"]}}],"collection":[{"href":"https:\/\/miamedic.lt\/en\/wp-json\/wp\/v2\/product"}],"about":[{"href":"https:\/\/miamedic.lt\/en\/wp-json\/wp\/v2\/types\/product"}],"replies":[{"embeddable":true,"href":"https:\/\/miamedic.lt\/en\/wp-json\/wp\/v2\/comments?post=10196"}],"version-history":[{"count":1,"href":"https:\/\/miamedic.lt\/en\/wp-json\/wp\/v2\/product\/10196\/revisions"}],"predecessor-version":[{"id":10198,"href":"https:\/\/miamedic.lt\/en\/wp-json\/wp\/v2\/product\/10196\/revisions\/10198"}],"wp:featuredmedia":[{"embeddable":true,"href":"https:\/\/miamedic.lt\/en\/wp-json\/wp\/v2\/media\/10197"}],"wp:attachment":[{"href":"https:\/\/miamedic.lt\/en\/wp-json\/wp\/v2\/media?parent=10196"}],"wp:term":[{"taxonomy":"product_cat","embeddable":true,"href":"https:\/\/miamedic.lt\/en\/wp-json\/wp\/v2\/product_cat?post=10196"},{"taxonomy":"product_tag","embeddable":true,"href":"https:\/\/miamedic.lt\/en\/wp-json\/wp\/v2\/product_tag?post=10196"}],"curies":[{"name":"wp","href":"https:\/\/api.w.org\/{rel}","templated":true}]}}