{"id":10189,"date":"2025-07-04T11:14:04","date_gmt":"2025-07-04T11:14:04","guid":{"rendered":"https:\/\/miamedic.lt\/?post_type=product&#038;p=10189"},"modified":"2026-03-02T10:52:43","modified_gmt":"2026-03-02T10:52:43","slug":"active-peel-brightening-system","status":"publish","type":"product","link":"https:\/\/miamedic.lt\/en\/shop\/active-peel-brightening-system\/","title":{"rendered":"Extra Strength Active Peel Brightening System"},"content":{"rendered":"<p data-start=\"44\" data-end=\"156\"><strong data-start=\"44\" data-end=\"90\">iS Clinical Active Peel Brightening System<\/strong> \u2013 profesionalus dviej\u0173 \u017eingsni\u0173 \u0161viesinantis veido pilingas naudojimui namuose<\/p>\n<p data-start=\"158\" data-end=\"233\"><span class=\"relative -mx-px my-[-0.2rem] rounded px-px py-[0.2rem] transition-colors duration-100 ease-in-out\">\u0160i pa\u017eangi \u201cpro-grade\u201d sistema susideda i\u0161 dviej\u0173 specialiai suderint\u0173 servet\u0117li\u0173 \u2013 vienas eksfolijuoja, kitas dr\u0117kina ir neutralizuoja. Ji efektyviai \u0161alina negyvas l\u0105steles, ry\u0161kina odos ton\u0105 ir suteikia intensyvaus dr\u0117kinimo, tod\u0117l oda b\u016bna glotni, spindinti ir atgijusi. Klinikiniai vertinimai rodo ry\u0161k\u0173 odos spalvos pager\u0117jim\u0105 ir tekst\u016bros atnaujinim\u0105.<\/span><br data-start=\"250\" data-end=\"253\" \/><span class=\"relative -mx-px my-[-0.2rem] rounded px-px py-[0.2rem] transition-colors duration-100 ease-in-out\">Tinka vis\u0173 tip\u0173 odai, ypa\u010d pigmentuotai, senstan\u010diai, taurel\u0117ms poroms ir odos tekst\u016bros problemoms\u202f<\/span>.<\/p>\n<p data-start=\"330\" data-end=\"345\"><strong data-start=\"330\" data-end=\"343\">Poveikis:<\/strong><\/p>\n<ul data-start=\"346\" data-end=\"665\">\n<li data-start=\"346\" data-end=\"424\">\n<p data-start=\"348\" data-end=\"424\"><span class=\"relative -mx-px my-[-0.2rem] rounded px-px py-[0.2rem] transition-colors duration-100 ease-in-out\">I\u0161kart \u0161viesina ir atgaivina od\u0105, suteikia glotnumo ir skaistumo\u202f<\/span><\/p>\n<\/li>\n<li data-start=\"425\" data-end=\"503\">\n<p data-start=\"427\" data-end=\"503\"><span class=\"relative -mx-px my-[-0.2rem] rounded px-px py-[0.2rem] transition-colors duration-100 ease-in-out\">Suma\u017eina smulkias rauk\u0161leles, pagerina odos ton\u0105 ir tekst\u016br\u0105\u202f<\/span><\/p>\n<\/li>\n<li data-start=\"504\" data-end=\"584\">\n<p data-start=\"506\" data-end=\"584\"><span class=\"relative -mx-px my-[-0.2rem] rounded px-px py-[0.2rem] transition-colors duration-100 ease-in-out\">Ma\u017eina por\u0173 matomum\u0105 ir riebal\u0173 pertekli\u0173\u202f<\/span><\/p>\n<\/li>\n<li data-start=\"585\" data-end=\"665\">\n<p data-start=\"587\" data-end=\"665\"><span class=\"relative -mx-px my-[-0.2rem] rounded px-px py-[0.2rem] transition-colors duration-100 ease-in-out\">Stiprina odos barjer\u0105 ir suteikia ilgalaik\u012f dr\u0117kinimo efekt\u0105\u202f<\/span><\/p>\n<\/li>\n<\/ul>\n<p data-start=\"667\" data-end=\"684\"><strong data-start=\"667\" data-end=\"682\">Naudojimas:<\/strong><\/p>\n<ol data-start=\"685\" data-end=\"947\">\n<li data-start=\"685\" data-end=\"729\">\n<p data-start=\"688\" data-end=\"729\"><span class=\"relative -mx-px my-[-0.2rem] rounded px-px py-[0.2rem] transition-colors duration-100 ease-in-out\">Naudokite 3\u20134 kartus per savait\u0119, geriausiai vakare.<\/span><\/p>\n<\/li>\n<li data-start=\"730\" data-end=\"774\">\n<p data-start=\"733\" data-end=\"774\"><span class=\"relative -mx-px my-[-0.2rem] rounded px-px py-[0.2rem] transition-colors duration-100 ease-in-out\">Ant \u0161varios, sausos odos u\u017ed\u0117kite <strong data-start=\"34\" data-end=\"48\">1 \u017eingsnio<\/strong> servet\u0117l\u0119 \u2013 3 min.<\/span><\/p>\n<\/li>\n<li data-start=\"775\" data-end=\"819\">\n<p data-start=\"778\" data-end=\"819\"><span class=\"relative -mx-px my-[-0.2rem] rounded px-px py-[0.2rem] transition-colors duration-100 ease-in-out\">Tolesniame \u017eingsnyje naudokite <strong data-start=\"31\" data-end=\"45\">2 \u017eingsnio<\/strong> servet\u0117l\u0119 \u2013 leid\u017eiant absorbuotis.<\/span><\/p>\n<\/li>\n<li data-start=\"820\" data-end=\"904\">\n<p data-start=\"823\" data-end=\"904\"><span class=\"relative -mx-px my-[-0.2rem] rounded px-px py-[0.2rem] transition-colors duration-100 ease-in-out\">Po proced\u016bros rekomenduojama naudoti SPF nuo saul\u0117s\u202f<\/span>.<\/p>\n<\/li>\n<li data-start=\"905\" data-end=\"947\">\n<p data-start=\"908\" data-end=\"947\"><span class=\"relative -mx-px my-[-0.2rem] rounded px-px py-[0.2rem] transition-colors duration-100 ease-in-out\">Nerinkite aki\u0173 srities.<\/span><\/p>\n<\/li>\n<\/ol>\n<p data-start=\"949\" data-end=\"975\"><strong data-start=\"949\" data-end=\"973\">Atsargumo priemon\u0117s:<\/strong><\/p>\n<ul data-start=\"976\" data-end=\"1149\">\n<li data-start=\"976\" data-end=\"1019\">\n<p data-start=\"978\" data-end=\"1019\"><span class=\"relative -mx-px my-[-0.2rem] rounded px-px py-[0.2rem] transition-colors duration-100 ease-in-out\">Testuokite ant ma\u017eo odos ploto, jei yra jautrumas.<\/span><\/p>\n<\/li>\n<li data-start=\"1020\" data-end=\"1063\">\n<p data-start=\"1022\" data-end=\"1063\"><span class=\"relative -mx-px my-[-0.2rem] rounded px-px py-[0.2rem] transition-colors duration-100 ease-in-out\">Venkite kontakto su akimis; patekus \u2013 i\u0161plaukite.<\/span><\/p>\n<\/li>\n<li data-start=\"1064\" data-end=\"1107\">\n<p data-start=\"1066\" data-end=\"1107\"><span class=\"relative -mx-px my-[-0.2rem] rounded px-px py-[0.2rem] transition-colors duration-100 ease-in-out\">Venkite per intensyvaus vartojimo \u2013 pakanka 3\u20134 kart\u0173 per savait\u0119.<\/span><\/p>\n<\/li>\n<li data-start=\"1108\" data-end=\"1149\">\n<p data-start=\"1110\" data-end=\"1149\"><span class=\"relative -mx-px my-[-0.2rem] rounded px-px py-[0.2rem] transition-colors duration-100 ease-in-out\">B\u016btina SPF apsauga proced\u016bros dien\u0105 ir po jos.<\/span><\/p>\n<\/li>\n<\/ul>\n<p data-start=\"1151\" data-end=\"1173\"><strong data-start=\"1151\" data-end=\"1171\">Laikymo s\u0105lygos:<\/strong><\/p>\n<ul data-start=\"1174\" data-end=\"1259\">\n<li data-start=\"1174\" data-end=\"1217\">\n<p data-start=\"1176\" data-end=\"1217\"><span class=\"relative -mx-px my-[-0.2rem] rounded px-px py-[0.2rem] transition-colors duration-100 ease-in-out\">Laikyti sausoje, kambario temperat\u016broje (15\u201325\u202f\u00b0C).<\/span><\/p>\n<\/li>\n<li data-start=\"1218\" data-end=\"1259\">\n<p data-start=\"1220\" data-end=\"1259\"><span class=\"relative -mx-px my-[-0.2rem] rounded px-px py-[0.2rem] transition-colors duration-100 ease-in-out\">Laikyti atokiau nuo tiesiogini\u0173 saul\u0117s spinduli\u0173.=<\/span><\/p>\n<\/li>\n<\/ul>\n","protected":false},"excerpt":{"rendered":"<p>Profesionalus dviej\u0173 \u017eingsni\u0173 \u0161viesinantis veido pilingas<\/p>","protected":false},"featured_media":10190,"comment_status":"open","ping_status":"closed","template":"","meta":[],"product_cat":[448,417,110],"product_tag":[],"class_list":{"0":"post-10189","1":"product","2":"type-product","3":"status-publish","4":"has-post-thumbnail","6":"product_cat-is-clinical-ir-circadia","7":"product_cat-is-clinical-ir-valmont","8":"product_cat-sveitikliai","9":"pa_brands-is-clinical","10":"pa_talpa-1-vnt","12":"first","13":"instock","14":"taxable","15":"shipping-taxable","16":"purchasable","17":"product-type-simple"},"_links":{"self":[{"href":"https:\/\/miamedic.lt\/en\/wp-json\/wp\/v2\/product\/10189","targetHints":{"allow":["GET"]}}],"collection":[{"href":"https:\/\/miamedic.lt\/en\/wp-json\/wp\/v2\/product"}],"about":[{"href":"https:\/\/miamedic.lt\/en\/wp-json\/wp\/v2\/types\/product"}],"replies":[{"embeddable":true,"href":"https:\/\/miamedic.lt\/en\/wp-json\/wp\/v2\/comments?post=10189"}],"version-history":[{"count":4,"href":"https:\/\/miamedic.lt\/en\/wp-json\/wp\/v2\/product\/10189\/revisions"}],"predecessor-version":[{"id":10934,"href":"https:\/\/miamedic.lt\/en\/wp-json\/wp\/v2\/product\/10189\/revisions\/10934"}],"wp:featuredmedia":[{"embeddable":true,"href":"https:\/\/miamedic.lt\/en\/wp-json\/wp\/v2\/media\/10190"}],"wp:attachment":[{"href":"https:\/\/miamedic.lt\/en\/wp-json\/wp\/v2\/media?parent=10189"}],"wp:term":[{"taxonomy":"product_cat","embeddable":true,"href":"https:\/\/miamedic.lt\/en\/wp-json\/wp\/v2\/product_cat?post=10189"},{"taxonomy":"product_tag","embeddable":true,"href":"https:\/\/miamedic.lt\/en\/wp-json\/wp\/v2\/product_tag?post=10189"}],"curies":[{"name":"wp","href":"https:\/\/api.w.org\/{rel}","templated":true}]}}