{"id":10167,"date":"2025-07-04T10:48:35","date_gmt":"2025-07-04T10:48:35","guid":{"rendered":"https:\/\/miamedic.lt\/?post_type=product&#038;p=10167"},"modified":"2026-03-02T10:59:59","modified_gmt":"2026-03-02T10:59:59","slug":"lip-renewing-hydrator","status":"publish","type":"product","link":"https:\/\/miamedic.lt\/en\/shop\/lip-renewing-hydrator\/","title":{"rendered":"Lip Renewing Hydrator"},"content":{"rendered":"<p data-start=\"44\" data-end=\"123\"><strong data-start=\"44\" data-end=\"78\">Circadia Lip Renewing Hydrator<\/strong> \u2013 dr\u0117kinantis ir stangrinantis l\u016bp\u0173 balzamas<\/p>\n<p data-start=\"125\" data-end=\"200\"><span class=\"relative -mx-px my-[-0.2rem] rounded px-px py-[0.2rem] transition-colors duration-100 ease-in-out\">Nat\u016bralios konsistencijos balzamas, kuris <strong data-start=\"42\" data-end=\"93\">stangrina, putlina ir intensyviai dr\u0117kina l\u016bpas<\/strong>. Formul\u0117 sujungia kolagen\u0105 skatinan\u010dius peptidus, hialurono mikrosferas ir antioksidantais praturtint\u0105 spanguoli\u0173 s\u0117kl\u0173 aliej\u0173, tod\u0117l l\u016bpos tampa mink\u0161tesn\u0117s, elasti\u0161kesn\u0117s ir su subtiliu blizgesiu.<\/span><\/p>\n<p data-start=\"202\" data-end=\"294\"><strong data-start=\"202\" data-end=\"217\">Odos tipas:<\/strong><br data-start=\"217\" data-end=\"220\" \/><span class=\"relative -mx-px my-[-0.2rem] rounded px-px py-[0.2rem] transition-colors duration-100 ease-in-out\">Tinka vis\u0173 tip\u0173 l\u016bp\u0173 odai\u202f<\/span><\/p>\n<p data-start=\"296\" data-end=\"623\"><strong data-start=\"296\" data-end=\"309\">Poveikis:<\/strong><br data-start=\"309\" data-end=\"312\" \/><span class=\"relative -mx-px my-[-0.2rem] rounded px-px py-[0.2rem] transition-colors duration-100 ease-in-out\">\u2022 Akimirksniu suteikia pilnesni\u0173, <strong data-start=\"34\" data-end=\"49\">putli\u0173 l\u016bp\u0173<\/strong> (\u201eplumping\u201c) poveik\u012f.<\/span><br data-start=\"386\" data-end=\"389\" \/><span class=\"relative -mx-px my-[-0.2rem] rounded px-px py-[0.2rem] transition-colors duration-100 ease-in-out\">\u2022 Skatina <strong data-start=\"10\" data-end=\"38\">stangrum\u0105 ir elastingum\u0105<\/strong> d\u00edky trij\u0173 veikimo sri\u010di\u0173 efektui.<\/span><br data-start=\"463\" data-end=\"466\" \/><span class=\"relative -mx-px my-[-0.2rem] rounded px-px py-[0.2rem] transition-colors duration-100 ease-in-out\">\u2022 Giliai <strong data-start=\"9\" data-end=\"31\">dr\u0117kina ir apsaugo<\/strong> nuo oksidacinio streso.<\/span><br data-start=\"542\" data-end=\"545\" \/><span class=\"relative -mx-px my-[-0.2rem] rounded px-px py-[0.2rem] transition-colors duration-100 ease-in-out\">\u2022 Palieka l\u016bpas <strong data-start=\"16\" data-end=\"42\">nat\u016braliai blizgan\u010dias<\/strong> ir mink\u0161tas.<\/span><\/p>\n<p data-start=\"625\" data-end=\"763\"><strong data-start=\"625\" data-end=\"640\">Naudojimas:<\/strong><br data-start=\"640\" data-end=\"643\" \/><span class=\"relative -mx-px my-[-0.2rem] rounded px-px py-[0.2rem] transition-colors duration-100 ease-in-out\">\u2022 Naudoti tiek ryte, tiek vakare, pagal poreik\u012f<\/span><br data-start=\"721\" data-end=\"724\" \/><span class=\"relative -mx-px my-[-0.2rem] rounded px-px py-[0.2rem] transition-colors duration-100 ease-in-out\">\u2022 U\u017ed\u0117ti plon\u0105 sluoksn\u012f tiesiai ant l\u016bp\u0173 \u2013 dr\u0117kina akimirksniu ir ilgalaikiai<\/span><\/p>\n<p data-start=\"765\" data-end=\"957\"><strong data-start=\"765\" data-end=\"789\">Atsargumo priemon\u0117s:<\/strong><br data-start=\"789\" data-end=\"792\" \/><span class=\"relative -mx-px my-[-0.2rem] rounded px-px py-[0.2rem] transition-colors duration-100 ease-in-out\">\u2022 Tik i\u0161oriniam naudojimui<\/span><br data-start=\"831\" data-end=\"834\" \/><span class=\"relative -mx-px my-[-0.2rem] rounded px-px py-[0.2rem] transition-colors duration-100 ease-in-out\">\u2022 Venkite kontakto su akimis<\/span><br data-start=\"873\" data-end=\"876\" \/><span class=\"relative -mx-px my-[-0.2rem] rounded px-px py-[0.2rem] transition-colors duration-100 ease-in-out\">\u2022 Jeigu atsiranda dirginimas, naudoti re\u010diau ar nutraukti<\/span><br data-start=\"915\" data-end=\"918\" \/><span class=\"relative -mx-px my-[-0.2rem] rounded px-px py-[0.2rem] transition-colors duration-100 ease-in-out\">\u2022 Laikyti vaikams nepasiekiamoje vietoje<\/span><\/p>\n<p data-start=\"959\" data-end=\"1021\"><strong data-start=\"959\" data-end=\"979\">Laikymo s\u0105lygos:<\/strong><br data-start=\"979\" data-end=\"982\" \/><span class=\"relative -mx-px my-[-0.2rem] rounded px-px py-[0.2rem] transition-colors duration-100 ease-in-out\">\u2022 Laikyti kambario temperat\u016broje, atokiau nuo tiesiogini\u0173 saul\u0117s spinduli\u0173<\/span><\/p>\n","protected":false},"excerpt":{"rendered":"<p>Dr\u0117kinantis ir stangrinantis l\u016bp\u0173 balzamas<\/p>","protected":false},"featured_media":10168,"comment_status":"open","ping_status":"closed","template":"","meta":[],"product_cat":[448,239],"product_tag":[],"class_list":{"0":"post-10167","1":"product","2":"type-product","3":"status-publish","4":"has-post-thumbnail","6":"product_cat-is-clinical-ir-circadia","7":"product_cat-lupu-balzamai","8":"pa_brands-circadia","9":"pa_talpa-12ml","11":"first","12":"instock","13":"taxable","14":"shipping-taxable","15":"purchasable","16":"product-type-variable"},"_links":{"self":[{"href":"https:\/\/miamedic.lt\/en\/wp-json\/wp\/v2\/product\/10167","targetHints":{"allow":["GET"]}}],"collection":[{"href":"https:\/\/miamedic.lt\/en\/wp-json\/wp\/v2\/product"}],"about":[{"href":"https:\/\/miamedic.lt\/en\/wp-json\/wp\/v2\/types\/product"}],"replies":[{"embeddable":true,"href":"https:\/\/miamedic.lt\/en\/wp-json\/wp\/v2\/comments?post=10167"}],"version-history":[{"count":2,"href":"https:\/\/miamedic.lt\/en\/wp-json\/wp\/v2\/product\/10167\/revisions"}],"predecessor-version":[{"id":10192,"href":"https:\/\/miamedic.lt\/en\/wp-json\/wp\/v2\/product\/10167\/revisions\/10192"}],"wp:featuredmedia":[{"embeddable":true,"href":"https:\/\/miamedic.lt\/en\/wp-json\/wp\/v2\/media\/10168"}],"wp:attachment":[{"href":"https:\/\/miamedic.lt\/en\/wp-json\/wp\/v2\/media?parent=10167"}],"wp:term":[{"taxonomy":"product_cat","embeddable":true,"href":"https:\/\/miamedic.lt\/en\/wp-json\/wp\/v2\/product_cat?post=10167"},{"taxonomy":"product_tag","embeddable":true,"href":"https:\/\/miamedic.lt\/en\/wp-json\/wp\/v2\/product_tag?post=10167"}],"curies":[{"name":"wp","href":"https:\/\/api.w.org\/{rel}","templated":true}]}}