{"id":10054,"date":"2025-07-03T08:49:14","date_gmt":"2025-07-03T08:49:14","guid":{"rendered":"https:\/\/miamedic.lt\/?post_type=product&#038;p=10054"},"modified":"2026-01-15T10:13:37","modified_gmt":"2026-01-15T10:13:37","slug":"v-firm-eye","status":"publish","type":"product","link":"https:\/\/miamedic.lt\/en\/shop\/v-firm-eye\/","title":{"rendered":"V-Firm Eye"},"content":{"rendered":"<p data-start=\"116\" data-end=\"211\"><strong data-start=\"116\" data-end=\"138\">Valmont V\u2011Firm Eye<\/strong> \u2013 stangrumo ir pak\u0117limo suteikiantis paaki\u0173 kremas lengvos tekst\u016bros<\/p>\n<p data-start=\"213\" data-end=\"505\">Valmont V\u2011Firm Eye \u2013 tai specialiai sukurtas kremas paaki\u0173 zonai, kuri skatina odos stangrum\u0105, gerina mikroreljef\u0105 ir suteikia \u0161vyt\u0117jimo. Lengvos, bet veiksmingos formul\u0117s d\u0117ka jis tinka ir jautriai, brand\u017eiai ar paburkusiai paaki\u0173 odai, suteikdamas gaivos poj\u016bt\u012f ir matomai atjaunindamas \u017evilgsn\u012f.<\/p>\n<p data-start=\"507\" data-end=\"622\"><strong data-start=\"507\" data-end=\"522\">Odos tipas:<\/strong><br data-start=\"522\" data-end=\"525\" \/>Tinka vis\u0173 tip\u0173 paaki\u0173 odai \u2013 ypa\u010d brand\u017eiai, stangrum\u0105 praradusiai ar patinimams linkusiai zonai<\/p>\n<p data-start=\"624\" data-end=\"809\"><strong data-start=\"624\" data-end=\"637\">Effect:<\/strong><br data-start=\"637\" data-end=\"640\" \/>\u2022 Pagerina odos elastingum\u0105 ir stangrum\u0105<br data-start=\"680\" data-end=\"683\" \/>\u2022 Suma\u017eina patinimus ir rauk\u0161leles aplink akis<br data-start=\"729\" data-end=\"732\" \/>\u2022 Gerina paaki\u0173 zonos mikrokont\u016br\u0105<br data-start=\"766\" data-end=\"769\" \/>\u2022 Suteikia gaiv\u0173, gyv\u0105, pakelt\u0105 \u017evilgsn\u012f<\/p>\n<p data-start=\"811\" data-end=\"828\"><strong data-start=\"811\" data-end=\"826\">Usage:<\/strong><\/p>\n<ul data-start=\"829\" data-end=\"1026\">\n<li data-start=\"829\" data-end=\"889\">\n<p data-start=\"831\" data-end=\"889\">Naudoti ryte ir (arba) vakare ant \u0161varios paaki\u0173 srities<\/p>\n<\/li>\n<li data-start=\"890\" data-end=\"983\">\n<p data-start=\"892\" data-end=\"983\">Nedidel\u012f kiek\u012f kremo \u012ftap\u0161noti lengvais judesiais \u2013 nuo vidinio aki\u0173 kampo link smilkini\u0173<\/p>\n<\/li>\n<li data-start=\"984\" data-end=\"1026\">\n<p data-start=\"986\" data-end=\"1026\">Nebrauti per arti blakstien\u0173 ar ant voko<\/p>\n<\/li>\n<\/ul>\n<p data-start=\"1028\" data-end=\"1216\"><strong data-start=\"1028\" data-end=\"1052\">Atsargumo priemon\u0117s:<\/strong><br data-start=\"1052\" data-end=\"1055\" \/>\u2022 Tik i\u0161oriniam naudojimui<br data-start=\"1081\" data-end=\"1084\" \/>\u2022 Venkite patekimo \u012f akis<br data-start=\"1109\" data-end=\"1112\" \/>\u2022 Jei atsiranda dirginimas, suma\u017einkite naudojimo da\u017enum\u0105 arba nutraukite priemon\u0119<br data-start=\"1194\" data-end=\"1197\" \/>\u2022 Saugoti nuo vaik\u0173<\/p>\n<p data-start=\"1218\" data-end=\"1329\"><strong data-start=\"1218\" data-end=\"1238\">Laikymo s\u0105lygos:<\/strong><br data-start=\"1238\" data-end=\"1241\" \/>\u2022 Laikyti kambario temperat\u016broje (15\u201325\u202f\u00b0C)<br data-start=\"1284\" data-end=\"1287\" \/>\u2022 Saugoti nuo tiesiogini\u0173 saul\u0117s spinduli\u0173<\/p>","protected":false},"excerpt":{"rendered":"<p>Stangrumo ir pak\u0117limo suteikiantis paaki\u0173 kremas lengvos tekst\u016bros<\/p>","protected":false},"featured_media":10055,"comment_status":"open","ping_status":"closed","template":"","meta":[],"product_cat":[417,83],"product_tag":[],"class_list":{"0":"post-10054","1":"product","2":"type-product","3":"status-publish","4":"has-post-thumbnail","6":"product_cat-is-clinical-ir-valmont","7":"product_cat-paakiu-kremai","8":"pa_brands-valmont","9":"pa_talpa-15ml","11":"first","12":"instock","13":"taxable","14":"shipping-taxable","15":"purchasable","16":"product-type-simple"},"_links":{"self":[{"href":"https:\/\/miamedic.lt\/en\/wp-json\/wp\/v2\/product\/10054","targetHints":{"allow":["GET"]}}],"collection":[{"href":"https:\/\/miamedic.lt\/en\/wp-json\/wp\/v2\/product"}],"about":[{"href":"https:\/\/miamedic.lt\/en\/wp-json\/wp\/v2\/types\/product"}],"replies":[{"embeddable":true,"href":"https:\/\/miamedic.lt\/en\/wp-json\/wp\/v2\/comments?post=10054"}],"version-history":[{"count":2,"href":"https:\/\/miamedic.lt\/en\/wp-json\/wp\/v2\/product\/10054\/revisions"}],"predecessor-version":[{"id":10089,"href":"https:\/\/miamedic.lt\/en\/wp-json\/wp\/v2\/product\/10054\/revisions\/10089"}],"wp:featuredmedia":[{"embeddable":true,"href":"https:\/\/miamedic.lt\/en\/wp-json\/wp\/v2\/media\/10055"}],"wp:attachment":[{"href":"https:\/\/miamedic.lt\/en\/wp-json\/wp\/v2\/media?parent=10054"}],"wp:term":[{"taxonomy":"product_cat","embeddable":true,"href":"https:\/\/miamedic.lt\/en\/wp-json\/wp\/v2\/product_cat?post=10054"},{"taxonomy":"product_tag","embeddable":true,"href":"https:\/\/miamedic.lt\/en\/wp-json\/wp\/v2\/product_tag?post=10054"}],"curies":[{"name":"wp","href":"https:\/\/api.w.org\/{rel}","templated":true}]}}