{"id":10048,"date":"2025-07-03T08:44:26","date_gmt":"2025-07-03T08:44:26","guid":{"rendered":"https:\/\/miamedic.lt\/?post_type=product&#038;p=10048"},"modified":"2026-01-15T10:14:37","modified_gmt":"2026-01-15T10:14:37","slug":"v-firm-cream","status":"publish","type":"product","link":"https:\/\/miamedic.lt\/en\/shop\/v-firm-cream\/","title":{"rendered":"V-Firm Cream"},"content":{"rendered":"<p data-start=\"117\" data-end=\"222\"><strong data-start=\"117\" data-end=\"141\">Valmont V\u2011Firm Cream<\/strong> \u2013 stangrinamasis kremas, skirtas veido apimties stiprinimui ir kont\u016br\u0173 atk\u016brimui<\/p>\n<p data-start=\"224\" data-end=\"501\">Valmont V\u2011Firm Cream yra prabangus, turtingos tekst\u016bros kremas, sukurtas stiprinti odos strukt\u016br\u0105, suteikti veidui pakelt\u0105 i\u0161vaizd\u0105 ir atkurti stangrum\u0105. \u0160is kremas idealiai tinka brand\u017eiai, stangrum\u0105 praradusiai odai, siekiant pagerinti veido kont\u016brus ir padidinti odos tank\u012f.<\/p>\n<p data-start=\"503\" data-end=\"574\"><strong data-start=\"503\" data-end=\"518\">Odos tipas:<\/strong><br data-start=\"518\" data-end=\"521\" \/>Vis\u0173 tip\u0173 oda, ypa\u010d praradusi elastingum\u0105, brandi oda<\/p>\n<p data-start=\"576\" data-end=\"753\"><strong data-start=\"576\" data-end=\"589\">Effect:<\/strong><br data-start=\"589\" data-end=\"592\" \/>\u2022 Stiprina derm\u0105 ir pagerina t\u016br\u012f<br data-start=\"625\" data-end=\"628\" \/>\u2022 Suteikia pakelt\u0105 ir jauninant\u012f odos kont\u016br\u0105<br data-start=\"673\" data-end=\"676\" \/>\u2022 Dr\u0117kina, mink\u0161tina ir skaistina od\u0105<br data-start=\"713\" data-end=\"716\" \/>\u2022 Gerina odos tekst\u016br\u0105 ir elastingum\u0105<\/p>\n<p data-start=\"755\" data-end=\"983\"><strong data-start=\"755\" data-end=\"770\">Usage:<\/strong><br data-start=\"770\" data-end=\"773\" \/>\u2022 Naudoti ryte ir (arba) vakare, ant \u0161varios veido ir kaklo odos<br data-start=\"837\" data-end=\"840\" \/>\u2022 \u0160velniai tepti krem\u0105 sukamaisiais judesiais iki visi\u0161ko \u012fsig\u0117rimo<br data-start=\"907\" data-end=\"910\" \/>\u2022 Rekomenduojama naudoti kartu su V\u2011Firm serumo linija ir, dien\u0105 \u2013 su SPF<\/p>\n<p data-start=\"985\" data-end=\"1184\"><strong data-start=\"985\" data-end=\"1009\">Atsargumo priemon\u0117s:<\/strong><br data-start=\"1009\" data-end=\"1012\" \/>\u2022 Tik i\u0161oriniam naudojimui<br data-start=\"1038\" data-end=\"1041\" \/>\u2022 Venkite patekimo \u012f akis<br data-start=\"1066\" data-end=\"1069\" \/>\u2022 Jei pasirei\u0161kia dirginimas, suma\u017einkite naudojimo da\u017en\u012f arba nutraukite priemon\u0117s naudojim\u0105<br data-start=\"1162\" data-end=\"1165\" \/>\u2022 Saugoti nuo vaik\u0173<\/p>\n<p data-start=\"1186\" data-end=\"1297\"><strong data-start=\"1186\" data-end=\"1206\">Laikymo s\u0105lygos:<\/strong><br data-start=\"1206\" data-end=\"1209\" \/>\u2022 Laikyti kambario temperat\u016broje (15\u201325\u202f\u00b0C)<br data-start=\"1252\" data-end=\"1255\" \/>\u2022 Saugoti nuo tiesiogini\u0173 saul\u0117s spinduli\u0173<\/p>","protected":false},"excerpt":{"rendered":"<p>Stangrinamasis kremas, skirtas veido apimties stiprinimui ir kont\u016br\u0173 atk\u016brimui<\/p>","protected":false},"featured_media":10049,"comment_status":"open","ping_status":"closed","template":"","meta":[],"product_cat":[417,129],"product_tag":[],"class_list":{"0":"post-10048","1":"product","2":"type-product","3":"status-publish","4":"has-post-thumbnail","6":"product_cat-is-clinical-ir-valmont","7":"product_cat-veido-kremai","8":"pa_brands-valmont","9":"pa_talpa-50ml-2","11":"first","12":"instock","13":"taxable","14":"shipping-taxable","15":"purchasable","16":"product-type-simple"},"_links":{"self":[{"href":"https:\/\/miamedic.lt\/en\/wp-json\/wp\/v2\/product\/10048","targetHints":{"allow":["GET"]}}],"collection":[{"href":"https:\/\/miamedic.lt\/en\/wp-json\/wp\/v2\/product"}],"about":[{"href":"https:\/\/miamedic.lt\/en\/wp-json\/wp\/v2\/types\/product"}],"replies":[{"embeddable":true,"href":"https:\/\/miamedic.lt\/en\/wp-json\/wp\/v2\/comments?post=10048"}],"version-history":[{"count":3,"href":"https:\/\/miamedic.lt\/en\/wp-json\/wp\/v2\/product\/10048\/revisions"}],"predecessor-version":[{"id":10090,"href":"https:\/\/miamedic.lt\/en\/wp-json\/wp\/v2\/product\/10048\/revisions\/10090"}],"wp:featuredmedia":[{"embeddable":true,"href":"https:\/\/miamedic.lt\/en\/wp-json\/wp\/v2\/media\/10049"}],"wp:attachment":[{"href":"https:\/\/miamedic.lt\/en\/wp-json\/wp\/v2\/media?parent=10048"}],"wp:term":[{"taxonomy":"product_cat","embeddable":true,"href":"https:\/\/miamedic.lt\/en\/wp-json\/wp\/v2\/product_cat?post=10048"},{"taxonomy":"product_tag","embeddable":true,"href":"https:\/\/miamedic.lt\/en\/wp-json\/wp\/v2\/product_tag?post=10048"}],"curies":[{"name":"wp","href":"https:\/\/api.w.org\/{rel}","templated":true}]}}