{"id":10044,"date":"2025-07-03T08:41:26","date_gmt":"2025-07-03T08:41:26","guid":{"rendered":"https:\/\/miamedic.lt\/?post_type=product&#038;p=10044"},"modified":"2026-03-05T09:48:49","modified_gmt":"2026-03-05T09:48:49","slug":"v-firm-serum","status":"publish","type":"product","link":"https:\/\/miamedic.lt\/en\/shop\/v-firm-serum\/","title":{"rendered":"V-Firm Serum"},"content":{"rendered":"<p data-start=\"44\" data-end=\"132\"><strong data-start=\"44\" data-end=\"74\">Valmont V\u2011Firm Serum 30\u202fml<\/strong> \u2013 veido serumas stangrumui, tonusui ir kont\u016br\u0173 atstatymui<\/p>\n<p data-start=\"134\" data-end=\"209\"><span class=\"relative -mx-px my-[-0.2rem] rounded px-px py-[0.2rem] transition-colors duration-100 ease-in-out\">\u0160is prabangus Valmont serumas su \u201epieni\u0161ka\u201c tekst\u016bra sukurtas siekiant sustiprinti odos strukt\u016br\u0105, suteikti t\u016br\u012f ir pagerinti veido kont\u016br\u0173 rai\u0161k\u0105. Klinikiniais tyrimais \u012frodyta, kad jis padidina odos t\u016br\u012f net 15,1\u202f%, o 95\u202f% naudotoj\u0173 pasteb\u0117jo suma\u017e\u0117jusias nasolabialines rauk\u0161les bei ai\u0161kesnius skruostikaulius\u202f<\/span><\/p>\n<p data-start=\"211\" data-end=\"304\"><strong data-start=\"211\" data-end=\"226\">Odos tipas:<\/strong><br data-start=\"226\" data-end=\"229\" \/><span class=\"relative -mx-px my-[-0.2rem] rounded px-px py-[0.2rem] transition-colors duration-100 ease-in-out\">Vis\u0173 am\u017eiaus grupi\u0173 ir tip\u0173 oda, ypa\u010d brandi, stangrumo praradusi oda, ypa\u010d jautri saus\u0117jimui<\/span><\/p>\n<p data-start=\"306\" data-end=\"633\"><strong data-start=\"306\" data-end=\"319\">Poveikis:<\/strong><br data-start=\"319\" data-end=\"322\" \/><span class=\"relative -mx-px my-[-0.2rem] rounded px-px py-[0.2rem] transition-colors duration-100 ease-in-out\">\u2022 Stiprina derm\u0105 ir atkuria veido t\u016br\u012f (+15,1\u202f% t\u016brio padid\u0117jimas)<\/span><br data-start=\"396\" data-end=\"399\" \/><span class=\"relative -mx-px my-[-0.2rem] rounded px-px py-[0.2rem] transition-colors duration-100 ease-in-out\">\u2022 Gerina odos elastingum\u0105 ir stangrum\u0105<\/span><br data-start=\"473\" data-end=\"476\" \/><span class=\"relative -mx-px my-[-0.2rem] rounded px-px py-[0.2rem] transition-colors duration-100 ease-in-out\">\u2022 Suteikia pakelt\u0105, atjaun\u0117jus\u012f kont\u016br\u0105 (95\u202f% naudotoj\u0173 patik\u0117jo pasteb\u0117j\u0119 tokius poky\u010dius)\u202f<\/span><br data-start=\"552\" data-end=\"555\" \/><span class=\"relative -mx-px my-[-0.2rem] rounded px-px py-[0.2rem] transition-colors duration-100 ease-in-out\">\u2022 Plumper efektas \u2013 oda tampa \u201eputlesn\u0117\u201c ir gaivesn\u0117<\/span><\/p>\n<p data-start=\"1081\" data-end=\"1339\"><strong data-start=\"1081\" data-end=\"1096\">Naudojimas:<\/strong><br data-start=\"1096\" data-end=\"1099\" \/><span class=\"relative -mx-px my-[-0.2rem] rounded px-px py-[0.2rem] transition-colors duration-100 ease-in-out\">\u2022 Naudoti ryte ir\/vakare, ant \u0161varios veido ir kaklo odos<\/span><br data-start=\"1177\" data-end=\"1180\" \/><span class=\"relative -mx-px my-[-0.2rem] rounded px-px py-[0.2rem] transition-colors duration-100 ease-in-out\">\u2022 U\u017ela\u0161inti kelias la\u0161\u0173 (2\u20133 pumpeliai), \u0161velniai \u012fmasa\u017euoti \u012f od\u0105 \u2013 iki visi\u0161ko \u012fsigers<\/span><br data-start=\"1258\" data-end=\"1261\" \/><span class=\"relative -mx-px my-[-0.2rem] rounded px-px py-[0.2rem] transition-colors duration-100 ease-in-out\">\u2022 T\u0119sti stangrinimo ritual\u0105 su V\u2011Firm Eye ir V\u2011Firm Cream serijos produktais\u202f<\/span><\/p>\n<p data-start=\"1341\" data-end=\"1619\"><strong data-start=\"1341\" data-end=\"1365\">Atsargumo priemon\u0117s:<\/strong><br data-start=\"1365\" data-end=\"1368\" \/>\u2022 Tik i\u0161oriniam naudojimui<br data-start=\"1394\" data-end=\"1397\" \/>\u2022 Venkite patekimo \u012f akis<br data-start=\"1422\" data-end=\"1425\" \/>\u2022 Jei pasirei\u0161kia dirginimas, suma\u017einkite naudojim\u0105<br data-start=\"1476\" data-end=\"1479\" \/>\u2022 Saugoti nuo vaik\u0173<br data-start=\"1498\" data-end=\"1501\" \/>\u2022 Produktas gali tur\u0117ti kvapikli\u0173 \u2013 jei j\u016bs\u0173 oda jautri aromatams, prie\u0161 naudodami rekomenduojama atlikti odos test\u0105<\/p>\n<p data-start=\"1621\" data-end=\"1734\"><strong data-start=\"1621\" data-end=\"1641\">Laikymo s\u0105lygos:<\/strong><br data-start=\"1641\" data-end=\"1644\" \/>\u2022 Laikyti kambario temperat\u016broje (15\u201325\u202f\u00b0C)<br data-start=\"1687\" data-end=\"1690\" \/>\u2022 Saugoti nuo tiesiogini\u0173 saul\u0117s spinduli\u0173<\/p>\n","protected":false},"excerpt":{"rendered":"<p>Veido serumas stangrumui, tonusui ir kont\u016br\u0173 atstatymui<\/p>","protected":false},"featured_media":10045,"comment_status":"open","ping_status":"closed","template":"","meta":[],"product_cat":[417,107],"product_tag":[],"class_list":{"0":"post-10044","1":"product","2":"type-product","3":"status-publish","4":"has-post-thumbnail","6":"product_cat-is-clinical-ir-valmont","7":"product_cat-serumai","8":"pa_brands-valmont","9":"pa_talpa-30ml-2","11":"first","12":"instock","13":"taxable","14":"shipping-taxable","15":"purchasable","16":"product-type-simple"},"_links":{"self":[{"href":"https:\/\/miamedic.lt\/en\/wp-json\/wp\/v2\/product\/10044","targetHints":{"allow":["GET"]}}],"collection":[{"href":"https:\/\/miamedic.lt\/en\/wp-json\/wp\/v2\/product"}],"about":[{"href":"https:\/\/miamedic.lt\/en\/wp-json\/wp\/v2\/types\/product"}],"replies":[{"embeddable":true,"href":"https:\/\/miamedic.lt\/en\/wp-json\/wp\/v2\/comments?post=10044"}],"version-history":[{"count":3,"href":"https:\/\/miamedic.lt\/en\/wp-json\/wp\/v2\/product\/10044\/revisions"}],"predecessor-version":[{"id":10091,"href":"https:\/\/miamedic.lt\/en\/wp-json\/wp\/v2\/product\/10044\/revisions\/10091"}],"wp:featuredmedia":[{"embeddable":true,"href":"https:\/\/miamedic.lt\/en\/wp-json\/wp\/v2\/media\/10045"}],"wp:attachment":[{"href":"https:\/\/miamedic.lt\/en\/wp-json\/wp\/v2\/media?parent=10044"}],"wp:term":[{"taxonomy":"product_cat","embeddable":true,"href":"https:\/\/miamedic.lt\/en\/wp-json\/wp\/v2\/product_cat?post=10044"},{"taxonomy":"product_tag","embeddable":true,"href":"https:\/\/miamedic.lt\/en\/wp-json\/wp\/v2\/product_tag?post=10044"}],"curies":[{"name":"wp","href":"https:\/\/api.w.org\/{rel}","templated":true}]}}