{"id":10030,"date":"2025-06-30T07:48:07","date_gmt":"2025-06-30T07:48:07","guid":{"rendered":"https:\/\/miamedic.lt\/?post_type=product&#038;p=10030"},"modified":"2025-12-01T00:29:11","modified_gmt":"2025-12-01T00:29:11","slug":"antioksidantinis-serumas","status":"publish","type":"product","link":"https:\/\/miamedic.lt\/en\/shop\/antioksidantinis-serumas\/","title":{"rendered":"ANTIOKSIDANTINIS SERUMAS"},"content":{"rendered":"<h3><strong>SUZANOBAGIMD\u00ae<\/strong> SUPER ANTIOXIDANT<strong>\/ ANTIOKSIDANTINIS SERUMAS<\/strong><\/h3>\n<p>Serumas, kuriame derinami inovatyv\u016bs antioksidantai, specialiai sukurti jautriai odai.<\/p>\n<p>\u0160is serumas padeda:<\/p>\n<ul>\n<li>Ma\u017einti oksidacinio streso poveik\u012f;<\/li>\n<li>Suma\u017einti smulki\u0173 rauk\u0161li\u0173 ir mimikos linij\u0173 matomum\u0105;<\/li>\n<li>Skaistinti od\u0105 ir gerinti jos tonus\u0105;<\/li>\n<li>Raminti sudirgusi\u0105 od\u0105;<\/li>\n<li>Intensyviai dr\u0117kinti.<\/li>\n<\/ul>\n<p>Odos tipai: normali\u2013riebi oda\/ normali\u2013sausa oda\/ mi\u0161ri oda<\/p>\n<p><strong>Usage: <\/strong><\/p>\n<p>Naudokite vien\u0105 kart\u0105 per dien\u0105 ryte ant \u0161varios, sausos odos.<br \/>\n\u0160velniai masa\u017euokite 3 paspaudimus ant veido, kaklo ir dekolt\u0117s prie\u0161 naudojant kitus odos prie\u017ei\u016bros produktus.<\/p>\n<p><strong>Atsargumo priemone\u0307s<\/strong><strong>:<\/strong><\/p>\n<ul>\n<li>Nustokite naudoti, jei atsiranda b\u0117rimas ar dirginimas, ir kreipkit\u0117s \u012f gydytoj\u0105.<\/li>\n<li>Venkite kontakto su akimis.<\/li>\n<li>Patekus \u012f akis, kruop\u0161\u010diai praplaukite jas vandeniu.<\/li>\n<li>Kasdien naudokite apsaugin\u012f krem\u0105 nuo saul\u0117s su bent SPF 30.<\/li>\n<li>Laikyti vaikams nepasiekiamoje vietoje.<\/li>\n<\/ul>\n<p><strong>\u00a0<\/strong><\/p>\n<p><strong>Laikymo sa\u0328lygos <\/strong><\/p>\n<ul>\n<li>Saugokite nuo tiesioginiu\u0328 saule\u0307s spinduliu\u0328<\/li>\n<li>Laikyti kambario temperatu\u0304roje: 15\u00b0C\u201325\u00b0C (59\u00b0F\u201377\u00b0F)<\/li>\n<\/ul>","protected":false},"excerpt":{"rendered":"<p>Serumas, kuriame derinami inovatyv\u016bs antioksidantai, specialiai sukurti jautriai odai<\/p>","protected":false},"featured_media":10031,"comment_status":"open","ping_status":"closed","template":"","meta":[],"product_cat":[271],"product_tag":[],"class_list":{"0":"post-10030","1":"product","2":"type-product","3":"status-publish","4":"has-post-thumbnail","6":"product_cat-plauku-serumai","7":"pa_brands-obagi-medical","8":"pa_talpa-30ml-2","10":"first","11":"instock","12":"taxable","13":"shipping-taxable","14":"purchasable","15":"product-type-simple"},"_links":{"self":[{"href":"https:\/\/miamedic.lt\/en\/wp-json\/wp\/v2\/product\/10030","targetHints":{"allow":["GET"]}}],"collection":[{"href":"https:\/\/miamedic.lt\/en\/wp-json\/wp\/v2\/product"}],"about":[{"href":"https:\/\/miamedic.lt\/en\/wp-json\/wp\/v2\/types\/product"}],"replies":[{"embeddable":true,"href":"https:\/\/miamedic.lt\/en\/wp-json\/wp\/v2\/comments?post=10030"}],"version-history":[{"count":1,"href":"https:\/\/miamedic.lt\/en\/wp-json\/wp\/v2\/product\/10030\/revisions"}],"predecessor-version":[{"id":10034,"href":"https:\/\/miamedic.lt\/en\/wp-json\/wp\/v2\/product\/10030\/revisions\/10034"}],"wp:featuredmedia":[{"embeddable":true,"href":"https:\/\/miamedic.lt\/en\/wp-json\/wp\/v2\/media\/10031"}],"wp:attachment":[{"href":"https:\/\/miamedic.lt\/en\/wp-json\/wp\/v2\/media?parent=10030"}],"wp:term":[{"taxonomy":"product_cat","embeddable":true,"href":"https:\/\/miamedic.lt\/en\/wp-json\/wp\/v2\/product_cat?post=10030"},{"taxonomy":"product_tag","embeddable":true,"href":"https:\/\/miamedic.lt\/en\/wp-json\/wp\/v2\/product_tag?post=10030"}],"curies":[{"name":"wp","href":"https:\/\/api.w.org\/{rel}","templated":true}]}}