{"id":10026,"date":"2025-07-03T08:22:51","date_gmt":"2025-07-03T08:22:51","guid":{"rendered":"https:\/\/miamedic.lt\/?post_type=product&#038;p=10026"},"modified":"2025-12-01T00:29:11","modified_gmt":"2025-12-01T00:29:11","slug":"retinolispha-kremas","status":"publish","type":"product","link":"https:\/\/miamedic.lt\/en\/shop\/retinolispha-kremas\/","title":{"rendered":"RETINOLIS+PHA Kremas"},"content":{"rendered":"<p><strong>Obagi Medical RETINOLIS + PHA<\/strong> <strong>NAKTINIS KREMAS<\/strong><\/p>\n<p><strong>Naktinis retinolio kremas su l\u0117to i\u0161siskyrimo technologija<\/strong> leid\u017eia palaipsniui patekti \u012f gilesnius odos sluoksnius ir skatinti nat\u016bral\u0173 odos atsinaujinim\u0105. Gali pad\u0117ti suma\u017einti odos nelygumus, smulkias rauk\u0161leles ir linijas, suteikdamas \u0161velnesn\u0119 ir tolygesn\u0119 odos i\u0161vaizd\u0105. Polihidroksi r\u016bg\u0161tis (glukonolaktonas) padeda \u0161velniai eksfolijuoti odos pavir\u0161i\u0173, o a\u0161tuoni maitinamieji ingredientai padeda palaikyti odos dr\u0117gm\u0117s balans\u0105.<\/p>\n<p>Odos tipai: normali\u2013riebi oda\/ normali\u2013sausa oda\/ mi\u0161ri oda<\/p>\n<p><strong>Usage: <\/strong><\/p>\n<p>Naudoti ant \u0161varios odos vakarais.<br \/>\nNaudokite apsaugin\u012f krem\u0105 nuo saul\u0117s prie\u0161 einant \u012f saul\u0119.<\/p>\n<p><strong>Atsargumo priemone\u0307s<\/strong><strong>:<\/strong><\/p>\n<ul>\n<li>Nustokite naudoti, jei atsiranda b\u0117rimas ar dirginimas, ir kreipkit\u0117s \u012f gydytoj\u0105.<\/li>\n<li>Venkite kontakto su akimis.<\/li>\n<li>Patekus \u012f akis, kruop\u0161\u010diai praplaukite jas vandeniu.<\/li>\n<li>Kasdien naudokite apsaugin\u012f krem\u0105 nuo saul\u0117s su bent SPF 30.<\/li>\n<li>Laikyti vaikams nepasiekiamoje vietoje.<\/li>\n<\/ul>\n<p><strong>Laikymo sa\u0328lygos <\/strong><\/p>\n<ul>\n<li>Saugokite nuo tiesioginiu\u0328 saule\u0307s spinduliu\u0328<\/li>\n<li>Laikyti kambario temperatu\u0304roje: 15\u00b0C\u201325\u00b0C (59\u00b0F\u201377\u00b0F)<\/li>\n<\/ul>","protected":false},"excerpt":{"rendered":"<p>Naktinis retinolio kremas su l\u0117to i\u0161siskyrimo technologija<\/p>","protected":false},"featured_media":10027,"comment_status":"open","ping_status":"closed","template":"","meta":[],"product_cat":[180,129],"product_tag":[],"class_list":{"0":"post-10026","1":"product","2":"type-product","3":"status-publish","4":"has-post-thumbnail","6":"product_cat-naktiniai-kremai","7":"product_cat-veido-kremai","8":"pa_brands-obagi-medical","9":"pa_talpa-50ml-2","11":"first","12":"instock","13":"taxable","14":"shipping-taxable","15":"purchasable","16":"product-type-simple"},"_links":{"self":[{"href":"https:\/\/miamedic.lt\/en\/wp-json\/wp\/v2\/product\/10026","targetHints":{"allow":["GET"]}}],"collection":[{"href":"https:\/\/miamedic.lt\/en\/wp-json\/wp\/v2\/product"}],"about":[{"href":"https:\/\/miamedic.lt\/en\/wp-json\/wp\/v2\/types\/product"}],"replies":[{"embeddable":true,"href":"https:\/\/miamedic.lt\/en\/wp-json\/wp\/v2\/comments?post=10026"}],"version-history":[{"count":1,"href":"https:\/\/miamedic.lt\/en\/wp-json\/wp\/v2\/product\/10026\/revisions"}],"predecessor-version":[{"id":10037,"href":"https:\/\/miamedic.lt\/en\/wp-json\/wp\/v2\/product\/10026\/revisions\/10037"}],"wp:featuredmedia":[{"embeddable":true,"href":"https:\/\/miamedic.lt\/en\/wp-json\/wp\/v2\/media\/10027"}],"wp:attachment":[{"href":"https:\/\/miamedic.lt\/en\/wp-json\/wp\/v2\/media?parent=10026"}],"wp:term":[{"taxonomy":"product_cat","embeddable":true,"href":"https:\/\/miamedic.lt\/en\/wp-json\/wp\/v2\/product_cat?post=10026"},{"taxonomy":"product_tag","embeddable":true,"href":"https:\/\/miamedic.lt\/en\/wp-json\/wp\/v2\/product_tag?post=10026"}],"curies":[{"name":"wp","href":"https:\/\/api.w.org\/{rel}","templated":true}]}}