{"id":8377,"date":"2025-05-15T22:08:02","date_gmt":"2025-05-15T22:08:02","guid":{"rendered":"https:\/\/miamedic.lt\/?page_id=8377"},"modified":"2025-05-16T17:25:48","modified_gmt":"2025-05-16T17:25:48","slug":"veido-odos-konsultacija","status":"publish","type":"page","link":"https:\/\/miamedic.lt\/en\/veido-odos-konsultacija\/","title":{"rendered":"Veido odos konsultacija"},"content":{"rendered":"<div data-elementor-type=\"wp-page\" data-elementor-id=\"8377\" class=\"elementor elementor-8377\">\n\t\t\t\t<div class=\"elementor-element elementor-element-f192199 elementor-hidden-desktop e-flex e-con-boxed e-con e-parent\" data-id=\"f192199\" data-element_type=\"container\" data-e-type=\"container\">\n\t\t\t\t\t<div class=\"e-con-inner\">\n\t\t\t\t<div class=\"elementor-element elementor-element-755cdc8 elementor-widget elementor-widget-image\" data-id=\"755cdc8\" data-element_type=\"widget\" data-e-type=\"widget\" data-widget_type=\"image.default\">\n\t\t\t\t<div class=\"elementor-widget-container\">\n\t\t\t\t\t\t\t\t\t\t\t\t\t\t\t<img fetchpriority=\"high\" decoding=\"async\" width=\"1800\" height=\"1900\" src=\"https:\/\/miamedic.lt\/wp-content\/uploads\/2025\/05\/joana-vezan-odos-bukles-nustatymas.png\" class=\"attachment-full size-full wp-image-8394\" alt=\"\" srcset=\"https:\/\/miamedic.lt\/wp-content\/uploads\/2025\/05\/joana-vezan-odos-bukles-nustatymas.png 1800w, https:\/\/miamedic.lt\/wp-content\/uploads\/2025\/05\/joana-vezan-odos-bukles-nustatymas-460x486.png 460w, https:\/\/miamedic.lt\/wp-content\/uploads\/2025\/05\/joana-vezan-odos-bukles-nustatymas-1520x1604.png 1520w, https:\/\/miamedic.lt\/wp-content\/uploads\/2025\/05\/joana-vezan-odos-bukles-nustatymas-760x802.png 760w, https:\/\/miamedic.lt\/wp-content\/uploads\/2025\/05\/joana-vezan-odos-bukles-nustatymas-11x12.png 11w, https:\/\/miamedic.lt\/wp-content\/uploads\/2025\/05\/joana-vezan-odos-bukles-nustatymas-920x971.png 920w, https:\/\/miamedic.lt\/wp-content\/uploads\/2025\/05\/joana-vezan-odos-bukles-nustatymas-137x145.png 137w, https:\/\/miamedic.lt\/wp-content\/uploads\/2025\/05\/joana-vezan-odos-bukles-nustatymas-275x290.png 275w\" sizes=\"(max-width: 1800px) 100vw, 1800px\" \/>\t\t\t\t\t\t\t\t\t\t\t\t\t\t\t<\/div>\n\t\t\t\t<\/div>\n\t\t\t\t\t<\/div>\n\t\t\t\t<\/div>\n\t\t\t\t<section class=\"elementor-section elementor-top-section elementor-element elementor-element-7a99158 elementor-section-boxed elementor-section-height-default elementor-section-height-default\" data-id=\"7a99158\" data-element_type=\"section\" data-e-type=\"section\">\n\t\t\t\t\t\t<div class=\"elementor-container elementor-column-gap-no\">\n\t\t\t\t\t<div class=\"elementor-column elementor-col-50 elementor-top-column elementor-element elementor-element-35484a2 elementor-hidden-phone\" data-id=\"35484a2\" data-element_type=\"column\" data-e-type=\"column\" data-settings=\"{&quot;background_background&quot;:&quot;classic&quot;}\">\n\t\t\t<div class=\"elementor-widget-wrap elementor-element-populated\">\n\t\t\t\t\t\t<div class=\"elementor-element elementor-element-74fe12f elementor-widget elementor-widget-spacer\" data-id=\"74fe12f\" data-element_type=\"widget\" data-e-type=\"widget\" data-widget_type=\"spacer.default\">\n\t\t\t\t<div class=\"elementor-widget-container\">\n\t\t\t\t\t\t\t<div class=\"elementor-spacer\">\n\t\t\t<div class=\"elementor-spacer-inner\"><\/div>\n\t\t<\/div>\n\t\t\t\t\t\t<\/div>\n\t\t\t\t<\/div>\n\t\t\t\t\t<\/div>\n\t\t<\/div>\n\t\t\t\t<div class=\"elementor-column elementor-col-50 elementor-top-column elementor-element elementor-element-16bf839\" data-id=\"16bf839\" data-element_type=\"column\" data-e-type=\"column\" data-settings=\"{&quot;background_background&quot;:&quot;classic&quot;}\">\n\t\t\t<div class=\"elementor-widget-wrap elementor-element-populated\">\n\t\t\t\t\t\t<div class=\"elementor-element elementor-element-8daf6f7 elementor-widget elementor-widget-ideapark-heading\" data-id=\"8daf6f7\" data-element_type=\"widget\" data-e-type=\"widget\" data-widget_type=\"ideapark-heading.default\">\n\t\t\t\t<div class=\"elementor-widget-container\">\n\t\t\t\t\t<div class=\"c-ip-heading c-ip-heading--medium c-ip-heading--center c-ip-heading--bullet-hide\"><span class=\"c-ip-heading__inner\">PRODUKTAI IR PROCED\u016aROS PAGAL J\u016aS\u0172 VEIDO OD\u0104<\/span><\/div>\t\t\t\t<\/div>\n\t\t\t\t<\/div>\n\t\t\t\t<div class=\"elementor-element elementor-element-469621d elementor-widget elementor-widget-shortcode\" data-id=\"469621d\" data-element_type=\"widget\" data-e-type=\"widget\" data-widget_type=\"shortcode.default\">\n\t\t\t\t<div class=\"elementor-widget-container\">\n\t\t\t\t\t\t\t<div class=\"elementor-shortcode\">\n<div class=\"wpcf7 no-js\" id=\"wpcf7-f8376-o1\" lang=\"lt-LT\" dir=\"ltr\" data-wpcf7-id=\"8376\">\n<div class=\"screen-reader-response\"><p role=\"status\" aria-live=\"polite\" aria-atomic=\"true\"><\/p> <ul><\/ul><\/div>\n<form action=\"\/en\/wp-json\/wp\/v2\/pages\/8377#wpcf7-f8376-o1\" method=\"post\" class=\"wpcf7-form init\" aria-label=\"Kontakt\u0173 forma\" enctype=\"multipart\/form-data\" novalidate=\"novalidate\" data-status=\"init\" data-trp-original-action=\"\/en\/wp-json\/wp\/v2\/pages\/8377#wpcf7-f8376-o1\">\n<fieldset class=\"hidden-fields-container\"><input type=\"hidden\" name=\"_wpcf7\" value=\"8376\" \/><input type=\"hidden\" name=\"_wpcf7_version\" value=\"6.1.5\" \/><input type=\"hidden\" name=\"_wpcf7_locale\" value=\"lt_LT\" \/><input type=\"hidden\" name=\"_wpcf7_unit_tag\" value=\"wpcf7-f8376-o1\" \/><input type=\"hidden\" name=\"_wpcf7_container_post\" value=\"0\" \/><input type=\"hidden\" name=\"_wpcf7_posted_data_hash\" value=\"\" \/>\n<\/fieldset>\n<label> Vardas:\n<span class=\"wpcf7-form-control-wrap\" data-name=\"vardas\"><input size=\"40\" maxlength=\"400\" class=\"wpcf7-form-control wpcf7-text wpcf7-validates-as-required\" aria-required=\"true\" aria-invalid=\"false\" value=\"\" type=\"text\" name=\"vardas\" \/><\/span>\n<\/label>\n\n<label> J\u016bs\u0173 el. pa\u0161tas:\n<span class=\"wpcf7-form-control-wrap\" data-name=\"elpastas\"><input size=\"40\" maxlength=\"400\" class=\"wpcf7-form-control wpcf7-email wpcf7-validates-as-required wpcf7-text wpcf7-validates-as-email\" aria-required=\"true\" aria-invalid=\"false\" value=\"\" type=\"email\" name=\"elpastas\" \/><\/span>\n<\/label>\n\n<label> Apra\u0161ykite trumpai savo odos b\u016bkl\u0119:\n<span class=\"wpcf7-form-control-wrap\" data-name=\"odos-bukle\"><input size=\"40\" maxlength=\"400\" class=\"wpcf7-form-control wpcf7-text\" aria-invalid=\"false\" placeholder=\"Pvz.: jautri oda, rausta skruostai, T zona riebesn\u0117\" value=\"\" type=\"text\" name=\"odos-bukle\" \/><\/span>\n<\/label>\n\n<label> \u012ekelkite savo veido nuotrauk\u0105:\n<span class=\"wpcf7-form-control-wrap\" data-name=\"veido-nuotrauka\"><input size=\"40\" class=\"wpcf7-form-control wpcf7-file wpcf7-validates-as-required\" accept=\"audio\/*,video\/*,image\/*\" aria-required=\"true\" aria-invalid=\"false\" type=\"file\" name=\"veido-nuotrauka\" \/><\/span>\n<\/label>\n\n<input class=\"wpcf7-form-control wpcf7-submit has-spinner\" type=\"submit\" value=\"Send\" \/><div class=\"wpcf7-response-output\" aria-hidden=\"true\"><\/div>\n<input type=\"hidden\" name=\"trp-form-language\" value=\"en\"\/><\/form>\n<\/div>\n<\/div>\n\t\t\t\t\t\t<\/div>\n\t\t\t\t<\/div>\n\t\t\t\t\t<\/div>\n\t\t<\/div>\n\t\t\t\t\t<\/div>\n\t\t<\/section>\n\t\t\t\t<\/div>","protected":false},"excerpt":{"rendered":"<p>PRODUKTAI IR PROCED\u016aROS PAGAL J\u016aS\u0172 VEIDO OD\u0104<\/p>","protected":false},"author":1,"featured_media":0,"parent":0,"menu_order":0,"comment_status":"closed","ping_status":"closed","template":"elementor_header_footer","meta":{"footnotes":""},"class_list":["post-8377","page","type-page","status-publish","hentry"],"_links":{"self":[{"href":"https:\/\/miamedic.lt\/en\/wp-json\/wp\/v2\/pages\/8377","targetHints":{"allow":["GET"]}}],"collection":[{"href":"https:\/\/miamedic.lt\/en\/wp-json\/wp\/v2\/pages"}],"about":[{"href":"https:\/\/miamedic.lt\/en\/wp-json\/wp\/v2\/types\/page"}],"author":[{"embeddable":true,"href":"https:\/\/miamedic.lt\/en\/wp-json\/wp\/v2\/users\/1"}],"replies":[{"embeddable":true,"href":"https:\/\/miamedic.lt\/en\/wp-json\/wp\/v2\/comments?post=8377"}],"version-history":[{"count":13,"href":"https:\/\/miamedic.lt\/en\/wp-json\/wp\/v2\/pages\/8377\/revisions"}],"predecessor-version":[{"id":8403,"href":"https:\/\/miamedic.lt\/en\/wp-json\/wp\/v2\/pages\/8377\/revisions\/8403"}],"wp:attachment":[{"href":"https:\/\/miamedic.lt\/en\/wp-json\/wp\/v2\/media?parent=8377"}],"curies":[{"name":"wp","href":"https:\/\/api.w.org\/{rel}","templated":true}]}}