{"id":5848,"date":"2025-04-15T20:00:40","date_gmt":"2025-04-15T20:00:40","guid":{"rendered":"https:\/\/miamedic.lt\/?page_id=5848"},"modified":"2025-04-29T19:23:27","modified_gmt":"2025-04-29T19:23:27","slug":"mokymai-profesionalams-su-marta","status":"publish","type":"page","link":"https:\/\/miamedic.lt\/en\/mokymai-profesionalams-su-marta\/","title":{"rendered":"Training with Marta"},"content":{"rendered":"<div data-elementor-type=\"wp-page\" data-elementor-id=\"5848\" class=\"elementor elementor-5848\">\n\t\t\t\t<div class=\"elementor-element elementor-element-3715d6e e-flex e-con-boxed e-con e-parent\" data-id=\"3715d6e\" data-element_type=\"container\" data-e-type=\"container\">\n\t\t\t\t\t<div class=\"e-con-inner\">\n\t\t\t\t<div class=\"elementor-element elementor-element-e194b5f elementor-widget elementor-widget-image\" data-id=\"e194b5f\" data-element_type=\"widget\" data-e-type=\"widget\" data-widget_type=\"image.default\">\n\t\t\t\t<div class=\"elementor-widget-container\">\n\t\t\t\t\t\t\t\t\t\t\t\t\t\t\t<img fetchpriority=\"high\" decoding=\"async\" width=\"2200\" height=\"1600\" src=\"https:\/\/miamedic.lt\/wp-content\/uploads\/2025\/04\/Mechaninis-veido-valymas.png\" class=\"attachment-full size-full wp-image-5665\" alt=\"Mechaninis veido valymas\" srcset=\"https:\/\/miamedic.lt\/wp-content\/uploads\/2025\/04\/Mechaninis-veido-valymas.png 2200w, https:\/\/miamedic.lt\/wp-content\/uploads\/2025\/04\/Mechaninis-veido-valymas-460x335.png 460w, https:\/\/miamedic.lt\/wp-content\/uploads\/2025\/04\/Mechaninis-veido-valymas-1520x1105.png 1520w, https:\/\/miamedic.lt\/wp-content\/uploads\/2025\/04\/Mechaninis-veido-valymas-760x553.png 760w, https:\/\/miamedic.lt\/wp-content\/uploads\/2025\/04\/Mechaninis-veido-valymas-18x12.png 18w, https:\/\/miamedic.lt\/wp-content\/uploads\/2025\/04\/Mechaninis-veido-valymas-920x669.png 920w, https:\/\/miamedic.lt\/wp-content\/uploads\/2025\/04\/Mechaninis-veido-valymas-199x145.png 199w, https:\/\/miamedic.lt\/wp-content\/uploads\/2025\/04\/Mechaninis-veido-valymas-399x290.png 399w\" sizes=\"(max-width: 2200px) 100vw, 2200px\" \/>\t\t\t\t\t\t\t\t\t\t\t\t\t\t\t<\/div>\n\t\t\t\t<\/div>\n\t\t\t\t<div class=\"elementor-element elementor-element-7e08e54 elementor-widget elementor-widget-text-editor\" data-id=\"7e08e54\" data-element_type=\"widget\" data-e-type=\"widget\" data-widget_type=\"text-editor.default\">\n\t\t\t\t<div class=\"elementor-widget-container\">\n\t\t\t\t\t<style>.elementor-element-7e08e54{display:none !important}<\/style>\t\t\t\t<\/div>\n\t\t\t\t<\/div>\n\t\t\t\t<div class=\"elementor-element elementor-element-0b0230b elementor-widget elementor-widget-text-editor\" data-id=\"0b0230b\" data-element_type=\"widget\" data-e-type=\"widget\" data-widget_type=\"text-editor.default\">\n\t\t\t\t<div class=\"elementor-widget-container\">\n\t\t\t\t\t\t\t\t\t<p class=\"\" data-start=\"0\" data-end=\"42\"><strong data-start=\"0\" data-end=\"42\">Personal Growth \u2013 A Path to Excellence<\/strong><\/p><p class=\"\" data-start=\"44\" data-end=\"299\">We invite you to individual training sessions with Marta \u2013 the founder of our clinic, a cosmetologist with many years of experience, and a specialist in aesthetic skin care. Marta&#8217;s working style is highly valued for her precision, sincerity, and results.<\/p><p class=\"\" data-start=\"301\" data-end=\"615\">These training sessions are designed for beauty and aesthetics professionals who want to deepen their knowledge, discover their own unique work methods, or enhance specific practical skills. The content of the training is completely personalized \u2013 it is tailored to your competency level, needs, and desired goals.<\/p>\t\t\t\t\t\t\t\t<\/div>\n\t\t\t\t<\/div>\n\t\t\t\t<div class=\"elementor-element elementor-element-62e05ea elementor-widget elementor-widget-text-editor\" data-id=\"62e05ea\" data-element_type=\"widget\" data-e-type=\"widget\" data-widget_type=\"text-editor.default\">\n\t\t\t\t<div class=\"elementor-widget-container\">\n\t\t\t\t\t<style>.elementor-element-62e05ea{display:none !important}<\/style>\t\t\t\t<\/div>\n\t\t\t\t<\/div>\n\t\t\t\t<div class=\"elementor-element elementor-element-ccde138 elementor-widget elementor-widget-text-editor\" data-id=\"ccde138\" data-element_type=\"widget\" data-e-type=\"widget\" data-widget_type=\"text-editor.default\">\n\t\t\t\t<div class=\"elementor-widget-container\">\n\t\t\t\t\t\t\t\t\t<p class=\"\" data-start=\"0\" data-end=\"34\"><strong data-start=\"0\" data-end=\"34\">WHAT THE TRAINING CAN INCLUDE:<\/strong><\/p><ul data-start=\"36\" data-end=\"483\"><li class=\"\" data-start=\"36\" data-end=\"121\"><p class=\"\" data-start=\"38\" data-end=\"121\">Working with problematic skin (acne, sensitive skin, pigmentation, rosacea, etc.)<\/p><\/li><li class=\"\" data-start=\"122\" data-end=\"165\"><p class=\"\" data-start=\"124\" data-end=\"165\">Creating personalized facial care plans<\/p><\/li><li class=\"\" data-start=\"166\" data-end=\"213\"><p class=\"\" data-start=\"168\" data-end=\"213\">Practical experience with aesthetic devices<\/p><\/li><li class=\"\" data-start=\"214\" data-end=\"274\"><p class=\"\" data-start=\"216\" data-end=\"274\">Principles of creating procedures and selecting products<\/p><\/li><li class=\"\" data-start=\"275\" data-end=\"320\"><p class=\"\" data-start=\"277\" data-end=\"320\">Developing a clinical approach to clients<\/p><\/li><li class=\"\" data-start=\"321\" data-end=\"390\"><p class=\"\" data-start=\"323\" data-end=\"390\">Building emotional connection with clients and establishing trust<\/p><\/li><li class=\"\" data-start=\"391\" data-end=\"449\"><p class=\"\" data-start=\"393\" data-end=\"449\">Work philosophy that helps you stand out in the market<\/p><\/li><li class=\"\" data-start=\"450\" data-end=\"483\"><p class=\"\" data-start=\"452\" data-end=\"483\">Other relevant topics for you<\/p><\/li><\/ul><p class=\"\" data-start=\"485\" data-end=\"505\"><strong data-start=\"485\" data-end=\"505\">WHO IS THIS FOR:<\/strong><\/p><ul data-start=\"507\" data-end=\"925\"><li class=\"\" data-start=\"507\" data-end=\"583\"><p class=\"\" data-start=\"509\" data-end=\"583\">Experienced professionals aiming for individual growth or a career shift<\/p><\/li><li class=\"\" data-start=\"584\" data-end=\"666\"><p class=\"\" data-start=\"586\" data-end=\"666\">Those wanting to bring more quality, confidence, and structure into their work<\/p><\/li><li class=\"\" data-start=\"667\" data-end=\"925\"><p class=\"\" data-start=\"669\" data-end=\"925\">These are not standard group courses \u2013 these are sessions dedicated to you, with personalized attention and professional support. Each training session is practical experience based on years of expertise, real-life cases, and a holistic approach to beauty.<\/p><\/li><\/ul><p class=\"\" data-start=\"927\" data-end=\"999\"><strong data-start=\"927\" data-end=\"999\">TRAINING DURATION, FORMAT, AND PRICE WILL BE DISCUSSED INDIVIDUALLY.<\/strong><\/p><p class=\"\" data-start=\"1001\" data-end=\"1244\">If you want to grow, are looking for direction, or are ready to take the next step in your professional journey \u2013 we invite you to get in touch. Training with Marta is not just about transferring knowledge, it&#8217;s mentorship that stays with you.<\/p>\t\t\t\t\t\t\t\t<\/div>\n\t\t\t\t<\/div>\n\t\t\t\t\t<\/div>\n\t\t\t\t<\/div>\n\t\t\t\t<\/div>","protected":false},"excerpt":{"rendered":"<p>Asmeninis tobul\u0117jimas \u2013 tai kelias \u012f i\u0161skirtinum\u0105. Kvie\u010diame \u012f individualius mokymus su Marta \u2013 m\u016bs\u0173 klinikos \u012fk\u016br\u0117ja, ilgamet\u0119 patirt\u012f turin\u010dia kosmetologe ir&hellip;<\/p>","protected":false},"author":1,"featured_media":0,"parent":0,"menu_order":0,"comment_status":"closed","ping_status":"closed","template":"","meta":{"footnotes":""},"class_list":["post-5848","page","type-page","status-publish","hentry"],"_links":{"self":[{"href":"https:\/\/miamedic.lt\/en\/wp-json\/wp\/v2\/pages\/5848","targetHints":{"allow":["GET"]}}],"collection":[{"href":"https:\/\/miamedic.lt\/en\/wp-json\/wp\/v2\/pages"}],"about":[{"href":"https:\/\/miamedic.lt\/en\/wp-json\/wp\/v2\/types\/page"}],"author":[{"embeddable":true,"href":"https:\/\/miamedic.lt\/en\/wp-json\/wp\/v2\/users\/1"}],"replies":[{"embeddable":true,"href":"https:\/\/miamedic.lt\/en\/wp-json\/wp\/v2\/comments?post=5848"}],"version-history":[{"count":19,"href":"https:\/\/miamedic.lt\/en\/wp-json\/wp\/v2\/pages\/5848\/revisions"}],"predecessor-version":[{"id":7644,"href":"https:\/\/miamedic.lt\/en\/wp-json\/wp\/v2\/pages\/5848\/revisions\/7644"}],"wp:attachment":[{"href":"https:\/\/miamedic.lt\/en\/wp-json\/wp\/v2\/media?parent=5848"}],"curies":[{"name":"wp","href":"https:\/\/api.w.org\/{rel}","templated":true}]}}