{"id":5276,"date":"2025-04-10T17:32:42","date_gmt":"2025-04-10T17:32:42","guid":{"rendered":"https:\/\/miamedic.lt\/?page_id=5276"},"modified":"2025-04-29T14:38:48","modified_gmt":"2025-04-29T14:38:48","slug":"mikroadatine-mezoterapija","status":"publish","type":"page","link":"https:\/\/miamedic.lt\/en\/mikroadatine-mezoterapija\/","title":{"rendered":"Microneedling mesotherapy"},"content":{"rendered":"<div data-elementor-type=\"wp-page\" data-elementor-id=\"5276\" class=\"elementor elementor-5276\">\n\t\t\t\t<div class=\"elementor-element elementor-element-1a9d59d3 e-con-full elementor-hidden-mobile e-flex e-con e-parent\" data-id=\"1a9d59d3\" data-element_type=\"container\" data-e-type=\"container\">\n\t\t\t\t<div class=\"elementor-element elementor-element-483e0bea elementor-widget elementor-widget-ideapark-page-header\" data-id=\"483e0bea\" data-element_type=\"widget\" data-e-type=\"widget\" data-widget_type=\"ideapark-page-header.default\">\n\t\t\t\t<div class=\"elementor-widget-container\">\n\t\t\t\t\t\t<header\n\t\tclass=\"l-section c-page-header c-page-header--header-type-4 c-page-header--default c-page-header--low\"\n\t\t>\n\n\t\t\t\t\t<div class=\"c-page-header__wrap\">\n\t\t\t\t\t\t\t\t\t<h1 class=\"c-page-header__title\">Microneedling mesotherapy<\/h1>\n\t\t\t\t\t\t\t<\/div>\n\t\t\t\t\t\t\t<div class=\"c-page-header__spacer\"><\/div>\n\t\t\t<\/header>\n\t\t\t\t<\/div>\n\t\t\t\t<\/div>\n\t\t\t\t<\/div>\n\t\t<div class=\"elementor-element elementor-element-27a28f0c e-flex e-con-boxed e-con e-parent\" data-id=\"27a28f0c\" data-element_type=\"container\" data-e-type=\"container\">\n\t\t\t\t\t<div class=\"e-con-inner\">\n\t\t\t\t<div class=\"elementor-element elementor-element-5dc383af elementor-widget elementor-widget-ideapark-tabs\" data-id=\"5dc383af\" data-element_type=\"widget\" data-e-type=\"widget\" data-widget_type=\"ideapark-tabs.default\">\n\t\t\t\t<div class=\"elementor-widget-container\">\n\t\t\t\t\t\t\t<div class=\"c-ip-tabs js-ip-tabs\">\n\t\t\t\t\t\t<div class=\"c-ip-tabs__list\">\n\t\t\t\t\t\t\t\t\t<div class=\"c-ip-tabs__item visible active\"\n\t\t\t\t\t\t id=\"tab-5dc383af-1\">\n\t\t\t\t\t\t\t\t\t\t\t\t<div class=\"c-ip-tabs__content\">\t\t<div data-elementor-type=\"wp-post\" data-elementor-id=\"5871\" class=\"elementor elementor-5871\">\n\t\t\t\t<div class=\"elementor-element elementor-element-f601fe9 e-flex e-con-boxed e-con e-parent\" data-id=\"f601fe9\" data-element_type=\"container\" data-e-type=\"container\">\n\t\t\t\t\t<div class=\"e-con-inner\">\n\t\t\t\t<div class=\"elementor-element elementor-element-964da53 elementor-widget elementor-widget-ideapark-services\" data-id=\"964da53\" data-element_type=\"widget\" data-e-type=\"widget\" data-widget_type=\"ideapark-services.default\">\n\t\t\t\t<div class=\"elementor-widget-container\">\n\t\t\t\t\t\t\t<div class=\"c-ip-services\">\n\t\t\t<div class=\"c-ip-services__wrap\">\n\t\t\t\t<div class=\"c-ip-services__list\">\n\t\t\t\t\t\t\t\t\t\t\t<div class=\"c-ip-services__item\">\n\t\t\t\t\t\t\t\t\t\t\t\t\t\t<div class=\"c-ip-services__thumb\">\n\t\t\t\t\t\t\t\t\t\t\t\t\t\t\t\t<a href=\"https:\/\/miamedic.lt\/en\/mikroadatine-mezoterapija-su-meso-pen\/\" class=\"c-ip-services__link\">\t\t\t\t\t\t\t\t\t<img fetchpriority=\"high\" decoding=\"async\" class=\"c-ip-services__image c-ip-services__image--filter\" width=\"460\" height=\"335\" src=\"https:\/\/miamedic.lt\/wp-content\/uploads\/2025\/04\/Dermapen-4-460x335.png\" srcset=\"https:\/\/miamedic.lt\/wp-content\/uploads\/2025\/04\/Dermapen-4-460x335.png 460w, https:\/\/miamedic.lt\/wp-content\/uploads\/2025\/04\/Dermapen-4-1520x1105.png 1520w, https:\/\/miamedic.lt\/wp-content\/uploads\/2025\/04\/Dermapen-4-760x553.png 760w, https:\/\/miamedic.lt\/wp-content\/uploads\/2025\/04\/Dermapen-4-18x12.png 18w, https:\/\/miamedic.lt\/wp-content\/uploads\/2025\/04\/Dermapen-4-920x669.png 920w, https:\/\/miamedic.lt\/wp-content\/uploads\/2025\/04\/Dermapen-4-199x145.png 199w, https:\/\/miamedic.lt\/wp-content\/uploads\/2025\/04\/Dermapen-4-399x290.png 399w\" sizes=\"(max-width: 460px) 100vw, 460px\" alt=\"Dermapen 4\"\/>\t\t\t\t\t\t\t\t\t\t\t\t\t\t\t\t\t<\/a>\t\t\t\t\t\t\t<\/div>\n\t\t\t\t\t\t\t<div\n\t\t\t\t\t\t\t\tclass=\"c-ip-services__content\">\n\t\t\t\t\t\t\t\t\t\t\t\t\t\t\t\t\t<div class=\"c-ip-services__title\">\n\t\t\t\t\t\t\t\t\t\t\t\t\t\t\t\t\t\t\t\t<a href=\"https:\/\/miamedic.lt\/en\/mikroadatine-mezoterapija-su-meso-pen\/\" class=\"c-ip-services__link\">\t\t\t\t\t\t\t\t\t\t\tmicroneedling mesotherapy with Meso Pen\t\t\t\t\t\t\t\t\t\t\t\t\t\t\t\t\t\t\t\t\t<\/a>\t\t\t\t\t\t\t\t\t<\/div>\n\t\t\t\t\t\t\t\t\t\t\t\t\t\t\t\t\t\t\t\t\t\t\t\t\t<div\n\t\t\t\t\t\t\t\t\t\tclass=\"c-ip-services__description\">Microneedling mesotherapy with Meso Pen is a modern and effective skin rejuvenation and regeneration procedure that uses an advanced device equipped with ultra-thin, rapidly vibrating microneedles. <\/div>\n\t\t\t\t\t\t\t\t\t\t\t\t\t\t\t\t<div class=\"c-ip-services__space\"><\/div>\n\n\t\t\t\t\t\t\t\t\t\t\t\t\t\t\t\t\t<div class=\"c-ip-services__button-wrap\">\n\t\t\t\t\t\t\t\t\t\t<a href=\"https:\/\/miamedic.lt\/en\/mikroadatine-mezoterapija-su-meso-pen\/\" class=\"c-ip-services__link c-ip-services__button c-button c-button--outline\">\n\t\t\t\t\t\t\t\t\t\t\tRead more\t\t\t\t\t\t\t\t\t\t<\/a>\n\t\t\t\t\t\t\t\t\t<\/div>\n\t\t\t\t\t\t\t\t\t\t\t\t\t\t\t<\/div>\n\n\t\t\t\t\t\t<\/div>\n\t\t\t\t\t\t\t\t\t\t\t\t<div class=\"c-ip-services__item\">\n\t\t\t\t\t\t\t\t\t\t\t\t\t\t<div class=\"c-ip-services__thumb\">\n\t\t\t\t\t\t\t\t\t\t\t\t\t\t\t\t<a href=\"https:\/\/miamedic.lt\/en\/dermapen4\/\" class=\"c-ip-services__link\">\t\t\t\t\t\t\t\t\t<img decoding=\"async\" class=\"c-ip-services__image c-ip-services__image--filter\" width=\"460\" height=\"526\" src=\"https:\/\/miamedic.lt\/wp-content\/uploads\/2025\/04\/peel-protigy-460x526.png\" srcset=\"https:\/\/miamedic.lt\/wp-content\/uploads\/2025\/04\/peel-protigy-460x526.png 460w, https:\/\/miamedic.lt\/wp-content\/uploads\/2025\/04\/peel-protigy-760x869.png 760w, https:\/\/miamedic.lt\/wp-content\/uploads\/2025\/04\/peel-protigy-11x12.png 11w, https:\/\/miamedic.lt\/wp-content\/uploads\/2025\/04\/peel-protigy-920x1051.png 920w, https:\/\/miamedic.lt\/wp-content\/uploads\/2025\/04\/peel-protigy-127x145.png 127w, https:\/\/miamedic.lt\/wp-content\/uploads\/2025\/04\/peel-protigy-254x290.png 254w, https:\/\/miamedic.lt\/wp-content\/uploads\/2025\/04\/peel-protigy.png 1400w\" sizes=\"(max-width: 460px) 100vw, 460px\" alt=\"peel protigy\"\/>\t\t\t\t\t\t\t\t\t\t\t\t\t\t\t\t\t<\/a>\t\t\t\t\t\t\t<\/div>\n\t\t\t\t\t\t\t<div\n\t\t\t\t\t\t\t\tclass=\"c-ip-services__content\">\n\t\t\t\t\t\t\t\t\t\t\t\t\t\t\t\t\t<div class=\"c-ip-services__title\">\n\t\t\t\t\t\t\t\t\t\t\t\t\t\t\t\t\t\t\t\t<a href=\"https:\/\/miamedic.lt\/en\/dermapen4\/\" class=\"c-ip-services__link\">\t\t\t\t\t\t\t\t\t\t\tmicroneedling mesotherapy with Dermapen4\t\t\t\t\t\t\t\t\t\t\t\t\t\t\t\t\t\t\t\t\t<\/a>\t\t\t\t\t\t\t\t\t<\/div>\n\t\t\t\t\t\t\t\t\t\t\t\t\t\t\t\t\t\t\t\t\t\t\t\t\t<div\n\t\t\t\t\t\t\t\t\t\tclass=\"c-ip-services__description\">The most advanced skin renewal technology \u2013 for firmer, smoother, and healthier skin. Dermapen 4\u2122 is a next-generation microneedling device, recognized worldwide for its precision, effectiveness, and safety. <\/div>\n\t\t\t\t\t\t\t\t\t\t\t\t\t\t\t\t<div class=\"c-ip-services__space\"><\/div>\n\n\t\t\t\t\t\t\t\t\t\t\t\t\t\t\t\t\t<div class=\"c-ip-services__button-wrap\">\n\t\t\t\t\t\t\t\t\t\t<a href=\"https:\/\/miamedic.lt\/en\/dermapen4\/\" class=\"c-ip-services__link c-ip-services__button c-button c-button--outline\">\n\t\t\t\t\t\t\t\t\t\t\tRead more\t\t\t\t\t\t\t\t\t\t<\/a>\n\t\t\t\t\t\t\t\t\t<\/div>\n\t\t\t\t\t\t\t\t\t\t\t\t\t\t\t<\/div>\n\n\t\t\t\t\t\t<\/div>\n\t\t\t\t\t\t\t\t\t\t<\/div>\n\t\t\t<\/div>\n\t\t<\/div>\n\t\t\t\t\t\t<\/div>\n\t\t\t\t<\/div>\n\t\t\t\t\t<\/div>\n\t\t\t\t<\/div>\n\t\t\t\t<\/div>\n\t\t<\/div>\t\t\t\t\t<\/div>\n\t\t\t\t\t\t\t<\/div>\n\t\t<\/div>\n\t\t\t\t\t\t<\/div>\n\t\t\t\t<\/div>\n\t\t\t\t<div class=\"elementor-element elementor-element-b2496ad elementor-align-center elementor-widget elementor-widget-button\" data-id=\"b2496ad\" data-element_type=\"widget\" data-e-type=\"widget\" data-widget_type=\"button.default\">\n\t\t\t\t<div class=\"elementor-widget-container\">\n\t\t\t\t\t\t\t\t\t<div class=\"elementor-button-wrapper\">\n\t\t\t\t\t<a class=\"elementor-button elementor-button-link elementor-size-sm\" href=\"https:\/\/miamedic.lt\/en\/paslaugos\/\">\n\t\t\t\t\t\t<span class=\"elementor-button-content-wrapper\">\n\t\t\t\t\t\t\t\t\t<span class=\"elementor-button-text\">ALL SERVICES<\/span>\n\t\t\t\t\t<\/span>\n\t\t\t\t\t<\/a>\n\t\t\t\t<\/div>\n\t\t\t\t\t\t\t\t<\/div>\n\t\t\t\t<\/div>\n\t\t\t\t\t<\/div>\n\t\t\t\t<\/div>\n\t\t\t\t<section class=\"elementor-section elementor-top-section elementor-element elementor-element-30ff3a80 elementor-section-boxed elementor-section-height-default elementor-section-height-default\" data-id=\"30ff3a80\" data-element_type=\"section\" data-e-type=\"section\" data-settings=\"{&quot;background_background&quot;:&quot;classic&quot;}\">\n\t\t\t\t\t\t<div class=\"elementor-container elementor-column-gap-wider\">\n\t\t\t\t\t<div class=\"elementor-column elementor-col-25 elementor-top-column elementor-element elementor-element-3a724eec\" data-id=\"3a724eec\" data-element_type=\"column\" data-e-type=\"column\">\n\t\t\t<div class=\"elementor-widget-wrap elementor-element-populated\">\n\t\t\t\t\t\t<div class=\"elementor-element elementor-element-340e0561 elementor-absolute elementor-widget elementor-widget-image\" data-id=\"340e0561\" data-element_type=\"widget\" data-e-type=\"widget\" data-settings=\"{&quot;_position&quot;:&quot;absolute&quot;}\" data-widget_type=\"image.default\">\n\t\t\t\t<div class=\"elementor-widget-container\">\n\t\t\t\t\t\t\t\t\t\t\t\t\t\t\t<img decoding=\"async\" width=\"490\" height=\"496\" src=\"https:\/\/miamedic.lt\/wp-content\/uploads\/2025\/03\/5procentu-nuolaida.png\" class=\"attachment-large size-large wp-image-4209\" alt=\"\" srcset=\"https:\/\/miamedic.lt\/wp-content\/uploads\/2025\/03\/5procentu-nuolaida.png 490w, https:\/\/miamedic.lt\/wp-content\/uploads\/2025\/03\/5procentu-nuolaida-460x466.png 460w, https:\/\/miamedic.lt\/wp-content\/uploads\/2025\/03\/5procentu-nuolaida-115x115.png 115w, https:\/\/miamedic.lt\/wp-content\/uploads\/2025\/03\/5procentu-nuolaida-143x145.png 143w, https:\/\/miamedic.lt\/wp-content\/uploads\/2025\/03\/5procentu-nuolaida-286x290.png 286w, https:\/\/miamedic.lt\/wp-content\/uploads\/2025\/03\/5procentu-nuolaida-50x50.png 50w, https:\/\/miamedic.lt\/wp-content\/uploads\/2025\/03\/5procentu-nuolaida-100x100.png 100w\" sizes=\"(max-width: 490px) 100vw, 490px\" \/>\t\t\t\t\t\t\t\t\t\t\t\t\t\t\t<\/div>\n\t\t\t\t<\/div>\n\t\t\t\t\t<\/div>\n\t\t<\/div>\n\t\t\t\t<div class=\"elementor-column elementor-col-50 elementor-top-column elementor-element elementor-element-4e219c11\" data-id=\"4e219c11\" data-element_type=\"column\" data-e-type=\"column\">\n\t\t\t<div class=\"elementor-widget-wrap elementor-element-populated\">\n\t\t\t\t\t\t<section class=\"elementor-section elementor-inner-section elementor-element elementor-element-4acc6abe elementor-section-boxed elementor-section-height-default elementor-section-height-default\" data-id=\"4acc6abe\" data-element_type=\"section\" data-e-type=\"section\">\n\t\t\t\t\t\t<div class=\"elementor-container elementor-column-gap-no\">\n\t\t\t\t\t<div class=\"elementor-column elementor-col-100 elementor-inner-column elementor-element elementor-element-5a1f4d76\" data-id=\"5a1f4d76\" data-element_type=\"column\" data-e-type=\"column\">\n\t\t\t<div class=\"elementor-widget-wrap elementor-element-populated\">\n\t\t\t\t\t\t<div class=\"elementor-element elementor-element-5505429 elementor-widget elementor-widget-heading\" data-id=\"5505429\" data-element_type=\"widget\" data-e-type=\"widget\" data-widget_type=\"heading.default\">\n\t\t\t\t<div class=\"elementor-widget-container\">\n\t\t\t\t\t<div class=\"elementor-heading-title elementor-size-default translation-block\">Discount on products <br> for newsletter subscribers<\/div>\t\t\t\t<\/div>\n\t\t\t\t<\/div>\n\t\t\t\t\t<\/div>\n\t\t<\/div>\n\t\t\t\t\t<\/div>\n\t\t<\/section>\n\t\t\t\t\t<\/div>\n\t\t<\/div>\n\t\t\t\t<div class=\"elementor-column elementor-col-25 elementor-top-column elementor-element elementor-element-71c387cb\" data-id=\"71c387cb\" data-element_type=\"column\" data-e-type=\"column\">\n\t\t\t<div class=\"elementor-widget-wrap elementor-element-populated\">\n\t\t\t\t\t\t<div class=\"elementor-element elementor-element-76f973b6 elementor-align-left elementor-tablet-align-center elementor-widget elementor-widget-ideapark-button\" data-id=\"76f973b6\" data-element_type=\"widget\" data-e-type=\"widget\" data-widget_type=\"ideapark-button.default\">\n\t\t\t\t<div class=\"elementor-widget-container\">\n\t\t\t\t\t\t\t<div class=\"c-ip-button__wrap\">\n\t\t\t<a href=\"https:\/\/miamedic.lt\/en\/naujienlaiskio-prenumerata\/\" class=\"c-button c-ip-button c-button--default\" role=\"button\">\n\t\t\t\t\t\t\t\t<span class=\"c-ip-button__text\">Subscribe<\/span>\n\t\t\t\t\t\t\t<\/a>\n\t\t<\/div>\n\t\t\t\t\t\t<\/div>\n\t\t\t\t<\/div>\n\t\t\t\t\t<\/div>\n\t\t<\/div>\n\t\t\t\t\t<\/div>\n\t\t<\/section>\n\t\t<div class=\"elementor-element elementor-element-36155fcd e-flex e-con-boxed e-con e-parent\" data-id=\"36155fcd\" data-element_type=\"container\" data-e-type=\"container\">\n\t\t\t\t\t<div class=\"e-con-inner\">\n\t\t\t\t<div class=\"elementor-element elementor-element-61c13974 elementor-widget elementor-widget-ideapark-heading\" data-id=\"61c13974\" data-element_type=\"widget\" data-e-type=\"widget\" data-widget_type=\"ideapark-heading.default\">\n\t\t\t\t<div class=\"elementor-widget-container\">\n\t\t\t\t\t<div class=\"c-ip-heading c-ip-heading--small c-ip-heading--center c-ip-heading--bullet-after\"><span class=\"c-ip-heading__inner\">PALEPINKITE KITUS<\/span><\/div>\t\t\t\t<\/div>\n\t\t\t\t<\/div>\n\t\t\t\t<div class=\"elementor-element elementor-element-19284147 elementor-widget elementor-widget-ideapark-heading\" data-id=\"19284147\" data-element_type=\"widget\" data-e-type=\"widget\" data-widget_type=\"ideapark-heading.default\">\n\t\t\t\t<div class=\"elementor-widget-container\">\n\t\t\t\t\t<div class=\"c-ip-heading c-ip-heading--medium c-ip-heading--center c-ip-heading--bullet-hide\"><span class=\"c-ip-heading__inner\">Gift vouchers<\/span><\/div>\t\t\t\t<\/div>\n\t\t\t\t<\/div>\n\t\t\t\t<div class=\"elementor-element elementor-element-3bd14871 elementor-widget elementor-widget-ideapark-woocommerce-carousel\" data-id=\"3bd14871\" data-element_type=\"widget\" data-e-type=\"widget\" data-widget_type=\"ideapark-woocommerce-carousel.default\">\n\t\t\t\t<div class=\"elementor-widget-container\">\n\t\t\t\t\t<div class=\"c-ip-woocommerce-carousel\"><div class=\"c-ip-woocommerce-carousel__wrap\">\t\t\t\t\t<div class=\"woocommerce columns-4\"><div\n\tclass=\"c-product-grid__wrap c-product-grid__wrap--4-per-row  c-product-grid__wrap--1-per-row\">\n\t<div\n\t\tdata-autoplay=\"no\" class=\"c-product-grid__list c-ip-woocommerce-carousel__list c-ip-woocommerce-carousel__list--4-per-row c-ip-woocommerce-carousel__list--1 js-woocommerce-carousel h-carousel h-carousel--default-dots h-carousel--flex h-carousel--round-light h-carousel--outside h-carousel--dots-hide  c-product-grid__list--4-per-row\">\n\t\t<!-- grid-start --><div class=\"c-product-grid__item c-product-grid__item--4-per-row c-product-grid__item--normal c-product-grid__item--hover c-product-grid__item--1-per-row product type-product post-5530 status-publish first instock product_cat-dovanos product_cat-dovanu-kuponai has-post-thumbnail taxable shipping-taxable purchasable product-type-variable\">\r\n\t<div class=\"c-product-grid__badges c-badge__list\"><\/div><!-- .c-product-grid__badges --><div class=\"c-product-grid__thumb-wrap c-product-grid__thumb-wrap--buttons\"><a href=\"https:\/\/miamedic.lt\/en\/shop\/miamedic-dovanu-kuponas\/\" class=\"woocommerce-LoopProduct-link woocommerce-loop-product__link\"><img loading=\"lazy\" decoding=\"async\" width=\"260\" height=\"230\" src=\"https:\/\/miamedic.lt\/wp-content\/uploads\/2025\/04\/dovanu-kuponas-260x230.png\" class=\"c-product-grid__thumb c-product-grid__thumb--cover\" alt=\"\" srcset=\"https:\/\/miamedic.lt\/wp-content\/uploads\/2025\/04\/dovanu-kuponas-260x230.png 260w, https:\/\/miamedic.lt\/wp-content\/uploads\/2025\/04\/dovanu-kuponas-12x12.png 12w, https:\/\/miamedic.lt\/wp-content\/uploads\/2025\/04\/dovanu-kuponas-520x460.png 520w\" sizes=\"(max-width: 260px) 100vw, 260px\" \/><\/a>\t<div class=\"c-product-grid__thumb-button-list\">\n\t\t\t\t\t\t\t<button\n\t\t\t\tclass=\"h-cb c-product-grid__thumb-button js-grid-zoom\"\n\t\t\t\ttype=\"button\"\n\t\t\t\tdata-lang=\"en_US\"\n\t\t\t\tdata-product-id=\"5530\"\n\t\t\t\taria-label=\"Quick View\">\n\t\t\t\t<i class=\"ip-eye c-product-grid__icon c-product-grid__icon--normal c-product-grid__icon--quickview\"><\/i><i\n\t\t\t\t\tclass=\"ip-eye_hover c-product-grid__icon c-product-grid__icon--hover\"><\/i>\n\t\t\t<\/button>\n\t\t\t\t\t\t\t<button class=\"js-wishlist-btn c-wishlist__btn c-wishlist__item-5530-btn h-cb c-product-grid__thumb-button\" data-product-id=\"5530\" data-title=\"Wishlist\" aria-label=\"Wishlist\"><i class=\"ip-heart c-product-grid__icon c-product-grid__icon--wishlist c-wishlist__btn-icon c-wishlist__btn-icon-normal\"><\/i><i class=\"ip-heart_hover c-product-grid__icon c-product-grid__icon--wishlist c-wishlist__btn-icon c-wishlist__btn-icon--hover\"><\/i><\/button>\t\t\t<\/div>\n<\/div><!-- .c-product-grid__thumb-wrap --><a href=\"https:\/\/miamedic.lt\/en\/shop\/miamedic-dovanu-kuponas\/\" aria-describedby=\"woocommerce_loop_add_to_cart_link_describedby_5530\" data-quantity=\"1\" class=\"h-cb c-product-grid__atc button product_type_variable add_to_cart_button\" data-product_id=\"5530\" data-product_sku=\"KUPONAS2\" aria-label=\"Select options for \u201cMiamedic dovan\u0173 kuponas\u201d\" rel=\"nofollow\" data-no-translation-aria-label=\"\"><span class=\"c-product-grid__atc-text\" data-no-translation=\"\" data-trp-gettext=\"\">Select options<\/span><i class=\"ip-button-more c-product-grid__atc-icon\"><\/i><\/a>\t<span id=\"woocommerce_loop_add_to_cart_link_describedby_5530\" class=\"screen-reader-text\">\n\t\tThis product has multiple variants. The options may be chosen on the product page\t<\/span>\n<div class=\"c-product-grid__details\"><div class=\"c-product-grid__title-wrap\"><a href=\"https:\/\/miamedic.lt\/en\/shop\/miamedic-dovanu-kuponas\/\" class=\"woocommerce-LoopProduct-link woocommerce-loop-product__link\"><h2 class=\"woocommerce-loop-product__title\">Miamedic gift voucher<\/h2><\/a><a href=\"https:\/\/miamedic.lt\/en\/shop\/miamedic-dovanu-kuponas\/\" class=\"woocommerce-LoopProduct-link woocommerce-loop-product__link\">\t<div class=\"c-product-grid__short-desc\">\n\t\t<p>Give the gift of a professional experience that not only transforms appearance but also well-being \u2013 because taking care of yourself is always the best gift.<\/p>\n\t<\/div>\n<\/a><div class=\"c-product-grid__star-rating\"><\/div><\/div>\n\t\t\t<!-- .c-product-grid__title-wrap -->\n\t\t\t<div class=\"c-product-grid__price-wrap\">\n\t<span class=\"price\"><span class=\"woocommerce-Price-amount amount\" aria-hidden=\"true\"><bdi>50,00&nbsp;<span class=\"woocommerce-Price-currencySymbol\">&euro;<\/span><\/bdi><\/span> <span aria-hidden=\"true\">&ndash;<\/span> <span class=\"woocommerce-Price-amount amount\" aria-hidden=\"true\"><bdi>300,00&nbsp;<span class=\"woocommerce-Price-currencySymbol\">&euro;<\/span><\/bdi><\/span><span class=\"screen-reader-text\" data-no-translation=\"\" data-trp-gettext=\"\">Price range: 50,00&nbsp;&euro; through 300,00&nbsp;&euro;<\/span> <small class=\"woocommerce-price-suffix\">su PVM<\/small><\/span>\n<\/div>\n\t\t\t<!-- .c-product-grid__price-wrap --><\/div><!-- .c-product-grid__details --><\/div>\r\n<!-- grid-end -->\n<\/div>\n<\/div>\n<\/div>\t\t\t\t<\/div><\/div>\t\t\t\t<\/div>\n\t\t\t\t<\/div>\n\t\t\t\t\t<\/div>\n\t\t\t\t<\/div>\n\t\t\t\t<\/div>","protected":false},"excerpt":{"rendered":"<p>Mikroadatin\u0117 mezoterapija mikroadatin\u0117 mezoterapija su Meso pen Mikroadatin\u0117 mezoterapija su Meso Pen \u2013 tai moderni ir efektyvi odos atjauninimo bei regeneracijos proced\u016bra,&hellip;<\/p>","protected":false},"author":1,"featured_media":0,"parent":0,"menu_order":0,"comment_status":"closed","ping_status":"closed","template":"elementor_header_footer","meta":{"footnotes":""},"class_list":["post-5276","page","type-page","status-publish","hentry"],"_links":{"self":[{"href":"https:\/\/miamedic.lt\/en\/wp-json\/wp\/v2\/pages\/5276","targetHints":{"allow":["GET"]}}],"collection":[{"href":"https:\/\/miamedic.lt\/en\/wp-json\/wp\/v2\/pages"}],"about":[{"href":"https:\/\/miamedic.lt\/en\/wp-json\/wp\/v2\/types\/page"}],"author":[{"embeddable":true,"href":"https:\/\/miamedic.lt\/en\/wp-json\/wp\/v2\/users\/1"}],"replies":[{"embeddable":true,"href":"https:\/\/miamedic.lt\/en\/wp-json\/wp\/v2\/comments?post=5276"}],"version-history":[{"count":10,"href":"https:\/\/miamedic.lt\/en\/wp-json\/wp\/v2\/pages\/5276\/revisions"}],"predecessor-version":[{"id":7544,"href":"https:\/\/miamedic.lt\/en\/wp-json\/wp\/v2\/pages\/5276\/revisions\/7544"}],"wp:attachment":[{"href":"https:\/\/miamedic.lt\/en\/wp-json\/wp\/v2\/media?parent=5276"}],"curies":[{"name":"wp","href":"https:\/\/api.w.org\/{rel}","templated":true}]}}