{"id":4280,"date":"2025-03-14T23:54:56","date_gmt":"2025-03-14T23:54:56","guid":{"rendered":"https:\/\/miamedic.lt\/?page_id=4280"},"modified":"2025-04-28T20:25:43","modified_gmt":"2025-04-28T20:25:43","slug":"vip-nariai","status":"publish","type":"page","link":"https:\/\/miamedic.lt\/en\/vip-nariai\/","title":{"rendered":"VIP members"},"content":{"rendered":"<div data-elementor-type=\"wp-page\" data-elementor-id=\"4280\" class=\"elementor elementor-4280\">\n\t\t\t\t<div class=\"elementor-element elementor-element-5ea090e e-con-full e-flex e-con e-parent\" data-id=\"5ea090e\" data-element_type=\"container\" data-e-type=\"container\">\n\t\t\t\t<div class=\"elementor-element elementor-element-ace07a3 elementor-widget elementor-widget-ideapark-page-header\" data-id=\"ace07a3\" data-element_type=\"widget\" data-e-type=\"widget\" data-widget_type=\"ideapark-page-header.default\">\n\t\t\t\t<div class=\"elementor-widget-container\">\n\t\t\t\t\t\t<header\n\t\tclass=\"l-section c-page-header c-page-header--header-type-4 c-page-header--default c-page-header--low\"\n\t\t>\n\n\t\t\t\t\t<div class=\"c-page-header__wrap\">\n\t\t\t\t\t\t\t\t\t<h1 class=\"c-page-header__title\">VIP members<\/h1>\n\t\t\t\t\t\t\t<\/div>\n\t\t\t\t\t\t\t<div class=\"c-page-header__spacer\"><\/div>\n\t\t\t<\/header>\n\t\t\t\t<\/div>\n\t\t\t\t<\/div>\n\t\t\t\t<\/div>\n\t\t<div class=\"elementor-element elementor-element-a38ce38 e-flex e-con-boxed e-con e-parent\" data-id=\"a38ce38\" data-element_type=\"container\" data-e-type=\"container\">\n\t\t\t\t\t<div class=\"e-con-inner\">\n\t\t\t\t<div class=\"elementor-element elementor-element-39346a2 elementor-widget elementor-widget-ideapark-heading\" data-id=\"39346a2\" data-element_type=\"widget\" data-e-type=\"widget\" data-widget_type=\"ideapark-heading.default\">\n\t\t\t\t<div class=\"elementor-widget-container\">\n\t\t\t\t\t<div class=\"c-ip-heading c-ip-heading--medium c-ip-heading--center c-ip-heading--bullet-hide\"><span class=\"c-ip-heading__inner\">VIP members \u2013 loyalty points system<\/span><\/div>\t\t\t\t<\/div>\n\t\t\t\t<\/div>\n\t\t\t\t\t<\/div>\n\t\t\t\t<\/div>\n\t\t<div class=\"elementor-element elementor-element-dade5c8 e-flex e-con-boxed e-con e-parent\" data-id=\"dade5c8\" data-element_type=\"container\" data-e-type=\"container\">\n\t\t\t\t\t<div class=\"e-con-inner\">\n\t\t<div class=\"elementor-element elementor-element-c7ec871 e-con-full e-flex e-con e-child\" data-id=\"c7ec871\" data-element_type=\"container\" data-e-type=\"container\">\n\t\t\t\t<div class=\"elementor-element elementor-element-ca8406a elementor-widget elementor-widget-text-editor\" data-id=\"ca8406a\" data-element_type=\"widget\" data-e-type=\"widget\" data-widget_type=\"text-editor.default\">\n\t\t\t\t<div class=\"elementor-widget-container\">\n\t\t\t\t\t\t\t\t\t<p class=\"translation-block\">When purchasing from 50 euros or more, points are accumulated at a rate of 1 point = 1 euro. (If the cart total is less than 50 euros, no points are collected.) Once 100 points are collected, they can be converted into a 5-euro discount (accordingly, 200 points = 10-euro discount).<\/p><p class=\"translation-block\">A newly registered customer receives <strong>20 points<\/strong>.<\/p><p><strong>Lojalumo programa:<\/strong><\/p><ul><li>Once you collect 300 points, you become an Emerald client \u2013 you receive a 3% discount on every order.<\/li><li>Once you collect 500 points, you become a Diamond client \u2013 you receive a 5% discount on every order.<\/li><li>Once you collect 1000 points, you become a VIP client \u2013 you receive an 8% discount on every order.<\/li><\/ul><p class=\"\" data-start=\"584\" data-end=\"686\">Please note that used loyalty points are non-refundable if the order was not collected or completed.<\/p>\t\t\t\t\t\t\t\t<\/div>\n\t\t\t\t<\/div>\n\t\t\t\t<\/div>\n\t\t<div class=\"elementor-element elementor-element-731dfc4 e-con-full e-flex e-con e-child\" data-id=\"731dfc4\" data-element_type=\"container\" data-e-type=\"container\">\n\t\t\t\t<div class=\"elementor-element elementor-element-0f32d69 elementor-widget elementor-widget-image\" data-id=\"0f32d69\" data-element_type=\"widget\" data-e-type=\"widget\" data-widget_type=\"image.default\">\n\t\t\t\t<div class=\"elementor-widget-container\">\n\t\t\t\t\t\t\t\t\t\t\t\t\t\t\t<img fetchpriority=\"high\" decoding=\"async\" width=\"1160\" height=\"1160\" src=\"https:\/\/miamedic.lt\/wp-content\/uploads\/2025\/04\/PHOTO-2025-04-28-15-42-25-1520x1520.jpg\" class=\"attachment-large size-large wp-image-6714\" alt=\"\" srcset=\"https:\/\/miamedic.lt\/wp-content\/uploads\/2025\/04\/PHOTO-2025-04-28-15-42-25-1520x1520.jpg 1520w, https:\/\/miamedic.lt\/wp-content\/uploads\/2025\/04\/PHOTO-2025-04-28-15-42-25-460x460.jpg 460w, https:\/\/miamedic.lt\/wp-content\/uploads\/2025\/04\/PHOTO-2025-04-28-15-42-25-115x115.jpg 115w, https:\/\/miamedic.lt\/wp-content\/uploads\/2025\/04\/PHOTO-2025-04-28-15-42-25-760x760.jpg 760w, https:\/\/miamedic.lt\/wp-content\/uploads\/2025\/04\/PHOTO-2025-04-28-15-42-25-12x12.jpg 12w, https:\/\/miamedic.lt\/wp-content\/uploads\/2025\/04\/PHOTO-2025-04-28-15-42-25-920x920.jpg 920w, https:\/\/miamedic.lt\/wp-content\/uploads\/2025\/04\/PHOTO-2025-04-28-15-42-25-145x145.jpg 145w, https:\/\/miamedic.lt\/wp-content\/uploads\/2025\/04\/PHOTO-2025-04-28-15-42-25-290x290.jpg 290w, https:\/\/miamedic.lt\/wp-content\/uploads\/2025\/04\/PHOTO-2025-04-28-15-42-25-50x50.jpg 50w, https:\/\/miamedic.lt\/wp-content\/uploads\/2025\/04\/PHOTO-2025-04-28-15-42-25-100x100.jpg 100w, https:\/\/miamedic.lt\/wp-content\/uploads\/2025\/04\/PHOTO-2025-04-28-15-42-25.jpg 1600w\" sizes=\"(max-width: 1160px) 100vw, 1160px\" \/>\t\t\t\t\t\t\t\t\t\t\t\t\t\t\t<\/div>\n\t\t\t\t<\/div>\n\t\t\t\t<\/div>\n\t\t\t\t\t<\/div>\n\t\t\t\t<\/div>\n\t\t<div class=\"elementor-element elementor-element-a3573b8 e-flex e-con-boxed e-con e-parent\" data-id=\"a3573b8\" data-element_type=\"container\" data-e-type=\"container\">\n\t\t\t\t\t<div class=\"e-con-inner\">\n\t\t\t\t\t<\/div>\n\t\t\t\t<\/div>\n\t\t\t\t<section class=\"elementor-section elementor-top-section elementor-element elementor-element-efa3d7e elementor-section-boxed elementor-section-height-default elementor-section-height-default\" data-id=\"efa3d7e\" data-element_type=\"section\" data-e-type=\"section\" data-settings=\"{&quot;background_background&quot;:&quot;classic&quot;}\">\n\t\t\t\t\t\t<div class=\"elementor-container elementor-column-gap-wider\">\n\t\t\t\t\t<div class=\"elementor-column elementor-col-100 elementor-top-column elementor-element elementor-element-0e70026\" data-id=\"0e70026\" data-element_type=\"column\" data-e-type=\"column\">\n\t\t\t<div class=\"elementor-widget-wrap elementor-element-populated\">\n\t\t\t\t\t\t<section class=\"elementor-section elementor-inner-section elementor-element elementor-element-3659861 elementor-section-boxed elementor-section-height-default elementor-section-height-default\" data-id=\"3659861\" data-element_type=\"section\" data-e-type=\"section\">\n\t\t\t\t\t\t<div class=\"elementor-container elementor-column-gap-no\">\n\t\t\t\t\t<div class=\"elementor-column elementor-col-100 elementor-inner-column elementor-element elementor-element-3ba6382\" data-id=\"3ba6382\" data-element_type=\"column\" data-e-type=\"column\">\n\t\t\t<div class=\"elementor-widget-wrap elementor-element-populated\">\n\t\t\t\t\t\t<div class=\"elementor-element elementor-element-f50912d elementor-widget elementor-widget-heading\" data-id=\"f50912d\" data-element_type=\"widget\" data-e-type=\"widget\" data-widget_type=\"heading.default\">\n\t\t\t\t<div class=\"elementor-widget-container\">\n\t\t\t\t\t<div class=\"elementor-heading-title elementor-size-default translation-block\">VIP PATIENT BENEFITS <br> After purchasing services worth 4000 euros or more<\/div>\t\t\t\t<\/div>\n\t\t\t\t<\/div>\n\t\t\t\t\t<\/div>\n\t\t<\/div>\n\t\t\t\t\t<\/div>\n\t\t<\/section>\n\t\t\t\t\t<\/div>\n\t\t<\/div>\n\t\t\t\t\t<\/div>\n\t\t<\/section>\n\t\t<div class=\"elementor-element elementor-element-1a28027 e-flex e-con-boxed e-con e-parent\" data-id=\"1a28027\" data-element_type=\"container\" data-e-type=\"container\">\n\t\t\t\t\t<div class=\"e-con-inner\">\n\t\t\t\t<div class=\"elementor-element elementor-element-34318c7 elementor-widget elementor-widget-ideapark-heading\" data-id=\"34318c7\" data-element_type=\"widget\" data-e-type=\"widget\" data-widget_type=\"ideapark-heading.default\">\n\t\t\t\t<div class=\"elementor-widget-container\">\n\t\t\t\t\t<div class=\"c-ip-heading c-ip-heading--medium c-ip-heading--center c-ip-heading--bullet-hide\"><span class=\"c-ip-heading__inner\">VIP Patient Privileges<\/span><\/div>\t\t\t\t<\/div>\n\t\t\t\t<\/div>\n\t\t\t\t\t<\/div>\n\t\t\t\t<\/div>\n\t\t<div class=\"elementor-element elementor-element-64b5370 e-flex e-con-boxed e-con e-parent\" data-id=\"64b5370\" data-element_type=\"container\" data-e-type=\"container\">\n\t\t\t\t\t<div class=\"e-con-inner\">\n\t\t<div class=\"elementor-element elementor-element-cab3394 e-con-full e-flex e-con e-child\" data-id=\"cab3394\" data-element_type=\"container\" data-e-type=\"container\">\n\t\t\t\t<div class=\"elementor-element elementor-element-5eb46fe elementor-widget elementor-widget-text-editor\" data-id=\"5eb46fe\" data-element_type=\"widget\" data-e-type=\"widget\" data-widget_type=\"text-editor.default\">\n\t\t\t\t<div class=\"elementor-widget-container\">\n\t\t\t\t\t\t\t\t\t<p>Special attention for our loyal customers.<\/p><p>Become a VIP patient and enjoy exclusive benefits that reflect our gratitude for your trust and loyalty.<\/p><p><strong>How to become a VIP client?<\/strong><\/p><p class=\"translation-block\">If you purchase services worth <strong>4000 euros or more<\/strong> (not necessarily in a single purchase) within a calendar year at our clinic, you will automatically be granted <strong>VIP client status<\/strong>.<\/p><p><strong>VIP Client Privileges:<\/strong><\/p><ul><li class=\"translation-block\"><strong>10% discount on all procedures<\/strong> for the entire year<\/li><li><strong>Personal VIP client card<\/strong><\/li><li>Priority booking time.<\/li><li>Exclusive early access to news and limited availability services.<\/li><li>Invitations to exclusive events and presentations.<\/li><\/ul><p>VIP status is valid for 12 months from the moment the limit is reached and is reviewed at the end of each year.<\/p><p>This status is not only a financial benefit but also a sign that we value your loyalty and invite you to become an integral part of our community.<\/p>\t\t\t\t\t\t\t\t<\/div>\n\t\t\t\t<\/div>\n\t\t\t\t<div class=\"elementor-element elementor-element-5537706 elementor-align-center elementor-widget elementor-widget-ideapark-button\" data-id=\"5537706\" data-element_type=\"widget\" data-e-type=\"widget\" data-widget_type=\"ideapark-button.default\">\n\t\t\t\t<div class=\"elementor-widget-container\">\n\t\t\t\t\t\t\t<div class=\"c-ip-button__wrap\">\n\t\t\t<a href=\"https:\/\/miamedic.lt\/en\/my-account\/\" class=\"c-button c-ip-button c-button--default\" role=\"button\">\n\t\t\t\t\t\t\t\t<span class=\"c-ip-button__text\">Register and become a Miamedic VIP member.<\/span>\n\t\t\t\t\t\t\t<\/a>\n\t\t<\/div>\n\t\t\t\t\t\t<\/div>\n\t\t\t\t<\/div>\n\t\t\t\t<\/div>\n\t\t\t\t\t<\/div>\n\t\t\t\t<\/div>\n\t\t\t\t<\/div>","protected":false},"excerpt":{"rendered":"<p>Vip nariai vip nariai &#8211; lojalumo ta\u0161k\u0173 sistema Perkant nuo 50 Eur yra kaupiami ta\u0161kai, kuri\u0173 vert\u0117 1 ta\u0161kas &#8211; 1 Eur&hellip;<\/p>","protected":false},"author":1,"featured_media":0,"parent":0,"menu_order":0,"comment_status":"closed","ping_status":"closed","template":"elementor_header_footer","meta":{"footnotes":""},"class_list":["post-4280","page","type-page","status-publish","hentry"],"_links":{"self":[{"href":"https:\/\/miamedic.lt\/en\/wp-json\/wp\/v2\/pages\/4280","targetHints":{"allow":["GET"]}}],"collection":[{"href":"https:\/\/miamedic.lt\/en\/wp-json\/wp\/v2\/pages"}],"about":[{"href":"https:\/\/miamedic.lt\/en\/wp-json\/wp\/v2\/types\/page"}],"author":[{"embeddable":true,"href":"https:\/\/miamedic.lt\/en\/wp-json\/wp\/v2\/users\/1"}],"replies":[{"embeddable":true,"href":"https:\/\/miamedic.lt\/en\/wp-json\/wp\/v2\/comments?post=4280"}],"version-history":[{"count":55,"href":"https:\/\/miamedic.lt\/en\/wp-json\/wp\/v2\/pages\/4280\/revisions"}],"predecessor-version":[{"id":7481,"href":"https:\/\/miamedic.lt\/en\/wp-json\/wp\/v2\/pages\/4280\/revisions\/7481"}],"wp:attachment":[{"href":"https:\/\/miamedic.lt\/en\/wp-json\/wp\/v2\/media?parent=4280"}],"curies":[{"name":"wp","href":"https:\/\/api.w.org\/{rel}","templated":true}]}}