{"id":4151,"date":"2025-03-14T12:52:12","date_gmt":"2025-03-14T12:52:12","guid":{"rendered":"https:\/\/miamedic.lt\/?page_id=4151"},"modified":"2025-04-28T14:07:34","modified_gmt":"2025-04-28T14:07:34","slug":"pristatymas-ir-grazinimas","status":"publish","type":"page","link":"https:\/\/miamedic.lt\/en\/pristatymas-ir-grazinimas\/","title":{"rendered":"Delivery and returns"},"content":{"rendered":"<div data-elementor-type=\"wp-page\" data-elementor-id=\"4151\" class=\"elementor elementor-4151\">\n\t\t\t\t\t\t<section class=\"elementor-section elementor-top-section elementor-element elementor-element-539f6459 elementor-section-boxed elementor-section-height-default elementor-section-height-default\" data-id=\"539f6459\" data-element_type=\"section\" data-e-type=\"section\">\n\t\t\t\t\t\t<div class=\"elementor-container elementor-column-gap-default\">\n\t\t\t\t\t<div class=\"elementor-column elementor-col-100 elementor-top-column elementor-element elementor-element-2cbd69\" data-id=\"2cbd69\" data-element_type=\"column\" data-e-type=\"column\">\n\t\t\t<div class=\"elementor-widget-wrap elementor-element-populated\">\n\t\t\t\t\t\t<div class=\"elementor-element elementor-element-2a51facc elementor-widget elementor-widget-text-editor\" data-id=\"2a51facc\" data-element_type=\"widget\" data-e-type=\"widget\" data-widget_type=\"text-editor.default\">\n\t\t\t\t<div class=\"elementor-widget-container\">\n\t\t\t\t\t\t\t\t\t<ol><li><strong>Pristatymas Lietuvoje.<\/strong><\/li><\/ol><ul><li>Prek\u0117s pristatomos ir Lietuvoje ir visame pasaulyje. \u201eMiamedic.lt\u201c e-parduotuv\u0117je pateikti u\u017esakymai pristatomi Omniva paslaugomis. Formuojant u\u017esakym\u0105 pasirinkite jums tinkamiausi\u0105 b\u016bd\u0105, kurie pateikti su kainomis.<\/li><li>Preki\u0173 pristatymo terminas. Did\u017ei\u0105j\u0105 dal\u012f siunt\u0173 supakuojame ir i\u0161siun\u010diame t\u0105 pa\u010di\u0105 dien\u0105. Siunt\u0173 pristatymas Lietuvoje u\u017etrunka 1-4 d.d.<\/li><li>Nemokamas pristatymas Lietuvoje perkant u\u017e 80\u20ac.<\/li><li>Atsiemimas vietoje Baltupio g. 65-60, Vilniuje.<\/li><\/ul><ol start=\"2\"><li><strong>Preki\u0173 pristatymas \u012f kitas \u0161alis.<\/strong><\/li><\/ol><ul><li>Prekes siun\u010diame \u012f visas pasaulio \u0161alis \u201cLietuvos pa\u0161tu\u201d. Terminai ir kainos priklauso nuo pasirinktos lokacijos.<\/li><\/ul><ol start=\"3\"><li>\u00a0<strong>Nemokamas preki\u0173 atsi\u0117mimas galimas darbo dienomis bei savaitgaliais adresu: Baltupio g. 65-60, Vilniuje.\u00a0 Atsi\u0117mimas galimas tik sulaukus patvirtinimo \u017einut\u0117s u\u017esakymo formoje pateiktu telefonu.<\/strong><\/li><\/ol><ol start=\"4\"><li><strong>Gr\u0105\u017einimai ir pretenzijos.<\/strong><\/li><\/ol><ul><li>Miamedic yra atsakinga u\u017e prekes, kurios parduodamos https:\/\/miamedic.lt\/ \u00a0E-parduotuv\u0117je.<\/li><li>Gr\u0105\u017einimas galimas per 14 d.d. nuo preki\u0173 gavimo-pristatymo dienos, i\u0161skyrus kosmetikos gaminius.<\/li><li>Pirk\u0117jas gali pasinaudoti preki\u0173 gr\u0105\u017einimo teise, jeigu prek\u0117 nebuvo naudojama, yra nesugadinta, nepraradusi prekin\u0117s i\u0161vaizdos ir laikoma gr\u0105\u017eintina. Gr\u0105\u017einamos prek\u0117s privalo b\u016bti pilnai sukomplektuotos. U\u017e piln\u0105 daikto komplektacij\u0105 ir supakavim\u0105 atsako Pirk\u0117jas. Jeigu prek\u0117s n\u0117ra pilnai sukomplektuotos ir tinkamai supakuotos, Pardav\u0117jas arba jo atstovas gali atsisakyti priimti gr\u0105\u017einamas prekes. Prek\u0117s ar jos pakuot\u0117s i\u0161vaizdos pakeitimai, kurie buvo b\u016btini norint ap\u017ei\u016br\u0117ti prek\u0119, nelaikomi esminiais prek\u0117s i\u0161vaizdos pakeitimais.<\/li><li>Kai gr\u0105\u017einama nekokybi\u0161ka prek\u0117, Mes \u012fsipareigojame nekokybi\u0161k\u0105 prek\u0119 pakeisti analogi\u0161ka kokybi\u0161ka preke. Tuo atveju, kai neturime analogi\u0161kos prek\u0117s, Mes gr\u0105\u017einame Pirk\u0117jui u\u017e prek\u0119 sumok\u0117tus pinigus.<\/li><li>Gr\u0105\u017einimo i\u0161laidas (siuntim\u0105) padengia Pirk\u0117jas, i\u0161skyrus atvejus, kai prek\u0117 gr\u0105\u017einama d\u0117l broko, blogos kokyb\u0117s ar neatitikimo pagal u\u017esakymo numer\u012f.<\/li><li>U\u017e prekes atsiskai\u010dius dovan\u0173 kupono l\u0117\u0161omis, u\u017esakymo gr\u0105\u017einimo atveju pinigai gr\u0105\u017einami tik dovan\u0173 kupono pavidalu: Pirk\u0117jas gauna nauj\u0105, gr\u0105\u017eintinos u\u017esakymo vert\u0117s dovan\u0173 kupon\u0105.<\/li><li>Norint gr\u0105\u017einti prekes pra\u0161ome laisva forma u\u017epildyti preki\u0173 gr\u0105\u017einimo pra\u0161ym\u0105 ir atsi\u0173sti mums el. pa\u0161tu: info@miamedic.lt<\/li><\/ul><p><!-- \/wp:heading --><\/p>\t\t\t\t\t\t\t\t<\/div>\n\t\t\t\t<\/div>\n\t\t\t\t\t<\/div>\n\t\t<\/div>\n\t\t\t\t\t<\/div>\n\t\t<\/section>\n\t\t\t\t<\/div>","protected":false},"excerpt":{"rendered":"<p>Pristatymas Lietuvoje. Prek\u0117s pristatomos ir Lietuvoje ir visame pasaulyje. \u201eMiamedic.lt\u201c e-parduotuv\u0117je pateikti u\u017esakymai pristatomi Omniva paslaugomis. Formuojant u\u017esakym\u0105 pasirinkite jums tinkamiausi\u0105 b\u016bd\u0105,&hellip;<\/p>","protected":false},"author":1,"featured_media":0,"parent":0,"menu_order":0,"comment_status":"closed","ping_status":"closed","template":"","meta":{"footnotes":""},"class_list":["post-4151","page","type-page","status-publish","hentry"],"_links":{"self":[{"href":"https:\/\/miamedic.lt\/en\/wp-json\/wp\/v2\/pages\/4151","targetHints":{"allow":["GET"]}}],"collection":[{"href":"https:\/\/miamedic.lt\/en\/wp-json\/wp\/v2\/pages"}],"about":[{"href":"https:\/\/miamedic.lt\/en\/wp-json\/wp\/v2\/types\/page"}],"author":[{"embeddable":true,"href":"https:\/\/miamedic.lt\/en\/wp-json\/wp\/v2\/users\/1"}],"replies":[{"embeddable":true,"href":"https:\/\/miamedic.lt\/en\/wp-json\/wp\/v2\/comments?post=4151"}],"version-history":[{"count":10,"href":"https:\/\/miamedic.lt\/en\/wp-json\/wp\/v2\/pages\/4151\/revisions"}],"predecessor-version":[{"id":6772,"href":"https:\/\/miamedic.lt\/en\/wp-json\/wp\/v2\/pages\/4151\/revisions\/6772"}],"wp:attachment":[{"href":"https:\/\/miamedic.lt\/en\/wp-json\/wp\/v2\/media?parent=4151"}],"curies":[{"name":"wp","href":"https:\/\/api.w.org\/{rel}","templated":true}]}}