{"id":4146,"date":"2025-03-14T12:50:57","date_gmt":"2025-03-14T12:50:57","guid":{"rendered":"https:\/\/miamedic.lt\/?page_id=4146"},"modified":"2025-04-28T14:08:55","modified_gmt":"2025-04-28T14:08:55","slug":"taisykles-ir-salygos","status":"publish","type":"page","link":"https:\/\/miamedic.lt\/en\/taisykles-ir-salygos\/","title":{"rendered":"Terms and conditions"},"content":{"rendered":"<div data-elementor-type=\"wp-page\" data-elementor-id=\"4146\" class=\"elementor elementor-4146\">\n\t\t\t\t\t\t<section class=\"elementor-section elementor-top-section elementor-element elementor-element-eb5b403 elementor-section-boxed elementor-section-height-default elementor-section-height-default\" data-id=\"eb5b403\" data-element_type=\"section\" data-e-type=\"section\">\n\t\t\t\t\t\t<div class=\"elementor-container elementor-column-gap-default\">\n\t\t\t\t\t<div class=\"elementor-column elementor-col-100 elementor-top-column elementor-element elementor-element-12c7f01b\" data-id=\"12c7f01b\" data-element_type=\"column\" data-e-type=\"column\">\n\t\t\t<div class=\"elementor-widget-wrap elementor-element-populated\">\n\t\t\t\t\t\t<div class=\"elementor-element elementor-element-1708c35e elementor-widget elementor-widget-text-editor\" data-id=\"1708c35e\" data-element_type=\"widget\" data-e-type=\"widget\" data-widget_type=\"text-editor.default\">\n\t\t\t\t<div class=\"elementor-widget-container\">\n\t\t\t\t\t\t\t\t\t<p><strong>1. Bendrosios nuostatos<\/strong><\/p><p>1.1. \u0160ios preki\u0173 pirkimo ir pardavimo taisykl\u0117s (toliau \u2013 Taisykl\u0117s) nustato asmens, \u012fsigyjan\u010dio prekes elektronin\u0117je parduotuv\u0117je miamedic.lt (toliau \u2013 Pirk\u0117jas), ir (MB rcosmetology), (toliau \u2013 Pardav\u0117jas) tarpusavio teises, pareigas ir atsakomyb\u0119.<\/p><p>1.2. \u0160iomis Taisykl\u0117mis yra \u012ftvirtinamas preki\u0173 pirkimas \u2013 pardavimas, kuris yra atliekamas internetin\u0117je svetain\u0117je (parduotuv\u0117je) miamedic.lt.<\/p><p>1.3. \u0160ios Preki\u0173 pirkimo \u2013 pardavimo Taisykl\u0117s turi toki\u0105 pa\u010di\u0105 teisin\u0119 gali\u0105 kaip ir sutartis.<\/p><p>1.4. Pirkimo \u2013 pardavimo proces\u0105, pirk\u0117jo bei pardav\u0117jo teises ir pareigas nustato visose internetin\u0117s svetain\u0117s (parduotuv\u0117s) miamedic.lt skiltyse pateiktos taisykl\u0117s ir kita su preki\u0173 pirkimu ir pristatymu susijusi informacija.<\/p><p>1.5. Pasira\u0161ydamas \u0161ias Taisykles (tai yra pa\u017eym\u0117j\u0119s varnele langel\u012f su \u017eod\u017eiais \u201eA\u0161 sutinku su Paslaug\u0173 teikimo s\u0105lygomis\u201c ar paspausdamas \u201ePatvirtinti u\u017esakym\u0105\u201c ) Pirk\u0117jas patvirtina, kad jis perskait\u0117 Taisykles, suprato j\u0173 nuostatas bei sutiko su Taisykl\u0117mis. Jeigu Pirk\u0117jas neperskait\u0117 ir (ar) nesuprato Taisykli\u0173 nuostat\u0173 ir (ar) nesutiko su jomis \u2013 jis neturi teis\u0117s \u012fsigyti joki\u0173 preki\u0173 internetin\u0117je (parduotuv\u0117je) miamedic.lt.<\/p><p>1.6. Pirk\u0117jas patvirtina suprant\u0105s, kad pa\u017eym\u0117j\u0119s varnele langel\u012f su \u201eA\u0161 sutinku su Paslaug\u0173 teikimo s\u0105lygomis\u201c ar paspausdamas \u201ePatvirtinti u\u017esakym\u0105\u201c, patvirtina (pasira\u0161o) teisines pasekmes sukelian\u010di\u0105 civilin\u0119 sutart\u012f.<\/p><p>1.7. \u0160ios Taisykl\u0117s yra abiems \u0161alims privalomas teisinis dokumentas, kuriame nustatomos Pirk\u0117jo ir Pardav\u0117jo teis\u0117s bei pareigos, preki\u0173 \u012fsigijimo bei apmok\u0117jimo u\u017e jas s\u0105lygos, preki\u0173 pristatymo ir gr\u0105\u017einimo tvarka, \u0161ali\u0173 atsakomyb\u0117 bei kitos preki\u0173 pirkimo \u2013 pardavimo nuostatos internetin\u0117je svetain\u0117je (parduotuv\u0117je) miamedic.lt.<\/p><p>1.8. Atsi\u017evelgdamas \u012f LR teis\u0117s aktus, Pardav\u0117jas gali bet kuriuo metu pakeisti, taisyti ar papildyti Taisykles.<\/p><p><strong>2. Taisykli\u0173 objektas<\/strong><\/p><p>2.1. \u0160iomis Taisykl\u0117mis Pardav\u0117jas \u012fsipareigoja perduoti \u201eU\u017esakyme\u201c (tai yra elektroniniame preki\u0173 s\u0105ra\u0161e, \u012f kur\u012f Pirk\u0117jas \u012ftrauk\u0117 prekes, kurias nori \u012fsigyti i\u0161 Pardav\u0117jo) (toliau \u2013 \u201eU\u017esakymas\u201c) nurodytas prekes (toliau \u2013 \u201ePrek\u0117s\u201c) Pirk\u0117jo nuosavyb\u0117n, o Pirk\u0117jas \u012fsipareigoja priimti Prekes ir sumok\u0117ti u\u017e jas U\u017esakyme nustatyt\u0105 kain\u0105.<\/p><p>2.2. Pirk\u0117jas Prekes u\u017esisako vadovaudamasis internetin\u0117je svetain\u0117je (parduotuv\u0117je) miamedic.lt pateiktomis taisykl\u0117mis ir s\u0105lygomis. \u0160ie nurodymai yra neatskiriama \u0161i\u0173 Taisykli\u0173 dalis.<\/p><p>2.3. Preki\u0173 nuosavyb\u0117s teis\u0117 Pirk\u0117jui perduodama nuo j\u0173 faktinio perdavimo Pirk\u0117jui, ar jo \u012fgaliotam atstovui, momento.<\/p><p><strong>3. Pirk\u0117jo teis\u0117s<\/strong><\/p><p>3.1. Pirk\u0117jas turi teis\u0119 \u0161i\u0173 Taisykli\u0173 nustatyta tvarka atlikti visus veiksmus susijusius su prek\u0117s \u012fsigijimu miamedic.lt elektronin\u0117je parduotuv\u0117je.<\/p><p>3.2. Pirk\u0117jas turi teis\u0119 atsisakyti preki\u0173 pirkimo \u2013 pardavimo sutarties, sudarytos su miamedic.lt elektronine parduotuve, prane\u0161damas apie tai Pardav\u0117jui ra\u0161tu (elektroniniu pa\u0161tu, nurodant pageidaujam\u0105 gr\u0105\u017einti prek\u0119 ir jos u\u017esakymo numer\u012f) ne v\u0117liau kaip per 7 (septynias) darbo dienas nuo daikto pristatymo dienos, tik tuo atveju, jei prek\u0117 yra nekokybi\u0161ka ar pa\u017eeista.<\/p><p>3.3. Taisykli\u0173 3.2. punkte numatyta Pirk\u0117jo teis\u0117 \u012fgyvendinama vadovaujantis \u016bkio ministro 2001 m. rugpj\u016b\u010dio 17 d. \u012fsakymu Nr. 258 patvirtintomis \u201eDaikt\u0173 pardavimo ir paslaug\u0173 teikimo, kai sutartys sudaromos naudojant ry\u0161io priemones, taisykl\u0117mis\u201d.<\/p><p>3.4. Taisykli\u0173 3.2. punkte numatyta teise Pirk\u0117jas gali pasinaudoti tik tuo atveju, jeigu prek\u0117 nebuvo sugadinta arba i\u0161 esm\u0117s nepasikeit\u0117 jos i\u0161vaizda, taip pat ji nebuvo naudojama.<\/p><p><strong>4. Pirk\u0117jo \u012fsipareigojimai<\/strong><\/p><p>4.1. Pirk\u0117jas privalo sumok\u0117ti u\u017e prekes ir priimti jas internetin\u0117s svetain\u0117s (parduotuv\u0117s) miamedic.lt Taisykli\u0173 nustatyta tvarka.<\/p><p>4.2. Pirk\u0117jas \u012fsipareigoja neperduoti tretiesiems asmenims savo prisijungimo internetin\u0117s svetain\u0117s (parduotuv\u0117s) miamedic.lt duomen\u0173. Pirk\u0117jui ty\u010dia arba nety\u010dia perdavus savo prisijungimo duomenis tretiesiems asmenims, Pardav\u0117jas neatsako u\u017e tre\u010di\u0173j\u0173 asmen\u0173 veiksmus bei t\u0173 veiksm\u0173 pasekmes.<\/p><p><strong>5. Pardav\u0117jo teis\u0117s<\/strong><\/p><p>5.1. Pardav\u0117jas turi teis\u0119 i\u0161 anksto neprane\u0161\u0119s Pirk\u0117jui anuliuoti jo u\u017esakym\u0105, jeigu Pirk\u0117jas nesumoka u\u017e u\u017esakytas prekes per 3 (tris) kalendorines dienas.<\/p><p>5.2. Pardav\u0117jas turi teis\u0119 anuliuoti u\u017esakym\u0105 ar jo dal\u012f ir gr\u0105\u017einti Pirk\u0117jui jo sumok\u0117t\u0105 pinig\u0173 sum\u0105, jei d\u0117l technin\u0117s ar tre\u010di\u0173 \u0161ali\u0173 kalt\u0117s internetin\u0117je svetain\u0117je (parduotuv\u0117je) miamedic.lt buvo klaidingai nurodytos u\u017esakyt\u0173 Preki\u0173 kainos, arba jei per laik\u0105 nuo U\u017esakymo patvirtinimo iki apmok\u0117jimo patvirtinimo atsirado u\u017esakyt\u0173 Preki\u0173 kain\u0173 pokytis, arba jei u\u017esakyt\u0173 Preki\u0173 pristatymas yra ne\u012fmanomas.<\/p><p><strong>6. Pardav\u0117jo \u012fsipareigojimai<\/strong><\/p><p>6.1. Pardav\u0117jas \u012fsipareigoja gerbti Pirk\u0117jo privatumo teis\u0119 \u012f jam priklausan\u010di\u0105 asmenin\u0119 informacij\u0105, nurodyt\u0105 internetin\u0117s svetain\u0117s (parduotuv\u0117s) registracijos formoje, i\u0161skyrus Lietuvos Respublikos \u012fstatymuose ir \u201eTaisykl\u0117se d\u0117l asmens duomen\u0173 apsaugos\u201c nustatytus atvejus.<\/p><p>6.2. U\u017esakytos prek\u0117s internetu turi b\u016bti pristatytos Pirk\u0117jui nurodytu adresu Pristatymo taisykl\u0117se nurodytomis s\u0105lygomis.<\/p><p>6.3. Pardav\u0117jas, d\u0117l svarbi\u0173 aplinkybi\u0173 negal\u0117damas pristatyti Pirk\u0117jui u\u017esakytos prek\u0117s, \u012fsipareigoja pasi\u016blyti analogi\u0161k\u0105 ar kiek \u012fmanoma savo savyb\u0117mis pana\u0161i\u0105 prek\u0119. Pirk\u0117jui atsisakius priimti analogi\u0161k\u0105 ar savo savyb\u0117mis pana\u0161i\u0105 prek\u0119, Pardav\u0117jas \u012fsipareigoja gr\u0105\u017einti Pirk\u0117jui sumok\u0117tus pinigus per 5 (penkias) darbo dienas, jeigu buvo atliktas i\u0161ankstinis apmok\u0117jimas.<\/p><p>6.4. Jei Pirk\u0117jas pasinaudojo papildoma nuolaida (pvz. nemokamas pristatymas) ir v\u0117liau at\u0161auk\u0117 arba gr\u0105\u017eino bent vien\u0105 prek\u0119, Pardav\u0117jas pasilieka teis\u0119 i\u0161 Pirk\u0117jui gr\u0105\u017einamos sumos i\u0161skai\u010diuoti suteikt\u0105 papildomos nuolaidos sum\u0105. Pavyzd\u017eiui, perkant preki\u0173 u\u017e 35 eurus ir daugiau, automati\u0161kai yra suteikiama nemokamo pristatymo paslauga, ta\u010diau jei Pirk\u0117jas at\u0161aukia arba gr\u0105\u017eina vien\u0105 ar daugiau preki\u0173 ir likusi\u0173 preki\u0173 u\u017esakymo suma nesiekia 35 eur\u0173, tuomet pritaikyta nemokamo pristatymo paslauga yra at\u0161aukiama ir pristatymo kaina yra i\u0161skai\u010diuojama i\u0161 gr\u0105\u017einamos sumos.<\/p><p><strong>7. Preki\u0173 apmok\u0117jimo tvarka<\/strong><\/p><p>7.1. Preki\u0173 kainos elektronin\u0117je parduotuv\u0117je ir suformuotame u\u017esakyme nurodomos eurais su PVM.<\/p><p>7.2. Pirk\u0117jas \u012fsipareigoja Pardav\u0117jui tinkamai sumok\u0117ti Sutarties kain\u0105 vienu i\u0161 Pardav\u0117jo si\u016blom\u0173 b\u016bd\u0173, prie\u0161 Pardav\u0117jui pradedant vykdyti Preki\u0173 pristatymo proced\u016br\u0105.<\/p><p>7.3. Pirk\u0117jas atsiskaito u\u017e prekes vienu i\u0161 \u0161i\u0173 b\u016bd\u0173:<\/p><p>7.3.1. Atsiskaityti galima naudojantis Swedbank, Seb, Luminor, Citadele ir S\u030ciauliu\u0328 bankas elektronine\u0307s bankininkyste\u0307s paslaugomis. Atsiskaitymai galimi euro valiuta. Moke\u0307jimai apdorojami naudojantis MakeCommerce.lt moke\u0307jimu\u0328 platforma.<\/p><p>7.3.2. Apmok\u0117jimas banko pavedimu \u2013 tai i\u0161ankstinis apmok\u0117jimas, kai Pirk\u0117jas, perveda pinigus \u012f miamedic.lt \u00a0valdytojo banko s\u0105skait\u0105.<\/p><p>7.4. Atsiskaitydamas 7.3.1., 7.3.2. punktuose numatytais apmok\u0117jimo b\u016bdais, tik gavus apmok\u0117jim\u0105 u\u017e prekes Pardav\u0117jas pradeda formuoti preki\u0173 siuntim\u0105 ir pradedamas skai\u010diuoti preki\u0173 pristatymo terminas.<\/p><p><strong>8. Preki\u0173 pristatymas<\/strong><\/p><p>8.1. Pirk\u0117jas, u\u017esakydamas prekes, \u012fsipareigoja nurodyti preki\u0173 pristatymo viet\u0105 bei kontaktinio telefono numer\u012f.<\/p><p>8.2. Pirk\u0117jas \u012fsipareigoja prekes priimti pats. Tuo atveju, kai jis preki\u0173 priimti negali, o prek\u0117s pristatytos nurodytu adresu ar remiantis kitais Pirk\u0117jo pateiktais duomenimis, Pirk\u0117jas neturi teis\u0117s reik\u0161ti Pardav\u0117jui pretenzij\u0173 d\u0117l preki\u0173 pristatymo netinkamam subjektui.<\/p><p>8.3. Prekes pristato Pardav\u0117jas arba jo \u012fgaliotas atstovas.<\/p><p>8.4. Pardav\u0117jas \u012fsipareigoja pristatyti prekes Pirk\u0117jui laikydamasis preki\u0173 apra\u0161ymuose nurodyt\u0173 termin\u0173. \u0160ie terminai netaikomi tais atvejais, kai Pardav\u0117jo sand\u0117lyje n\u0117ra reikiam\u0173 preki\u0173, o Pirk\u0117jas informuojamas apie jo u\u017esakyt\u0173 preki\u0173 tr\u016bkum\u0105. Kartu Pirk\u0117jas sutinka, jog i\u0161imtinais atvejais preki\u0173 pristatymas gali v\u0117luoti d\u0117l nenumatyt\u0173, nuo Pardav\u0117jo nepriklausan\u010di\u0173 aplinkybi\u0173. Tokiu atveju Pardav\u0117jas \u012fsipareigoja nedelsiant susisiekti su Pirk\u0117ju ir suderinti preki\u0173 pristatymo klausimus.<\/p><p>8.5. Visais atvejais Pardav\u0117jas atleid\u017eiamas nuo atsakomyb\u0117s u\u017e preki\u0173 pristatymo termin\u0173 pa\u017eeidim\u0105, jeigu prek\u0117s Pirk\u0117jui n\u0117ra pristatomos arba pristatomos ne laiku d\u0117l Pirk\u0117jo kalt\u0117s arba d\u0117l nuo Pirk\u0117jo priklausan\u010di\u0173 aplinkybi\u0173.<\/p><p>8.6. Preki\u0173 pristatymo metu Pirk\u0117jas privalo patikrinti siuntos b\u016bkl\u0119. Pirk\u0117jui i\u0161 karto (per 6val.) neprane\u0161us apie siuntos bukl\u0119, laikoma, kad siunta yra perduota tinkamos b\u016bkl\u0117s. Pasteb\u0117j\u0119s, kad pristatytos siuntos pakuot\u0117 pa\u017eeista (\u0161lapia ar kitaip i\u0161ori\u0161kai pa\u017eeista), Pirk\u0117jas privalo el. pa\u0161tu atsi\u0173sti siuntos nuotrauk\u0105, kuri \u012frodyt\u0173, kad siunta yra pa\u017eeista. Pirk\u0117jui neatlikus \u0161i\u0173 veiksm\u0173, Pardav\u0117jas yra atleid\u017eiamas nuo atsakomyb\u0117s prie\u0161 Pirk\u0117j\u0105 d\u0117l preki\u0173 pa\u017eeidim\u0173, jeigu tokie pa\u017eeidimai buvo s\u0105lygoti pakuot\u0117s pa\u017eeidim\u0173, kuri\u0173 Pirk\u0117jas nepa\u017eym\u0117jo auk\u0161\u010diau nustatyta tvarka.<\/p><p>8.7. Tuo atveju, kai Pirk\u0117jas, remdamasis Taisykli\u0173 3.2. punktu, atsisako pirkimo \u2013 pardavimo sutarties, jam tenka pareiga apmok\u0117ti visas tiesiogines preki\u0173 gr\u0105\u017einimo Pardav\u0117jui i\u0161laidas, vadovaujantis miamedic.lt puslapyje nurodytais transportavimo \u012fkainiais. \u0160i\u0173 Pardav\u0117jo i\u0161laid\u0173 suma i\u0161skai\u010diuojama i\u0161 gr\u0105\u017eintin\u0173 Pirk\u0117jui u\u017e prek\u0119(-es) sumok\u0117t\u0173 pinig\u0173. Jeigu \u012fskaitymas nepadengia viso Pardav\u0117jo reikalavimo, t.y. Pardav\u0117jo patirtos preki\u0173 gr\u0105\u017einimo i\u0161laidos vir\u0161ija gr\u0105\u017einamos(\u0173) prek\u0117s(-i\u0173) vert\u0119, Pirk\u0117jas \u012fsipareigoja per 15 (penkiolika) dien\u0173 sumok\u0117ti Pardav\u0117jui likusi\u0105 sum\u0105.<\/p><p><strong>9. Preki\u0173 kokyb\u0117s garantija ir tinkamumo naudoti terminas<\/strong><\/p><p>9.1. Kiekvienos miamedic.lt elektronin\u0117s parduotuv\u0117s parduodamos prek\u0117s savyb\u0117s bendrai nurodomos prie kiekvienos prek\u0117s esan\u010diame prek\u0117s apra\u0161yme.<\/p><p>9.2. Pardav\u0117jas garantuoja Pirk\u0117jui, kad sutarties sudarymo metu visi perduodami daiktai neturi pasl\u0117pt\u0173 tr\u016bkum\u0173 ir atitinka kokyb\u0117s reikalavimus, tai yra turi tas savybes, kurios b\u016btinos daiktui, kad juo b\u016bt\u0173 galima naudotis pagal \u012fprastin\u0119 ar speciali\u0105 paskirt\u012f.<\/p><p>9.3. Pardav\u0117jas neatsako, kai d\u0117l Pirk\u0117jo naudojamo vaizduoklio ypatybi\u0173, yra netinkamai atvaizduotos miamedic.lt elektronin\u0117je parduotuv\u0117je esan\u010di\u0173 preki\u0173 spalvos, formos ar kiti parametrai.<\/p><p><strong>10. Preki\u0173 gr\u0105\u017einimas ir keitimas<\/strong><\/p><p>10.1. Preki\u0173 gr\u0105\u017einimas vyksta vadovaujantis 2001m. bir\u017eelio 29 d. Lietuvos Respublikos \u016akio ministro \u012fsakymu Nr. 217 \u201cD\u0117l daikt\u0173 gr\u0105\u017einimo ir keitimo taisykli\u0173 patvirtinimo\u201d.<\/p><p>10.2. Pirk\u0117jas gali pasinaudoti \u0161ia teise tik jeigu prek\u0117 nebuvo naudojama, sugadinta, arba jos i\u0161vaizda i\u0161 esm\u0117s nepasikeit\u0117, t.y. prek\u0117s ar jos pakuot\u0117s i\u0161vaizdai buvo padaryti tik tokie pakeitimai, kurie buvo b\u016btini norint ap\u017ei\u016br\u0117ti gaut\u0105 prek\u0119. Pardav\u0117jas turi teis\u0119 atsisakyti priimti atgal prek\u0119 ir gr\u0105\u017einti pinigus, jei buvo padaryti prek\u0117s ar pakuot\u0117s i\u0161vaizdos pakeitimai, kurie buvo neb\u016btini norint ap\u017ei\u016br\u0117ti prek\u0119, \u012fskaitant pa\u017eeistas etiketes.<\/p><p>10.3. Prek\u0117s gr\u0105\u017einamos Pirk\u0117jo s\u0105skaita, i\u0161skyrus atvejus, kai gr\u0105\u017einama gauta ne ta prek\u0117, kai pristatyta prek\u0117 yra nekokybi\u0161ka arba kai Pirk\u0117jas, remdamasis Taisykli\u0173 3.3. punktu, atsisako pirkimo\u2013pardavimo sutarties.<\/p><p><strong>11. \u0160ali\u0173 atsakomyb\u0117<\/strong><\/p><p>11.1.Pirk\u0117jas yra visi\u0161kai atsakingas u\u017e registracijos formoje pateikt\u0173 duomen\u0173 teisingum\u0105. Jei Pirk\u0117jas nepateikia registracijos formoje tiksli\u0173 duomen\u0173, Pardav\u0117jas neatsako u\u017e d\u0117l to atsiradusius padarinius.<\/p><p>11.2. Pardav\u0117jas atleid\u017eiamas nuo bet kokios atsakomyb\u0117s tais atvejais, kai nuostoliai kyla d\u0117l to, jog Pirk\u0117jas, neatsi\u017evelgdamas \u012f Pardav\u0117jo rekomendacijas ir savo \u012fsipareigojimus, nesusipa\u017eino su \u0161iomis Taisykl\u0117mis, nors tokia galimyb\u0117 jam buvo suteikta.<\/p><p>11.3. Jei Pardav\u0117jo internetin\u0117je svetain\u0117je (parduotuv\u0117je) yra nuorodos \u012f kit\u0173 \u012fmoni\u0173, \u012fstaig\u0173, organizacij\u0173 ar asmen\u0173 tinklapius, Pardav\u0117jas n\u0117ra atsakingas u\u017e ten esan\u010di\u0105 informacij\u0105 ar vykdom\u0105 veikl\u0105, t\u0173 tinklapi\u0173 nepri\u017ei\u016bri, nekontroliuoja ir toms \u012fmon\u0117ms bei asmenims neatstovauja.<\/p><p>11.4. Atsiradus \u017ealai, kaltoji \u0161alis atlygina kitai \u0161aliai tiesioginius nuostolius.<\/p><p><strong>12. Nepaprastosios aplinkyb\u0117s<\/strong><\/p><p>12.1. \u0160alys neatsako u\u017e visi\u0161k\u0105 ar dalin\u012f savo \u012fsipareigojim\u0173 pagal \u0161i\u0173 Taisykli\u0173 nevykdym\u0105, jei tai \u012fvyksta d\u0117l nenugalimos j\u0117gos aplinkybi\u0173. \u0160alys nenugalimos j\u0117gos (force majeure) aplinkybes supranta taip, kaip numatyta Lietuvos Respublikos civilinis kodeksas.<\/p><p><strong>13. Pardav\u0117jo taikomos rinkodaros priemon\u0117s<\/strong><\/p><p>13.1. Pardav\u0117jas savo nuo\u017ei\u016bra gali inicijuoti \u012fvairias akcijas internetin\u0117je svetain\u0117je (parduotuv\u0117je).<\/p><p>13.2. Pardav\u0117jas turi teis\u0119 viena\u0161ali\u0161kai, be atskiro \u012fsp\u0117jimo, pakeisti akcij\u0173 s\u0105lygas, taip pat jas panaikinti.<\/p><p><strong>14. Apsikeitimas informacija<\/strong><\/p><p>14.1. Pardav\u0117jas visus prane\u0161imus siun\u010dia Pirk\u0117jo registracijos formoje pateiktu elektroninio pa\u0161to adresu.<\/p><p>14.2. Pirk\u0117jas visus prane\u0161imus ir klausimus siun\u010dia Pardav\u0117jo svetain\u0117s (parduotuv\u0117s) miamedic.lt skyriuje \u201eKontaktai\u201c nurodytomis susisiekimo priemon\u0117mis.<\/p><p>14.3 Pirk\u0117jas, vadovaujantis \u0161iomis taisykl\u0117mis, sutinka, kad jo nurodytu el. pa\u0161to adresu bus siun\u010diami informaciniai prane\u0161imai, b\u016btini preki\u0173 u\u017esakymui, apmok\u0117jimui ir pristatymui \u012fvykdyti, taip pat sutinka, jog jo el. pa\u0161to adresas gali b\u016bti naudojamas tiesiogin\u0117s rinkodaros tikslais.<\/p><p><strong>15. Baigiamosios nuostatos<\/strong><\/p><p>15.1. \u0160ios taisykl\u0117s sudarytos vadovaujantis Lietuvos Respublikos teis\u0117s aktais.<\/p><p>15.2. Visi su \u0161iomis Taisykl\u0117mis susij\u0119 gin\u010dai sprend\u017eiami deryb\u0173 keliu. Nei\u0161sprendus gin\u010do deryb\u0173 keliu per 15 (penkiolika) darbo dien\u0173, gin\u010das sprend\u017eiamas kitais, Lietuvos Respublikos teis\u0117s akt\u0173 nustatytais, b\u016bdais.<\/p><p><!-- \/wp:heading --><\/p>\t\t\t\t\t\t\t\t<\/div>\n\t\t\t\t<\/div>\n\t\t\t\t\t<\/div>\n\t\t<\/div>\n\t\t\t\t\t<\/div>\n\t\t<\/section>\n\t\t\t\t<\/div>","protected":false},"excerpt":{"rendered":"<p>1. Bendrosios nuostatos 1.1. \u0160ios preki\u0173 pirkimo ir pardavimo taisykl\u0117s (toliau \u2013 Taisykl\u0117s) nustato asmens, \u012fsigyjan\u010dio prekes elektronin\u0117je parduotuv\u0117je miamedic.lt (toliau \u2013&hellip;<\/p>","protected":false},"author":1,"featured_media":0,"parent":0,"menu_order":0,"comment_status":"closed","ping_status":"closed","template":"","meta":{"footnotes":""},"class_list":["post-4146","page","type-page","status-publish","hentry"],"_links":{"self":[{"href":"https:\/\/miamedic.lt\/en\/wp-json\/wp\/v2\/pages\/4146","targetHints":{"allow":["GET"]}}],"collection":[{"href":"https:\/\/miamedic.lt\/en\/wp-json\/wp\/v2\/pages"}],"about":[{"href":"https:\/\/miamedic.lt\/en\/wp-json\/wp\/v2\/types\/page"}],"author":[{"embeddable":true,"href":"https:\/\/miamedic.lt\/en\/wp-json\/wp\/v2\/users\/1"}],"replies":[{"embeddable":true,"href":"https:\/\/miamedic.lt\/en\/wp-json\/wp\/v2\/comments?post=4146"}],"version-history":[{"count":19,"href":"https:\/\/miamedic.lt\/en\/wp-json\/wp\/v2\/pages\/4146\/revisions"}],"predecessor-version":[{"id":6778,"href":"https:\/\/miamedic.lt\/en\/wp-json\/wp\/v2\/pages\/4146\/revisions\/6778"}],"wp:attachment":[{"href":"https:\/\/miamedic.lt\/en\/wp-json\/wp\/v2\/media?parent=4146"}],"curies":[{"name":"wp","href":"https:\/\/api.w.org\/{rel}","templated":true}]}}