{"id":12132,"date":"2025-10-20T21:48:45","date_gmt":"2025-10-20T21:48:45","guid":{"rendered":"https:\/\/miamedic.lt\/?page_id=12132"},"modified":"2025-10-20T21:49:26","modified_gmt":"2025-10-20T21:49:26","slug":"inhibino-b-nustatymas","status":"publish","type":"page","link":"https:\/\/miamedic.lt\/en\/inhibino-b-nustatymas\/","title":{"rendered":"Inhibino B nustatymas"},"content":{"rendered":"<div data-elementor-type=\"wp-page\" data-elementor-id=\"12132\" class=\"elementor elementor-12132\">\n\t\t\t\t<div class=\"elementor-element elementor-element-175fa3c7 e-flex e-con-boxed e-con e-parent\" data-id=\"175fa3c7\" data-element_type=\"container\" data-e-type=\"container\">\n\t\t\t\t\t<div class=\"e-con-inner\">\n\t\t<div class=\"elementor-element elementor-element-3d00daa7 e-con-full e-flex e-con e-child\" data-id=\"3d00daa7\" data-element_type=\"container\" data-e-type=\"container\">\n\t\t\t\t<div class=\"elementor-element elementor-element-6d50ce42 elementor-widget elementor-widget-image\" data-id=\"6d50ce42\" data-element_type=\"widget\" data-e-type=\"widget\" data-widget_type=\"image.default\">\n\t\t\t\t<div class=\"elementor-widget-container\">\n\t\t\t\t\t\t\t\t\t\t\t\t\t\t\t<img fetchpriority=\"high\" decoding=\"async\" width=\"1800\" height=\"1800\" src=\"https:\/\/miamedic.lt\/wp-content\/uploads\/2025\/10\/laboratoriniai-tyrimai-miamedic.png\" class=\"attachment-full size-full wp-image-11572\" alt=\"laboratoriniai tyrimai miamedic\" srcset=\"https:\/\/miamedic.lt\/wp-content\/uploads\/2025\/10\/laboratoriniai-tyrimai-miamedic.png 1800w, https:\/\/miamedic.lt\/wp-content\/uploads\/2025\/10\/laboratoriniai-tyrimai-miamedic-460x460.png 460w, https:\/\/miamedic.lt\/wp-content\/uploads\/2025\/10\/laboratoriniai-tyrimai-miamedic-1520x1520.png 1520w, https:\/\/miamedic.lt\/wp-content\/uploads\/2025\/10\/laboratoriniai-tyrimai-miamedic-115x115.png 115w, https:\/\/miamedic.lt\/wp-content\/uploads\/2025\/10\/laboratoriniai-tyrimai-miamedic-760x760.png 760w, https:\/\/miamedic.lt\/wp-content\/uploads\/2025\/10\/laboratoriniai-tyrimai-miamedic-12x12.png 12w, https:\/\/miamedic.lt\/wp-content\/uploads\/2025\/10\/laboratoriniai-tyrimai-miamedic-920x920.png 920w, https:\/\/miamedic.lt\/wp-content\/uploads\/2025\/10\/laboratoriniai-tyrimai-miamedic-145x145.png 145w, https:\/\/miamedic.lt\/wp-content\/uploads\/2025\/10\/laboratoriniai-tyrimai-miamedic-290x290.png 290w, https:\/\/miamedic.lt\/wp-content\/uploads\/2025\/10\/laboratoriniai-tyrimai-miamedic-50x50.png 50w, https:\/\/miamedic.lt\/wp-content\/uploads\/2025\/10\/laboratoriniai-tyrimai-miamedic-100x100.png 100w\" sizes=\"(max-width: 1800px) 100vw, 1800px\" \/>\t\t\t\t\t\t\t\t\t\t\t\t\t\t\t<\/div>\n\t\t\t\t<\/div>\n\t\t\t\t<\/div>\n\t\t<div class=\"elementor-element elementor-element-711fd85b e-con-full e-flex e-con e-child\" data-id=\"711fd85b\" data-element_type=\"container\" data-e-type=\"container\">\n\t\t\t\t<div class=\"elementor-element elementor-element-3198addc elementor-widget elementor-widget-ideapark-heading\" data-id=\"3198addc\" data-element_type=\"widget\" data-e-type=\"widget\" data-widget_type=\"ideapark-heading.default\">\n\t\t\t\t<div class=\"elementor-widget-container\">\n\t\t\t\t\t<div class=\"c-ip-heading c-ip-heading--small c-ip-heading--center c-ip-heading--bullet-hide\"><span class=\"c-ip-heading__inner\">LABORATORINIAI TYRIMAI<\/span><\/div>\t\t\t\t<\/div>\n\t\t\t\t<\/div>\n\t\t\t\t<div class=\"elementor-element elementor-element-61eb055f elementor-widget elementor-widget-ideapark-heading\" data-id=\"61eb055f\" data-element_type=\"widget\" data-e-type=\"widget\" data-widget_type=\"ideapark-heading.default\">\n\t\t\t\t<div class=\"elementor-widget-container\">\n\t\t\t\t\t<div class=\"c-ip-heading c-ip-heading--medium c-ip-heading--center c-ip-heading--bullet-hide\"><span class=\"c-ip-heading__inner\">Inhibino B nustatymas<\/span><\/div>\t\t\t\t<\/div>\n\t\t\t\t<\/div>\n\t\t\t\t<div class=\"elementor-element elementor-element-4848712a elementor-widget elementor-widget-ideapark-heading\" data-id=\"4848712a\" data-element_type=\"widget\" data-e-type=\"widget\" data-widget_type=\"ideapark-heading.default\">\n\t\t\t\t<div class=\"elementor-widget-container\">\n\t\t\t\t\t<div class=\"c-ip-heading c-ip-heading--medium c-ip-heading--center c-ip-heading--bullet-hide\"><span class=\"c-ip-heading__inner\">Prek\u0117s kodas: 18950<\/span><\/div>\t\t\t\t<\/div>\n\t\t\t\t<\/div>\n\t\t<div class=\"elementor-element elementor-element-2cca5041 e-con-full e-flex e-con e-child\" data-id=\"2cca5041\" data-element_type=\"container\" data-e-type=\"container\">\n\t\t<div class=\"elementor-element elementor-element-7fe19e12 e-con-full e-flex e-con e-child\" data-id=\"7fe19e12\" data-element_type=\"container\" data-e-type=\"container\" data-settings=\"{&quot;background_background&quot;:&quot;classic&quot;}\">\n\t\t\t\t<div class=\"elementor-element elementor-element-61ffa09d elementor-widget elementor-widget-heading\" data-id=\"61ffa09d\" data-element_type=\"widget\" data-e-type=\"widget\" data-widget_type=\"heading.default\">\n\t\t\t\t<div class=\"elementor-widget-container\">\n\t\t\t\t\t<h2 class=\"elementor-heading-title elementor-size-default\">110,00 \u20ac<\/h2>\t\t\t\t<\/div>\n\t\t\t\t<\/div>\n\t\t\t\t<\/div>\n\t\t\t\t<\/div>\n\t\t<div class=\"elementor-element elementor-element-4268a382 e-con-full e-flex e-con e-child\" data-id=\"4268a382\" data-element_type=\"container\" data-e-type=\"container\">\n\t\t\t\t<div class=\"elementor-element elementor-element-5e9c54d elementor-view-default elementor-position-block-start elementor-mobile-position-block-start elementor-widget elementor-widget-icon-box\" data-id=\"5e9c54d\" data-element_type=\"widget\" data-e-type=\"widget\" data-widget_type=\"icon-box.default\">\n\t\t\t\t<div class=\"elementor-widget-container\">\n\t\t\t\t\t\t\t<div class=\"elementor-icon-box-wrapper\">\n\n\t\t\t\t\t\t<div class=\"elementor-icon-box-icon\">\n\t\t\t\t<span  class=\"elementor-icon\">\n\t\t\t\t<svg aria-hidden=\"true\" class=\"e-font-icon-svg e-fas-info-circle\" viewbox=\"0 0 512 512\" xmlns=\"http:\/\/www.w3.org\/2000\/svg\"><path d=\"M256 8C119.043 8 8 119.083 8 256c0 136.997 111.043 248 248 248s248-111.003 248-248C504 119.083 392.957 8 256 8zm0 110c23.196 0 42 18.804 42 42s-18.804 42-42 42-42-18.804-42-42 18.804-42 42-42zm56 254c0 6.627-5.373 12-12 12h-88c-6.627 0-12-5.373-12-12v-24c0-6.627 5.373-12 12-12h12v-64h-12c-6.627 0-12-5.373-12-12v-24c0-6.627 5.373-12 12-12h64c6.627 0 12 5.373 12 12v100h12c6.627 0 12 5.373 12 12v24z\"><\/path><\/svg>\t\t\t\t<\/span>\n\t\t\t<\/div>\n\t\t\t\n\t\t\t\t\t\t<div class=\"elementor-icon-box-content\">\n\n\t\t\t\t\t\t\t\t\t<h3 class=\"elementor-icon-box-title\">\n\t\t\t\t\t\t<span  >\n\t\t\t\t\t\t\tKraujo pa\u0117mimo mokestis 5,00 \u20ac \t\t\t\t\t\t<\/span>\n\t\t\t\t\t<\/h3>\n\t\t\t\t\n\t\t\t\t\n\t\t\t<\/div>\n\t\t\t\n\t\t<\/div>\n\t\t\t\t\t\t<\/div>\n\t\t\t\t<\/div>\n\t\t\t\t<div class=\"elementor-element elementor-element-272e9249 elementor-align-center elementor-widget elementor-widget-button\" data-id=\"272e9249\" data-element_type=\"widget\" data-e-type=\"widget\" data-widget_type=\"button.default\">\n\t\t\t\t<div class=\"elementor-widget-container\">\n\t\t\t\t\t\t\t\t\t<div class=\"elementor-button-wrapper\">\n\t\t\t\t\t<a class=\"elementor-button elementor-button-link elementor-size-sm\" href=\"https:\/\/serveonline.lt\/cd3f8281-8a3c-4cda-9f55-0d38b44c062b\/company\" target=\"_blank\">\n\t\t\t\t\t\t<span class=\"elementor-button-content-wrapper\">\n\t\t\t\t\t\t\t\t\t<span class=\"elementor-button-text\">REGISTRACIJA INTERNETU<\/span>\n\t\t\t\t\t<\/span>\n\t\t\t\t\t<\/a>\n\t\t\t\t<\/div>\n\t\t\t\t\t\t\t\t<\/div>\n\t\t\t\t<\/div>\n\t\t\t\t<\/div>\n\t\t\t\t<\/div>\n\t\t\t\t\t<\/div>\n\t\t\t\t<\/div>\n\t\t<div class=\"elementor-element elementor-element-4f66cd99 e-flex e-con-boxed e-con e-parent\" data-id=\"4f66cd99\" data-element_type=\"container\" data-e-type=\"container\" data-settings=\"{&quot;background_background&quot;:&quot;classic&quot;}\">\n\t\t\t\t\t<div class=\"e-con-inner\">\n\t\t\t\t<div class=\"elementor-element elementor-element-664444b2 elementor-widget elementor-widget-ideapark-heading\" data-id=\"664444b2\" data-element_type=\"widget\" data-e-type=\"widget\" data-widget_type=\"ideapark-heading.default\">\n\t\t\t\t<div class=\"elementor-widget-container\">\n\t\t\t\t\t<div class=\"c-ip-heading c-ip-heading--medium c-ip-heading--center c-ip-heading--bullet-hide\"><span class=\"c-ip-heading__inner\">TYRIMO APRA\u0160YMAS<\/span><\/div>\t\t\t\t<\/div>\n\t\t\t\t<\/div>\n\t\t\t\t\t<\/div>\n\t\t\t\t<\/div>\n\t\t<div class=\"elementor-element elementor-element-5d0f4b6 e-flex e-con-boxed e-con e-parent\" data-id=\"5d0f4b6\" data-element_type=\"container\" data-e-type=\"container\">\n\t\t\t\t\t<div class=\"e-con-inner\">\n\t\t\t\t<div class=\"elementor-element elementor-element-14915422 elementor-widget elementor-widget-text-editor\" data-id=\"14915422\" data-element_type=\"widget\" data-e-type=\"widget\" data-widget_type=\"text-editor.default\">\n\t\t\t\t<div class=\"elementor-widget-container\">\n\t\t\t\t\t\t\t\t\t<p data-end=\"278\" data-start=\"67\"><strong data-end=\"88\" data-start=\"67\">Inhibino B testas<\/strong>\u00a0yra vienas i\u0161 laboratorini\u0173 tyrim\u0173, atliekam\u0173 diagnozuojant moter\u0173 nevaisingum\u0105. Inhibinas B atlieka svarb\u0173 vaidmen\u012f ne tik moters organizme \u2013 jo koncentracija svarbi ir vyr\u0173 vaisingumui.<\/p><p data-end=\"678\" data-start=\"280\">Kartu su AMH (anti-Miulerio hormonu) inhibinas B priklauso pagrindinei diagnostikos grupei, vertinant moters vaisingum\u0105. \u0160is hormonas, kartu su AMH rodikliu, yra vienas svarbiausi\u0173 kiau\u0161id\u017ei\u0173 rezervo vertinimo parametr\u0173. Inhibino B koncentracijos nustatymas leid\u017eia ne tik \u012fvertinti oocit\u0173 skai\u010di\u0173 ir kokyb\u0119, bet ir numatyti atsak\u0105 \u012f kiau\u0161id\u017ei\u0173 stimuliacij\u0105 pagalbinio apvaisinimo proced\u016br\u0173 metu.<\/p><p data-end=\"1089\" data-start=\"680\">Moterims ir vyrams inhibino B koncentracija ma\u017e\u0117ja su am\u017eiumi, o tai paprastai lydi FSH (folikulus stimuliuojan\u010dio hormono) koncentracijos padid\u0117jimas. Inhibino B suma\u017e\u0117jimas yra ankstyvas po\u017eymis, rodantis folikul\u0173 skai\u010diaus ma\u017e\u0117jim\u0105 senstant reprodukcinei sistemai. \u0160is \u017eymuo taip pat svarbus tyrimuose, nagrin\u0117jan\u010diuose ry\u0161\u012f tarp gimdos \u0161alinimo operacijos ir ankstyvojo kiau\u0161id\u017ei\u0173 nepakankamumo rizikos.<\/p><p data-end=\"1390\" data-start=\"1091\">Vyresnio am\u017eiaus moter\u0173 kraujyje inhibino B koncentracija b\u016bna apie 20 % ma\u017eesn\u0117, o FSH ir estradiolio koncentracijos \u2013 didesn\u0117s. Tai rodo, kad susilpn\u0117j\u0119s neigiamas inhibino B gr\u012f\u017etamasis ry\u0161ys yra vienas pagrindini\u0173 veiksni\u0173, lemian\u010di\u0173 ankstyv\u0105 FSH koncentracijos did\u0117jim\u0105 sen\u0117jimo proceso metu.<\/p><p data-end=\"1430\" data-start=\"1397\"><strong>Inhibino B tyrimo indikacijos<\/strong><\/p><p data-end=\"1472\" data-start=\"1431\"><strong data-end=\"1472\" data-start=\"1431\">Moterims tyrimas atliekamas siekiant:<\/strong><\/p><ul><li data-end=\"1498\" data-start=\"1475\">\u012fvertinti vaisingum\u0105;<\/li><li data-end=\"1688\" data-start=\"1501\">planuojant n\u0117\u0161tum\u0105, ypa\u010d jei gimdymas atidedamas keleriems metams \u2013 inhibino B koncentracijos nustatymas padeda \u012fvertinti folikul\u0173, galin\u010di\u0173 subr\u0119sti \u012f vertingas kiau\u0161ial\u0105stes, skai\u010di\u0173;<\/li><li data-end=\"1731\" data-start=\"1691\">nustatyti n\u0117\u0161tumo nes\u0117kmi\u0173 prie\u017eastis;<\/li><li data-end=\"1782\" data-start=\"1734\">\u012fvertinti galimyb\u0119 pastoti vyresniame am\u017eiuje;<\/li><li data-end=\"1896\" data-start=\"1785\">prognozuoti kiau\u0161id\u017ei\u0173 stimuliacijos efektyvum\u0105 pagalbinio apvaisinimo atvejais (pvz., in vitro proced\u016brose).<\/li><\/ul><p data-end=\"1937\" data-start=\"1898\"><strong data-end=\"1937\" data-start=\"1898\">Vyrams tyrimas atliekamas siekiant:<\/strong><\/p><ul><li data-end=\"1967\" data-start=\"1940\">\u012fvertinti spermatogenez\u0119;<\/li><li data-end=\"2032\" data-start=\"1970\">nustatyti s\u0117klid\u017ei\u0173 s\u0117klini\u0173 kanal\u0117li\u0173 funkcijos efektyvum\u0105;<\/li><li data-end=\"2096\" data-start=\"2035\">steb\u0117ti hipogonadotrofinio hipogonadizmo gydymo rezultatus;<\/li><li data-end=\"2169\" data-start=\"2099\">priimti sprendim\u0105 d\u0117l s\u0117klid\u017ei\u0173 biopsijos ar varikocel\u0117s operacijos.<\/li><\/ul><p data-end=\"2200\" data-start=\"2176\"><strong>Pasiruo\u0161imas tyrimui<\/strong><\/p><p data-end=\"2429\" data-start=\"2201\">Specialaus pasiruo\u0161imo nereikia. Moterims inhibino B lyg\u012f rekomenduojama tirti folikulin\u0117s faz\u0117s metu, geriausia \u2013 tre\u010di\u0105j\u0105 menstruacij\u0173 ciklo dien\u0105. Priklausomai nuo tyrimo tikslo, gydytojas gali parinkti ir kit\u0105 ciklo dien\u0105.<\/p><p data-end=\"2464\" data-start=\"2436\"><strong>Rezultat\u0173 interpretacija<\/strong><\/p><p data-end=\"2619\" data-start=\"2466\"><strong data-end=\"2494\" data-start=\"2466\">Padid\u0117jusi koncentracija<\/strong><br data-end=\"2497\" data-start=\"2494\" \/>Labai auk\u0161tas inhibino B lygis gali b\u016bti kiau\u0161id\u017ei\u0173 navik\u0173 po\u017eymis. Tokiu atveju b\u016btina kreiptis \u012f gydytoj\u0105 specialist\u0105.<\/p><p data-end=\"2671\" data-start=\"2621\"><strong data-end=\"2658\" data-start=\"2621\">Suma\u017e\u0117jusi koncentracija moterims<\/strong>\u00a0gali rodyti:<\/p><ul><li data-end=\"2733\" data-start=\"2674\">kiau\u0161id\u017ei\u0173 rezervo suma\u017e\u0117jim\u0105 (nat\u016bralu menopauz\u0117s metu);<\/li><li data-end=\"2782\" data-start=\"2736\">prie\u0161laikin\u012f kiau\u0161id\u017ei\u0173 funkcijos nutr\u016bkim\u0105;<\/li><li data-end=\"2825\" data-start=\"2785\">atspari\u0173 kiau\u0161id\u017ei\u0173 (Savage) sindrom\u0105;<\/li><li data-end=\"2853\" data-start=\"2828\">pagumburio disfunkcij\u0105.<\/li><\/ul><p data-end=\"2903\" data-start=\"2855\"><strong data-end=\"2890\" data-start=\"2855\">Suma\u017e\u0117jusi koncentracija vyrams<\/strong>\u00a0gali rodyti:<\/p><ul><li data-end=\"2951\" data-start=\"2906\">azoospermij\u0105 (spermos nebuvim\u0105 ejakuliate);<\/li><li data-end=\"2982\" data-start=\"2954\">Sertoli l\u0105steli\u0173 sindrom\u0105;<\/li><li data-end=\"3026\" data-start=\"2985\">s\u0117klid\u017ei\u0173 s\u0117klini\u0173 kanal\u0117li\u0173 pa\u017eeidim\u0105;<\/li><li data-end=\"3058\" data-start=\"3029\">lytini\u0173 l\u0105steli\u0173 sulaikym\u0105;<\/li><li data-end=\"3096\" data-start=\"3061\">gemalo l\u0105steli\u0173 navik\u0173 vystym\u0105si;<\/li><li data-end=\"3120\" data-start=\"3099\">Kallmanno sindrom\u0105;<\/li><li data-end=\"3148\" data-start=\"3123\">Klinefelterio sindrom\u0105.<\/li><\/ul>\t\t\t\t\t\t\t\t<\/div>\n\t\t\t\t<\/div>\n\t\t\t\t\t<\/div>\n\t\t\t\t<\/div>\n\t\t<div class=\"elementor-element elementor-element-16218e6b e-con-full e-flex e-con e-child\" data-id=\"16218e6b\" data-element_type=\"container\" data-e-type=\"container\" data-settings=\"{&quot;background_background&quot;:&quot;classic&quot;}\">\n\t\t\t\t<div class=\"elementor-element elementor-element-571f4330 elementor-widget elementor-widget-ideapark-heading\" data-id=\"571f4330\" data-element_type=\"widget\" data-e-type=\"widget\" data-widget_type=\"ideapark-heading.default\">\n\t\t\t\t<div class=\"elementor-widget-container\">\n\t\t\t\t\t<div class=\"c-ip-heading c-ip-heading--small c-ip-heading--center c-ip-heading--bullet-hide\"><span class=\"c-ip-heading__inner\">REGISTRUOKIT\u0116S INTERNETU<\/span><\/div>\t\t\t\t<\/div>\n\t\t\t\t<\/div>\n\t\t\t\t<div class=\"elementor-element elementor-element-70ed4f4a elementor-align-center elementor-widget elementor-widget-button\" data-id=\"70ed4f4a\" data-element_type=\"widget\" data-e-type=\"widget\" data-widget_type=\"button.default\">\n\t\t\t\t<div class=\"elementor-widget-container\">\n\t\t\t\t\t\t\t\t\t<div class=\"elementor-button-wrapper\">\n\t\t\t\t\t<a class=\"elementor-button elementor-button-link elementor-size-sm\" href=\"https:\/\/serveonline.lt\/cd3f8281-8a3c-4cda-9f55-0d38b44c062b\/company\" target=\"_blank\">\n\t\t\t\t\t\t<span class=\"elementor-button-content-wrapper\">\n\t\t\t\t\t\t\t\t\t<span class=\"elementor-button-text\">REGISTRACIJA PER SERVE.LT<\/span>\n\t\t\t\t\t<\/span>\n\t\t\t\t\t<\/a>\n\t\t\t\t<\/div>\n\t\t\t\t\t\t\t\t<\/div>\n\t\t\t\t<\/div>\n\t\t\t\t<\/div>\n\t\t<div class=\"elementor-element elementor-element-6351223b e-flex e-con-boxed e-con e-parent\" data-id=\"6351223b\" data-element_type=\"container\" data-e-type=\"container\">\n\t\t\t\t\t<div class=\"e-con-inner\">\n\t\t\t\t<div class=\"elementor-element elementor-element-be1c265 elementor-widget elementor-widget-ideapark-heading\" data-id=\"be1c265\" data-element_type=\"widget\" data-e-type=\"widget\" data-widget_type=\"ideapark-heading.default\">\n\t\t\t\t<div class=\"elementor-widget-container\">\n\t\t\t\t\t<div class=\"c-ip-heading c-ip-heading--small c-ip-heading--center c-ip-heading--bullet-hide\"><span class=\"c-ip-heading__inner\">SEKITE MUS instagram<\/span><\/div>\t\t\t\t<\/div>\n\t\t\t\t<\/div>\n\t\t\t\t<div class=\"elementor-element elementor-element-176410e6 elementor-widget elementor-widget-ideapark-heading\" data-id=\"176410e6\" data-element_type=\"widget\" data-e-type=\"widget\" data-widget_type=\"ideapark-heading.default\">\n\t\t\t\t<div class=\"elementor-widget-container\">\n\t\t\t\t\t<div class=\"c-ip-heading c-ip-heading--medium c-ip-heading--center c-ip-heading--bullet-hide\"><span class=\"c-ip-heading__inner\"><a href=\"http:\/\/www.instagram.com\/miamedic.lt\" target=\"_blank\"> @miamedic.lt<\/a><\/span><\/div>\t\t\t\t<\/div>\n\t\t\t\t<\/div>\n\t\t\t\t\t<\/div>\n\t\t\t\t<\/div>\n\t\t\t\t<\/div>","protected":false},"excerpt":{"rendered":"<p>LABORATORINIAI TYRIMAI Inhibino B nustatymas Prek\u0117s kodas: 18950 110,00 \u20ac Kraujo pa\u0117mimo mokestis 5,00 \u20ac REGISTRACIJA INTERNETU TYRIMO APRA\u0160YMAS Inhibino B testas\u00a0yra&hellip;<\/p>","protected":false},"author":1,"featured_media":0,"parent":0,"menu_order":0,"comment_status":"closed","ping_status":"closed","template":"elementor_header_footer","meta":{"footnotes":""},"class_list":["post-12132","page","type-page","status-publish","hentry"],"_links":{"self":[{"href":"https:\/\/miamedic.lt\/en\/wp-json\/wp\/v2\/pages\/12132","targetHints":{"allow":["GET"]}}],"collection":[{"href":"https:\/\/miamedic.lt\/en\/wp-json\/wp\/v2\/pages"}],"about":[{"href":"https:\/\/miamedic.lt\/en\/wp-json\/wp\/v2\/types\/page"}],"author":[{"embeddable":true,"href":"https:\/\/miamedic.lt\/en\/wp-json\/wp\/v2\/users\/1"}],"replies":[{"embeddable":true,"href":"https:\/\/miamedic.lt\/en\/wp-json\/wp\/v2\/comments?post=12132"}],"version-history":[{"count":4,"href":"https:\/\/miamedic.lt\/en\/wp-json\/wp\/v2\/pages\/12132\/revisions"}],"predecessor-version":[{"id":12136,"href":"https:\/\/miamedic.lt\/en\/wp-json\/wp\/v2\/pages\/12132\/revisions\/12136"}],"wp:attachment":[{"href":"https:\/\/miamedic.lt\/en\/wp-json\/wp\/v2\/media?parent=12132"}],"curies":[{"name":"wp","href":"https:\/\/api.w.org\/{rel}","templated":true}]}}