{"id":12116,"date":"2025-10-20T21:46:41","date_gmt":"2025-10-20T21:46:41","guid":{"rendered":"https:\/\/miamedic.lt\/?page_id=12116"},"modified":"2025-10-20T21:47:02","modified_gmt":"2025-10-20T21:47:02","slug":"sth-somatropinis-hormonas","status":"publish","type":"page","link":"https:\/\/miamedic.lt\/en\/sth-somatropinis-hormonas\/","title":{"rendered":"STH | Somatropinis hormonas"},"content":{"rendered":"<div data-elementor-type=\"wp-page\" data-elementor-id=\"12116\" class=\"elementor elementor-12116\">\n\t\t\t\t<div class=\"elementor-element elementor-element-6fbdcdda e-flex e-con-boxed e-con e-parent\" data-id=\"6fbdcdda\" data-element_type=\"container\" data-e-type=\"container\">\n\t\t\t\t\t<div class=\"e-con-inner\">\n\t\t<div class=\"elementor-element elementor-element-3313ea6a e-con-full e-flex e-con e-child\" data-id=\"3313ea6a\" data-element_type=\"container\" data-e-type=\"container\">\n\t\t\t\t<div class=\"elementor-element elementor-element-4d47fba0 elementor-widget elementor-widget-image\" data-id=\"4d47fba0\" data-element_type=\"widget\" data-e-type=\"widget\" data-widget_type=\"image.default\">\n\t\t\t\t<div class=\"elementor-widget-container\">\n\t\t\t\t\t\t\t\t\t\t\t\t\t\t\t<img fetchpriority=\"high\" decoding=\"async\" width=\"1800\" height=\"1800\" src=\"https:\/\/miamedic.lt\/wp-content\/uploads\/2025\/10\/laboratoriniai-tyrimai-miamedic.png\" class=\"attachment-full size-full wp-image-11572\" alt=\"laboratoriniai tyrimai miamedic\" srcset=\"https:\/\/miamedic.lt\/wp-content\/uploads\/2025\/10\/laboratoriniai-tyrimai-miamedic.png 1800w, https:\/\/miamedic.lt\/wp-content\/uploads\/2025\/10\/laboratoriniai-tyrimai-miamedic-460x460.png 460w, https:\/\/miamedic.lt\/wp-content\/uploads\/2025\/10\/laboratoriniai-tyrimai-miamedic-1520x1520.png 1520w, https:\/\/miamedic.lt\/wp-content\/uploads\/2025\/10\/laboratoriniai-tyrimai-miamedic-115x115.png 115w, https:\/\/miamedic.lt\/wp-content\/uploads\/2025\/10\/laboratoriniai-tyrimai-miamedic-760x760.png 760w, https:\/\/miamedic.lt\/wp-content\/uploads\/2025\/10\/laboratoriniai-tyrimai-miamedic-12x12.png 12w, https:\/\/miamedic.lt\/wp-content\/uploads\/2025\/10\/laboratoriniai-tyrimai-miamedic-920x920.png 920w, https:\/\/miamedic.lt\/wp-content\/uploads\/2025\/10\/laboratoriniai-tyrimai-miamedic-145x145.png 145w, https:\/\/miamedic.lt\/wp-content\/uploads\/2025\/10\/laboratoriniai-tyrimai-miamedic-290x290.png 290w, https:\/\/miamedic.lt\/wp-content\/uploads\/2025\/10\/laboratoriniai-tyrimai-miamedic-50x50.png 50w, https:\/\/miamedic.lt\/wp-content\/uploads\/2025\/10\/laboratoriniai-tyrimai-miamedic-100x100.png 100w\" sizes=\"(max-width: 1800px) 100vw, 1800px\" \/>\t\t\t\t\t\t\t\t\t\t\t\t\t\t\t<\/div>\n\t\t\t\t<\/div>\n\t\t\t\t<\/div>\n\t\t<div class=\"elementor-element elementor-element-66e181c5 e-con-full e-flex e-con e-child\" data-id=\"66e181c5\" data-element_type=\"container\" data-e-type=\"container\">\n\t\t\t\t<div class=\"elementor-element elementor-element-2cd0621 elementor-widget elementor-widget-ideapark-heading\" data-id=\"2cd0621\" data-element_type=\"widget\" data-e-type=\"widget\" data-widget_type=\"ideapark-heading.default\">\n\t\t\t\t<div class=\"elementor-widget-container\">\n\t\t\t\t\t<div class=\"c-ip-heading c-ip-heading--small c-ip-heading--center c-ip-heading--bullet-hide\"><span class=\"c-ip-heading__inner\">LABORATORINIAI TYRIMAI<\/span><\/div>\t\t\t\t<\/div>\n\t\t\t\t<\/div>\n\t\t\t\t<div class=\"elementor-element elementor-element-63505790 elementor-widget elementor-widget-ideapark-heading\" data-id=\"63505790\" data-element_type=\"widget\" data-e-type=\"widget\" data-widget_type=\"ideapark-heading.default\">\n\t\t\t\t<div class=\"elementor-widget-container\">\n\t\t\t\t\t<div class=\"c-ip-heading c-ip-heading--medium c-ip-heading--center c-ip-heading--bullet-hide\"><span class=\"c-ip-heading__inner\">STH | Somatropinis hormonas<\/span><\/div>\t\t\t\t<\/div>\n\t\t\t\t<\/div>\n\t\t\t\t<div class=\"elementor-element elementor-element-160b3e40 elementor-widget elementor-widget-ideapark-heading\" data-id=\"160b3e40\" data-element_type=\"widget\" data-e-type=\"widget\" data-widget_type=\"ideapark-heading.default\">\n\t\t\t\t<div class=\"elementor-widget-container\">\n\t\t\t\t\t<div class=\"c-ip-heading c-ip-heading--medium c-ip-heading--center c-ip-heading--bullet-hide\"><span class=\"c-ip-heading__inner\">Prek\u0117s kodas: 15161<\/span><\/div>\t\t\t\t<\/div>\n\t\t\t\t<\/div>\n\t\t<div class=\"elementor-element elementor-element-13d7a4c5 e-con-full e-flex e-con e-child\" data-id=\"13d7a4c5\" data-element_type=\"container\" data-e-type=\"container\">\n\t\t<div class=\"elementor-element elementor-element-6dad08b4 e-con-full e-flex e-con e-child\" data-id=\"6dad08b4\" data-element_type=\"container\" data-e-type=\"container\" data-settings=\"{&quot;background_background&quot;:&quot;classic&quot;}\">\n\t\t\t\t<div class=\"elementor-element elementor-element-5a18621 elementor-widget elementor-widget-heading\" data-id=\"5a18621\" data-element_type=\"widget\" data-e-type=\"widget\" data-widget_type=\"heading.default\">\n\t\t\t\t<div class=\"elementor-widget-container\">\n\t\t\t\t\t<h2 class=\"elementor-heading-title elementor-size-default\">16,00 \u20ac<\/h2>\t\t\t\t<\/div>\n\t\t\t\t<\/div>\n\t\t\t\t<\/div>\n\t\t\t\t<\/div>\n\t\t<div class=\"elementor-element elementor-element-113ae85d e-con-full e-flex e-con e-child\" data-id=\"113ae85d\" data-element_type=\"container\" data-e-type=\"container\">\n\t\t\t\t<div class=\"elementor-element elementor-element-72b9a9ca elementor-view-default elementor-position-block-start elementor-mobile-position-block-start elementor-widget elementor-widget-icon-box\" data-id=\"72b9a9ca\" data-element_type=\"widget\" data-e-type=\"widget\" data-widget_type=\"icon-box.default\">\n\t\t\t\t<div class=\"elementor-widget-container\">\n\t\t\t\t\t\t\t<div class=\"elementor-icon-box-wrapper\">\n\n\t\t\t\t\t\t<div class=\"elementor-icon-box-icon\">\n\t\t\t\t<span  class=\"elementor-icon\">\n\t\t\t\t<svg aria-hidden=\"true\" class=\"e-font-icon-svg e-fas-info-circle\" viewbox=\"0 0 512 512\" xmlns=\"http:\/\/www.w3.org\/2000\/svg\"><path d=\"M256 8C119.043 8 8 119.083 8 256c0 136.997 111.043 248 248 248s248-111.003 248-248C504 119.083 392.957 8 256 8zm0 110c23.196 0 42 18.804 42 42s-18.804 42-42 42-42-18.804-42-42 18.804-42 42-42zm56 254c0 6.627-5.373 12-12 12h-88c-6.627 0-12-5.373-12-12v-24c0-6.627 5.373-12 12-12h12v-64h-12c-6.627 0-12-5.373-12-12v-24c0-6.627 5.373-12 12-12h64c6.627 0 12 5.373 12 12v100h12c6.627 0 12 5.373 12 12v24z\"><\/path><\/svg>\t\t\t\t<\/span>\n\t\t\t<\/div>\n\t\t\t\n\t\t\t\t\t\t<div class=\"elementor-icon-box-content\">\n\n\t\t\t\t\t\t\t\t\t<h3 class=\"elementor-icon-box-title\">\n\t\t\t\t\t\t<span  >\n\t\t\t\t\t\t\tKraujo pa\u0117mimo mokestis 5,00 \u20ac \t\t\t\t\t\t<\/span>\n\t\t\t\t\t<\/h3>\n\t\t\t\t\n\t\t\t\t\n\t\t\t<\/div>\n\t\t\t\n\t\t<\/div>\n\t\t\t\t\t\t<\/div>\n\t\t\t\t<\/div>\n\t\t\t\t<div class=\"elementor-element elementor-element-2423993a elementor-align-center elementor-widget elementor-widget-button\" data-id=\"2423993a\" data-element_type=\"widget\" data-e-type=\"widget\" data-widget_type=\"button.default\">\n\t\t\t\t<div class=\"elementor-widget-container\">\n\t\t\t\t\t\t\t\t\t<div class=\"elementor-button-wrapper\">\n\t\t\t\t\t<a class=\"elementor-button elementor-button-link elementor-size-sm\" href=\"https:\/\/serveonline.lt\/cd3f8281-8a3c-4cda-9f55-0d38b44c062b\/company\" target=\"_blank\">\n\t\t\t\t\t\t<span class=\"elementor-button-content-wrapper\">\n\t\t\t\t\t\t\t\t\t<span class=\"elementor-button-text\">REGISTRACIJA INTERNETU<\/span>\n\t\t\t\t\t<\/span>\n\t\t\t\t\t<\/a>\n\t\t\t\t<\/div>\n\t\t\t\t\t\t\t\t<\/div>\n\t\t\t\t<\/div>\n\t\t\t\t<\/div>\n\t\t\t\t<\/div>\n\t\t\t\t\t<\/div>\n\t\t\t\t<\/div>\n\t\t<div class=\"elementor-element elementor-element-313c5217 e-flex e-con-boxed e-con e-parent\" data-id=\"313c5217\" data-element_type=\"container\" data-e-type=\"container\" data-settings=\"{&quot;background_background&quot;:&quot;classic&quot;}\">\n\t\t\t\t\t<div class=\"e-con-inner\">\n\t\t\t\t<div class=\"elementor-element elementor-element-1220f9b0 elementor-widget elementor-widget-ideapark-heading\" data-id=\"1220f9b0\" data-element_type=\"widget\" data-e-type=\"widget\" data-widget_type=\"ideapark-heading.default\">\n\t\t\t\t<div class=\"elementor-widget-container\">\n\t\t\t\t\t<div class=\"c-ip-heading c-ip-heading--medium c-ip-heading--center c-ip-heading--bullet-hide\"><span class=\"c-ip-heading__inner\">TYRIMO APRA\u0160YMAS<\/span><\/div>\t\t\t\t<\/div>\n\t\t\t\t<\/div>\n\t\t\t\t\t<\/div>\n\t\t\t\t<\/div>\n\t\t<div class=\"elementor-element elementor-element-624682d1 e-flex e-con-boxed e-con e-parent\" data-id=\"624682d1\" data-element_type=\"container\" data-e-type=\"container\">\n\t\t\t\t\t<div class=\"e-con-inner\">\n\t\t\t\t<div class=\"elementor-element elementor-element-5fee520c elementor-widget elementor-widget-text-editor\" data-id=\"5fee520c\" data-element_type=\"widget\" data-e-type=\"widget\" data-widget_type=\"text-editor.default\">\n\t\t\t\t<div class=\"elementor-widget-container\">\n\t\t\t\t\t\t\t\t\t<p><strong>STH (somatotropinis hormonas)<\/strong>\u00a0\u2013 tai patogus rodiklis \u012fvertinant hipofiz\u0117s ir pogumburio funkcij\u0105. \u0160io hormono tr\u016bkumas sukelia augimo sul\u0117t\u0117jim\u0105 (nanizm\u0105) vaikams, perteklius \u2013 gigantizm\u0105, akromegalij\u0105.<\/p>\t\t\t\t\t\t\t\t<\/div>\n\t\t\t\t<\/div>\n\t\t\t\t\t<\/div>\n\t\t\t\t<\/div>\n\t\t<div class=\"elementor-element elementor-element-1adacbff e-con-full e-flex e-con e-child\" data-id=\"1adacbff\" data-element_type=\"container\" data-e-type=\"container\" data-settings=\"{&quot;background_background&quot;:&quot;classic&quot;}\">\n\t\t\t\t<div class=\"elementor-element elementor-element-c457d5f elementor-widget elementor-widget-ideapark-heading\" data-id=\"c457d5f\" data-element_type=\"widget\" data-e-type=\"widget\" data-widget_type=\"ideapark-heading.default\">\n\t\t\t\t<div class=\"elementor-widget-container\">\n\t\t\t\t\t<div class=\"c-ip-heading c-ip-heading--small c-ip-heading--center c-ip-heading--bullet-hide\"><span class=\"c-ip-heading__inner\">REGISTRUOKIT\u0116S INTERNETU<\/span><\/div>\t\t\t\t<\/div>\n\t\t\t\t<\/div>\n\t\t\t\t<div class=\"elementor-element elementor-element-6195244 elementor-align-center elementor-widget elementor-widget-button\" data-id=\"6195244\" data-element_type=\"widget\" data-e-type=\"widget\" data-widget_type=\"button.default\">\n\t\t\t\t<div class=\"elementor-widget-container\">\n\t\t\t\t\t\t\t\t\t<div class=\"elementor-button-wrapper\">\n\t\t\t\t\t<a class=\"elementor-button elementor-button-link elementor-size-sm\" href=\"https:\/\/serveonline.lt\/cd3f8281-8a3c-4cda-9f55-0d38b44c062b\/company\" target=\"_blank\">\n\t\t\t\t\t\t<span class=\"elementor-button-content-wrapper\">\n\t\t\t\t\t\t\t\t\t<span class=\"elementor-button-text\">REGISTRACIJA PER SERVE.LT<\/span>\n\t\t\t\t\t<\/span>\n\t\t\t\t\t<\/a>\n\t\t\t\t<\/div>\n\t\t\t\t\t\t\t\t<\/div>\n\t\t\t\t<\/div>\n\t\t\t\t<\/div>\n\t\t<div class=\"elementor-element elementor-element-1c00ce2a e-flex e-con-boxed e-con e-parent\" data-id=\"1c00ce2a\" data-element_type=\"container\" data-e-type=\"container\">\n\t\t\t\t\t<div class=\"e-con-inner\">\n\t\t\t\t<div class=\"elementor-element elementor-element-726b2ee9 elementor-widget elementor-widget-ideapark-heading\" data-id=\"726b2ee9\" data-element_type=\"widget\" data-e-type=\"widget\" data-widget_type=\"ideapark-heading.default\">\n\t\t\t\t<div class=\"elementor-widget-container\">\n\t\t\t\t\t<div class=\"c-ip-heading c-ip-heading--small c-ip-heading--center c-ip-heading--bullet-hide\"><span class=\"c-ip-heading__inner\">SEKITE MUS instagram<\/span><\/div>\t\t\t\t<\/div>\n\t\t\t\t<\/div>\n\t\t\t\t<div class=\"elementor-element elementor-element-5f19ff60 elementor-widget elementor-widget-ideapark-heading\" data-id=\"5f19ff60\" data-element_type=\"widget\" data-e-type=\"widget\" data-widget_type=\"ideapark-heading.default\">\n\t\t\t\t<div class=\"elementor-widget-container\">\n\t\t\t\t\t<div class=\"c-ip-heading c-ip-heading--medium c-ip-heading--center c-ip-heading--bullet-hide\"><span class=\"c-ip-heading__inner\"><a href=\"http:\/\/www.instagram.com\/miamedic.lt\" target=\"_blank\"> @miamedic.lt<\/a><\/span><\/div>\t\t\t\t<\/div>\n\t\t\t\t<\/div>\n\t\t\t\t\t<\/div>\n\t\t\t\t<\/div>\n\t\t\t\t<\/div>","protected":false},"excerpt":{"rendered":"<p>LABORATORINIAI TYRIMAI STH | Somatropinis hormonas Prek\u0117s kodas: 15161 16,00 \u20ac Kraujo pa\u0117mimo mokestis 5,00 \u20ac REGISTRACIJA INTERNETU TYRIMO APRA\u0160YMAS STH (somatotropinis&hellip;<\/p>","protected":false},"author":1,"featured_media":0,"parent":0,"menu_order":0,"comment_status":"closed","ping_status":"closed","template":"elementor_header_footer","meta":{"footnotes":""},"class_list":["post-12116","page","type-page","status-publish","hentry"],"_links":{"self":[{"href":"https:\/\/miamedic.lt\/en\/wp-json\/wp\/v2\/pages\/12116","targetHints":{"allow":["GET"]}}],"collection":[{"href":"https:\/\/miamedic.lt\/en\/wp-json\/wp\/v2\/pages"}],"about":[{"href":"https:\/\/miamedic.lt\/en\/wp-json\/wp\/v2\/types\/page"}],"author":[{"embeddable":true,"href":"https:\/\/miamedic.lt\/en\/wp-json\/wp\/v2\/users\/1"}],"replies":[{"embeddable":true,"href":"https:\/\/miamedic.lt\/en\/wp-json\/wp\/v2\/comments?post=12116"}],"version-history":[{"count":4,"href":"https:\/\/miamedic.lt\/en\/wp-json\/wp\/v2\/pages\/12116\/revisions"}],"predecessor-version":[{"id":12120,"href":"https:\/\/miamedic.lt\/en\/wp-json\/wp\/v2\/pages\/12116\/revisions\/12120"}],"wp:attachment":[{"href":"https:\/\/miamedic.lt\/en\/wp-json\/wp\/v2\/media?parent=12116"}],"curies":[{"name":"wp","href":"https:\/\/api.w.org\/{rel}","templated":true}]}}