{"id":11935,"date":"2025-10-20T20:06:55","date_gmt":"2025-10-20T20:06:55","guid":{"rendered":"https:\/\/miamedic.lt\/?page_id=11935"},"modified":"2025-10-20T20:07:30","modified_gmt":"2025-10-20T20:07:30","slug":"tth-tsh-tirotropinis-hormonas","status":"publish","type":"page","link":"https:\/\/miamedic.lt\/en\/tth-tsh-tirotropinis-hormonas\/","title":{"rendered":"TTH \/ TSH | Tirotropinis hormonas"},"content":{"rendered":"<div data-elementor-type=\"wp-page\" data-elementor-id=\"11935\" class=\"elementor elementor-11935\">\n\t\t\t\t<div class=\"elementor-element elementor-element-75825afa e-flex e-con-boxed e-con e-parent\" data-id=\"75825afa\" data-element_type=\"container\" data-e-type=\"container\">\n\t\t\t\t\t<div class=\"e-con-inner\">\n\t\t<div class=\"elementor-element elementor-element-2f0cf0f7 e-con-full e-flex e-con e-child\" data-id=\"2f0cf0f7\" data-element_type=\"container\" data-e-type=\"container\">\n\t\t\t\t<div class=\"elementor-element elementor-element-2b21056e elementor-widget elementor-widget-image\" data-id=\"2b21056e\" data-element_type=\"widget\" data-e-type=\"widget\" data-widget_type=\"image.default\">\n\t\t\t\t<div class=\"elementor-widget-container\">\n\t\t\t\t\t\t\t\t\t\t\t\t\t\t\t<img fetchpriority=\"high\" decoding=\"async\" width=\"1800\" height=\"1800\" src=\"https:\/\/miamedic.lt\/wp-content\/uploads\/2025\/10\/laboratoriniai-tyrimai-miamedic.png\" class=\"attachment-full size-full wp-image-11572\" alt=\"laboratoriniai tyrimai miamedic\" srcset=\"https:\/\/miamedic.lt\/wp-content\/uploads\/2025\/10\/laboratoriniai-tyrimai-miamedic.png 1800w, https:\/\/miamedic.lt\/wp-content\/uploads\/2025\/10\/laboratoriniai-tyrimai-miamedic-460x460.png 460w, https:\/\/miamedic.lt\/wp-content\/uploads\/2025\/10\/laboratoriniai-tyrimai-miamedic-1520x1520.png 1520w, https:\/\/miamedic.lt\/wp-content\/uploads\/2025\/10\/laboratoriniai-tyrimai-miamedic-115x115.png 115w, https:\/\/miamedic.lt\/wp-content\/uploads\/2025\/10\/laboratoriniai-tyrimai-miamedic-760x760.png 760w, https:\/\/miamedic.lt\/wp-content\/uploads\/2025\/10\/laboratoriniai-tyrimai-miamedic-12x12.png 12w, https:\/\/miamedic.lt\/wp-content\/uploads\/2025\/10\/laboratoriniai-tyrimai-miamedic-920x920.png 920w, https:\/\/miamedic.lt\/wp-content\/uploads\/2025\/10\/laboratoriniai-tyrimai-miamedic-145x145.png 145w, https:\/\/miamedic.lt\/wp-content\/uploads\/2025\/10\/laboratoriniai-tyrimai-miamedic-290x290.png 290w, https:\/\/miamedic.lt\/wp-content\/uploads\/2025\/10\/laboratoriniai-tyrimai-miamedic-50x50.png 50w, https:\/\/miamedic.lt\/wp-content\/uploads\/2025\/10\/laboratoriniai-tyrimai-miamedic-100x100.png 100w\" sizes=\"(max-width: 1800px) 100vw, 1800px\" \/>\t\t\t\t\t\t\t\t\t\t\t\t\t\t\t<\/div>\n\t\t\t\t<\/div>\n\t\t\t\t<\/div>\n\t\t<div class=\"elementor-element elementor-element-6a0884f9 e-con-full e-flex e-con e-child\" data-id=\"6a0884f9\" data-element_type=\"container\" data-e-type=\"container\">\n\t\t\t\t<div class=\"elementor-element elementor-element-396e887 elementor-widget elementor-widget-ideapark-heading\" data-id=\"396e887\" data-element_type=\"widget\" data-e-type=\"widget\" data-widget_type=\"ideapark-heading.default\">\n\t\t\t\t<div class=\"elementor-widget-container\">\n\t\t\t\t\t<div class=\"c-ip-heading c-ip-heading--small c-ip-heading--center c-ip-heading--bullet-hide\"><span class=\"c-ip-heading__inner\">LABORATORINIAI TYRIMAI<\/span><\/div>\t\t\t\t<\/div>\n\t\t\t\t<\/div>\n\t\t\t\t<div class=\"elementor-element elementor-element-2d5fd056 elementor-widget elementor-widget-ideapark-heading\" data-id=\"2d5fd056\" data-element_type=\"widget\" data-e-type=\"widget\" data-widget_type=\"ideapark-heading.default\">\n\t\t\t\t<div class=\"elementor-widget-container\">\n\t\t\t\t\t<div class=\"c-ip-heading c-ip-heading--medium c-ip-heading--center c-ip-heading--bullet-hide\"><span class=\"c-ip-heading__inner\">TTH \/ TSH | Tirotropinis hormonas<\/span><\/div>\t\t\t\t<\/div>\n\t\t\t\t<\/div>\n\t\t\t\t<div class=\"elementor-element elementor-element-70e5d1d elementor-widget elementor-widget-ideapark-heading\" data-id=\"70e5d1d\" data-element_type=\"widget\" data-e-type=\"widget\" data-widget_type=\"ideapark-heading.default\">\n\t\t\t\t<div class=\"elementor-widget-container\">\n\t\t\t\t\t<div class=\"c-ip-heading c-ip-heading--medium c-ip-heading--center c-ip-heading--bullet-hide\"><span class=\"c-ip-heading__inner\">Prek\u0117s kodas: 15126<\/span><\/div>\t\t\t\t<\/div>\n\t\t\t\t<\/div>\n\t\t<div class=\"elementor-element elementor-element-4d49aaac e-con-full e-flex e-con e-child\" data-id=\"4d49aaac\" data-element_type=\"container\" data-e-type=\"container\">\n\t\t<div class=\"elementor-element elementor-element-c13a154 e-con-full e-flex e-con e-child\" data-id=\"c13a154\" data-element_type=\"container\" data-e-type=\"container\" data-settings=\"{&quot;background_background&quot;:&quot;classic&quot;}\">\n\t\t\t\t<div class=\"elementor-element elementor-element-75a0b334 elementor-widget elementor-widget-heading\" data-id=\"75a0b334\" data-element_type=\"widget\" data-e-type=\"widget\" data-widget_type=\"heading.default\">\n\t\t\t\t<div class=\"elementor-widget-container\">\n\t\t\t\t\t<h2 class=\"elementor-heading-title elementor-size-default\">11,00 \u20ac<\/h2>\t\t\t\t<\/div>\n\t\t\t\t<\/div>\n\t\t\t\t<\/div>\n\t\t\t\t<\/div>\n\t\t<div class=\"elementor-element elementor-element-709c4ed e-con-full e-flex e-con e-child\" data-id=\"709c4ed\" data-element_type=\"container\" data-e-type=\"container\">\n\t\t\t\t<div class=\"elementor-element elementor-element-7d7c0c56 elementor-view-default elementor-position-block-start elementor-mobile-position-block-start elementor-widget elementor-widget-icon-box\" data-id=\"7d7c0c56\" data-element_type=\"widget\" data-e-type=\"widget\" data-widget_type=\"icon-box.default\">\n\t\t\t\t<div class=\"elementor-widget-container\">\n\t\t\t\t\t\t\t<div class=\"elementor-icon-box-wrapper\">\n\n\t\t\t\t\t\t<div class=\"elementor-icon-box-icon\">\n\t\t\t\t<span  class=\"elementor-icon\">\n\t\t\t\t<svg aria-hidden=\"true\" class=\"e-font-icon-svg e-fas-info-circle\" viewbox=\"0 0 512 512\" xmlns=\"http:\/\/www.w3.org\/2000\/svg\"><path d=\"M256 8C119.043 8 8 119.083 8 256c0 136.997 111.043 248 248 248s248-111.003 248-248C504 119.083 392.957 8 256 8zm0 110c23.196 0 42 18.804 42 42s-18.804 42-42 42-42-18.804-42-42 18.804-42 42-42zm56 254c0 6.627-5.373 12-12 12h-88c-6.627 0-12-5.373-12-12v-24c0-6.627 5.373-12 12-12h12v-64h-12c-6.627 0-12-5.373-12-12v-24c0-6.627 5.373-12 12-12h64c6.627 0 12 5.373 12 12v100h12c6.627 0 12 5.373 12 12v24z\"><\/path><\/svg>\t\t\t\t<\/span>\n\t\t\t<\/div>\n\t\t\t\n\t\t\t\t\t\t<div class=\"elementor-icon-box-content\">\n\n\t\t\t\t\t\t\t\t\t<h3 class=\"elementor-icon-box-title\">\n\t\t\t\t\t\t<span  >\n\t\t\t\t\t\t\tKraujo pa\u0117mimo mokestis 5,00 \u20ac \t\t\t\t\t\t<\/span>\n\t\t\t\t\t<\/h3>\n\t\t\t\t\n\t\t\t\t\n\t\t\t<\/div>\n\t\t\t\n\t\t<\/div>\n\t\t\t\t\t\t<\/div>\n\t\t\t\t<\/div>\n\t\t\t\t<div class=\"elementor-element elementor-element-2499a46 elementor-align-center elementor-widget elementor-widget-button\" data-id=\"2499a46\" data-element_type=\"widget\" data-e-type=\"widget\" data-widget_type=\"button.default\">\n\t\t\t\t<div class=\"elementor-widget-container\">\n\t\t\t\t\t\t\t\t\t<div class=\"elementor-button-wrapper\">\n\t\t\t\t\t<a class=\"elementor-button elementor-button-link elementor-size-sm\" href=\"https:\/\/serveonline.lt\/cd3f8281-8a3c-4cda-9f55-0d38b44c062b\/company\" target=\"_blank\">\n\t\t\t\t\t\t<span class=\"elementor-button-content-wrapper\">\n\t\t\t\t\t\t\t\t\t<span class=\"elementor-button-text\">REGISTRACIJA INTERNETU<\/span>\n\t\t\t\t\t<\/span>\n\t\t\t\t\t<\/a>\n\t\t\t\t<\/div>\n\t\t\t\t\t\t\t\t<\/div>\n\t\t\t\t<\/div>\n\t\t\t\t<\/div>\n\t\t\t\t<\/div>\n\t\t\t\t\t<\/div>\n\t\t\t\t<\/div>\n\t\t<div class=\"elementor-element elementor-element-2438ecaf e-flex e-con-boxed e-con e-parent\" data-id=\"2438ecaf\" data-element_type=\"container\" data-e-type=\"container\" data-settings=\"{&quot;background_background&quot;:&quot;classic&quot;}\">\n\t\t\t\t\t<div class=\"e-con-inner\">\n\t\t\t\t<div class=\"elementor-element elementor-element-12c007b5 elementor-widget elementor-widget-ideapark-heading\" data-id=\"12c007b5\" data-element_type=\"widget\" data-e-type=\"widget\" data-widget_type=\"ideapark-heading.default\">\n\t\t\t\t<div class=\"elementor-widget-container\">\n\t\t\t\t\t<div class=\"c-ip-heading c-ip-heading--medium c-ip-heading--center c-ip-heading--bullet-hide\"><span class=\"c-ip-heading__inner\">TYRIMO APRA\u0160YMAS<\/span><\/div>\t\t\t\t<\/div>\n\t\t\t\t<\/div>\n\t\t\t\t\t<\/div>\n\t\t\t\t<\/div>\n\t\t<div class=\"elementor-element elementor-element-25df21cd e-flex e-con-boxed e-con e-parent\" data-id=\"25df21cd\" data-element_type=\"container\" data-e-type=\"container\">\n\t\t\t\t\t<div class=\"e-con-inner\">\n\t\t\t\t<div class=\"elementor-element elementor-element-ca88bc3 elementor-widget elementor-widget-text-editor\" data-id=\"ca88bc3\" data-element_type=\"widget\" data-e-type=\"widget\" data-widget_type=\"text-editor.default\">\n\t\t\t\t<div class=\"elementor-widget-container\">\n\t\t\t\t\t\t\t\t\t<p><strong>Skydliauk\u0119 stimuliuojantis hormonas (TSH\/TTH)<\/strong> yra vienas svarbiausi\u0173 skydliauk\u0117s funkcijos rodikli\u0173. \u0160\u012f hormon\u0105 gamina priekin\u0117 hipofiz\u0117s dalis. TSH\/TTH stimuliuoja tiroksino (T4) ir trijodtironino (T3) sekrecij\u0105 organizme. TSH koncentracija kraujyje da\u017eniausiai atvirk\u0161\u010diai proporcinga tiroksino ir trijodtironino (FT4 ir FT3) koncentracijai. TSH nustatymas naudojamas pirminei skydliauk\u0117s lig\u0173 diagnostikai, po skydliauk\u0117s chirurginio pa\u0161alinimo ir taikant gydym\u0105 L-tiroksino preparatais. Naujagimiams iki 4 par\u0173 am\u017eiaus TSH\/TTH koncentracija ry\u0161kiai didesn\u0117 nei kit\u0173 am\u017eiaus grupi\u0173 individams. Tod\u0117l visus tyrimus, kai \u012ftariama \u012fgimta skydliauk\u0117s patologija, rekomenduojama atlikti pra\u0117jus 4 paroms po gimimo. Senatv\u0117je TSH\/TTH koncentracija palaipsniui did\u0117ja. TSH\/TTH rodiklis labiau atspindi hipofiz\u0117s reakcij\u0105, o ne pa\u010dios skydliauk\u0117s parametrus. TSH\/TTH padid\u0117ja esant pirminei skydliauk\u0117s hipofunkcijai \u2013 miksedemai; Po\u016bmio tiroidito (Hashimot tiroiditas) atveju; esant hipofiz\u0117s navikams. Taip pat gali padid\u0117ti kartu su cholesterolio koncentracijos padid\u0117jimu bei vartojant \u012fvairius medikamentus (li\u010dio preparatai, jodas). Suma\u017e\u0117ja esant pirminiai skydliauk\u0117s hiperfunkcijai &#8211; tirotoksikozei, esant hipofiz\u0117s navikams ar traumoms. Kartais suma\u017e\u0117jim\u0105 gali sukelti n\u0117\u0161tumas arba medikament\u0173 vartojimas (tiroksino preparatai, gliukokortikoidai, dopaminas).<\/p><p><strong>Padid\u0117jimas<\/strong><\/p><ul><li>Miksedema, pirmin\u0117 skydliauk\u0117s hipofunkcija.<\/li><li>Po\u016bmis <strong><a href=\"http:\/\/www.ligos.lt\/lt\/ligos\/tiroiditas\/73650\" target=\"_blank\" rel=\"noopener noreferrer\">tiroiditas<\/a><\/strong> (Hashimot tiroiditas). TSH padid\u0117jimas gali b\u016bti FT4 normos arba nedidelio suma\u017e\u0117jimo fone, labai da\u017enai tokiems eutiroidiniams ligoniams gali b\u016bti randamas anti-TPO padid\u0117jimas, tokie rodikliai gali rodyti autoimunin\u0117s patologijos prad\u017ei\u0105.<\/li><li>Hipofiz\u0117s navikai.<\/li><li>Cholesterolio kiekio padid\u0117jimas.<\/li><li>Retai \u2013 paraneoplazinis sindromas (kr\u016bties, plau\u010di\u0173, hipofiz\u0117s navikai).<\/li><li>Medikamentai (li\u010dio preparatai, propiltiouracilas, amiodaronas, jodas, rentgenokontrastiniai preparatai).<\/li><li>Galvos smegen\u0173 trauma.<\/li><li>L\u0117tin\u0117 liga.<\/li><li>Antrin\u0117 hipotiroz\u0117 (hipofiz\u0117s ar pogumburio patologija).<\/li><\/ul><p><strong>Suma\u017e\u0117jimas<\/strong><\/p><ul><li><strong><a href=\"http:\/\/www.ligos.lt\/lt\/terminai\/tirotoksikoze\/2582\" target=\"_blank\" rel=\"noopener noreferrer\">Tirotoksikoz\u0117<\/a><\/strong>, pirmin\u0117 skydliauk\u0117s hiperfunkcija.<\/li><li>FT<sub>3<\/sub> tirotoksikoz\u0117 (trijodtironino tiroz\u0117, jos metu FT<sub>4<\/sub> nepadid\u0117ja).<\/li><li>Kartais \u2013 n\u0117\u0161tumas.<\/li><li>Hipofiz\u0117s navikai, traumos.<\/li><li>Sunki l\u0117tin\u0117 liga (kartu retai gali b\u016bti ir FT<sub>4<\/sub> suma\u017e\u0117jimas).<\/li><li>Medikamentai (tiroksino preparatai, levodopa, gliukokortikoidai, dopaminas\/605&#8243;&gt;dopaminas).<\/li><\/ul><p>Imunologinis kiekybinis in vitro tyrimas.<\/p><p>Tiriamas kraujo serume ir plazmoje.<\/p><p><strong>Rekomendacijos:<\/strong><\/p><ul><li>Rekomenduojama profilakti\u0161kai atlikti 1 kart\u0105 per metus.<\/li><li>Gydymo kontrolei atliekamas periodi\u0161kai pagal gydytojo nurodymus.<\/li><li>Tyrimo atsakymo tikslumui turi \u012ftakos vartojami vaistai, radiologiniai tyrimai.<\/li><li>Tyrimo pa\u0117mimui reikalinga atvykti nevalgius 8 val.<\/li><\/ul>\t\t\t\t\t\t\t\t<\/div>\n\t\t\t\t<\/div>\n\t\t\t\t\t<\/div>\n\t\t\t\t<\/div>\n\t\t<div class=\"elementor-element elementor-element-4365de7e e-con-full e-flex e-con e-child\" data-id=\"4365de7e\" data-element_type=\"container\" data-e-type=\"container\" data-settings=\"{&quot;background_background&quot;:&quot;classic&quot;}\">\n\t\t\t\t<div class=\"elementor-element elementor-element-709f8a7a elementor-widget elementor-widget-ideapark-heading\" data-id=\"709f8a7a\" data-element_type=\"widget\" data-e-type=\"widget\" data-widget_type=\"ideapark-heading.default\">\n\t\t\t\t<div class=\"elementor-widget-container\">\n\t\t\t\t\t<div class=\"c-ip-heading c-ip-heading--small c-ip-heading--center c-ip-heading--bullet-hide\"><span class=\"c-ip-heading__inner\">REGISTRUOKIT\u0116S INTERNETU<\/span><\/div>\t\t\t\t<\/div>\n\t\t\t\t<\/div>\n\t\t\t\t<div class=\"elementor-element elementor-element-694af055 elementor-align-center elementor-widget elementor-widget-button\" data-id=\"694af055\" data-element_type=\"widget\" data-e-type=\"widget\" data-widget_type=\"button.default\">\n\t\t\t\t<div class=\"elementor-widget-container\">\n\t\t\t\t\t\t\t\t\t<div class=\"elementor-button-wrapper\">\n\t\t\t\t\t<a class=\"elementor-button elementor-button-link elementor-size-sm\" href=\"https:\/\/serveonline.lt\/cd3f8281-8a3c-4cda-9f55-0d38b44c062b\/company\" target=\"_blank\">\n\t\t\t\t\t\t<span class=\"elementor-button-content-wrapper\">\n\t\t\t\t\t\t\t\t\t<span class=\"elementor-button-text\">REGISTRACIJA PER SERVE.LT<\/span>\n\t\t\t\t\t<\/span>\n\t\t\t\t\t<\/a>\n\t\t\t\t<\/div>\n\t\t\t\t\t\t\t\t<\/div>\n\t\t\t\t<\/div>\n\t\t\t\t<\/div>\n\t\t<div class=\"elementor-element elementor-element-2b5df09b e-flex e-con-boxed e-con e-parent\" data-id=\"2b5df09b\" data-element_type=\"container\" data-e-type=\"container\">\n\t\t\t\t\t<div class=\"e-con-inner\">\n\t\t\t\t<div class=\"elementor-element elementor-element-770e6aef elementor-widget elementor-widget-ideapark-heading\" data-id=\"770e6aef\" data-element_type=\"widget\" data-e-type=\"widget\" data-widget_type=\"ideapark-heading.default\">\n\t\t\t\t<div class=\"elementor-widget-container\">\n\t\t\t\t\t<div class=\"c-ip-heading c-ip-heading--small c-ip-heading--center c-ip-heading--bullet-hide\"><span class=\"c-ip-heading__inner\">SEKITE MUS instagram<\/span><\/div>\t\t\t\t<\/div>\n\t\t\t\t<\/div>\n\t\t\t\t<div class=\"elementor-element elementor-element-7d2b905f elementor-widget elementor-widget-ideapark-heading\" data-id=\"7d2b905f\" data-element_type=\"widget\" data-e-type=\"widget\" data-widget_type=\"ideapark-heading.default\">\n\t\t\t\t<div class=\"elementor-widget-container\">\n\t\t\t\t\t<div class=\"c-ip-heading c-ip-heading--medium c-ip-heading--center c-ip-heading--bullet-hide\"><span class=\"c-ip-heading__inner\"><a href=\"http:\/\/www.instagram.com\/miamedic.lt\" target=\"_blank\"> @miamedic.lt<\/a><\/span><\/div>\t\t\t\t<\/div>\n\t\t\t\t<\/div>\n\t\t\t\t\t<\/div>\n\t\t\t\t<\/div>\n\t\t\t\t<\/div>","protected":false},"excerpt":{"rendered":"<p>LABORATORINIAI TYRIMAI TTH \/ TSH | Tirotropinis hormonas Prek\u0117s kodas: 15126 11,00 \u20ac Kraujo pa\u0117mimo mokestis 5,00 \u20ac REGISTRACIJA INTERNETU TYRIMO APRA\u0160YMAS&hellip;<\/p>","protected":false},"author":1,"featured_media":0,"parent":0,"menu_order":0,"comment_status":"closed","ping_status":"closed","template":"elementor_header_footer","meta":{"footnotes":""},"class_list":["post-11935","page","type-page","status-publish","hentry"],"_links":{"self":[{"href":"https:\/\/miamedic.lt\/en\/wp-json\/wp\/v2\/pages\/11935","targetHints":{"allow":["GET"]}}],"collection":[{"href":"https:\/\/miamedic.lt\/en\/wp-json\/wp\/v2\/pages"}],"about":[{"href":"https:\/\/miamedic.lt\/en\/wp-json\/wp\/v2\/types\/page"}],"author":[{"embeddable":true,"href":"https:\/\/miamedic.lt\/en\/wp-json\/wp\/v2\/users\/1"}],"replies":[{"embeddable":true,"href":"https:\/\/miamedic.lt\/en\/wp-json\/wp\/v2\/comments?post=11935"}],"version-history":[{"count":4,"href":"https:\/\/miamedic.lt\/en\/wp-json\/wp\/v2\/pages\/11935\/revisions"}],"predecessor-version":[{"id":11939,"href":"https:\/\/miamedic.lt\/en\/wp-json\/wp\/v2\/pages\/11935\/revisions\/11939"}],"wp:attachment":[{"href":"https:\/\/miamedic.lt\/en\/wp-json\/wp\/v2\/media?parent=11935"}],"curies":[{"name":"wp","href":"https:\/\/api.w.org\/{rel}","templated":true}]}}