{"id":11924,"date":"2025-10-20T19:54:45","date_gmt":"2025-10-20T19:54:45","guid":{"rendered":"https:\/\/miamedic.lt\/?page_id=11924"},"modified":"2025-10-20T19:56:53","modified_gmt":"2025-10-20T19:56:53","slug":"mikroelementu-ir-vitaminu-minimali-istyrimo-programa","status":"publish","type":"page","link":"https:\/\/miamedic.lt\/en\/mikroelementu-ir-vitaminu-minimali-istyrimo-programa\/","title":{"rendered":"Mikroelement\u0173 ir vitamin\u0173 minimali i\u0161tyrimo programa"},"content":{"rendered":"<div data-elementor-type=\"wp-page\" data-elementor-id=\"11924\" class=\"elementor elementor-11924\">\n\t\t\t\t<div class=\"elementor-element elementor-element-3c6d861a e-flex e-con-boxed e-con e-parent\" data-id=\"3c6d861a\" data-element_type=\"container\" data-e-type=\"container\">\n\t\t\t\t\t<div class=\"e-con-inner\">\n\t\t<div class=\"elementor-element elementor-element-18882f74 e-con-full e-flex e-con e-child\" data-id=\"18882f74\" data-element_type=\"container\" data-e-type=\"container\">\n\t\t\t\t<div class=\"elementor-element elementor-element-2fb52712 elementor-widget elementor-widget-image\" data-id=\"2fb52712\" data-element_type=\"widget\" data-e-type=\"widget\" data-widget_type=\"image.default\">\n\t\t\t\t<div class=\"elementor-widget-container\">\n\t\t\t\t\t\t\t\t\t\t\t\t\t\t\t<img fetchpriority=\"high\" decoding=\"async\" width=\"1800\" height=\"1800\" src=\"https:\/\/miamedic.lt\/wp-content\/uploads\/2025\/10\/laboratoriniai-tyrimai-miamedic.png\" class=\"attachment-full size-full wp-image-11572\" alt=\"laboratoriniai tyrimai miamedic\" srcset=\"https:\/\/miamedic.lt\/wp-content\/uploads\/2025\/10\/laboratoriniai-tyrimai-miamedic.png 1800w, https:\/\/miamedic.lt\/wp-content\/uploads\/2025\/10\/laboratoriniai-tyrimai-miamedic-460x460.png 460w, https:\/\/miamedic.lt\/wp-content\/uploads\/2025\/10\/laboratoriniai-tyrimai-miamedic-1520x1520.png 1520w, https:\/\/miamedic.lt\/wp-content\/uploads\/2025\/10\/laboratoriniai-tyrimai-miamedic-115x115.png 115w, https:\/\/miamedic.lt\/wp-content\/uploads\/2025\/10\/laboratoriniai-tyrimai-miamedic-760x760.png 760w, https:\/\/miamedic.lt\/wp-content\/uploads\/2025\/10\/laboratoriniai-tyrimai-miamedic-12x12.png 12w, https:\/\/miamedic.lt\/wp-content\/uploads\/2025\/10\/laboratoriniai-tyrimai-miamedic-920x920.png 920w, https:\/\/miamedic.lt\/wp-content\/uploads\/2025\/10\/laboratoriniai-tyrimai-miamedic-145x145.png 145w, https:\/\/miamedic.lt\/wp-content\/uploads\/2025\/10\/laboratoriniai-tyrimai-miamedic-290x290.png 290w, https:\/\/miamedic.lt\/wp-content\/uploads\/2025\/10\/laboratoriniai-tyrimai-miamedic-50x50.png 50w, https:\/\/miamedic.lt\/wp-content\/uploads\/2025\/10\/laboratoriniai-tyrimai-miamedic-100x100.png 100w\" sizes=\"(max-width: 1800px) 100vw, 1800px\" \/>\t\t\t\t\t\t\t\t\t\t\t\t\t\t\t<\/div>\n\t\t\t\t<\/div>\n\t\t\t\t<\/div>\n\t\t<div class=\"elementor-element elementor-element-76728065 e-con-full e-flex e-con e-child\" data-id=\"76728065\" data-element_type=\"container\" data-e-type=\"container\">\n\t\t\t\t<div class=\"elementor-element elementor-element-768339f9 elementor-widget elementor-widget-ideapark-heading\" data-id=\"768339f9\" data-element_type=\"widget\" data-e-type=\"widget\" data-widget_type=\"ideapark-heading.default\">\n\t\t\t\t<div class=\"elementor-widget-container\">\n\t\t\t\t\t<div class=\"c-ip-heading c-ip-heading--small c-ip-heading--center c-ip-heading--bullet-hide\"><span class=\"c-ip-heading__inner\">LABORATORINIAI TYRIMAI<\/span><\/div>\t\t\t\t<\/div>\n\t\t\t\t<\/div>\n\t\t\t\t<div class=\"elementor-element elementor-element-ecf21dd elementor-widget elementor-widget-ideapark-heading\" data-id=\"ecf21dd\" data-element_type=\"widget\" data-e-type=\"widget\" data-widget_type=\"ideapark-heading.default\">\n\t\t\t\t<div class=\"elementor-widget-container\">\n\t\t\t\t\t<div class=\"c-ip-heading c-ip-heading--medium c-ip-heading--center c-ip-heading--bullet-hide\"><span class=\"c-ip-heading__inner\">|KL39| Mikroelement\u0173 ir vitamin\u0173 minimali i\u0161tyrimo programa<\/span><\/div>\t\t\t\t<\/div>\n\t\t\t\t<\/div>\n\t\t<div class=\"elementor-element elementor-element-28c1295 e-con-full e-flex e-con e-child\" data-id=\"28c1295\" data-element_type=\"container\" data-e-type=\"container\">\n\t\t<div class=\"elementor-element elementor-element-6e49262b e-con-full e-flex e-con e-child\" data-id=\"6e49262b\" data-element_type=\"container\" data-e-type=\"container\" data-settings=\"{&quot;background_background&quot;:&quot;classic&quot;}\">\n\t\t\t\t<div class=\"elementor-element elementor-element-58460ed4 elementor-widget elementor-widget-heading\" data-id=\"58460ed4\" data-element_type=\"widget\" data-e-type=\"widget\" data-widget_type=\"heading.default\">\n\t\t\t\t<div class=\"elementor-widget-container\">\n\t\t\t\t\t<h2 class=\"elementor-heading-title elementor-size-default\">60,00 \u20ac<\/h2>\t\t\t\t<\/div>\n\t\t\t\t<\/div>\n\t\t\t\t<\/div>\n\t\t\t\t<\/div>\n\t\t<div class=\"elementor-element elementor-element-3060f556 e-con-full e-flex e-con e-child\" data-id=\"3060f556\" data-element_type=\"container\" data-e-type=\"container\">\n\t\t\t\t<div class=\"elementor-element elementor-element-13adbc9c elementor-view-default elementor-position-block-start elementor-mobile-position-block-start elementor-widget elementor-widget-icon-box\" data-id=\"13adbc9c\" data-element_type=\"widget\" data-e-type=\"widget\" data-widget_type=\"icon-box.default\">\n\t\t\t\t<div class=\"elementor-widget-container\">\n\t\t\t\t\t\t\t<div class=\"elementor-icon-box-wrapper\">\n\n\t\t\t\t\t\t<div class=\"elementor-icon-box-icon\">\n\t\t\t\t<span  class=\"elementor-icon\">\n\t\t\t\t<svg aria-hidden=\"true\" class=\"e-font-icon-svg e-fas-info-circle\" viewbox=\"0 0 512 512\" xmlns=\"http:\/\/www.w3.org\/2000\/svg\"><path d=\"M256 8C119.043 8 8 119.083 8 256c0 136.997 111.043 248 248 248s248-111.003 248-248C504 119.083 392.957 8 256 8zm0 110c23.196 0 42 18.804 42 42s-18.804 42-42 42-42-18.804-42-42 18.804-42 42-42zm56 254c0 6.627-5.373 12-12 12h-88c-6.627 0-12-5.373-12-12v-24c0-6.627 5.373-12 12-12h12v-64h-12c-6.627 0-12-5.373-12-12v-24c0-6.627 5.373-12 12-12h64c6.627 0 12 5.373 12 12v100h12c6.627 0 12 5.373 12 12v24z\"><\/path><\/svg>\t\t\t\t<\/span>\n\t\t\t<\/div>\n\t\t\t\n\t\t\t\t\t\t<div class=\"elementor-icon-box-content\">\n\n\t\t\t\t\t\t\t\t\t<h3 class=\"elementor-icon-box-title\">\n\t\t\t\t\t\t<span  >\n\t\t\t\t\t\t\tKraujo pa\u0117mimo mokestis 5,00 \u20ac \t\t\t\t\t\t<\/span>\n\t\t\t\t\t<\/h3>\n\t\t\t\t\n\t\t\t\t\n\t\t\t<\/div>\n\t\t\t\n\t\t<\/div>\n\t\t\t\t\t\t<\/div>\n\t\t\t\t<\/div>\n\t\t\t\t<div class=\"elementor-element elementor-element-7870c1e4 elementor-align-center elementor-widget elementor-widget-button\" data-id=\"7870c1e4\" data-element_type=\"widget\" data-e-type=\"widget\" data-widget_type=\"button.default\">\n\t\t\t\t<div class=\"elementor-widget-container\">\n\t\t\t\t\t\t\t\t\t<div class=\"elementor-button-wrapper\">\n\t\t\t\t\t<a class=\"elementor-button elementor-button-link elementor-size-sm\" href=\"https:\/\/serveonline.lt\/cd3f8281-8a3c-4cda-9f55-0d38b44c062b\/company\" target=\"_blank\">\n\t\t\t\t\t\t<span class=\"elementor-button-content-wrapper\">\n\t\t\t\t\t\t\t\t\t<span class=\"elementor-button-text\">REGISTRACIJA INTERNETU<\/span>\n\t\t\t\t\t<\/span>\n\t\t\t\t\t<\/a>\n\t\t\t\t<\/div>\n\t\t\t\t\t\t\t\t<\/div>\n\t\t\t\t<\/div>\n\t\t\t\t<\/div>\n\t\t\t\t<\/div>\n\t\t\t\t\t<\/div>\n\t\t\t\t<\/div>\n\t\t<div class=\"elementor-element elementor-element-244afacb e-flex e-con-boxed e-con e-parent\" data-id=\"244afacb\" data-element_type=\"container\" data-e-type=\"container\" data-settings=\"{&quot;background_background&quot;:&quot;classic&quot;}\">\n\t\t\t\t\t<div class=\"e-con-inner\">\n\t\t\t\t<div class=\"elementor-element elementor-element-2e616858 elementor-widget elementor-widget-ideapark-heading\" data-id=\"2e616858\" data-element_type=\"widget\" data-e-type=\"widget\" data-widget_type=\"ideapark-heading.default\">\n\t\t\t\t<div class=\"elementor-widget-container\">\n\t\t\t\t\t<div class=\"c-ip-heading c-ip-heading--medium c-ip-heading--center c-ip-heading--bullet-hide\"><span class=\"c-ip-heading__inner\">TYRIMO APRA\u0160YMAS<\/span><\/div>\t\t\t\t<\/div>\n\t\t\t\t<\/div>\n\t\t\t\t\t<\/div>\n\t\t\t\t<\/div>\n\t\t<div class=\"elementor-element elementor-element-3d963ee8 e-flex e-con-boxed e-con e-parent\" data-id=\"3d963ee8\" data-element_type=\"container\" data-e-type=\"container\">\n\t\t\t\t\t<div class=\"e-con-inner\">\n\t\t\t\t<div class=\"elementor-element elementor-element-1f05940 elementor-widget elementor-widget-text-editor\" data-id=\"1f05940\" data-element_type=\"widget\" data-e-type=\"widget\" data-widget_type=\"text-editor.default\">\n\t\t\t\t<div class=\"elementor-widget-container\">\n\t\t\t\t\t\t\t\t\t<p>Vitamin\u0173 ir mikroelement\u0173 sveikatos i\u0161tyrimo kraujo i\u0161tyrimo programos yra sukurtos\u00a0siekiant suteikti i\u0161sami\u0105 informacij\u0105 apie \u017emogaus mitybos b\u016bkl\u0119 ir jo organizmo mikroelement\u0173 balans\u0105. \u0160ie tyrimai padeda identifikuoti galimus tr\u016bkumus ar perteklius, kurie gali tur\u0117ti \u012ftakos bendrai sveikatai ir gyvenimo kokybei.<\/p><div class=\"description_title_icon\"><p><strong>Kam verta ir naudinga atlikti \u0161iuos tyrimus?<\/strong><\/p>Kraujo tyrim\u0173 paketai yra naudingi asmenims, kurie:<\/div><ul><li value=\"50\">Susiduria su l\u0117tinio nuovargio, energijos tr\u016bkumo ar kitais nespecifiniais simptomais, kurie gali b\u016bti susij\u0119 su mitybos tr\u016bkumais.<\/li><li value=\"50\">Turi sveikatos sutrikim\u0173, toki\u0173 kaip osteoporoz\u0117, anemija, imunin\u0117s sistemos sutrikimai, kurie gali b\u016bti susij\u0119 su vitamin\u0173 ir mineral\u0173 tr\u016bkumu.<\/li><li value=\"50\">Vykdo specialias dietas ar mitybos apribojimus, pvz., vegetarizm\u0105 ar veganizm\u0105, kurie gali sukelti tam tikr\u0173 svarbi\u0173 maistini\u0173 med\u017eiag\u0173 tr\u016bkum\u0105.<\/li><li>Planuoja n\u0117\u0161tum\u0105 ar yra n\u0117\u0161\u010dios, nes optimalus vitamin\u0173 ir mineral\u0173 lygis yra b\u016btinas sveikam vaisiaus vystymuisi.<\/li><\/ul><div class=\"description_title_icon\"><div class=\"title_part\"><p><strong>Kada rekomenduojama atlikti \u0161iuos tyrimus?<\/strong><\/p>Vitamin\u0173 ir mikroelement\u0173 tyrimai rekomenduojami:<\/div><\/div><ul><li value=\"50\">Planuojant sveikatos patikrinimus, kad b\u016bt\u0173 galima \u012fvertinti mitybos b\u016bkl\u0119 ir atlikti reikiamus koregavimus.<\/li><li value=\"50\">Pasteb\u0117jus simptomus, kurie gali rodyti mitybos tr\u016bkumus, pvz., plauk\u0173 slinkimas, odos problemos, energijos stoka.<\/li><li value=\"50\">Kei\u010diant mitybos \u012fpro\u010dius ar pradedant nauj\u0105 diet\u0105, kad b\u016bt\u0173 u\u017etikrintas reikiamas maistini\u0173 med\u017eiag\u0173 suvartojimas.<\/li><li>Atlikus ilgalaikio gydymo kursus, kurie gali tur\u0117ti \u012ftakos organizmo geb\u0117jimui \u012fsisavinti svarbias maistines med\u017eiagas.<\/li><\/ul><div class=\"description_title_icon\"><div class=\"title_part\"><p><strong>K\u0105 pacientas gali su\u017einoti atlik\u0119s \u0161iuos tyrimus?<\/strong><\/p>Atlik\u0119s \u0161iuos tyrimus, pacientas gali su\u017einoti:<\/div><\/div><ul><li value=\"50\">Svarbiausi\u0173 vitamin\u0173 ir mineral\u0173, toki\u0173 kaip kalio, natris, chloras, kalcis, magnis, fosforas, gele\u017eis, cinkas, varis, bei vitamin\u0173 D, B12, A, E, B1 (tiaminas), folio r\u016bg\u0161tis ir kt., lygius organizme.<\/li><li value=\"50\">Galimus maistini\u0173 med\u017eiag\u0173 tr\u016bkumus ar perteklius, kurie gali tur\u0117ti \u012ftakos bendrai sveikatai, imunitetui, kraujodarai ir nerv\u0173 sistemos funkcijai.<\/li><li>Reikiam\u0105 informacij\u0105, pad\u0117sian\u010di\u0105 planuoti mityb\u0105, papild\u0173 vartojim\u0105 ir gyvenimo b\u016bdo pakeitimus, siekiant pagerinti sveikatos b\u016bkl\u0119 ir gyvenimo kokyb\u0119.<\/li><\/ul><p>\u0160ie tyrimai suteikia verting\u0105 informacij\u0105, leid\u017eian\u010di\u0105 asmeniui ir jo gydytojui optimizuoti sveikatos prie\u017ei\u016bros strategijas, atsi\u017evelgiant \u012f individualius mitybos poreikius ir sveikatos b\u016bkl\u0119.<\/p>\t\t\t\t\t\t\t\t<\/div>\n\t\t\t\t<\/div>\n\t\t\t\t\t<\/div>\n\t\t\t\t<\/div>\n\t\t<div class=\"elementor-element elementor-element-541dbcaa e-con-full e-flex e-con e-child\" data-id=\"541dbcaa\" data-element_type=\"container\" data-e-type=\"container\" data-settings=\"{&quot;background_background&quot;:&quot;classic&quot;}\">\n\t\t\t\t<div class=\"elementor-element elementor-element-714f88aa elementor-widget elementor-widget-ideapark-heading\" data-id=\"714f88aa\" data-element_type=\"widget\" data-e-type=\"widget\" data-widget_type=\"ideapark-heading.default\">\n\t\t\t\t<div class=\"elementor-widget-container\">\n\t\t\t\t\t<div class=\"c-ip-heading c-ip-heading--small c-ip-heading--center c-ip-heading--bullet-hide\"><span class=\"c-ip-heading__inner\">REGISTRUOKIT\u0116S INTERNETU<\/span><\/div>\t\t\t\t<\/div>\n\t\t\t\t<\/div>\n\t\t\t\t<div class=\"elementor-element elementor-element-102d9197 elementor-align-center elementor-widget elementor-widget-button\" data-id=\"102d9197\" data-element_type=\"widget\" data-e-type=\"widget\" data-widget_type=\"button.default\">\n\t\t\t\t<div class=\"elementor-widget-container\">\n\t\t\t\t\t\t\t\t\t<div class=\"elementor-button-wrapper\">\n\t\t\t\t\t<a class=\"elementor-button elementor-button-link elementor-size-sm\" href=\"https:\/\/serveonline.lt\/cd3f8281-8a3c-4cda-9f55-0d38b44c062b\/company\" target=\"_blank\">\n\t\t\t\t\t\t<span class=\"elementor-button-content-wrapper\">\n\t\t\t\t\t\t\t\t\t<span class=\"elementor-button-text\">REGISTRACIJA PER SERVE.LT<\/span>\n\t\t\t\t\t<\/span>\n\t\t\t\t\t<\/a>\n\t\t\t\t<\/div>\n\t\t\t\t\t\t\t\t<\/div>\n\t\t\t\t<\/div>\n\t\t\t\t<\/div>\n\t\t<div class=\"elementor-element elementor-element-4f14bbc1 e-flex e-con-boxed e-con e-parent\" data-id=\"4f14bbc1\" data-element_type=\"container\" data-e-type=\"container\">\n\t\t\t\t\t<div class=\"e-con-inner\">\n\t\t\t\t<div class=\"elementor-element elementor-element-2eb8e4b9 elementor-widget elementor-widget-ideapark-heading\" data-id=\"2eb8e4b9\" data-element_type=\"widget\" data-e-type=\"widget\" data-widget_type=\"ideapark-heading.default\">\n\t\t\t\t<div class=\"elementor-widget-container\">\n\t\t\t\t\t<div class=\"c-ip-heading c-ip-heading--small c-ip-heading--center c-ip-heading--bullet-hide\"><span class=\"c-ip-heading__inner\">SEKITE MUS instagram<\/span><\/div>\t\t\t\t<\/div>\n\t\t\t\t<\/div>\n\t\t\t\t<div class=\"elementor-element elementor-element-4cb54c16 elementor-widget elementor-widget-ideapark-heading\" data-id=\"4cb54c16\" data-element_type=\"widget\" data-e-type=\"widget\" data-widget_type=\"ideapark-heading.default\">\n\t\t\t\t<div class=\"elementor-widget-container\">\n\t\t\t\t\t<div class=\"c-ip-heading c-ip-heading--medium c-ip-heading--center c-ip-heading--bullet-hide\"><span class=\"c-ip-heading__inner\"><a href=\"http:\/\/www.instagram.com\/miamedic.lt\" target=\"_blank\"> @miamedic.lt<\/a><\/span><\/div>\t\t\t\t<\/div>\n\t\t\t\t<\/div>\n\t\t\t\t\t<\/div>\n\t\t\t\t<\/div>\n\t\t\t\t<\/div>","protected":false},"excerpt":{"rendered":"<p>LABORATORINIAI TYRIMAI |KL39| Mikroelement\u0173 ir vitamin\u0173 minimali i\u0161tyrimo programa 60,00 \u20ac Kraujo pa\u0117mimo mokestis 5,00 \u20ac REGISTRACIJA INTERNETU TYRIMO APRA\u0160YMAS Vitamin\u0173 ir&hellip;<\/p>","protected":false},"author":1,"featured_media":0,"parent":0,"menu_order":0,"comment_status":"closed","ping_status":"closed","template":"elementor_header_footer","meta":{"footnotes":""},"class_list":["post-11924","page","type-page","status-publish","hentry"],"_links":{"self":[{"href":"https:\/\/miamedic.lt\/en\/wp-json\/wp\/v2\/pages\/11924","targetHints":{"allow":["GET"]}}],"collection":[{"href":"https:\/\/miamedic.lt\/en\/wp-json\/wp\/v2\/pages"}],"about":[{"href":"https:\/\/miamedic.lt\/en\/wp-json\/wp\/v2\/types\/page"}],"author":[{"embeddable":true,"href":"https:\/\/miamedic.lt\/en\/wp-json\/wp\/v2\/users\/1"}],"replies":[{"embeddable":true,"href":"https:\/\/miamedic.lt\/en\/wp-json\/wp\/v2\/comments?post=11924"}],"version-history":[{"count":4,"href":"https:\/\/miamedic.lt\/en\/wp-json\/wp\/v2\/pages\/11924\/revisions"}],"predecessor-version":[{"id":11928,"href":"https:\/\/miamedic.lt\/en\/wp-json\/wp\/v2\/pages\/11924\/revisions\/11928"}],"wp:attachment":[{"href":"https:\/\/miamedic.lt\/en\/wp-json\/wp\/v2\/media?parent=11924"}],"curies":[{"name":"wp","href":"https:\/\/api.w.org\/{rel}","templated":true}]}}