{"id":11908,"date":"2025-10-20T19:50:10","date_gmt":"2025-10-20T19:50:10","guid":{"rendered":"https:\/\/miamedic.lt\/?page_id=11908"},"modified":"2025-10-20T19:50:49","modified_gmt":"2025-10-20T19:50:49","slug":"omega-3-indekso-tyrimas","status":"publish","type":"page","link":"https:\/\/miamedic.lt\/en\/omega-3-indekso-tyrimas\/","title":{"rendered":"Omega-3 Indekso tyrimas"},"content":{"rendered":"<div data-elementor-type=\"wp-page\" data-elementor-id=\"11908\" class=\"elementor elementor-11908\">\n\t\t\t\t<div class=\"elementor-element elementor-element-49878979 e-flex e-con-boxed e-con e-parent\" data-id=\"49878979\" data-element_type=\"container\" data-e-type=\"container\">\n\t\t\t\t\t<div class=\"e-con-inner\">\n\t\t<div class=\"elementor-element elementor-element-3e7ff84d e-con-full e-flex e-con e-child\" data-id=\"3e7ff84d\" data-element_type=\"container\" data-e-type=\"container\">\n\t\t\t\t<div class=\"elementor-element elementor-element-70f293d8 elementor-widget elementor-widget-image\" data-id=\"70f293d8\" data-element_type=\"widget\" data-e-type=\"widget\" data-widget_type=\"image.default\">\n\t\t\t\t<div class=\"elementor-widget-container\">\n\t\t\t\t\t\t\t\t\t\t\t\t\t\t\t<img fetchpriority=\"high\" decoding=\"async\" width=\"1800\" height=\"1800\" src=\"https:\/\/miamedic.lt\/wp-content\/uploads\/2025\/10\/laboratoriniai-tyrimai-miamedic.png\" class=\"attachment-full size-full wp-image-11572\" alt=\"laboratoriniai tyrimai miamedic\" srcset=\"https:\/\/miamedic.lt\/wp-content\/uploads\/2025\/10\/laboratoriniai-tyrimai-miamedic.png 1800w, https:\/\/miamedic.lt\/wp-content\/uploads\/2025\/10\/laboratoriniai-tyrimai-miamedic-460x460.png 460w, https:\/\/miamedic.lt\/wp-content\/uploads\/2025\/10\/laboratoriniai-tyrimai-miamedic-1520x1520.png 1520w, https:\/\/miamedic.lt\/wp-content\/uploads\/2025\/10\/laboratoriniai-tyrimai-miamedic-115x115.png 115w, https:\/\/miamedic.lt\/wp-content\/uploads\/2025\/10\/laboratoriniai-tyrimai-miamedic-760x760.png 760w, https:\/\/miamedic.lt\/wp-content\/uploads\/2025\/10\/laboratoriniai-tyrimai-miamedic-12x12.png 12w, https:\/\/miamedic.lt\/wp-content\/uploads\/2025\/10\/laboratoriniai-tyrimai-miamedic-920x920.png 920w, https:\/\/miamedic.lt\/wp-content\/uploads\/2025\/10\/laboratoriniai-tyrimai-miamedic-145x145.png 145w, https:\/\/miamedic.lt\/wp-content\/uploads\/2025\/10\/laboratoriniai-tyrimai-miamedic-290x290.png 290w, https:\/\/miamedic.lt\/wp-content\/uploads\/2025\/10\/laboratoriniai-tyrimai-miamedic-50x50.png 50w, https:\/\/miamedic.lt\/wp-content\/uploads\/2025\/10\/laboratoriniai-tyrimai-miamedic-100x100.png 100w\" sizes=\"(max-width: 1800px) 100vw, 1800px\" \/>\t\t\t\t\t\t\t\t\t\t\t\t\t\t\t<\/div>\n\t\t\t\t<\/div>\n\t\t\t\t<\/div>\n\t\t<div class=\"elementor-element elementor-element-1da7c166 e-con-full e-flex e-con e-child\" data-id=\"1da7c166\" data-element_type=\"container\" data-e-type=\"container\">\n\t\t\t\t<div class=\"elementor-element elementor-element-4108100 elementor-widget elementor-widget-ideapark-heading\" data-id=\"4108100\" data-element_type=\"widget\" data-e-type=\"widget\" data-widget_type=\"ideapark-heading.default\">\n\t\t\t\t<div class=\"elementor-widget-container\">\n\t\t\t\t\t<div class=\"c-ip-heading c-ip-heading--small c-ip-heading--center c-ip-heading--bullet-hide\"><span class=\"c-ip-heading__inner\">LABORATORINIAI TYRIMAI<\/span><\/div>\t\t\t\t<\/div>\n\t\t\t\t<\/div>\n\t\t\t\t<div class=\"elementor-element elementor-element-603211b6 elementor-widget elementor-widget-ideapark-heading\" data-id=\"603211b6\" data-element_type=\"widget\" data-e-type=\"widget\" data-widget_type=\"ideapark-heading.default\">\n\t\t\t\t<div class=\"elementor-widget-container\">\n\t\t\t\t\t<div class=\"c-ip-heading c-ip-heading--medium c-ip-heading--center c-ip-heading--bullet-hide\"><span class=\"c-ip-heading__inner\">Omega-3 Indekso tyrimas<\/span><\/div>\t\t\t\t<\/div>\n\t\t\t\t<\/div>\n\t\t\t\t<div class=\"elementor-element elementor-element-3c2424dc elementor-widget elementor-widget-ideapark-heading\" data-id=\"3c2424dc\" data-element_type=\"widget\" data-e-type=\"widget\" data-widget_type=\"ideapark-heading.default\">\n\t\t\t\t<div class=\"elementor-widget-container\">\n\t\t\t\t\t<div class=\"c-ip-heading c-ip-heading--medium c-ip-heading--center c-ip-heading--bullet-hide\"><span class=\"c-ip-heading__inner\">Prek\u0117s kodas: 15247<\/span><\/div>\t\t\t\t<\/div>\n\t\t\t\t<\/div>\n\t\t<div class=\"elementor-element elementor-element-16b8d46d e-con-full e-flex e-con e-child\" data-id=\"16b8d46d\" data-element_type=\"container\" data-e-type=\"container\">\n\t\t<div class=\"elementor-element elementor-element-50c3af46 e-con-full e-flex e-con e-child\" data-id=\"50c3af46\" data-element_type=\"container\" data-e-type=\"container\" data-settings=\"{&quot;background_background&quot;:&quot;classic&quot;}\">\n\t\t\t\t<div class=\"elementor-element elementor-element-25a23bee elementor-widget elementor-widget-heading\" data-id=\"25a23bee\" data-element_type=\"widget\" data-e-type=\"widget\" data-widget_type=\"heading.default\">\n\t\t\t\t<div class=\"elementor-widget-container\">\n\t\t\t\t\t<h2 class=\"elementor-heading-title elementor-size-default\">55,00 \u20ac<\/h2>\t\t\t\t<\/div>\n\t\t\t\t<\/div>\n\t\t\t\t<\/div>\n\t\t\t\t<\/div>\n\t\t<div class=\"elementor-element elementor-element-52f099e3 e-con-full e-flex e-con e-child\" data-id=\"52f099e3\" data-element_type=\"container\" data-e-type=\"container\">\n\t\t\t\t<div class=\"elementor-element elementor-element-25638239 elementor-view-default elementor-position-block-start elementor-mobile-position-block-start elementor-widget elementor-widget-icon-box\" data-id=\"25638239\" data-element_type=\"widget\" data-e-type=\"widget\" data-widget_type=\"icon-box.default\">\n\t\t\t\t<div class=\"elementor-widget-container\">\n\t\t\t\t\t\t\t<div class=\"elementor-icon-box-wrapper\">\n\n\t\t\t\t\t\t<div class=\"elementor-icon-box-icon\">\n\t\t\t\t<span  class=\"elementor-icon\">\n\t\t\t\t<svg aria-hidden=\"true\" class=\"e-font-icon-svg e-fas-info-circle\" viewbox=\"0 0 512 512\" xmlns=\"http:\/\/www.w3.org\/2000\/svg\"><path d=\"M256 8C119.043 8 8 119.083 8 256c0 136.997 111.043 248 248 248s248-111.003 248-248C504 119.083 392.957 8 256 8zm0 110c23.196 0 42 18.804 42 42s-18.804 42-42 42-42-18.804-42-42 18.804-42 42-42zm56 254c0 6.627-5.373 12-12 12h-88c-6.627 0-12-5.373-12-12v-24c0-6.627 5.373-12 12-12h12v-64h-12c-6.627 0-12-5.373-12-12v-24c0-6.627 5.373-12 12-12h64c6.627 0 12 5.373 12 12v100h12c6.627 0 12 5.373 12 12v24z\"><\/path><\/svg>\t\t\t\t<\/span>\n\t\t\t<\/div>\n\t\t\t\n\t\t\t\t\t\t<div class=\"elementor-icon-box-content\">\n\n\t\t\t\t\t\t\t\t\t<h3 class=\"elementor-icon-box-title\">\n\t\t\t\t\t\t<span  >\n\t\t\t\t\t\t\tKraujo pa\u0117mimo mokestis 5,00 \u20ac \t\t\t\t\t\t<\/span>\n\t\t\t\t\t<\/h3>\n\t\t\t\t\n\t\t\t\t\n\t\t\t<\/div>\n\t\t\t\n\t\t<\/div>\n\t\t\t\t\t\t<\/div>\n\t\t\t\t<\/div>\n\t\t\t\t<div class=\"elementor-element elementor-element-21bd9d5b elementor-align-center elementor-widget elementor-widget-button\" data-id=\"21bd9d5b\" data-element_type=\"widget\" data-e-type=\"widget\" data-widget_type=\"button.default\">\n\t\t\t\t<div class=\"elementor-widget-container\">\n\t\t\t\t\t\t\t\t\t<div class=\"elementor-button-wrapper\">\n\t\t\t\t\t<a class=\"elementor-button elementor-button-link elementor-size-sm\" href=\"https:\/\/serveonline.lt\/cd3f8281-8a3c-4cda-9f55-0d38b44c062b\/company\" target=\"_blank\">\n\t\t\t\t\t\t<span class=\"elementor-button-content-wrapper\">\n\t\t\t\t\t\t\t\t\t<span class=\"elementor-button-text\">REGISTRACIJA INTERNETU<\/span>\n\t\t\t\t\t<\/span>\n\t\t\t\t\t<\/a>\n\t\t\t\t<\/div>\n\t\t\t\t\t\t\t\t<\/div>\n\t\t\t\t<\/div>\n\t\t\t\t<\/div>\n\t\t\t\t<\/div>\n\t\t\t\t\t<\/div>\n\t\t\t\t<\/div>\n\t\t<div class=\"elementor-element elementor-element-6336c561 e-flex e-con-boxed e-con e-parent\" data-id=\"6336c561\" data-element_type=\"container\" data-e-type=\"container\" data-settings=\"{&quot;background_background&quot;:&quot;classic&quot;}\">\n\t\t\t\t\t<div class=\"e-con-inner\">\n\t\t\t\t<div class=\"elementor-element elementor-element-1fbdc52f elementor-widget elementor-widget-ideapark-heading\" data-id=\"1fbdc52f\" data-element_type=\"widget\" data-e-type=\"widget\" data-widget_type=\"ideapark-heading.default\">\n\t\t\t\t<div class=\"elementor-widget-container\">\n\t\t\t\t\t<div class=\"c-ip-heading c-ip-heading--medium c-ip-heading--center c-ip-heading--bullet-hide\"><span class=\"c-ip-heading__inner\">TYRIMO APRA\u0160YMAS<\/span><\/div>\t\t\t\t<\/div>\n\t\t\t\t<\/div>\n\t\t\t\t\t<\/div>\n\t\t\t\t<\/div>\n\t\t<div class=\"elementor-element elementor-element-3eb1f031 e-flex e-con-boxed e-con e-parent\" data-id=\"3eb1f031\" data-element_type=\"container\" data-e-type=\"container\">\n\t\t\t\t\t<div class=\"e-con-inner\">\n\t\t\t\t<div class=\"elementor-element elementor-element-7eb4a8d3 elementor-widget elementor-widget-text-editor\" data-id=\"7eb4a8d3\" data-element_type=\"widget\" data-e-type=\"widget\" data-widget_type=\"text-editor.default\">\n\t\t\t\t<div class=\"elementor-widget-container\">\n\t\t\t\t\t\t\t\t\t<p>Omega-3 indekso tyrimas yra kraujo tyrimas, padedantis nustatyti omega-3 riebal\u0173 r\u016bg\u0161\u010di\u0173 (EPR ir DHR) kiek\u012f raudonuosiuose kraujo k\u016bneliuose. 8 &#8211; 12% omega-3 indekso lygis yra siejamas su geresne bendra sveikata. Tinkamas omega-3 indekso lygis taip pat padeda palaikyti geresn\u0119 \u0161irdies, smegen\u0173, aki\u0173 ir s\u0105nari\u0173 b\u016bkl\u0119. Su\u017einoj\u0119 savo omega-3 indeks\u0105, gal\u0117site atitinkamai pakoreguoti savo mitybos \u012fpro\u010dius ir pasiekti norim\u0105 omega-3 indekso lyg\u012f vos per 3-4 m\u0117nesius.<\/p><p>Tyrimo atlikimo laikas 2 &#8211; 4 savait\u0117s.<\/p>\t\t\t\t\t\t\t\t<\/div>\n\t\t\t\t<\/div>\n\t\t\t\t\t<\/div>\n\t\t\t\t<\/div>\n\t\t<div class=\"elementor-element elementor-element-7e3c1f5d e-con-full e-flex e-con e-child\" data-id=\"7e3c1f5d\" data-element_type=\"container\" data-e-type=\"container\" data-settings=\"{&quot;background_background&quot;:&quot;classic&quot;}\">\n\t\t\t\t<div class=\"elementor-element elementor-element-2ccdd260 elementor-widget elementor-widget-ideapark-heading\" data-id=\"2ccdd260\" data-element_type=\"widget\" data-e-type=\"widget\" data-widget_type=\"ideapark-heading.default\">\n\t\t\t\t<div class=\"elementor-widget-container\">\n\t\t\t\t\t<div class=\"c-ip-heading c-ip-heading--small c-ip-heading--center c-ip-heading--bullet-hide\"><span class=\"c-ip-heading__inner\">REGISTRUOKIT\u0116S INTERNETU<\/span><\/div>\t\t\t\t<\/div>\n\t\t\t\t<\/div>\n\t\t\t\t<div class=\"elementor-element elementor-element-c2819d5 elementor-align-center elementor-widget elementor-widget-button\" data-id=\"c2819d5\" data-element_type=\"widget\" data-e-type=\"widget\" data-widget_type=\"button.default\">\n\t\t\t\t<div class=\"elementor-widget-container\">\n\t\t\t\t\t\t\t\t\t<div class=\"elementor-button-wrapper\">\n\t\t\t\t\t<a class=\"elementor-button elementor-button-link elementor-size-sm\" href=\"https:\/\/serveonline.lt\/cd3f8281-8a3c-4cda-9f55-0d38b44c062b\/company\" target=\"_blank\">\n\t\t\t\t\t\t<span class=\"elementor-button-content-wrapper\">\n\t\t\t\t\t\t\t\t\t<span class=\"elementor-button-text\">REGISTRACIJA PER SERVE.LT<\/span>\n\t\t\t\t\t<\/span>\n\t\t\t\t\t<\/a>\n\t\t\t\t<\/div>\n\t\t\t\t\t\t\t\t<\/div>\n\t\t\t\t<\/div>\n\t\t\t\t<\/div>\n\t\t<div class=\"elementor-element elementor-element-45232cf7 e-flex e-con-boxed e-con e-parent\" data-id=\"45232cf7\" data-element_type=\"container\" data-e-type=\"container\">\n\t\t\t\t\t<div class=\"e-con-inner\">\n\t\t\t\t<div class=\"elementor-element elementor-element-4c1e788c elementor-widget elementor-widget-ideapark-heading\" data-id=\"4c1e788c\" data-element_type=\"widget\" data-e-type=\"widget\" data-widget_type=\"ideapark-heading.default\">\n\t\t\t\t<div class=\"elementor-widget-container\">\n\t\t\t\t\t<div class=\"c-ip-heading c-ip-heading--small c-ip-heading--center c-ip-heading--bullet-hide\"><span class=\"c-ip-heading__inner\">SEKITE MUS instagram<\/span><\/div>\t\t\t\t<\/div>\n\t\t\t\t<\/div>\n\t\t\t\t<div class=\"elementor-element elementor-element-5dec9bf3 elementor-widget elementor-widget-ideapark-heading\" data-id=\"5dec9bf3\" data-element_type=\"widget\" data-e-type=\"widget\" data-widget_type=\"ideapark-heading.default\">\n\t\t\t\t<div class=\"elementor-widget-container\">\n\t\t\t\t\t<div class=\"c-ip-heading c-ip-heading--medium c-ip-heading--center c-ip-heading--bullet-hide\"><span class=\"c-ip-heading__inner\"><a href=\"http:\/\/www.instagram.com\/miamedic.lt\" target=\"_blank\"> @miamedic.lt<\/a><\/span><\/div>\t\t\t\t<\/div>\n\t\t\t\t<\/div>\n\t\t\t\t\t<\/div>\n\t\t\t\t<\/div>\n\t\t\t\t<\/div>","protected":false},"excerpt":{"rendered":"<p>LABORATORINIAI TYRIMAI Omega-3 Indekso tyrimas Prek\u0117s kodas: 15247 55,00 \u20ac Kraujo pa\u0117mimo mokestis 5,00 \u20ac REGISTRACIJA INTERNETU TYRIMO APRA\u0160YMAS Omega-3 indekso tyrimas&hellip;<\/p>","protected":false},"author":1,"featured_media":0,"parent":0,"menu_order":0,"comment_status":"closed","ping_status":"closed","template":"elementor_header_footer","meta":{"footnotes":""},"class_list":["post-11908","page","type-page","status-publish","hentry"],"_links":{"self":[{"href":"https:\/\/miamedic.lt\/en\/wp-json\/wp\/v2\/pages\/11908","targetHints":{"allow":["GET"]}}],"collection":[{"href":"https:\/\/miamedic.lt\/en\/wp-json\/wp\/v2\/pages"}],"about":[{"href":"https:\/\/miamedic.lt\/en\/wp-json\/wp\/v2\/types\/page"}],"author":[{"embeddable":true,"href":"https:\/\/miamedic.lt\/en\/wp-json\/wp\/v2\/users\/1"}],"replies":[{"embeddable":true,"href":"https:\/\/miamedic.lt\/en\/wp-json\/wp\/v2\/comments?post=11908"}],"version-history":[{"count":4,"href":"https:\/\/miamedic.lt\/en\/wp-json\/wp\/v2\/pages\/11908\/revisions"}],"predecessor-version":[{"id":11913,"href":"https:\/\/miamedic.lt\/en\/wp-json\/wp\/v2\/pages\/11908\/revisions\/11913"}],"wp:attachment":[{"href":"https:\/\/miamedic.lt\/en\/wp-json\/wp\/v2\/media?parent=11908"}],"curies":[{"name":"wp","href":"https:\/\/api.w.org\/{rel}","templated":true}]}}