{"id":11884,"date":"2025-10-20T19:36:36","date_gmt":"2025-10-20T19:36:36","guid":{"rendered":"https:\/\/miamedic.lt\/?page_id=11884"},"modified":"2025-10-20T19:37:21","modified_gmt":"2025-10-20T19:37:21","slug":"aktyvus-vitaminas-b12","status":"publish","type":"page","link":"https:\/\/miamedic.lt\/en\/aktyvus-vitaminas-b12\/","title":{"rendered":"Aktyvus vitaminas B12"},"content":{"rendered":"<div data-elementor-type=\"wp-page\" data-elementor-id=\"11884\" class=\"elementor elementor-11884\">\n\t\t\t\t<div class=\"elementor-element elementor-element-15733fe3 e-flex e-con-boxed e-con e-parent\" data-id=\"15733fe3\" data-element_type=\"container\" data-e-type=\"container\">\n\t\t\t\t\t<div class=\"e-con-inner\">\n\t\t<div class=\"elementor-element elementor-element-69fc42e4 e-con-full e-flex e-con e-child\" data-id=\"69fc42e4\" data-element_type=\"container\" data-e-type=\"container\">\n\t\t\t\t<div class=\"elementor-element elementor-element-25570831 elementor-widget elementor-widget-image\" data-id=\"25570831\" data-element_type=\"widget\" data-e-type=\"widget\" data-widget_type=\"image.default\">\n\t\t\t\t<div class=\"elementor-widget-container\">\n\t\t\t\t\t\t\t\t\t\t\t\t\t\t\t<img fetchpriority=\"high\" decoding=\"async\" width=\"1800\" height=\"1800\" src=\"https:\/\/miamedic.lt\/wp-content\/uploads\/2025\/10\/laboratoriniai-tyrimai-miamedic.png\" class=\"attachment-full size-full wp-image-11572\" alt=\"laboratoriniai tyrimai miamedic\" srcset=\"https:\/\/miamedic.lt\/wp-content\/uploads\/2025\/10\/laboratoriniai-tyrimai-miamedic.png 1800w, https:\/\/miamedic.lt\/wp-content\/uploads\/2025\/10\/laboratoriniai-tyrimai-miamedic-460x460.png 460w, https:\/\/miamedic.lt\/wp-content\/uploads\/2025\/10\/laboratoriniai-tyrimai-miamedic-1520x1520.png 1520w, https:\/\/miamedic.lt\/wp-content\/uploads\/2025\/10\/laboratoriniai-tyrimai-miamedic-115x115.png 115w, https:\/\/miamedic.lt\/wp-content\/uploads\/2025\/10\/laboratoriniai-tyrimai-miamedic-760x760.png 760w, https:\/\/miamedic.lt\/wp-content\/uploads\/2025\/10\/laboratoriniai-tyrimai-miamedic-12x12.png 12w, https:\/\/miamedic.lt\/wp-content\/uploads\/2025\/10\/laboratoriniai-tyrimai-miamedic-920x920.png 920w, https:\/\/miamedic.lt\/wp-content\/uploads\/2025\/10\/laboratoriniai-tyrimai-miamedic-145x145.png 145w, https:\/\/miamedic.lt\/wp-content\/uploads\/2025\/10\/laboratoriniai-tyrimai-miamedic-290x290.png 290w, https:\/\/miamedic.lt\/wp-content\/uploads\/2025\/10\/laboratoriniai-tyrimai-miamedic-50x50.png 50w, https:\/\/miamedic.lt\/wp-content\/uploads\/2025\/10\/laboratoriniai-tyrimai-miamedic-100x100.png 100w\" sizes=\"(max-width: 1800px) 100vw, 1800px\" \/>\t\t\t\t\t\t\t\t\t\t\t\t\t\t\t<\/div>\n\t\t\t\t<\/div>\n\t\t\t\t<\/div>\n\t\t<div class=\"elementor-element elementor-element-155ca6b2 e-con-full e-flex e-con e-child\" data-id=\"155ca6b2\" data-element_type=\"container\" data-e-type=\"container\">\n\t\t\t\t<div class=\"elementor-element elementor-element-32d185e2 elementor-widget elementor-widget-ideapark-heading\" data-id=\"32d185e2\" data-element_type=\"widget\" data-e-type=\"widget\" data-widget_type=\"ideapark-heading.default\">\n\t\t\t\t<div class=\"elementor-widget-container\">\n\t\t\t\t\t<div class=\"c-ip-heading c-ip-heading--small c-ip-heading--center c-ip-heading--bullet-hide\"><span class=\"c-ip-heading__inner\">LABORATORINIAI TYRIMAI<\/span><\/div>\t\t\t\t<\/div>\n\t\t\t\t<\/div>\n\t\t\t\t<div class=\"elementor-element elementor-element-5405bef2 elementor-widget elementor-widget-ideapark-heading\" data-id=\"5405bef2\" data-element_type=\"widget\" data-e-type=\"widget\" data-widget_type=\"ideapark-heading.default\">\n\t\t\t\t<div class=\"elementor-widget-container\">\n\t\t\t\t\t<div class=\"c-ip-heading c-ip-heading--medium c-ip-heading--center c-ip-heading--bullet-hide\"><span class=\"c-ip-heading__inner\">Aktyvus vitaminas B12<\/span><\/div>\t\t\t\t<\/div>\n\t\t\t\t<\/div>\n\t\t\t\t<div class=\"elementor-element elementor-element-1f551e6a elementor-widget elementor-widget-ideapark-heading\" data-id=\"1f551e6a\" data-element_type=\"widget\" data-e-type=\"widget\" data-widget_type=\"ideapark-heading.default\">\n\t\t\t\t<div class=\"elementor-widget-container\">\n\t\t\t\t\t<div class=\"c-ip-heading c-ip-heading--medium c-ip-heading--center c-ip-heading--bullet-hide\"><span class=\"c-ip-heading__inner\">Prek\u0117s kodas: 17283<\/span><\/div>\t\t\t\t<\/div>\n\t\t\t\t<\/div>\n\t\t<div class=\"elementor-element elementor-element-634a5bf2 e-con-full e-flex e-con e-child\" data-id=\"634a5bf2\" data-element_type=\"container\" data-e-type=\"container\">\n\t\t<div class=\"elementor-element elementor-element-49cf3f8f e-con-full e-flex e-con e-child\" data-id=\"49cf3f8f\" data-element_type=\"container\" data-e-type=\"container\" data-settings=\"{&quot;background_background&quot;:&quot;classic&quot;}\">\n\t\t\t\t<div class=\"elementor-element elementor-element-2df849d8 elementor-widget elementor-widget-heading\" data-id=\"2df849d8\" data-element_type=\"widget\" data-e-type=\"widget\" data-widget_type=\"heading.default\">\n\t\t\t\t<div class=\"elementor-widget-container\">\n\t\t\t\t\t<h2 class=\"elementor-heading-title elementor-size-default\">28,00 \u20ac<\/h2>\t\t\t\t<\/div>\n\t\t\t\t<\/div>\n\t\t\t\t<\/div>\n\t\t\t\t<\/div>\n\t\t<div class=\"elementor-element elementor-element-213c7e9f e-con-full e-flex e-con e-child\" data-id=\"213c7e9f\" data-element_type=\"container\" data-e-type=\"container\">\n\t\t\t\t<div class=\"elementor-element elementor-element-ca4836b elementor-view-default elementor-position-block-start elementor-mobile-position-block-start elementor-widget elementor-widget-icon-box\" data-id=\"ca4836b\" data-element_type=\"widget\" data-e-type=\"widget\" data-widget_type=\"icon-box.default\">\n\t\t\t\t<div class=\"elementor-widget-container\">\n\t\t\t\t\t\t\t<div class=\"elementor-icon-box-wrapper\">\n\n\t\t\t\t\t\t<div class=\"elementor-icon-box-icon\">\n\t\t\t\t<span  class=\"elementor-icon\">\n\t\t\t\t<svg aria-hidden=\"true\" class=\"e-font-icon-svg e-fas-info-circle\" viewbox=\"0 0 512 512\" xmlns=\"http:\/\/www.w3.org\/2000\/svg\"><path d=\"M256 8C119.043 8 8 119.083 8 256c0 136.997 111.043 248 248 248s248-111.003 248-248C504 119.083 392.957 8 256 8zm0 110c23.196 0 42 18.804 42 42s-18.804 42-42 42-42-18.804-42-42 18.804-42 42-42zm56 254c0 6.627-5.373 12-12 12h-88c-6.627 0-12-5.373-12-12v-24c0-6.627 5.373-12 12-12h12v-64h-12c-6.627 0-12-5.373-12-12v-24c0-6.627 5.373-12 12-12h64c6.627 0 12 5.373 12 12v100h12c6.627 0 12 5.373 12 12v24z\"><\/path><\/svg>\t\t\t\t<\/span>\n\t\t\t<\/div>\n\t\t\t\n\t\t\t\t\t\t<div class=\"elementor-icon-box-content\">\n\n\t\t\t\t\t\t\t\t\t<h3 class=\"elementor-icon-box-title\">\n\t\t\t\t\t\t<span  >\n\t\t\t\t\t\t\tKraujo pa\u0117mimo mokestis 5,00 \u20ac \t\t\t\t\t\t<\/span>\n\t\t\t\t\t<\/h3>\n\t\t\t\t\n\t\t\t\t\n\t\t\t<\/div>\n\t\t\t\n\t\t<\/div>\n\t\t\t\t\t\t<\/div>\n\t\t\t\t<\/div>\n\t\t\t\t<div class=\"elementor-element elementor-element-669274db elementor-align-center elementor-widget elementor-widget-button\" data-id=\"669274db\" data-element_type=\"widget\" data-e-type=\"widget\" data-widget_type=\"button.default\">\n\t\t\t\t<div class=\"elementor-widget-container\">\n\t\t\t\t\t\t\t\t\t<div class=\"elementor-button-wrapper\">\n\t\t\t\t\t<a class=\"elementor-button elementor-button-link elementor-size-sm\" href=\"https:\/\/serveonline.lt\/cd3f8281-8a3c-4cda-9f55-0d38b44c062b\/company\" target=\"_blank\">\n\t\t\t\t\t\t<span class=\"elementor-button-content-wrapper\">\n\t\t\t\t\t\t\t\t\t<span class=\"elementor-button-text\">REGISTRACIJA INTERNETU<\/span>\n\t\t\t\t\t<\/span>\n\t\t\t\t\t<\/a>\n\t\t\t\t<\/div>\n\t\t\t\t\t\t\t\t<\/div>\n\t\t\t\t<\/div>\n\t\t\t\t<\/div>\n\t\t\t\t<\/div>\n\t\t\t\t\t<\/div>\n\t\t\t\t<\/div>\n\t\t<div class=\"elementor-element elementor-element-efe54a4 e-flex e-con-boxed e-con e-parent\" data-id=\"efe54a4\" data-element_type=\"container\" data-e-type=\"container\" data-settings=\"{&quot;background_background&quot;:&quot;classic&quot;}\">\n\t\t\t\t\t<div class=\"e-con-inner\">\n\t\t\t\t<div class=\"elementor-element elementor-element-4c2bafd8 elementor-widget elementor-widget-ideapark-heading\" data-id=\"4c2bafd8\" data-element_type=\"widget\" data-e-type=\"widget\" data-widget_type=\"ideapark-heading.default\">\n\t\t\t\t<div class=\"elementor-widget-container\">\n\t\t\t\t\t<div class=\"c-ip-heading c-ip-heading--medium c-ip-heading--center c-ip-heading--bullet-hide\"><span class=\"c-ip-heading__inner\">TYRIMO APRA\u0160YMAS<\/span><\/div>\t\t\t\t<\/div>\n\t\t\t\t<\/div>\n\t\t\t\t\t<\/div>\n\t\t\t\t<\/div>\n\t\t<div class=\"elementor-element elementor-element-292a9338 e-flex e-con-boxed e-con e-parent\" data-id=\"292a9338\" data-element_type=\"container\" data-e-type=\"container\">\n\t\t\t\t\t<div class=\"e-con-inner\">\n\t\t\t\t<div class=\"elementor-element elementor-element-61203881 elementor-widget elementor-widget-text-editor\" data-id=\"61203881\" data-element_type=\"widget\" data-e-type=\"widget\" data-widget_type=\"text-editor.default\">\n\t\t\t\t<div class=\"elementor-widget-container\">\n\t\t\t\t\t\t\t\t\t<p data-end=\"570\" data-start=\"211\">Aktyviojo vitamino B12 tyrimas (dar vadinamas <strong data-end=\"281\" data-start=\"257\">holo-transkobalamino<\/strong> arba <strong data-end=\"298\" data-start=\"287\">holo-TC<\/strong> tyrimu) nustato t\u0105 vitamino B12 dal\u012f, kuri\u0105 organizmas gali <strong data-end=\"383\" data-start=\"359\">tiesiogiai panaudoti<\/strong>. Tai yra labiausiai biologi\u0161kai aktyvi forma \u2013 b\u016btent \u0161i forma patenka \u012f l\u0105steles ir dalyvauja svarbiuose gyvybiniuose procesuose, pavyzd\u017eiui, nerv\u0173 sistemos veikloje ir kraujo gamyboje.<\/p><p data-end=\"766\" data-start=\"572\">Skirtingai nei bendras vitamino B12 tyrimas, kuris apima ir \u201eneaktyvi\u0105\u201c \u0161io vitamino form\u0105, aktyviojo B12 tyrimas padeda tiksliau \u012fvertinti, ar organizmui tikrai u\u017etenka \u0161ios svarbios med\u017eiagos.<\/p><p data-end=\"803\" data-start=\"773\"><strong>Kod\u0117l \u0161is tyrimas svarbus?<\/strong><\/p><p data-end=\"846\" data-start=\"805\">Aktyviojo B12 tyrimas yra vertingas, nes:<\/p><ul><li data-end=\"966\" data-start=\"850\"><strong data-end=\"899\" data-start=\"850\">Padeda nustatyti tr\u016bkum\u0105 ankstyvoje stadijoje<\/strong>, dar prie\u0161 atsirandant ai\u0161kiems simptomams ar pakitimams kraujyje.<\/li><li data-end=\"1127\" data-start=\"969\">Yra naudingas, kai bendras vitamino B12 kiekis atrodo normalus, bet vis tiek jau\u010diami <strong data-end=\"1126\" data-start=\"1055\">nuovargis, silpnumas, atminties sutrikimai ar dilg\u010diojimas gal\u016bn\u0117se<\/strong>.<\/li><li data-end=\"1354\" data-start=\"1130\">Gali b\u016bti ypa\u010d svarbus \u017emon\u0117ms, kurie priklauso <strong data-end=\"1197\" data-start=\"1178\">rizikos grup\u0117ms<\/strong> \u2013 vegetarams, veganams, vyresnio am\u017eiaus \u017emon\u0117ms, n\u0117\u0161\u010diosioms ar tiems, kurie turi vir\u0161kinimo sutrikim\u0173 (pvz., ma\u017e\u0105 skrand\u017eio r\u016bg\u0161tingum\u0105 ar \u017earnyno ligas).<\/li><li data-end=\"1498\" data-start=\"1357\">Leid\u017eia i\u0161vengti rimt\u0173 pasekmi\u0173, toki\u0173 kaip <strong data-end=\"1421\" data-start=\"1401\">nerv\u0173 pa\u017eeidimai<\/strong> ar <strong data-end=\"1451\" data-start=\"1425\">megaloblastin\u0117 anemija<\/strong>, kurios i\u0161sivysto esant u\u017esit\u0119susiam tr\u016bkumui.<\/li><\/ul><p data-end=\"1847\" data-start=\"1814\"><strong>Kada verta atlikti \u0161\u012f tyrim\u0105?<\/strong><\/p><ul><li data-end=\"1930\" data-start=\"1851\">Jei jau\u010diate <strong data-end=\"1891\" data-start=\"1864\">nespecifinius simptomus<\/strong>, bet kiti kraujo tyrimai yra normal\u016bs.<\/li><li data-end=\"2015\" data-start=\"1933\">Jeigu turite <strong data-end=\"1968\" data-start=\"1946\">mitybos apribojim\u0173<\/strong> (pvz., nevartojate gyv\u016bnin\u0117s kilm\u0117s produkt\u0173).<\/li><li data-end=\"2135\" data-start=\"2018\">Jei norite <strong data-end=\"2058\" data-start=\"2029\">profilakti\u0161kai patikrinti<\/strong> savo B12 b\u016bkl\u0119, ypa\u010d esant didesnei rizikai d\u0117l am\u017eiaus ar sveikatos b\u016bkl\u0117s.<\/li><\/ul>\t\t\t\t\t\t\t\t<\/div>\n\t\t\t\t<\/div>\n\t\t\t\t\t<\/div>\n\t\t\t\t<\/div>\n\t\t<div class=\"elementor-element elementor-element-65b537a3 e-con-full e-flex e-con e-child\" data-id=\"65b537a3\" data-element_type=\"container\" data-e-type=\"container\" data-settings=\"{&quot;background_background&quot;:&quot;classic&quot;}\">\n\t\t\t\t<div class=\"elementor-element elementor-element-267dac0d elementor-widget elementor-widget-ideapark-heading\" data-id=\"267dac0d\" data-element_type=\"widget\" data-e-type=\"widget\" data-widget_type=\"ideapark-heading.default\">\n\t\t\t\t<div class=\"elementor-widget-container\">\n\t\t\t\t\t<div class=\"c-ip-heading c-ip-heading--small c-ip-heading--center c-ip-heading--bullet-hide\"><span class=\"c-ip-heading__inner\">REGISTRUOKIT\u0116S INTERNETU<\/span><\/div>\t\t\t\t<\/div>\n\t\t\t\t<\/div>\n\t\t\t\t<div class=\"elementor-element elementor-element-1aceee2b elementor-align-center elementor-widget elementor-widget-button\" data-id=\"1aceee2b\" data-element_type=\"widget\" data-e-type=\"widget\" data-widget_type=\"button.default\">\n\t\t\t\t<div class=\"elementor-widget-container\">\n\t\t\t\t\t\t\t\t\t<div class=\"elementor-button-wrapper\">\n\t\t\t\t\t<a class=\"elementor-button elementor-button-link elementor-size-sm\" href=\"https:\/\/serveonline.lt\/cd3f8281-8a3c-4cda-9f55-0d38b44c062b\/company\" target=\"_blank\">\n\t\t\t\t\t\t<span class=\"elementor-button-content-wrapper\">\n\t\t\t\t\t\t\t\t\t<span class=\"elementor-button-text\">REGISTRACIJA PER SERVE.LT<\/span>\n\t\t\t\t\t<\/span>\n\t\t\t\t\t<\/a>\n\t\t\t\t<\/div>\n\t\t\t\t\t\t\t\t<\/div>\n\t\t\t\t<\/div>\n\t\t\t\t<\/div>\n\t\t<div class=\"elementor-element elementor-element-47e92e09 e-flex e-con-boxed e-con e-parent\" data-id=\"47e92e09\" data-element_type=\"container\" data-e-type=\"container\">\n\t\t\t\t\t<div class=\"e-con-inner\">\n\t\t\t\t<div class=\"elementor-element elementor-element-3b93bd49 elementor-widget elementor-widget-ideapark-heading\" data-id=\"3b93bd49\" data-element_type=\"widget\" data-e-type=\"widget\" data-widget_type=\"ideapark-heading.default\">\n\t\t\t\t<div class=\"elementor-widget-container\">\n\t\t\t\t\t<div class=\"c-ip-heading c-ip-heading--small c-ip-heading--center c-ip-heading--bullet-hide\"><span class=\"c-ip-heading__inner\">SEKITE MUS instagram<\/span><\/div>\t\t\t\t<\/div>\n\t\t\t\t<\/div>\n\t\t\t\t<div class=\"elementor-element elementor-element-41f763b elementor-widget elementor-widget-ideapark-heading\" data-id=\"41f763b\" data-element_type=\"widget\" data-e-type=\"widget\" data-widget_type=\"ideapark-heading.default\">\n\t\t\t\t<div class=\"elementor-widget-container\">\n\t\t\t\t\t<div class=\"c-ip-heading c-ip-heading--medium c-ip-heading--center c-ip-heading--bullet-hide\"><span class=\"c-ip-heading__inner\"><a href=\"http:\/\/www.instagram.com\/miamedic.lt\" target=\"_blank\"> @miamedic.lt<\/a><\/span><\/div>\t\t\t\t<\/div>\n\t\t\t\t<\/div>\n\t\t\t\t\t<\/div>\n\t\t\t\t<\/div>\n\t\t\t\t<\/div>","protected":false},"excerpt":{"rendered":"<p>LABORATORINIAI TYRIMAI Aktyvus vitaminas B12 Prek\u0117s kodas: 17283 28,00 \u20ac Kraujo pa\u0117mimo mokestis 5,00 \u20ac REGISTRACIJA INTERNETU TYRIMO APRA\u0160YMAS Aktyviojo vitamino B12&hellip;<\/p>","protected":false},"author":1,"featured_media":0,"parent":0,"menu_order":0,"comment_status":"closed","ping_status":"closed","template":"elementor_header_footer","meta":{"footnotes":""},"class_list":["post-11884","page","type-page","status-publish","hentry"],"_links":{"self":[{"href":"https:\/\/miamedic.lt\/en\/wp-json\/wp\/v2\/pages\/11884","targetHints":{"allow":["GET"]}}],"collection":[{"href":"https:\/\/miamedic.lt\/en\/wp-json\/wp\/v2\/pages"}],"about":[{"href":"https:\/\/miamedic.lt\/en\/wp-json\/wp\/v2\/types\/page"}],"author":[{"embeddable":true,"href":"https:\/\/miamedic.lt\/en\/wp-json\/wp\/v2\/users\/1"}],"replies":[{"embeddable":true,"href":"https:\/\/miamedic.lt\/en\/wp-json\/wp\/v2\/comments?post=11884"}],"version-history":[{"count":4,"href":"https:\/\/miamedic.lt\/en\/wp-json\/wp\/v2\/pages\/11884\/revisions"}],"predecessor-version":[{"id":11889,"href":"https:\/\/miamedic.lt\/en\/wp-json\/wp\/v2\/pages\/11884\/revisions\/11889"}],"wp:attachment":[{"href":"https:\/\/miamedic.lt\/en\/wp-json\/wp\/v2\/media?parent=11884"}],"curies":[{"name":"wp","href":"https:\/\/api.w.org\/{rel}","templated":true}]}}