{"id":11857,"date":"2025-10-20T19:06:18","date_gmt":"2025-10-20T19:06:18","guid":{"rendered":"https:\/\/miamedic.lt\/?page_id=11857"},"modified":"2025-10-20T19:06:52","modified_gmt":"2025-10-20T19:06:52","slug":"laktozes-netoleravima-lemiancio-genetinio-faktoriaus-nustatymas-pgr","status":"publish","type":"page","link":"https:\/\/miamedic.lt\/en\/laktozes-netoleravima-lemiancio-genetinio-faktoriaus-nustatymas-pgr\/","title":{"rendered":"Laktoz\u0117s netoleravim\u0105 lemian\u010dio genetinio faktoriaus nustatymas PGR"},"content":{"rendered":"<div data-elementor-type=\"wp-page\" data-elementor-id=\"11857\" class=\"elementor elementor-11857\">\n\t\t\t\t<div class=\"elementor-element elementor-element-76cad680 e-flex e-con-boxed e-con e-parent\" data-id=\"76cad680\" data-element_type=\"container\" data-e-type=\"container\">\n\t\t\t\t\t<div class=\"e-con-inner\">\n\t\t<div class=\"elementor-element elementor-element-55da5c19 e-con-full e-flex e-con e-child\" data-id=\"55da5c19\" data-element_type=\"container\" data-e-type=\"container\">\n\t\t\t\t<div class=\"elementor-element elementor-element-60636385 elementor-widget elementor-widget-image\" data-id=\"60636385\" data-element_type=\"widget\" data-e-type=\"widget\" data-widget_type=\"image.default\">\n\t\t\t\t<div class=\"elementor-widget-container\">\n\t\t\t\t\t\t\t\t\t\t\t\t\t\t\t<img fetchpriority=\"high\" decoding=\"async\" width=\"1800\" height=\"1800\" src=\"https:\/\/miamedic.lt\/wp-content\/uploads\/2025\/10\/laboratoriniai-tyrimai-miamedic.png\" class=\"attachment-full size-full wp-image-11572\" alt=\"laboratoriniai tyrimai miamedic\" srcset=\"https:\/\/miamedic.lt\/wp-content\/uploads\/2025\/10\/laboratoriniai-tyrimai-miamedic.png 1800w, https:\/\/miamedic.lt\/wp-content\/uploads\/2025\/10\/laboratoriniai-tyrimai-miamedic-460x460.png 460w, https:\/\/miamedic.lt\/wp-content\/uploads\/2025\/10\/laboratoriniai-tyrimai-miamedic-1520x1520.png 1520w, https:\/\/miamedic.lt\/wp-content\/uploads\/2025\/10\/laboratoriniai-tyrimai-miamedic-115x115.png 115w, https:\/\/miamedic.lt\/wp-content\/uploads\/2025\/10\/laboratoriniai-tyrimai-miamedic-760x760.png 760w, https:\/\/miamedic.lt\/wp-content\/uploads\/2025\/10\/laboratoriniai-tyrimai-miamedic-12x12.png 12w, https:\/\/miamedic.lt\/wp-content\/uploads\/2025\/10\/laboratoriniai-tyrimai-miamedic-920x920.png 920w, https:\/\/miamedic.lt\/wp-content\/uploads\/2025\/10\/laboratoriniai-tyrimai-miamedic-145x145.png 145w, https:\/\/miamedic.lt\/wp-content\/uploads\/2025\/10\/laboratoriniai-tyrimai-miamedic-290x290.png 290w, https:\/\/miamedic.lt\/wp-content\/uploads\/2025\/10\/laboratoriniai-tyrimai-miamedic-50x50.png 50w, https:\/\/miamedic.lt\/wp-content\/uploads\/2025\/10\/laboratoriniai-tyrimai-miamedic-100x100.png 100w\" sizes=\"(max-width: 1800px) 100vw, 1800px\" \/>\t\t\t\t\t\t\t\t\t\t\t\t\t\t\t<\/div>\n\t\t\t\t<\/div>\n\t\t\t\t<\/div>\n\t\t<div class=\"elementor-element elementor-element-74bc18dc e-con-full e-flex e-con e-child\" data-id=\"74bc18dc\" data-element_type=\"container\" data-e-type=\"container\">\n\t\t\t\t<div class=\"elementor-element elementor-element-58b5fab8 elementor-widget elementor-widget-ideapark-heading\" data-id=\"58b5fab8\" data-element_type=\"widget\" data-e-type=\"widget\" data-widget_type=\"ideapark-heading.default\">\n\t\t\t\t<div class=\"elementor-widget-container\">\n\t\t\t\t\t<div class=\"c-ip-heading c-ip-heading--small c-ip-heading--center c-ip-heading--bullet-hide\"><span class=\"c-ip-heading__inner\">LABORATORINIAI TYRIMAI<\/span><\/div>\t\t\t\t<\/div>\n\t\t\t\t<\/div>\n\t\t\t\t<div class=\"elementor-element elementor-element-57455e91 elementor-widget elementor-widget-ideapark-heading\" data-id=\"57455e91\" data-element_type=\"widget\" data-e-type=\"widget\" data-widget_type=\"ideapark-heading.default\">\n\t\t\t\t<div class=\"elementor-widget-container\">\n\t\t\t\t\t<div class=\"c-ip-heading c-ip-heading--medium c-ip-heading--center c-ip-heading--bullet-hide\"><span class=\"c-ip-heading__inner\">Laktoz\u0117s netoleravim\u0105 lemian\u010dio genetinio faktoriaus nustatymas PGR<\/span><\/div>\t\t\t\t<\/div>\n\t\t\t\t<\/div>\n\t\t\t\t<div class=\"elementor-element elementor-element-4085fb88 elementor-widget elementor-widget-ideapark-heading\" data-id=\"4085fb88\" data-element_type=\"widget\" data-e-type=\"widget\" data-widget_type=\"ideapark-heading.default\">\n\t\t\t\t<div class=\"elementor-widget-container\">\n\t\t\t\t\t<div class=\"c-ip-heading c-ip-heading--medium c-ip-heading--center c-ip-heading--bullet-hide\"><span class=\"c-ip-heading__inner\">Prek\u0117s kodas: 19534<\/span><\/div>\t\t\t\t<\/div>\n\t\t\t\t<\/div>\n\t\t<div class=\"elementor-element elementor-element-133fc29b e-con-full e-flex e-con e-child\" data-id=\"133fc29b\" data-element_type=\"container\" data-e-type=\"container\">\n\t\t<div class=\"elementor-element elementor-element-27ca0e34 e-con-full e-flex e-con e-child\" data-id=\"27ca0e34\" data-element_type=\"container\" data-e-type=\"container\" data-settings=\"{&quot;background_background&quot;:&quot;classic&quot;}\">\n\t\t\t\t<div class=\"elementor-element elementor-element-5868ba4b elementor-widget elementor-widget-heading\" data-id=\"5868ba4b\" data-element_type=\"widget\" data-e-type=\"widget\" data-widget_type=\"heading.default\">\n\t\t\t\t<div class=\"elementor-widget-container\">\n\t\t\t\t\t<h2 class=\"elementor-heading-title elementor-size-default\">65,00 \u20ac<\/h2>\t\t\t\t<\/div>\n\t\t\t\t<\/div>\n\t\t\t\t<\/div>\n\t\t\t\t<\/div>\n\t\t<div class=\"elementor-element elementor-element-28076106 e-con-full e-flex e-con e-child\" data-id=\"28076106\" data-element_type=\"container\" data-e-type=\"container\">\n\t\t\t\t<div class=\"elementor-element elementor-element-118a7d9e elementor-view-default elementor-position-block-start elementor-mobile-position-block-start elementor-widget elementor-widget-icon-box\" data-id=\"118a7d9e\" data-element_type=\"widget\" data-e-type=\"widget\" data-widget_type=\"icon-box.default\">\n\t\t\t\t<div class=\"elementor-widget-container\">\n\t\t\t\t\t\t\t<div class=\"elementor-icon-box-wrapper\">\n\n\t\t\t\t\t\t<div class=\"elementor-icon-box-icon\">\n\t\t\t\t<span  class=\"elementor-icon\">\n\t\t\t\t<svg aria-hidden=\"true\" class=\"e-font-icon-svg e-fas-info-circle\" viewbox=\"0 0 512 512\" xmlns=\"http:\/\/www.w3.org\/2000\/svg\"><path d=\"M256 8C119.043 8 8 119.083 8 256c0 136.997 111.043 248 248 248s248-111.003 248-248C504 119.083 392.957 8 256 8zm0 110c23.196 0 42 18.804 42 42s-18.804 42-42 42-42-18.804-42-42 18.804-42 42-42zm56 254c0 6.627-5.373 12-12 12h-88c-6.627 0-12-5.373-12-12v-24c0-6.627 5.373-12 12-12h12v-64h-12c-6.627 0-12-5.373-12-12v-24c0-6.627 5.373-12 12-12h64c6.627 0 12 5.373 12 12v100h12c6.627 0 12 5.373 12 12v24z\"><\/path><\/svg>\t\t\t\t<\/span>\n\t\t\t<\/div>\n\t\t\t\n\t\t\t\t\t\t<div class=\"elementor-icon-box-content\">\n\n\t\t\t\t\t\t\t\t\t<h3 class=\"elementor-icon-box-title\">\n\t\t\t\t\t\t<span  >\n\t\t\t\t\t\t\tKraujo pa\u0117mimo mokestis 5,00 \u20ac \t\t\t\t\t\t<\/span>\n\t\t\t\t\t<\/h3>\n\t\t\t\t\n\t\t\t\t\n\t\t\t<\/div>\n\t\t\t\n\t\t<\/div>\n\t\t\t\t\t\t<\/div>\n\t\t\t\t<\/div>\n\t\t\t\t<div class=\"elementor-element elementor-element-a811f81 elementor-align-center elementor-widget elementor-widget-button\" data-id=\"a811f81\" data-element_type=\"widget\" data-e-type=\"widget\" data-widget_type=\"button.default\">\n\t\t\t\t<div class=\"elementor-widget-container\">\n\t\t\t\t\t\t\t\t\t<div class=\"elementor-button-wrapper\">\n\t\t\t\t\t<a class=\"elementor-button elementor-button-link elementor-size-sm\" href=\"https:\/\/serveonline.lt\/cd3f8281-8a3c-4cda-9f55-0d38b44c062b\/company\" target=\"_blank\">\n\t\t\t\t\t\t<span class=\"elementor-button-content-wrapper\">\n\t\t\t\t\t\t\t\t\t<span class=\"elementor-button-text\">REGISTRACIJA INTERNETU<\/span>\n\t\t\t\t\t<\/span>\n\t\t\t\t\t<\/a>\n\t\t\t\t<\/div>\n\t\t\t\t\t\t\t\t<\/div>\n\t\t\t\t<\/div>\n\t\t\t\t<\/div>\n\t\t\t\t<\/div>\n\t\t\t\t\t<\/div>\n\t\t\t\t<\/div>\n\t\t<div class=\"elementor-element elementor-element-688531e5 e-flex e-con-boxed e-con e-parent\" data-id=\"688531e5\" data-element_type=\"container\" data-e-type=\"container\" data-settings=\"{&quot;background_background&quot;:&quot;classic&quot;}\">\n\t\t\t\t\t<div class=\"e-con-inner\">\n\t\t\t\t<div class=\"elementor-element elementor-element-33503dad elementor-widget elementor-widget-ideapark-heading\" data-id=\"33503dad\" data-element_type=\"widget\" data-e-type=\"widget\" data-widget_type=\"ideapark-heading.default\">\n\t\t\t\t<div class=\"elementor-widget-container\">\n\t\t\t\t\t<div class=\"c-ip-heading c-ip-heading--medium c-ip-heading--center c-ip-heading--bullet-hide\"><span class=\"c-ip-heading__inner\">TYRIMO APRA\u0160YMAS<\/span><\/div>\t\t\t\t<\/div>\n\t\t\t\t<\/div>\n\t\t\t\t\t<\/div>\n\t\t\t\t<\/div>\n\t\t<div class=\"elementor-element elementor-element-39926b92 e-flex e-con-boxed e-con e-parent\" data-id=\"39926b92\" data-element_type=\"container\" data-e-type=\"container\">\n\t\t\t\t\t<div class=\"e-con-inner\">\n\t\t\t\t<div class=\"elementor-element elementor-element-29adb285 elementor-widget elementor-widget-text-editor\" data-id=\"29adb285\" data-element_type=\"widget\" data-e-type=\"widget\" data-widget_type=\"text-editor.default\">\n\t\t\t\t<div class=\"elementor-widget-container\">\n\t\t\t\t\t\t\t\t\t<p><strong>Laktoz\u0117s netoleravimas<\/strong> yra nesugeb\u0117jimas absorbuoti laktoz\u0117s \u2013 piene dominuojan\u010dio cukraus \u2013 \u012f vir\u0161kinimo sistem\u0105. I\u0161 nevisi\u0161kai suskaidytos laktoz\u0117s pasigamina pieno ir riebal\u0173 r\u016bg\u0161tys, kaupiasi \u012fvairios dujos, prasideda r\u016bgimo procesas. Visi \u0161ie patologiniai poky\u010diai lemia laktoz\u0117s netoleravimo simptom\u0173 klinikin\u012f pasirei\u0161kim\u0105.<\/p><p><strong>Kokie yra laktoz\u0117s netoleravimo simptomai?<\/strong><\/p><ul><li>Skrand\u017eio murm\u0117jimas, gurguliavimas;<\/li><li>pilvo p\u016btimas, tempimas, duj\u0173 susikaupimas;<\/li><li>viduriavimas;<\/li><li>spazminio pob\u016bd\u017eio pilvo skausmai;<\/li><li>pykinimas.<\/li><\/ul><p><strong>Kuriuose maisto produktuose yra laktoz\u0117s?<\/strong><\/p><ul><li>Piene, svieste, margarine, kai kuriuose jogurtuose;<\/li><li>fermentuotuose pieno produktuose, s\u016bryje;<\/li><li>pieno milteliuose;<\/li><li>duonoje ir kituose keptuose gaminiuose;<\/li><li>\u0161okolade;<\/li><li>daugelyje table\u010di\u0173 r\u016b\u0161i\u0173;<\/li><li>kai kuriuose maisto pusgaminiuose.<\/li><\/ul>\t\t\t\t\t\t\t\t<\/div>\n\t\t\t\t<\/div>\n\t\t\t\t\t<\/div>\n\t\t\t\t<\/div>\n\t\t<div class=\"elementor-element elementor-element-d1aefb2 e-con-full e-flex e-con e-child\" data-id=\"d1aefb2\" data-element_type=\"container\" data-e-type=\"container\" data-settings=\"{&quot;background_background&quot;:&quot;classic&quot;}\">\n\t\t\t\t<div class=\"elementor-element elementor-element-6c01b386 elementor-widget elementor-widget-ideapark-heading\" data-id=\"6c01b386\" data-element_type=\"widget\" data-e-type=\"widget\" data-widget_type=\"ideapark-heading.default\">\n\t\t\t\t<div class=\"elementor-widget-container\">\n\t\t\t\t\t<div class=\"c-ip-heading c-ip-heading--small c-ip-heading--center c-ip-heading--bullet-hide\"><span class=\"c-ip-heading__inner\">REGISTRUOKIT\u0116S INTERNETU<\/span><\/div>\t\t\t\t<\/div>\n\t\t\t\t<\/div>\n\t\t\t\t<div class=\"elementor-element elementor-element-43854a79 elementor-align-center elementor-widget elementor-widget-button\" data-id=\"43854a79\" data-element_type=\"widget\" data-e-type=\"widget\" data-widget_type=\"button.default\">\n\t\t\t\t<div class=\"elementor-widget-container\">\n\t\t\t\t\t\t\t\t\t<div class=\"elementor-button-wrapper\">\n\t\t\t\t\t<a class=\"elementor-button elementor-button-link elementor-size-sm\" href=\"https:\/\/serveonline.lt\/cd3f8281-8a3c-4cda-9f55-0d38b44c062b\/company\" target=\"_blank\">\n\t\t\t\t\t\t<span class=\"elementor-button-content-wrapper\">\n\t\t\t\t\t\t\t\t\t<span class=\"elementor-button-text\">REGISTRACIJA PER SERVE.LT<\/span>\n\t\t\t\t\t<\/span>\n\t\t\t\t\t<\/a>\n\t\t\t\t<\/div>\n\t\t\t\t\t\t\t\t<\/div>\n\t\t\t\t<\/div>\n\t\t\t\t<\/div>\n\t\t<div class=\"elementor-element elementor-element-a268a97 e-flex e-con-boxed e-con e-parent\" data-id=\"a268a97\" data-element_type=\"container\" data-e-type=\"container\">\n\t\t\t\t\t<div class=\"e-con-inner\">\n\t\t\t\t<div class=\"elementor-element elementor-element-4f14542 elementor-widget elementor-widget-ideapark-heading\" data-id=\"4f14542\" data-element_type=\"widget\" data-e-type=\"widget\" data-widget_type=\"ideapark-heading.default\">\n\t\t\t\t<div class=\"elementor-widget-container\">\n\t\t\t\t\t<div class=\"c-ip-heading c-ip-heading--small c-ip-heading--center c-ip-heading--bullet-hide\"><span class=\"c-ip-heading__inner\">SEKITE MUS instagram<\/span><\/div>\t\t\t\t<\/div>\n\t\t\t\t<\/div>\n\t\t\t\t<div class=\"elementor-element elementor-element-5951f64 elementor-widget elementor-widget-ideapark-heading\" data-id=\"5951f64\" data-element_type=\"widget\" data-e-type=\"widget\" data-widget_type=\"ideapark-heading.default\">\n\t\t\t\t<div class=\"elementor-widget-container\">\n\t\t\t\t\t<div class=\"c-ip-heading c-ip-heading--medium c-ip-heading--center c-ip-heading--bullet-hide\"><span class=\"c-ip-heading__inner\"><a href=\"http:\/\/www.instagram.com\/miamedic.lt\" target=\"_blank\"> @miamedic.lt<\/a><\/span><\/div>\t\t\t\t<\/div>\n\t\t\t\t<\/div>\n\t\t\t\t\t<\/div>\n\t\t\t\t<\/div>\n\t\t\t\t<\/div>","protected":false},"excerpt":{"rendered":"<p>LABORATORINIAI TYRIMAI Laktoz\u0117s netoleravim\u0105 lemian\u010dio genetinio faktoriaus nustatymas PGR Prek\u0117s kodas: 19534 65,00 \u20ac Kraujo pa\u0117mimo mokestis 5,00 \u20ac REGISTRACIJA INTERNETU TYRIMO&hellip;<\/p>","protected":false},"author":1,"featured_media":0,"parent":0,"menu_order":0,"comment_status":"closed","ping_status":"closed","template":"elementor_header_footer","meta":{"footnotes":""},"class_list":["post-11857","page","type-page","status-publish","hentry"],"_links":{"self":[{"href":"https:\/\/miamedic.lt\/en\/wp-json\/wp\/v2\/pages\/11857","targetHints":{"allow":["GET"]}}],"collection":[{"href":"https:\/\/miamedic.lt\/en\/wp-json\/wp\/v2\/pages"}],"about":[{"href":"https:\/\/miamedic.lt\/en\/wp-json\/wp\/v2\/types\/page"}],"author":[{"embeddable":true,"href":"https:\/\/miamedic.lt\/en\/wp-json\/wp\/v2\/users\/1"}],"replies":[{"embeddable":true,"href":"https:\/\/miamedic.lt\/en\/wp-json\/wp\/v2\/comments?post=11857"}],"version-history":[{"count":4,"href":"https:\/\/miamedic.lt\/en\/wp-json\/wp\/v2\/pages\/11857\/revisions"}],"predecessor-version":[{"id":11861,"href":"https:\/\/miamedic.lt\/en\/wp-json\/wp\/v2\/pages\/11857\/revisions\/11861"}],"wp:attachment":[{"href":"https:\/\/miamedic.lt\/en\/wp-json\/wp\/v2\/media?parent=11857"}],"curies":[{"name":"wp","href":"https:\/\/api.w.org\/{rel}","templated":true}]}}