{"id":11851,"date":"2025-10-20T19:04:30","date_gmt":"2025-10-20T19:04:30","guid":{"rendered":"https:\/\/miamedic.lt\/?page_id=11851"},"modified":"2025-10-20T19:05:02","modified_gmt":"2025-10-20T19:05:02","slug":"fox-veganams-maisto-netoleravimo-istyrimo-programa-170-produktu","status":"publish","type":"page","link":"https:\/\/miamedic.lt\/en\/fox-veganams-maisto-netoleravimo-istyrimo-programa-170-produktu\/","title":{"rendered":"FOX veganams maisto netoleravimo i\u0161tyrimo programa (170 produkt\u0173)"},"content":{"rendered":"<div data-elementor-type=\"wp-page\" data-elementor-id=\"11851\" class=\"elementor elementor-11851\">\n\t\t\t\t<div class=\"elementor-element elementor-element-242ba2b2 e-flex e-con-boxed e-con e-parent\" data-id=\"242ba2b2\" data-element_type=\"container\" data-e-type=\"container\">\n\t\t\t\t\t<div class=\"e-con-inner\">\n\t\t<div class=\"elementor-element elementor-element-aec5880 e-con-full e-flex e-con e-child\" data-id=\"aec5880\" data-element_type=\"container\" data-e-type=\"container\">\n\t\t\t\t<div class=\"elementor-element elementor-element-3a15440c elementor-widget elementor-widget-image\" data-id=\"3a15440c\" data-element_type=\"widget\" data-e-type=\"widget\" data-widget_type=\"image.default\">\n\t\t\t\t<div class=\"elementor-widget-container\">\n\t\t\t\t\t\t\t\t\t\t\t\t\t\t\t<img fetchpriority=\"high\" decoding=\"async\" width=\"1800\" height=\"1800\" src=\"https:\/\/miamedic.lt\/wp-content\/uploads\/2025\/10\/laboratoriniai-tyrimai-miamedic.png\" class=\"attachment-full size-full wp-image-11572\" alt=\"laboratoriniai tyrimai miamedic\" srcset=\"https:\/\/miamedic.lt\/wp-content\/uploads\/2025\/10\/laboratoriniai-tyrimai-miamedic.png 1800w, https:\/\/miamedic.lt\/wp-content\/uploads\/2025\/10\/laboratoriniai-tyrimai-miamedic-460x460.png 460w, https:\/\/miamedic.lt\/wp-content\/uploads\/2025\/10\/laboratoriniai-tyrimai-miamedic-1520x1520.png 1520w, https:\/\/miamedic.lt\/wp-content\/uploads\/2025\/10\/laboratoriniai-tyrimai-miamedic-115x115.png 115w, https:\/\/miamedic.lt\/wp-content\/uploads\/2025\/10\/laboratoriniai-tyrimai-miamedic-760x760.png 760w, https:\/\/miamedic.lt\/wp-content\/uploads\/2025\/10\/laboratoriniai-tyrimai-miamedic-12x12.png 12w, https:\/\/miamedic.lt\/wp-content\/uploads\/2025\/10\/laboratoriniai-tyrimai-miamedic-920x920.png 920w, https:\/\/miamedic.lt\/wp-content\/uploads\/2025\/10\/laboratoriniai-tyrimai-miamedic-145x145.png 145w, https:\/\/miamedic.lt\/wp-content\/uploads\/2025\/10\/laboratoriniai-tyrimai-miamedic-290x290.png 290w, https:\/\/miamedic.lt\/wp-content\/uploads\/2025\/10\/laboratoriniai-tyrimai-miamedic-50x50.png 50w, https:\/\/miamedic.lt\/wp-content\/uploads\/2025\/10\/laboratoriniai-tyrimai-miamedic-100x100.png 100w\" sizes=\"(max-width: 1800px) 100vw, 1800px\" \/>\t\t\t\t\t\t\t\t\t\t\t\t\t\t\t<\/div>\n\t\t\t\t<\/div>\n\t\t\t\t<\/div>\n\t\t<div class=\"elementor-element elementor-element-59ff491e e-con-full e-flex e-con e-child\" data-id=\"59ff491e\" data-element_type=\"container\" data-e-type=\"container\">\n\t\t\t\t<div class=\"elementor-element elementor-element-44307d73 elementor-widget elementor-widget-ideapark-heading\" data-id=\"44307d73\" data-element_type=\"widget\" data-e-type=\"widget\" data-widget_type=\"ideapark-heading.default\">\n\t\t\t\t<div class=\"elementor-widget-container\">\n\t\t\t\t\t<div class=\"c-ip-heading c-ip-heading--small c-ip-heading--center c-ip-heading--bullet-hide\"><span class=\"c-ip-heading__inner\">LABORATORINIAI TYRIMAI<\/span><\/div>\t\t\t\t<\/div>\n\t\t\t\t<\/div>\n\t\t\t\t<div class=\"elementor-element elementor-element-641d2fc7 elementor-widget elementor-widget-ideapark-heading\" data-id=\"641d2fc7\" data-element_type=\"widget\" data-e-type=\"widget\" data-widget_type=\"ideapark-heading.default\">\n\t\t\t\t<div class=\"elementor-widget-container\">\n\t\t\t\t\t<div class=\"c-ip-heading c-ip-heading--medium c-ip-heading--center c-ip-heading--bullet-hide\"><span class=\"c-ip-heading__inner\">FOX veganams maisto netoleravimo i\u0161tyrimo programa (170 produkt\u0173)<\/span><\/div>\t\t\t\t<\/div>\n\t\t\t\t<\/div>\n\t\t\t\t<div class=\"elementor-element elementor-element-4a9b569c elementor-widget elementor-widget-ideapark-heading\" data-id=\"4a9b569c\" data-element_type=\"widget\" data-e-type=\"widget\" data-widget_type=\"ideapark-heading.default\">\n\t\t\t\t<div class=\"elementor-widget-container\">\n\t\t\t\t\t<div class=\"c-ip-heading c-ip-heading--medium c-ip-heading--center c-ip-heading--bullet-hide\"><span class=\"c-ip-heading__inner\">Prek\u0117s kodas: 10033<\/span><\/div>\t\t\t\t<\/div>\n\t\t\t\t<\/div>\n\t\t<div class=\"elementor-element elementor-element-7bbd2ec3 e-con-full e-flex e-con e-child\" data-id=\"7bbd2ec3\" data-element_type=\"container\" data-e-type=\"container\">\n\t\t<div class=\"elementor-element elementor-element-39b308ad e-con-full e-flex e-con e-child\" data-id=\"39b308ad\" data-element_type=\"container\" data-e-type=\"container\" data-settings=\"{&quot;background_background&quot;:&quot;classic&quot;}\">\n\t\t\t\t<div class=\"elementor-element elementor-element-43487dd6 elementor-widget elementor-widget-heading\" data-id=\"43487dd6\" data-element_type=\"widget\" data-e-type=\"widget\" data-widget_type=\"heading.default\">\n\t\t\t\t<div class=\"elementor-widget-container\">\n\t\t\t\t\t<h2 class=\"elementor-heading-title elementor-size-default\">180,00 \u20ac<\/h2>\t\t\t\t<\/div>\n\t\t\t\t<\/div>\n\t\t\t\t<\/div>\n\t\t\t\t<\/div>\n\t\t<div class=\"elementor-element elementor-element-62f4220e e-con-full e-flex e-con e-child\" data-id=\"62f4220e\" data-element_type=\"container\" data-e-type=\"container\">\n\t\t\t\t<div class=\"elementor-element elementor-element-5b02833c elementor-view-default elementor-position-block-start elementor-mobile-position-block-start elementor-widget elementor-widget-icon-box\" data-id=\"5b02833c\" data-element_type=\"widget\" data-e-type=\"widget\" data-widget_type=\"icon-box.default\">\n\t\t\t\t<div class=\"elementor-widget-container\">\n\t\t\t\t\t\t\t<div class=\"elementor-icon-box-wrapper\">\n\n\t\t\t\t\t\t<div class=\"elementor-icon-box-icon\">\n\t\t\t\t<span  class=\"elementor-icon\">\n\t\t\t\t<svg aria-hidden=\"true\" class=\"e-font-icon-svg e-fas-info-circle\" viewbox=\"0 0 512 512\" xmlns=\"http:\/\/www.w3.org\/2000\/svg\"><path d=\"M256 8C119.043 8 8 119.083 8 256c0 136.997 111.043 248 248 248s248-111.003 248-248C504 119.083 392.957 8 256 8zm0 110c23.196 0 42 18.804 42 42s-18.804 42-42 42-42-18.804-42-42 18.804-42 42-42zm56 254c0 6.627-5.373 12-12 12h-88c-6.627 0-12-5.373-12-12v-24c0-6.627 5.373-12 12-12h12v-64h-12c-6.627 0-12-5.373-12-12v-24c0-6.627 5.373-12 12-12h64c6.627 0 12 5.373 12 12v100h12c6.627 0 12 5.373 12 12v24z\"><\/path><\/svg>\t\t\t\t<\/span>\n\t\t\t<\/div>\n\t\t\t\n\t\t\t\t\t\t<div class=\"elementor-icon-box-content\">\n\n\t\t\t\t\t\t\t\t\t<h3 class=\"elementor-icon-box-title\">\n\t\t\t\t\t\t<span  >\n\t\t\t\t\t\t\tKraujo pa\u0117mimo mokestis 5,00 \u20ac \t\t\t\t\t\t<\/span>\n\t\t\t\t\t<\/h3>\n\t\t\t\t\n\t\t\t\t\n\t\t\t<\/div>\n\t\t\t\n\t\t<\/div>\n\t\t\t\t\t\t<\/div>\n\t\t\t\t<\/div>\n\t\t\t\t<div class=\"elementor-element elementor-element-4d22c50f elementor-align-center elementor-widget elementor-widget-button\" data-id=\"4d22c50f\" data-element_type=\"widget\" data-e-type=\"widget\" data-widget_type=\"button.default\">\n\t\t\t\t<div class=\"elementor-widget-container\">\n\t\t\t\t\t\t\t\t\t<div class=\"elementor-button-wrapper\">\n\t\t\t\t\t<a class=\"elementor-button elementor-button-link elementor-size-sm\" href=\"https:\/\/serveonline.lt\/cd3f8281-8a3c-4cda-9f55-0d38b44c062b\/company\" target=\"_blank\">\n\t\t\t\t\t\t<span class=\"elementor-button-content-wrapper\">\n\t\t\t\t\t\t\t\t\t<span class=\"elementor-button-text\">REGISTRACIJA INTERNETU<\/span>\n\t\t\t\t\t<\/span>\n\t\t\t\t\t<\/a>\n\t\t\t\t<\/div>\n\t\t\t\t\t\t\t\t<\/div>\n\t\t\t\t<\/div>\n\t\t\t\t<\/div>\n\t\t\t\t<\/div>\n\t\t\t\t\t<\/div>\n\t\t\t\t<\/div>\n\t\t<div class=\"elementor-element elementor-element-5d179071 e-flex e-con-boxed e-con e-parent\" data-id=\"5d179071\" data-element_type=\"container\" data-e-type=\"container\" data-settings=\"{&quot;background_background&quot;:&quot;classic&quot;}\">\n\t\t\t\t\t<div class=\"e-con-inner\">\n\t\t\t\t<div class=\"elementor-element elementor-element-59e3aa07 elementor-widget elementor-widget-ideapark-heading\" data-id=\"59e3aa07\" data-element_type=\"widget\" data-e-type=\"widget\" data-widget_type=\"ideapark-heading.default\">\n\t\t\t\t<div class=\"elementor-widget-container\">\n\t\t\t\t\t<div class=\"c-ip-heading c-ip-heading--medium c-ip-heading--center c-ip-heading--bullet-hide\"><span class=\"c-ip-heading__inner\">TYRIMO APRA\u0160YMAS<\/span><\/div>\t\t\t\t<\/div>\n\t\t\t\t<\/div>\n\t\t\t\t\t<\/div>\n\t\t\t\t<\/div>\n\t\t<div class=\"elementor-element elementor-element-3f0b237a e-flex e-con-boxed e-con e-parent\" data-id=\"3f0b237a\" data-element_type=\"container\" data-e-type=\"container\">\n\t\t\t\t\t<div class=\"e-con-inner\">\n\t\t\t\t<div class=\"elementor-element elementor-element-453e2651 elementor-widget elementor-widget-text-editor\" data-id=\"453e2651\" data-element_type=\"widget\" data-e-type=\"widget\" data-widget_type=\"text-editor.default\">\n\t\t\t\t<div class=\"elementor-widget-container\">\n\t\t\t\t\t\t\t\t\t<p><strong>Testo rezultatus \u012ftakoja mityba likus kelioms savait\u0117ms iki testo atlikimo.<\/strong><\/p><p>Jei ilgesn\u012f laik\u0105 nevartotojoje tam tikro maisto produkto, gali b\u016bti, kad j\u016bs\u0173 kraujo m\u0117ginyje nenustatoma arba nustatoma labai nedaug IgG antik\u016bn\u0173 prie\u0161 maisto produkto antigenus.\u00a0<\/p><p><strong>Kod\u0117l\u00a0 IgG antik\u016bn\u0173 rezultatai reaguoja \u012f maisto produktus, kuri\u0173 anks\u010diau niekada nevalg\u0117te ?<\/strong><\/p><p>Kai kuri\u0173 skirtinguose maisto produktuose esan\u010di\u0173 baltym\u0173 (antigen\u0173) strukt\u016bra yra labai pana\u0161i. Tod\u0117l organizmo gaminami antik\u016bnai gali atpa\u017einti ne tik antigenus, d\u0117l kuri\u0173 jie susidar\u0117, bet ir kit\u0173 maisto produkt\u0173 antigenus. Tokia kry\u017emin\u0117 reakcija ir gali b\u016bti prie\u017eastis, d\u0117l kurios j\u016bs\u0173 tyrim\u0173 rezultatai parodo padid\u0117jusi\u0105 reakcij\u0105 \u012f maisto produktus, kuri\u0173 anks\u010diau niekada nevalg\u0117te. Galimai anks\u010diau nes\u0105moningai valg\u0117te ir maisto produkt\u0173 sudedam\u0173j\u0173 dali\u0173, sukelian\u010di\u0173 \u0161i\u0105 reakcij\u0105. Pavyzd\u017eiui, maisto papilduose ir kosmetikos produktuose gali b\u016bti nusiskundim\u0173 sukelian\u010di\u0173 maisto antigen\u0173.\u00a0<\/p><p><strong>\u00a0Ar maisto netoleravimo testas tinka ir vaikams?\u00a0<\/strong><\/p><p>\u0160iuo metu n\u0117ra gairi\u0173, kuriose b\u016bt\u0173 nurodytas minimalus am\u017eius, kur\u012f pasiekus b\u016bt\u0173 galima atlikti IgG padid\u0117jusio jautrumo maistui test\u0105. Kadangi k\u016bdikio imunin\u0117 sistema dar yra vystymosi faz\u0117je, nerekomenduojama maisto netoleravimo testo atlikti jaunesniems negu dvej\u0173 met\u0173 am\u017eiaus vaikams.<\/p><table border=\"0\" cellspacing=\"1\" cellpadding=\"1\" align=\"center\"><tbody><tr><td><p><strong>Javai ir s\u0117klos<\/strong><\/p><\/td><td><p>Burnotis, mie\u017eiai, grikiai, kukur\u016bzai, durum kvie\u010diai (kietagr\u016bd\u017eiai), kanapi\u0173 s\u0117klos, lin\u0173 s\u0117menys, lubin\u0173 s\u0117klos, salyklas (mie\u017ei\u0173), soros, avi\u017eos, kedrin\u0117s pinijos, aguonos, moli\u016bgo s\u0117klos, bolivin\u0117s balandos s\u0117klos (kvinoja), rapsas, ry\u017eiai, rugiai, sezamo s\u0117klos, spelta, saul\u0117gr\u0105\u017eos, kvie\u010diai, glitimas, kvie\u010di\u0173 s\u0117lenos, kvie\u010di\u0173 \u017eelmenys<\/p><\/td><\/tr><tr><td><p><strong>Rie\u0161utai<\/strong><\/p><\/td><td><p>Migdolai, bertoletij\u0173 rie\u0161utai, anakard\u017eio rie\u0161utai, kokosas, kokoso pienas, lazdyno rie\u0161utai, kolamed\u017eio rie\u0161utai, makadamij\u0173 rie\u0161utai, pekano (karij\u0173) rie\u0161utai, pistacijos, \u00a0graikiniai rie\u0161utai<\/p><\/td><\/tr><tr><td><p><strong>Ank\u0161tin\u0117s dar\u017eov\u0117s<\/strong><\/p><\/td><td><p>Avin\u017eirniai, \u0161paragin\u0117s pupel\u0117s , l\u0119\u0161iai, spindulin\u0117 pupuol\u0117 (mung pupel\u0117s), \u017eem\u0117s rie\u0161utai, \u017eirniai, soja, cukriniai \u017eirniai, tamarindas, baltosios pupel\u0117s<\/p><\/td><\/tr><tr><td><p><strong>Vaisiai<\/strong><\/p><\/td><td><p>Obuoliai, abrikosai, bananai, m\u0117lyn\u0117s, vy\u0161nios, spanguol\u0117s, datul\u0117s, figos, agrastai, vynuog\u0117s, greipfrutai, kiviai, citrinos, mangai, melionai, nektarinai, apelsinai, papaja, pasiflora, persikai, kriau\u0161\u0117s, ananasas, slyvos, granatai, aviet\u0117s, bra\u0161k\u0117s, mandarinai, arb\u016bzai<\/p><\/td><\/tr><tr><td><p><strong>Dar\u017eov\u0117s<\/strong><\/p><\/td><td><p>Arti\u0161okai, gra\u017egarst\u0117s (rukola), avokadai, brokoliai, briuselio kop\u016bstai, g\u016b\u017einiai kop\u016bstai, morkos, kalafiorai, gumbiniai salierai, saliero stiebai, lapiniai burokai, \u00a0pekino kop\u016bstai, agurkai, bakla\u017eanai, \u00a0pankoliai, \u010desnakai, lapiniai kop\u016bstai, krienai, kaliarop\u0117s, salotin\u0117s sulten\u0117s, porai, alyvuog\u0117s, svog\u016bnai, pastarnokai, kininiai bastu\u010diai, bulv\u0117s, sviestiniai moli\u016bgai, \u00a0ridik\u0117liai, burokai, romanesco \u017eiediniai kop\u016bstai, savojiniai kop\u016bstai, \u0161alotiniai svog\u016bnai, \u0161pinatai, sald\u017eiosios bulv\u0117s (batatai), pomidorai, rop\u0117s, \u0161paragai, baltieji g\u016b\u017einiai kop\u016bstai, cukinijos<\/p><\/td><\/tr><tr><td><p><strong>Prieskoniai<\/strong><\/p><\/td><td><p>Bazilikas, kmynai, kardamonas, kajeno pipirai, \u010dili pipirai, cinamonas, gvazdik\u0117liai, kalendra, kuminas, karis, krapai, vaistin\u0117 o\u017erag\u0117, imbieras, citrin\u017eol\u0117, mair\u016bnas, garsty\u010dios, muskato rie\u0161utas, raudon\u0117lis, \u00a0paprika, petra\u017eol\u0117s, pipirai (juodieji\/baltieji\/\u017ealieji\/raudonieji\/geltonieji), rozmarinas, \u0161alavijas, peletr\u016bnas, \u010diobrelis, ciber\u017eol\u0117, vanil\u0117<\/p><\/td><\/tr><tr><td><p><strong>Valgomieji grybai<\/strong><\/p><\/td><td><p>Baravykai, voverait\u0117s, enoki (juodkot\u0117s ugniabud\u0117s), eringi (karali\u0161kasis trimitas), gluosnin\u0117s kreivabud\u0117s, pievagrybiai<\/p><\/td><\/tr><tr><td><p><strong>Nauji maisto produktai<\/strong><\/p><\/td><td><p>Migdol\u0173 pienas, alavijas (alijo\u0161ius), chia s\u0117klos, chlorella (\u017ealieji dumbliai), \u00a0peruvin\u0117 pipirn\u0117, nori (j\u016br\u017eol\u0117), dygmin\u0173 aliejus, spirulina, kasava, wakame (j\u016briniai dumbliai)<\/p><\/td><\/tr><tr><td><p><strong>Kava ir arbata<\/strong><\/p><\/td><td><p>Ramun\u0117l\u0117s, kava, pipirm\u0117t\u0117s, juodoji arbata, \u017ealioji arbata<\/p><\/td><\/tr><tr><td><p><strong>Kiti<\/strong><\/p><\/td><td><p>Agar agaras, alaus miel\u0117s, kepimo miel\u0117s, cukranendri\u0173 cukrus, \u0161eivamed\u017eio \u017eiedai, medus, apyniai<\/p><\/td><\/tr><\/tbody><\/table>\t\t\t\t\t\t\t\t<\/div>\n\t\t\t\t<\/div>\n\t\t\t\t\t<\/div>\n\t\t\t\t<\/div>\n\t\t<div class=\"elementor-element elementor-element-4a49595e e-con-full e-flex e-con e-child\" data-id=\"4a49595e\" data-element_type=\"container\" data-e-type=\"container\" data-settings=\"{&quot;background_background&quot;:&quot;classic&quot;}\">\n\t\t\t\t<div class=\"elementor-element elementor-element-32a2dcb0 elementor-widget elementor-widget-ideapark-heading\" data-id=\"32a2dcb0\" data-element_type=\"widget\" data-e-type=\"widget\" data-widget_type=\"ideapark-heading.default\">\n\t\t\t\t<div class=\"elementor-widget-container\">\n\t\t\t\t\t<div class=\"c-ip-heading c-ip-heading--small c-ip-heading--center c-ip-heading--bullet-hide\"><span class=\"c-ip-heading__inner\">REGISTRUOKIT\u0116S INTERNETU<\/span><\/div>\t\t\t\t<\/div>\n\t\t\t\t<\/div>\n\t\t\t\t<div class=\"elementor-element elementor-element-49b9b040 elementor-align-center elementor-widget elementor-widget-button\" data-id=\"49b9b040\" data-element_type=\"widget\" data-e-type=\"widget\" data-widget_type=\"button.default\">\n\t\t\t\t<div class=\"elementor-widget-container\">\n\t\t\t\t\t\t\t\t\t<div class=\"elementor-button-wrapper\">\n\t\t\t\t\t<a class=\"elementor-button elementor-button-link elementor-size-sm\" href=\"https:\/\/serveonline.lt\/cd3f8281-8a3c-4cda-9f55-0d38b44c062b\/company\" target=\"_blank\">\n\t\t\t\t\t\t<span class=\"elementor-button-content-wrapper\">\n\t\t\t\t\t\t\t\t\t<span class=\"elementor-button-text\">REGISTRACIJA PER SERVE.LT<\/span>\n\t\t\t\t\t<\/span>\n\t\t\t\t\t<\/a>\n\t\t\t\t<\/div>\n\t\t\t\t\t\t\t\t<\/div>\n\t\t\t\t<\/div>\n\t\t\t\t<\/div>\n\t\t<div class=\"elementor-element elementor-element-42d0f1d0 e-flex e-con-boxed e-con e-parent\" data-id=\"42d0f1d0\" data-element_type=\"container\" data-e-type=\"container\">\n\t\t\t\t\t<div class=\"e-con-inner\">\n\t\t\t\t<div class=\"elementor-element elementor-element-30f8ce19 elementor-widget elementor-widget-ideapark-heading\" data-id=\"30f8ce19\" data-element_type=\"widget\" data-e-type=\"widget\" data-widget_type=\"ideapark-heading.default\">\n\t\t\t\t<div class=\"elementor-widget-container\">\n\t\t\t\t\t<div class=\"c-ip-heading c-ip-heading--small c-ip-heading--center c-ip-heading--bullet-hide\"><span class=\"c-ip-heading__inner\">SEKITE MUS instagram<\/span><\/div>\t\t\t\t<\/div>\n\t\t\t\t<\/div>\n\t\t\t\t<div class=\"elementor-element elementor-element-65c5a6b0 elementor-widget elementor-widget-ideapark-heading\" data-id=\"65c5a6b0\" data-element_type=\"widget\" data-e-type=\"widget\" data-widget_type=\"ideapark-heading.default\">\n\t\t\t\t<div class=\"elementor-widget-container\">\n\t\t\t\t\t<div class=\"c-ip-heading c-ip-heading--medium c-ip-heading--center c-ip-heading--bullet-hide\"><span class=\"c-ip-heading__inner\"><a href=\"http:\/\/www.instagram.com\/miamedic.lt\" target=\"_blank\"> @miamedic.lt<\/a><\/span><\/div>\t\t\t\t<\/div>\n\t\t\t\t<\/div>\n\t\t\t\t\t<\/div>\n\t\t\t\t<\/div>\n\t\t\t\t<\/div>","protected":false},"excerpt":{"rendered":"<p>LABORATORINIAI TYRIMAI FOX veganams maisto netoleravimo i\u0161tyrimo programa (170 produkt\u0173) Prek\u0117s kodas: 10033 180,00 \u20ac Kraujo pa\u0117mimo mokestis 5,00 \u20ac REGISTRACIJA INTERNETU&hellip;<\/p>","protected":false},"author":1,"featured_media":0,"parent":0,"menu_order":0,"comment_status":"closed","ping_status":"closed","template":"elementor_header_footer","meta":{"footnotes":""},"class_list":["post-11851","page","type-page","status-publish","hentry"],"_links":{"self":[{"href":"https:\/\/miamedic.lt\/en\/wp-json\/wp\/v2\/pages\/11851","targetHints":{"allow":["GET"]}}],"collection":[{"href":"https:\/\/miamedic.lt\/en\/wp-json\/wp\/v2\/pages"}],"about":[{"href":"https:\/\/miamedic.lt\/en\/wp-json\/wp\/v2\/types\/page"}],"author":[{"embeddable":true,"href":"https:\/\/miamedic.lt\/en\/wp-json\/wp\/v2\/users\/1"}],"replies":[{"embeddable":true,"href":"https:\/\/miamedic.lt\/en\/wp-json\/wp\/v2\/comments?post=11851"}],"version-history":[{"count":4,"href":"https:\/\/miamedic.lt\/en\/wp-json\/wp\/v2\/pages\/11851\/revisions"}],"predecessor-version":[{"id":11855,"href":"https:\/\/miamedic.lt\/en\/wp-json\/wp\/v2\/pages\/11851\/revisions\/11855"}],"wp:attachment":[{"href":"https:\/\/miamedic.lt\/en\/wp-json\/wp\/v2\/media?parent=11851"}],"curies":[{"name":"wp","href":"https:\/\/api.w.org\/{rel}","templated":true}]}}