{"id":11837,"date":"2025-10-20T19:01:49","date_gmt":"2025-10-20T19:01:49","guid":{"rendered":"https:\/\/miamedic.lt\/?page_id=11837"},"modified":"2025-10-20T19:02:22","modified_gmt":"2025-10-20T19:02:22","slug":"fox-basic-visavalgiams-maisto-netoleravimo-programa163-produktai","status":"publish","type":"page","link":"https:\/\/miamedic.lt\/en\/fox-basic-visavalgiams-maisto-netoleravimo-programa163-produktai\/","title":{"rendered":"FOX basic visavalgiams maisto netoleravimo programa(163 produktai)"},"content":{"rendered":"<div data-elementor-type=\"wp-page\" data-elementor-id=\"11837\" class=\"elementor elementor-11837\">\n\t\t\t\t<div class=\"elementor-element elementor-element-37f00eb8 e-flex e-con-boxed e-con e-parent\" data-id=\"37f00eb8\" data-element_type=\"container\" data-e-type=\"container\">\n\t\t\t\t\t<div class=\"e-con-inner\">\n\t\t<div class=\"elementor-element elementor-element-5fdf361f e-con-full e-flex e-con e-child\" data-id=\"5fdf361f\" data-element_type=\"container\" data-e-type=\"container\">\n\t\t\t\t<div class=\"elementor-element elementor-element-2495c9da elementor-widget elementor-widget-image\" data-id=\"2495c9da\" data-element_type=\"widget\" data-e-type=\"widget\" data-widget_type=\"image.default\">\n\t\t\t\t<div class=\"elementor-widget-container\">\n\t\t\t\t\t\t\t\t\t\t\t\t\t\t\t<img fetchpriority=\"high\" decoding=\"async\" width=\"1800\" height=\"1800\" src=\"https:\/\/miamedic.lt\/wp-content\/uploads\/2025\/10\/laboratoriniai-tyrimai-miamedic.png\" class=\"attachment-full size-full wp-image-11572\" alt=\"laboratoriniai tyrimai miamedic\" srcset=\"https:\/\/miamedic.lt\/wp-content\/uploads\/2025\/10\/laboratoriniai-tyrimai-miamedic.png 1800w, https:\/\/miamedic.lt\/wp-content\/uploads\/2025\/10\/laboratoriniai-tyrimai-miamedic-460x460.png 460w, https:\/\/miamedic.lt\/wp-content\/uploads\/2025\/10\/laboratoriniai-tyrimai-miamedic-1520x1520.png 1520w, https:\/\/miamedic.lt\/wp-content\/uploads\/2025\/10\/laboratoriniai-tyrimai-miamedic-115x115.png 115w, https:\/\/miamedic.lt\/wp-content\/uploads\/2025\/10\/laboratoriniai-tyrimai-miamedic-760x760.png 760w, https:\/\/miamedic.lt\/wp-content\/uploads\/2025\/10\/laboratoriniai-tyrimai-miamedic-12x12.png 12w, https:\/\/miamedic.lt\/wp-content\/uploads\/2025\/10\/laboratoriniai-tyrimai-miamedic-920x920.png 920w, https:\/\/miamedic.lt\/wp-content\/uploads\/2025\/10\/laboratoriniai-tyrimai-miamedic-145x145.png 145w, https:\/\/miamedic.lt\/wp-content\/uploads\/2025\/10\/laboratoriniai-tyrimai-miamedic-290x290.png 290w, https:\/\/miamedic.lt\/wp-content\/uploads\/2025\/10\/laboratoriniai-tyrimai-miamedic-50x50.png 50w, https:\/\/miamedic.lt\/wp-content\/uploads\/2025\/10\/laboratoriniai-tyrimai-miamedic-100x100.png 100w\" sizes=\"(max-width: 1800px) 100vw, 1800px\" \/>\t\t\t\t\t\t\t\t\t\t\t\t\t\t\t<\/div>\n\t\t\t\t<\/div>\n\t\t\t\t<\/div>\n\t\t<div class=\"elementor-element elementor-element-75959a36 e-con-full e-flex e-con e-child\" data-id=\"75959a36\" data-element_type=\"container\" data-e-type=\"container\">\n\t\t\t\t<div class=\"elementor-element elementor-element-57b57110 elementor-widget elementor-widget-ideapark-heading\" data-id=\"57b57110\" data-element_type=\"widget\" data-e-type=\"widget\" data-widget_type=\"ideapark-heading.default\">\n\t\t\t\t<div class=\"elementor-widget-container\">\n\t\t\t\t\t<div class=\"c-ip-heading c-ip-heading--small c-ip-heading--center c-ip-heading--bullet-hide\"><span class=\"c-ip-heading__inner\">LABORATORINIAI TYRIMAI<\/span><\/div>\t\t\t\t<\/div>\n\t\t\t\t<\/div>\n\t\t\t\t<div class=\"elementor-element elementor-element-348e072a elementor-widget elementor-widget-ideapark-heading\" data-id=\"348e072a\" data-element_type=\"widget\" data-e-type=\"widget\" data-widget_type=\"ideapark-heading.default\">\n\t\t\t\t<div class=\"elementor-widget-container\">\n\t\t\t\t\t<div class=\"c-ip-heading c-ip-heading--medium c-ip-heading--center c-ip-heading--bullet-hide\"><span class=\"c-ip-heading__inner\">FOX basic visavalgiams maisto netoleravimo programa(163 produktai)<\/span><\/div>\t\t\t\t<\/div>\n\t\t\t\t<\/div>\n\t\t\t\t<div class=\"elementor-element elementor-element-79550795 elementor-widget elementor-widget-ideapark-heading\" data-id=\"79550795\" data-element_type=\"widget\" data-e-type=\"widget\" data-widget_type=\"ideapark-heading.default\">\n\t\t\t\t<div class=\"elementor-widget-container\">\n\t\t\t\t\t<div class=\"c-ip-heading c-ip-heading--medium c-ip-heading--center c-ip-heading--bullet-hide\"><span class=\"c-ip-heading__inner\">Prek\u0117s kodas: 10031<\/span><\/div>\t\t\t\t<\/div>\n\t\t\t\t<\/div>\n\t\t<div class=\"elementor-element elementor-element-25ac7339 e-con-full e-flex e-con e-child\" data-id=\"25ac7339\" data-element_type=\"container\" data-e-type=\"container\">\n\t\t<div class=\"elementor-element elementor-element-318e69fd e-con-full e-flex e-con e-child\" data-id=\"318e69fd\" data-element_type=\"container\" data-e-type=\"container\" data-settings=\"{&quot;background_background&quot;:&quot;classic&quot;}\">\n\t\t\t\t<div class=\"elementor-element elementor-element-4eaf9cd9 elementor-widget elementor-widget-heading\" data-id=\"4eaf9cd9\" data-element_type=\"widget\" data-e-type=\"widget\" data-widget_type=\"heading.default\">\n\t\t\t\t<div class=\"elementor-widget-container\">\n\t\t\t\t\t<h2 class=\"elementor-heading-title elementor-size-default\">180,00 \u20ac<\/h2>\t\t\t\t<\/div>\n\t\t\t\t<\/div>\n\t\t\t\t<\/div>\n\t\t\t\t<\/div>\n\t\t<div class=\"elementor-element elementor-element-5aae6a0b e-con-full e-flex e-con e-child\" data-id=\"5aae6a0b\" data-element_type=\"container\" data-e-type=\"container\">\n\t\t\t\t<div class=\"elementor-element elementor-element-12c90f6d elementor-view-default elementor-position-block-start elementor-mobile-position-block-start elementor-widget elementor-widget-icon-box\" data-id=\"12c90f6d\" data-element_type=\"widget\" data-e-type=\"widget\" data-widget_type=\"icon-box.default\">\n\t\t\t\t<div class=\"elementor-widget-container\">\n\t\t\t\t\t\t\t<div class=\"elementor-icon-box-wrapper\">\n\n\t\t\t\t\t\t<div class=\"elementor-icon-box-icon\">\n\t\t\t\t<span  class=\"elementor-icon\">\n\t\t\t\t<svg aria-hidden=\"true\" class=\"e-font-icon-svg e-fas-info-circle\" viewbox=\"0 0 512 512\" xmlns=\"http:\/\/www.w3.org\/2000\/svg\"><path d=\"M256 8C119.043 8 8 119.083 8 256c0 136.997 111.043 248 248 248s248-111.003 248-248C504 119.083 392.957 8 256 8zm0 110c23.196 0 42 18.804 42 42s-18.804 42-42 42-42-18.804-42-42 18.804-42 42-42zm56 254c0 6.627-5.373 12-12 12h-88c-6.627 0-12-5.373-12-12v-24c0-6.627 5.373-12 12-12h12v-64h-12c-6.627 0-12-5.373-12-12v-24c0-6.627 5.373-12 12-12h64c6.627 0 12 5.373 12 12v100h12c6.627 0 12 5.373 12 12v24z\"><\/path><\/svg>\t\t\t\t<\/span>\n\t\t\t<\/div>\n\t\t\t\n\t\t\t\t\t\t<div class=\"elementor-icon-box-content\">\n\n\t\t\t\t\t\t\t\t\t<h3 class=\"elementor-icon-box-title\">\n\t\t\t\t\t\t<span  >\n\t\t\t\t\t\t\tKraujo pa\u0117mimo mokestis 5,00 \u20ac \t\t\t\t\t\t<\/span>\n\t\t\t\t\t<\/h3>\n\t\t\t\t\n\t\t\t\t\n\t\t\t<\/div>\n\t\t\t\n\t\t<\/div>\n\t\t\t\t\t\t<\/div>\n\t\t\t\t<\/div>\n\t\t\t\t<div class=\"elementor-element elementor-element-42e918fd elementor-align-center elementor-widget elementor-widget-button\" data-id=\"42e918fd\" data-element_type=\"widget\" data-e-type=\"widget\" data-widget_type=\"button.default\">\n\t\t\t\t<div class=\"elementor-widget-container\">\n\t\t\t\t\t\t\t\t\t<div class=\"elementor-button-wrapper\">\n\t\t\t\t\t<a class=\"elementor-button elementor-button-link elementor-size-sm\" href=\"https:\/\/serveonline.lt\/cd3f8281-8a3c-4cda-9f55-0d38b44c062b\/company\" target=\"_blank\">\n\t\t\t\t\t\t<span class=\"elementor-button-content-wrapper\">\n\t\t\t\t\t\t\t\t\t<span class=\"elementor-button-text\">REGISTRACIJA INTERNETU<\/span>\n\t\t\t\t\t<\/span>\n\t\t\t\t\t<\/a>\n\t\t\t\t<\/div>\n\t\t\t\t\t\t\t\t<\/div>\n\t\t\t\t<\/div>\n\t\t\t\t<\/div>\n\t\t\t\t<\/div>\n\t\t\t\t\t<\/div>\n\t\t\t\t<\/div>\n\t\t<div class=\"elementor-element elementor-element-2d5f3cda e-flex e-con-boxed e-con e-parent\" data-id=\"2d5f3cda\" data-element_type=\"container\" data-e-type=\"container\" data-settings=\"{&quot;background_background&quot;:&quot;classic&quot;}\">\n\t\t\t\t\t<div class=\"e-con-inner\">\n\t\t\t\t<div class=\"elementor-element elementor-element-16212972 elementor-widget elementor-widget-ideapark-heading\" data-id=\"16212972\" data-element_type=\"widget\" data-e-type=\"widget\" data-widget_type=\"ideapark-heading.default\">\n\t\t\t\t<div class=\"elementor-widget-container\">\n\t\t\t\t\t<div class=\"c-ip-heading c-ip-heading--medium c-ip-heading--center c-ip-heading--bullet-hide\"><span class=\"c-ip-heading__inner\">TYRIMO APRA\u0160YMAS<\/span><\/div>\t\t\t\t<\/div>\n\t\t\t\t<\/div>\n\t\t\t\t\t<\/div>\n\t\t\t\t<\/div>\n\t\t<div class=\"elementor-element elementor-element-be9a7a5 e-flex e-con-boxed e-con e-parent\" data-id=\"be9a7a5\" data-element_type=\"container\" data-e-type=\"container\">\n\t\t\t\t\t<div class=\"e-con-inner\">\n\t\t\t\t<div class=\"elementor-element elementor-element-649a8dc8 elementor-widget elementor-widget-text-editor\" data-id=\"649a8dc8\" data-element_type=\"widget\" data-e-type=\"widget\" data-widget_type=\"text-editor.default\">\n\t\t\t\t<div class=\"elementor-widget-container\">\n\t\t\t\t\t\t\t\t\t<p><strong>Testo rezultatus \u012ftakoja mityba likus kelioms savait\u0117ms iki testo atlikimo.<\/strong><\/p><p>Jei ilgesn\u012f laik\u0105 nevartotojoje tam tikro maisto produkto, gali b\u016bti, kad j\u016bs\u0173 kraujo m\u0117ginyje nenustatoma arba nustatoma labai nedaug IgG antik\u016bn\u0173 prie\u0161 maisto produkto antigenus.\u00a0<\/p><p><strong>Kod\u0117l\u00a0 IgG antik\u016bn\u0173 rezultatai reaguoja \u012f maisto produktus, kuri\u0173 anks\u010diau niekada nevalg\u0117te ?<\/strong><\/p><p>Kai kuri\u0173 skirtinguose maisto produktuose esan\u010di\u0173 baltym\u0173 (antigen\u0173) strukt\u016bra yra labai pana\u0161i. Tod\u0117l organizmo gaminami antik\u016bnai gali atpa\u017einti ne tik antigenus, d\u0117l kuri\u0173 jie susidar\u0117, bet ir kit\u0173 maisto produkt\u0173 antigenus. Tokia kry\u017emin\u0117 reakcija ir gali b\u016bti prie\u017eastis, d\u0117l kurios j\u016bs\u0173 tyrim\u0173 rezultatai parodo padid\u0117jusi\u0105 reakcij\u0105 \u012f maisto produktus, kuri\u0173 anks\u010diau niekada nevalg\u0117te. Galimai anks\u010diau nes\u0105moningai valg\u0117te ir maisto produkt\u0173 sudedam\u0173j\u0173 dali\u0173, sukelian\u010di\u0173 \u0161i\u0105 reakcij\u0105. Pavyzd\u017eiui, maisto papilduose ir kosmetikos produktuose gali b\u016bti nusiskundim\u0173 sukelian\u010di\u0173 maisto antigen\u0173.\u00a0<\/p><p><strong>\u00a0Ar maisto netoleravimo testas tinka ir vaikams?\u00a0<\/strong><\/p><p>\u0160iuo metu n\u0117ra gairi\u0173, kuriose b\u016bt\u0173 nurodytas minimalus am\u017eius, kur\u012f pasiekus b\u016bt\u0173 galima atlikti IgG padid\u0117jusio jautrumo maistui test\u0105. Kadangi k\u016bdikio imunin\u0117 sistema dar yra vystymosi faz\u0117je, nerekomenduojama maisto netoleravimo testo atlikti jaunesniems negu dvej\u0173 met\u0173 am\u017eiaus vaikams.<\/p><table border=\"0\" cellspacing=\"1\" cellpadding=\"1\" align=\"center\"><tbody><tr><td><p><strong>Pienas ir kiau\u0161iniai<\/strong><\/p><\/td><td><p>Pasukos, gr\u016bd\u0117ta var\u0161k\u0117, karv\u0117s pienas, kiau\u0161inio baltymas, kiau\u0161inio trynys, o\u017ekos pieno s\u016bris, o\u017ekos pienas, camembert s\u016bris, kazeinas,\u00a0gouda s\u016bris, mozzarella s\u016bris, parmezano s\u016bris, putpel\u0117s kiau\u0161inis, avies pieno s\u016bris, avies pienas<\/p><\/td><\/tr><tr><td><p><strong>M\u0117sa<\/strong><\/p><\/td><td><p>Jautiena, vi\u0161tiena, antiena, kiauliena, \u0117riena, triu\u0161iena, elniena, kalakutiena, ver\u0161iena<\/p><\/td><\/tr><tr><td><p><strong>\u017duvis ir j\u016bros g\u0117ryb\u0117s<\/strong><\/p><\/td><td><p>Atlanto menk\u0117, atlanto silk\u0117, j\u016brinis e\u0161erys, karpis, midijos, ungurys, an\u010diuviai, plek\u0161n\u0117, dorada, juodad\u0117m\u0117 menk\u0117, j\u016bros lydeka, lydeka, skumbr\u0117, kreve\u010di\u0173 mi\u0161inys, kalmarai, la\u0161i\u0161a, up\u0117takis, tunas<\/p><\/td><\/tr><tr><td><p><strong>Javai ir s\u0117klos<\/strong><\/p><\/td><td><p>Mie\u017eiai, grikiai, kukur\u016bzai, lin\u0173 s\u0117menys, avi\u017eos, kedrin\u0117s pinijos, aguonos, moli\u016bgo s\u0117klos, bolivin\u0117s balandos s\u0117klos (kvinoja), ry\u017eiai, rugiai, sezamo s\u0117klos, spelta, saul\u0117gr\u0105\u017eos, kvie\u010diai, durum kvie\u010diai (kietagr\u016bd\u017eiai), glitimas, kvie\u010di\u0173 s\u0117lenos, kanapi\u0173 s\u0117klos, salyklas (mie\u017ei\u0173)<\/p><\/td><\/tr><tr><td><p><strong>Rie\u0161utai<\/strong><\/p><\/td><td><p>Migdolai, bertoletij\u0173 rie\u0161utai, anakard\u017eio rie\u0161utai, kokosas, kokoso pienas, lazdyno rie\u0161utai, makadamij\u0173 rie\u0161utai, pekano (karij\u0173) rie\u0161utai, pistacijos, graikiniai rie\u0161utai<\/p><\/td><\/tr><tr><td><p><strong>Ank\u0161tin\u0117s dar\u017eov\u0117s<\/strong><\/p><\/td><td><p>Avin\u017eirniai, \u0161paragin\u0117s pupel\u0117s, l\u0119\u0161iai, \u017eem\u0117s rie\u0161utai, \u017eirniai, soja, baltosios pupel\u0117s<\/p><\/td><\/tr><tr><td><p><strong>Vaisiai<\/strong><\/p><\/td><td><p>Obuoliai, nektarinai, abrikosai, persikai, bananai, m\u0117lyn\u0117s, vy\u0161nios, agrastai, vynuog\u0117s, kiviai, citrinos, arb\u016bzas, mangai, melionai, apelsinai, kriau\u0161\u0117s, ananasas, slyvos, greipfutai, aviet\u0117s, bra\u0161k\u0117s, mandarinai<\/p><\/td><\/tr><tr><td><p><strong>Dar\u017eov\u0117s<\/strong><\/p><\/td><td><p>Avokadai, brokoliai, pekino kop\u016bstai, g\u016b\u017einiai kop\u016bstai, morkos, kalafiorai, saliero stiebai, gumbiniai salierai, agurkai, bakla\u017eanai, \u010desnakai, krienai, porai, alyvuog\u0117s, svog\u016bnai, pastarnokai, bulv\u0117s, sviestiniai moli\u016bgai, ridik\u0117liai, burokai, \u0161paragai, \u0161pinatai, sald\u017eiosios bulv\u0117s (batatai), pomidorai, gra\u017egarst\u0117s ( rukola), cukinijos, salotin\u0117s sulten\u0117s<\/p><\/td><\/tr><tr><td><p><strong>Prieskoniai<\/strong><\/p><\/td><td><p>Bazilikas, lauro lapai, kmynai, \u010dili pipirai, cinamonas, karis, krapai, imbieras, garsty\u010dios, raudon\u0117lis, \u00a0paprika, petra\u017eol\u0117s, pipirai (juodieji\/baltieji\/\u017ealieji\/raudonieji\/geltonieji), rozmarinas, gvazdik\u0117liai, \u010diobrelis, vanil\u0117<\/p><\/td><\/tr><tr><td><p><strong>Valgomieji grybai<\/strong><\/p><\/td><td><p>Baravykai, voverait\u0117s, pievagrybiai<\/p><\/td><\/tr><tr><td><p><strong>Nauji maisto produktai<\/strong><\/p><\/td><td><p>Migdol\u0173 pienas, chia s\u0117klos, nori (j\u016br\u017eol\u0117)<\/p><\/td><\/tr><tr><td><p><strong>Kava ir arbata<\/strong><\/p><\/td><td><p>Ramun\u0117l\u0117s, kakava, kava, pipirm\u0117t\u0117s, juodoji arbata, \u017ealioji arbata<\/p><\/td><\/tr><tr><td><p><strong>Kiti<\/strong><\/p><\/td><td><p>Kepimo miel\u0117s, cukranendri\u0173 cukrus, medus, alaus miel\u0117s, apyniai<\/p><\/td><\/tr><\/tbody><\/table>\t\t\t\t\t\t\t\t<\/div>\n\t\t\t\t<\/div>\n\t\t\t\t\t<\/div>\n\t\t\t\t<\/div>\n\t\t<div class=\"elementor-element elementor-element-b597d9c e-con-full e-flex e-con e-child\" data-id=\"b597d9c\" data-element_type=\"container\" data-e-type=\"container\" data-settings=\"{&quot;background_background&quot;:&quot;classic&quot;}\">\n\t\t\t\t<div class=\"elementor-element elementor-element-24edb55a elementor-widget elementor-widget-ideapark-heading\" data-id=\"24edb55a\" data-element_type=\"widget\" data-e-type=\"widget\" data-widget_type=\"ideapark-heading.default\">\n\t\t\t\t<div class=\"elementor-widget-container\">\n\t\t\t\t\t<div class=\"c-ip-heading c-ip-heading--small c-ip-heading--center c-ip-heading--bullet-hide\"><span class=\"c-ip-heading__inner\">REGISTRUOKIT\u0116S INTERNETU<\/span><\/div>\t\t\t\t<\/div>\n\t\t\t\t<\/div>\n\t\t\t\t<div class=\"elementor-element elementor-element-3421de8a elementor-align-center elementor-widget elementor-widget-button\" data-id=\"3421de8a\" data-element_type=\"widget\" data-e-type=\"widget\" data-widget_type=\"button.default\">\n\t\t\t\t<div class=\"elementor-widget-container\">\n\t\t\t\t\t\t\t\t\t<div class=\"elementor-button-wrapper\">\n\t\t\t\t\t<a class=\"elementor-button elementor-button-link elementor-size-sm\" href=\"https:\/\/serveonline.lt\/cd3f8281-8a3c-4cda-9f55-0d38b44c062b\/company\" target=\"_blank\">\n\t\t\t\t\t\t<span class=\"elementor-button-content-wrapper\">\n\t\t\t\t\t\t\t\t\t<span class=\"elementor-button-text\">REGISTRACIJA PER SERVE.LT<\/span>\n\t\t\t\t\t<\/span>\n\t\t\t\t\t<\/a>\n\t\t\t\t<\/div>\n\t\t\t\t\t\t\t\t<\/div>\n\t\t\t\t<\/div>\n\t\t\t\t<\/div>\n\t\t<div class=\"elementor-element elementor-element-3abc5e09 e-flex e-con-boxed e-con e-parent\" data-id=\"3abc5e09\" data-element_type=\"container\" data-e-type=\"container\">\n\t\t\t\t\t<div class=\"e-con-inner\">\n\t\t\t\t<div class=\"elementor-element elementor-element-7229a26 elementor-widget elementor-widget-ideapark-heading\" data-id=\"7229a26\" data-element_type=\"widget\" data-e-type=\"widget\" data-widget_type=\"ideapark-heading.default\">\n\t\t\t\t<div class=\"elementor-widget-container\">\n\t\t\t\t\t<div class=\"c-ip-heading c-ip-heading--small c-ip-heading--center c-ip-heading--bullet-hide\"><span class=\"c-ip-heading__inner\">SEKITE MUS instagram<\/span><\/div>\t\t\t\t<\/div>\n\t\t\t\t<\/div>\n\t\t\t\t<div class=\"elementor-element elementor-element-7fff0c27 elementor-widget elementor-widget-ideapark-heading\" data-id=\"7fff0c27\" data-element_type=\"widget\" data-e-type=\"widget\" data-widget_type=\"ideapark-heading.default\">\n\t\t\t\t<div class=\"elementor-widget-container\">\n\t\t\t\t\t<div class=\"c-ip-heading c-ip-heading--medium c-ip-heading--center c-ip-heading--bullet-hide\"><span class=\"c-ip-heading__inner\"><a href=\"http:\/\/www.instagram.com\/miamedic.lt\" target=\"_blank\"> @miamedic.lt<\/a><\/span><\/div>\t\t\t\t<\/div>\n\t\t\t\t<\/div>\n\t\t\t\t\t<\/div>\n\t\t\t\t<\/div>\n\t\t\t\t<\/div>","protected":false},"excerpt":{"rendered":"<p>LABORATORINIAI TYRIMAI FOX basic visavalgiams maisto netoleravimo programa(163 produktai) Prek\u0117s kodas: 10031 180,00 \u20ac Kraujo pa\u0117mimo mokestis 5,00 \u20ac REGISTRACIJA INTERNETU TYRIMO&hellip;<\/p>","protected":false},"author":1,"featured_media":0,"parent":0,"menu_order":0,"comment_status":"closed","ping_status":"closed","template":"elementor_header_footer","meta":{"footnotes":""},"class_list":["post-11837","page","type-page","status-publish","hentry"],"_links":{"self":[{"href":"https:\/\/miamedic.lt\/en\/wp-json\/wp\/v2\/pages\/11837","targetHints":{"allow":["GET"]}}],"collection":[{"href":"https:\/\/miamedic.lt\/en\/wp-json\/wp\/v2\/pages"}],"about":[{"href":"https:\/\/miamedic.lt\/en\/wp-json\/wp\/v2\/types\/page"}],"author":[{"embeddable":true,"href":"https:\/\/miamedic.lt\/en\/wp-json\/wp\/v2\/users\/1"}],"replies":[{"embeddable":true,"href":"https:\/\/miamedic.lt\/en\/wp-json\/wp\/v2\/comments?post=11837"}],"version-history":[{"count":4,"href":"https:\/\/miamedic.lt\/en\/wp-json\/wp\/v2\/pages\/11837\/revisions"}],"predecessor-version":[{"id":11841,"href":"https:\/\/miamedic.lt\/en\/wp-json\/wp\/v2\/pages\/11837\/revisions\/11841"}],"wp:attachment":[{"href":"https:\/\/miamedic.lt\/en\/wp-json\/wp\/v2\/media?parent=11837"}],"curies":[{"name":"wp","href":"https:\/\/api.w.org\/{rel}","templated":true}]}}