{"id":11832,"date":"2025-10-20T19:00:07","date_gmt":"2025-10-20T19:00:07","guid":{"rendered":"https:\/\/miamedic.lt\/?page_id=11832"},"modified":"2025-10-20T19:00:56","modified_gmt":"2025-10-20T19:00:56","slug":"fox-maisto-netoleravimo-istyrimo-programa-283-produktai","status":"publish","type":"page","link":"https:\/\/miamedic.lt\/en\/fox-maisto-netoleravimo-istyrimo-programa-283-produktai\/","title":{"rendered":"FOX maisto netoleravimo i\u0161tyrimo programa (283 produktai)"},"content":{"rendered":"<div data-elementor-type=\"wp-page\" data-elementor-id=\"11832\" class=\"elementor elementor-11832\">\n\t\t\t\t<div class=\"elementor-element elementor-element-bf9f9ae e-flex e-con-boxed e-con e-parent\" data-id=\"bf9f9ae\" data-element_type=\"container\" data-e-type=\"container\">\n\t\t\t\t\t<div class=\"e-con-inner\">\n\t\t<div class=\"elementor-element elementor-element-4fcc48f5 e-con-full e-flex e-con e-child\" data-id=\"4fcc48f5\" data-element_type=\"container\" data-e-type=\"container\">\n\t\t\t\t<div class=\"elementor-element elementor-element-6db5fd4d elementor-widget elementor-widget-image\" data-id=\"6db5fd4d\" data-element_type=\"widget\" data-e-type=\"widget\" data-widget_type=\"image.default\">\n\t\t\t\t<div class=\"elementor-widget-container\">\n\t\t\t\t\t\t\t\t\t\t\t\t\t\t\t<img fetchpriority=\"high\" decoding=\"async\" width=\"1800\" height=\"1800\" src=\"https:\/\/miamedic.lt\/wp-content\/uploads\/2025\/10\/laboratoriniai-tyrimai-miamedic.png\" class=\"attachment-full size-full wp-image-11572\" alt=\"laboratoriniai tyrimai miamedic\" srcset=\"https:\/\/miamedic.lt\/wp-content\/uploads\/2025\/10\/laboratoriniai-tyrimai-miamedic.png 1800w, https:\/\/miamedic.lt\/wp-content\/uploads\/2025\/10\/laboratoriniai-tyrimai-miamedic-460x460.png 460w, https:\/\/miamedic.lt\/wp-content\/uploads\/2025\/10\/laboratoriniai-tyrimai-miamedic-1520x1520.png 1520w, https:\/\/miamedic.lt\/wp-content\/uploads\/2025\/10\/laboratoriniai-tyrimai-miamedic-115x115.png 115w, https:\/\/miamedic.lt\/wp-content\/uploads\/2025\/10\/laboratoriniai-tyrimai-miamedic-760x760.png 760w, https:\/\/miamedic.lt\/wp-content\/uploads\/2025\/10\/laboratoriniai-tyrimai-miamedic-12x12.png 12w, https:\/\/miamedic.lt\/wp-content\/uploads\/2025\/10\/laboratoriniai-tyrimai-miamedic-920x920.png 920w, https:\/\/miamedic.lt\/wp-content\/uploads\/2025\/10\/laboratoriniai-tyrimai-miamedic-145x145.png 145w, https:\/\/miamedic.lt\/wp-content\/uploads\/2025\/10\/laboratoriniai-tyrimai-miamedic-290x290.png 290w, https:\/\/miamedic.lt\/wp-content\/uploads\/2025\/10\/laboratoriniai-tyrimai-miamedic-50x50.png 50w, https:\/\/miamedic.lt\/wp-content\/uploads\/2025\/10\/laboratoriniai-tyrimai-miamedic-100x100.png 100w\" sizes=\"(max-width: 1800px) 100vw, 1800px\" \/>\t\t\t\t\t\t\t\t\t\t\t\t\t\t\t<\/div>\n\t\t\t\t<\/div>\n\t\t\t\t<\/div>\n\t\t<div class=\"elementor-element elementor-element-30e2a579 e-con-full e-flex e-con e-child\" data-id=\"30e2a579\" data-element_type=\"container\" data-e-type=\"container\">\n\t\t\t\t<div class=\"elementor-element elementor-element-4b3a030 elementor-widget elementor-widget-ideapark-heading\" data-id=\"4b3a030\" data-element_type=\"widget\" data-e-type=\"widget\" data-widget_type=\"ideapark-heading.default\">\n\t\t\t\t<div class=\"elementor-widget-container\">\n\t\t\t\t\t<div class=\"c-ip-heading c-ip-heading--small c-ip-heading--center c-ip-heading--bullet-hide\"><span class=\"c-ip-heading__inner\">LABORATORINIAI TYRIMAI<\/span><\/div>\t\t\t\t<\/div>\n\t\t\t\t<\/div>\n\t\t\t\t<div class=\"elementor-element elementor-element-4f00755 elementor-widget elementor-widget-ideapark-heading\" data-id=\"4f00755\" data-element_type=\"widget\" data-e-type=\"widget\" data-widget_type=\"ideapark-heading.default\">\n\t\t\t\t<div class=\"elementor-widget-container\">\n\t\t\t\t\t<div class=\"c-ip-heading c-ip-heading--medium c-ip-heading--center c-ip-heading--bullet-hide\"><span class=\"c-ip-heading__inner\">FOX maisto netoleravimo i\u0161tyrimo programa (283 produktai)<\/span><\/div>\t\t\t\t<\/div>\n\t\t\t\t<\/div>\n\t\t\t\t<div class=\"elementor-element elementor-element-38c76107 elementor-widget elementor-widget-ideapark-heading\" data-id=\"38c76107\" data-element_type=\"widget\" data-e-type=\"widget\" data-widget_type=\"ideapark-heading.default\">\n\t\t\t\t<div class=\"elementor-widget-container\">\n\t\t\t\t\t<div class=\"c-ip-heading c-ip-heading--medium c-ip-heading--center c-ip-heading--bullet-hide\"><span class=\"c-ip-heading__inner\">Prek\u0117s kodas: 10027<\/span><\/div>\t\t\t\t<\/div>\n\t\t\t\t<\/div>\n\t\t<div class=\"elementor-element elementor-element-595dc2a6 e-con-full e-flex e-con e-child\" data-id=\"595dc2a6\" data-element_type=\"container\" data-e-type=\"container\">\n\t\t<div class=\"elementor-element elementor-element-43ba006d e-con-full e-flex e-con e-child\" data-id=\"43ba006d\" data-element_type=\"container\" data-e-type=\"container\" data-settings=\"{&quot;background_background&quot;:&quot;classic&quot;}\">\n\t\t\t\t<div class=\"elementor-element elementor-element-69e87e2e elementor-widget elementor-widget-heading\" data-id=\"69e87e2e\" data-element_type=\"widget\" data-e-type=\"widget\" data-widget_type=\"heading.default\">\n\t\t\t\t<div class=\"elementor-widget-container\">\n\t\t\t\t\t<h2 class=\"elementor-heading-title elementor-size-default\">280,00 \u20ac<\/h2>\t\t\t\t<\/div>\n\t\t\t\t<\/div>\n\t\t\t\t<\/div>\n\t\t\t\t<\/div>\n\t\t<div class=\"elementor-element elementor-element-48b21a63 e-con-full e-flex e-con e-child\" data-id=\"48b21a63\" data-element_type=\"container\" data-e-type=\"container\">\n\t\t\t\t<div class=\"elementor-element elementor-element-304173db elementor-view-default elementor-position-block-start elementor-mobile-position-block-start elementor-widget elementor-widget-icon-box\" data-id=\"304173db\" data-element_type=\"widget\" data-e-type=\"widget\" data-widget_type=\"icon-box.default\">\n\t\t\t\t<div class=\"elementor-widget-container\">\n\t\t\t\t\t\t\t<div class=\"elementor-icon-box-wrapper\">\n\n\t\t\t\t\t\t<div class=\"elementor-icon-box-icon\">\n\t\t\t\t<span  class=\"elementor-icon\">\n\t\t\t\t<svg aria-hidden=\"true\" class=\"e-font-icon-svg e-fas-info-circle\" viewbox=\"0 0 512 512\" xmlns=\"http:\/\/www.w3.org\/2000\/svg\"><path d=\"M256 8C119.043 8 8 119.083 8 256c0 136.997 111.043 248 248 248s248-111.003 248-248C504 119.083 392.957 8 256 8zm0 110c23.196 0 42 18.804 42 42s-18.804 42-42 42-42-18.804-42-42 18.804-42 42-42zm56 254c0 6.627-5.373 12-12 12h-88c-6.627 0-12-5.373-12-12v-24c0-6.627 5.373-12 12-12h12v-64h-12c-6.627 0-12-5.373-12-12v-24c0-6.627 5.373-12 12-12h64c6.627 0 12 5.373 12 12v100h12c6.627 0 12 5.373 12 12v24z\"><\/path><\/svg>\t\t\t\t<\/span>\n\t\t\t<\/div>\n\t\t\t\n\t\t\t\t\t\t<div class=\"elementor-icon-box-content\">\n\n\t\t\t\t\t\t\t\t\t<h3 class=\"elementor-icon-box-title\">\n\t\t\t\t\t\t<span  >\n\t\t\t\t\t\t\tKraujo pa\u0117mimo mokestis 5,00 \u20ac \t\t\t\t\t\t<\/span>\n\t\t\t\t\t<\/h3>\n\t\t\t\t\n\t\t\t\t\n\t\t\t<\/div>\n\t\t\t\n\t\t<\/div>\n\t\t\t\t\t\t<\/div>\n\t\t\t\t<\/div>\n\t\t\t\t<div class=\"elementor-element elementor-element-71dab5ef elementor-align-center elementor-widget elementor-widget-button\" data-id=\"71dab5ef\" data-element_type=\"widget\" data-e-type=\"widget\" data-widget_type=\"button.default\">\n\t\t\t\t<div class=\"elementor-widget-container\">\n\t\t\t\t\t\t\t\t\t<div class=\"elementor-button-wrapper\">\n\t\t\t\t\t<a class=\"elementor-button elementor-button-link elementor-size-sm\" href=\"https:\/\/serveonline.lt\/cd3f8281-8a3c-4cda-9f55-0d38b44c062b\/company\" target=\"_blank\">\n\t\t\t\t\t\t<span class=\"elementor-button-content-wrapper\">\n\t\t\t\t\t\t\t\t\t<span class=\"elementor-button-text\">REGISTRACIJA INTERNETU<\/span>\n\t\t\t\t\t<\/span>\n\t\t\t\t\t<\/a>\n\t\t\t\t<\/div>\n\t\t\t\t\t\t\t\t<\/div>\n\t\t\t\t<\/div>\n\t\t\t\t<\/div>\n\t\t\t\t<\/div>\n\t\t\t\t\t<\/div>\n\t\t\t\t<\/div>\n\t\t<div class=\"elementor-element elementor-element-171f138d e-flex e-con-boxed e-con e-parent\" data-id=\"171f138d\" data-element_type=\"container\" data-e-type=\"container\" data-settings=\"{&quot;background_background&quot;:&quot;classic&quot;}\">\n\t\t\t\t\t<div class=\"e-con-inner\">\n\t\t\t\t<div class=\"elementor-element elementor-element-2d705a58 elementor-widget elementor-widget-ideapark-heading\" data-id=\"2d705a58\" data-element_type=\"widget\" data-e-type=\"widget\" data-widget_type=\"ideapark-heading.default\">\n\t\t\t\t<div class=\"elementor-widget-container\">\n\t\t\t\t\t<div class=\"c-ip-heading c-ip-heading--medium c-ip-heading--center c-ip-heading--bullet-hide\"><span class=\"c-ip-heading__inner\">TYRIMO APRA\u0160YMAS<\/span><\/div>\t\t\t\t<\/div>\n\t\t\t\t<\/div>\n\t\t\t\t\t<\/div>\n\t\t\t\t<\/div>\n\t\t<div class=\"elementor-element elementor-element-267bb785 e-flex e-con-boxed e-con e-parent\" data-id=\"267bb785\" data-element_type=\"container\" data-e-type=\"container\">\n\t\t\t\t\t<div class=\"e-con-inner\">\n\t\t\t\t<div class=\"elementor-element elementor-element-18726636 elementor-widget elementor-widget-text-editor\" data-id=\"18726636\" data-element_type=\"widget\" data-e-type=\"widget\" data-widget_type=\"text-editor.default\">\n\t\t\t\t<div class=\"elementor-widget-container\">\n\t\t\t\t\t\t\t\t\t<p><strong>Inovatyvus sprendimas maisto netoleravimo diagnostikoje! <\/strong><\/p><p><strong>Si\u016blome tyrim\u0105, kuriuo nustatomi net 283 maisto produktai i\u0161 vieno kraujo m\u0117ginio. Privalumai:<\/strong><\/p><ul><li>Pla\u010diausias \u0161iai dienai maisto produkt\u0173 i\u0161tyrimas Lietuvoje \u2013 net 283\u00a0maisto produktai.<\/li><li>Tyrimas apima visus \u012fprastai naudojamus maisto produktus \u2013 gr\u016bdines kult\u016bras, vaisius, dar\u017eoves, rie\u0161utus, \u012fvairi\u0173 r\u016b\u0161i\u0173 m\u0117sas, \u017euv\u012f bei j\u016bros g\u0117rybes, pieno produktus ir kiau\u0161inius, \u017euv\u012f bei j\u016bros g\u0117rybes, pieno produktus ir kiau\u0161inius, grybus, daugyb\u0119 prieskoni\u0173 bei kav\u0105 ir arbat\u0105.<\/li><li>Pirmasis Lietuvoje tyrimas, kuriuos i\u0161tiriami ir nauji \u012f m\u016bs\u0173 maisto racion\u0105 at\u0117j\u0119 maisto produktai: kietagr\u016bd\u017eiai kvie\u010diai, kvie\u010di\u0173 s\u0117lenos, kanapi\u0173 s\u0117klos, chia s\u0117klos, migdol\u0173 pienas ir daugyb\u0117 kit\u0173.<\/li><li>D\u0117ka tiriamo tokio didelio maisto produkt\u0173 skai\u010diaus, gaunamas didesnis spektras tinkam\u0173 vartoti maisto produkt\u0173, tuo pa\u010diu \u017eymiai prasiple\u010dia m\u016bs\u0173 racionas.<\/li><li>FOX maisto netoleravimo tyrimas &#8211; tai technologi\u0161kai naujos kartos precizi\u0161kas ir tikslus tyrimas.<\/li><li>Nanotechnologij\u0173 pagalba sukurtas tyrimas leid\u017eia i\u0161 labai ma\u017eo kraujo la\u0161o (10\u00b5l) i\u0161tirti ypa\u010d plat\u0173 maisto produkt\u0173 spektr\u0105.<\/li><\/ul><p><strong>Testo rezultatus \u012ftakoja mityba likus kelioms savait\u0117ms iki testo atlikimo.<\/strong><\/p><p>Jei ilgesn\u012f laik\u0105 nevartotojoje tam tikro maisto produkto, gali b\u016bti, kad j\u016bs\u0173 kraujo m\u0117ginyje nenustatoma arba nustatoma labai nedaug IgG antik\u016bn\u0173 prie\u0161 maisto produkto antigenus.\u00a0<\/p><p><strong>Kod\u0117l\u00a0 IgG antik\u016bn\u0173 rezultatai reaguoja \u012f maisto produktus, kuri\u0173 anks\u010diau niekada nevalg\u0117te ?<\/strong><\/p><p>Kai kuri\u0173 skirtinguose maisto produktuose esan\u010di\u0173 baltym\u0173 (antigen\u0173) strukt\u016bra yra labai pana\u0161i. Tod\u0117l organizmo gaminami antik\u016bnai gali atpa\u017einti ne tik antigenus, d\u0117l kuri\u0173 jie susidar\u0117, bet ir kit\u0173 maisto produkt\u0173 antigenus. Tokia kry\u017emin\u0117 reakcija ir gali b\u016bti prie\u017eastis, d\u0117l kurios j\u016bs\u0173 tyrim\u0173 rezultatai parodo padid\u0117jusi\u0105 reakcij\u0105 \u012f maisto produktus, kuri\u0173 anks\u010diau niekada nevalg\u0117te. Galimai anks\u010diau nes\u0105moningai valg\u0117te ir maisto produkt\u0173 sudedam\u0173j\u0173 dali\u0173, sukelian\u010di\u0173 \u0161i\u0105 reakcij\u0105. Pavyzd\u017eiui, maisto papilduose ir kosmetikos produktuose gali b\u016bti nusiskundim\u0173 sukelian\u010di\u0173 maisto antigen\u0173.\u00a0<\/p><p><strong>\u00a0Ar maisto netoleravimo testas tinka ir vaikams?\u00a0<\/strong><\/p><p>\u0160iuo metu n\u0117ra gairi\u0173, kuriose b\u016bt\u0173 nurodytas minimalus am\u017eius, kur\u012f pasiekus b\u016bt\u0173 galima atlikti IgG padid\u0117jusio jautrumo maistui test\u0105. Kadangi k\u016bdikio imunin\u0117 sistema dar yra vystymosi faz\u0117je, nerekomenduojama maisto netoleravimo testo atlikti jaunesniems negu dvej\u0173 met\u0173 am\u017eiaus vaikams.<\/p><table><tbody><tr><td><strong>PIENAS IR KIAU\u0160INIAI<\/strong><\/td><\/tr><tr><td>Avies pienas, Karv\u0117s pieno Bos d 8 * baltymas, Avies pieno s\u016bris, Kiau\u0161inio baltymas, Buivol\u0117s pienas, Kiau\u0161inio trynys, Camembert s\u016bris, Kupranugar\u0117s pienas, Ementalio s\u016bris, Mozzarella s\u016bris, Gouda s\u016bris, O\u017ekos pienas, Gr\u016bd\u0117ta var\u0161k\u0117, O\u017ekos pieno s\u016bris, Karv\u0117s pienas, Parmezano s\u016bris, Karv\u0117s pieno Bos d 4 * baltymas, Pasukos Karv\u0117s pieno Bos d 5 * baltymas, Putpel\u0117s kiau\u0161iniai<\/td><\/tr><tr><td><strong>M\u0116SA<\/strong><\/td><\/tr><tr><td>Antiena, O\u017ekiena, Arkliena, Stirniena, Elniena, Strutiena, \u0116riena, \u0160erniena, Jautiena, Triu\u0161iena, Kalakutiena, Ver\u0161iena, Kiauliena, Vi\u0161tiena<\/td><\/tr><tr><td><strong>\u017dUVIS IR J\u016aROS G\u0116RYB\u0116S<\/strong><\/td><\/tr><tr><td>An\u010diuviai, La\u0161i\u0161a, A\u0161tuonkojis, Lenktasis peilenis (moliuskas), Atlanto menk\u0117, Lydeka, Atlanto silk\u0117, Midijos, Austr\u0117s, Omaras, Dygioji raja, Otas, Dorada, Paprastosios \u0161iaurin\u0117s krevet\u0117s, Ikrai, Pla\u010dia\u017enyplis v\u0117\u017eys, Juodad\u0117m\u0117 menk\u0117, Plek\u0161n\u0117, J\u016brin\u0117s ausinuk\u0117s (moliuskai), Sardin\u0117s, J\u016brinis e\u0161erys, Sepija, J\u016bros lydeka, Skumbr\u0117, J\u016br\u0173 lie\u017euvis, \u0160irdut\u0117s (moliuskai), J\u016br\u0173 velnias, \u0160ukut\u0117s, Kalmarai, Tunas, Kard\u017euv\u0117, Ungurys, Karpis, Up\u0117takis, Krabas, Veneridos (moliuskai), Kreve\u010di\u0173 mi\u0161inys<\/td><\/tr><tr><td><strong>DAR\u017dOV\u0116S<\/strong><\/td><\/tr><tr><td>Agurkai, Lapiniai kop\u016bstai, Alyvmedis, Me\u0161kinis \u010desnakas, Arti\u0161okai, Morkos, Avokadas, Pankoliai, Bakla\u017eanai, Pastarnokai, Baltieji g\u016b\u017einiai kop\u016bstai, Pekino kop\u016bstai, Bambuko \u016bgliai, Pomidorai, Briuselio kop\u016bstai, Porai, Brokoliai, Raguotasis melionas (Kiwano), Bulv\u0117s, Raudonieji kop\u016bstai, Burokai, R\u0117\u017eiukai, Cikorija, Ridik\u0117liai, Cukinijos, Romanesco \u017eiediniai kop\u016bstai, \u010cesnakai, Rop\u0117s, Dilg\u0117li\u0173 lapai, Sald\u017eiosios bulv\u0117s (batatai), Gra\u017egarst\u0117s (Rukola), Saliero stiebai, Gumbiniai salierai, Salotin\u0117s sulten\u0117s, G\u016b\u017einiai kop\u016bstai, Salotin\u0117s tr\u016bka\u017eol\u0117s, Hokaido moli\u016bgai, Savojiniai kop\u016bstai, Kalafiorai, Sviestiniai moli\u016bgai, Kaliarop\u0117s, Svog\u016bnai, Kapar\u0117liai, \u0160alotiniai svog\u016bnai, Kininiai bastu\u010diai, \u0160paragai, Krienai, \u0160pinatai, Lai\u0161kiniai \u010desnakai, Tr\u016bka\u017eol\u0117s, Lapiniai burokai<\/td><\/tr><tr><td><strong>PRIESKONIAI<\/strong><\/td><\/tr><tr><td>Any\u017eius, Krapai, Bazilikas, Kuminas, Ciber\u017eol\u0117, Lauro lapai, Cinamonas, Mair\u016bnas, Citrin\u017eol\u0117, M\u0117tos, \u010cili pipirai, Muskato rie\u0161utas, \u010ciobreliai, Paprika, Garsty\u010dios, Peletr\u016bnas, Gvazdik\u0117liai, Petra\u017eol\u0117s, Imbieras, Pipirai (juodieji\/baltieji\/\u017ealieji\/raudonieji\/geltonieji), Kadagio uogos, Raudon\u0117lis, Kajeno pipirai, Rozmarinas, Kalendra, \u0160alavijas, Kardamonas, Vaistin\u0117 o\u017erag\u0117, Karis, Vanil\u0117, Kmynai<\/td><\/tr><tr><td><strong>JAVAI IR S\u0116KLOS<\/strong><\/td><\/tr><tr><td>Kvie\u010diai paprastieji (lenki\u0161ki), Kvie\u010di\u0173 s\u0117lenos, Aguonos, Kvie\u010di\u0173 \u017eelmenys, Avi\u017eos, Lin\u0173 s\u0117menys, Bolivin\u0117s balandos s\u0117klos (kvinoja), Lubin\u0173 s\u0117klos, Burnotis, Mie\u017eiai, Durum kvie\u010diai (kietagr\u016bd\u017eiai), Moli\u016bg\u0173 s\u0117klos, Einkorn kvie\u010diai (vienagr\u016bd\u017eiai laukiniai), Rapsai, Emmer kvie\u010diai (dvigr\u016bd\u017eiai), Ry\u017eiai, Glitimas, Rugiai, Grikiai, Salyklas (mie\u017ei\u0173), Kanapi\u0173 s\u0117klos, Saul\u0117gr\u0105\u017eos, Kedrin\u0117s pinijos, Sezamo s\u0117klos, Kukur\u016bzai, Soros, Kvie\u010diai, Spelta, Kvie\u010di\u0173 gliadinai Tri a Gliadin *<\/td><\/tr><tr><td><strong>RIE\u0160UTAI<\/strong><\/td><\/tr><tr><td>Anakard\u017eio rie\u0161utai, Makadamij\u0173 rie\u0161utai, Bertoletij\u0173 rie\u0161utai, Migdolai, Graikiniai rie\u0161utai, Pekano (karij\u0173) rie\u0161utai, Kokosas, Pistacij\u0173 rie\u0161utai, Kokoso pienas, Valgomieji ka\u0161tainiai, Kolamed\u017eio rie\u0161utai, Valgomoji viksvuol\u0117, Lazdyno rie\u0161utai<\/td><\/tr><tr><td><strong>ANK\u0160TIN\u0116S DAR\u017dOV\u0116S<\/strong><\/td><\/tr><tr><td>Avin\u017eirniai, Spindulin\u0117s pupuol\u0117s (Mung pupel\u0117s), Baltosios pupel\u0117s, \u0160paragin\u0117s pupel\u0117s, Cukriniai \u017eirniai, Tamarindas, L\u0119\u0161iai, \u017dem\u0117s rie\u0161utai, Soja, \u017dirniai<\/td><\/tr><tr><td><strong>VAISIAI<\/strong><\/td><\/tr><tr><td>Abrikosai, Li\u010diai, Agrastai, Mandarinai, Ananasas, Mangas, Apelsinas, Arb\u016bzai, Vy\u0161nios, Aviet\u0117s, Melionai, Bananai, Nektarinai, Bra\u0161k\u0117s, Obuoliai, Datul\u0117s, Papaja, Dumplainiai, Pasiflora, Figos, Persikai, Gervuog\u0117s, Raudonieji serbentai, Granatai, Razinos, Greipfrutai, Slyvos, Kivis, Spanguol\u0117s, Kriau\u0161\u0117s, \u0160eivamed\u017eio uogos, Laimas (\u017ealioji citrina), \u0160ilkmed\u017eio uogos, Citrinos, Vynuog\u0117s<\/td><\/tr><tr><td><strong>VALGOMIEJI GRYBAI<\/strong><\/td><\/tr><tr><td>Baravykai, Gluosnin\u0117s kreivabud\u0117s, Enoki (Juodkot\u0117s ugniabud\u0117s), Pievagrybia, Eringi (Karali\u0161kasis trimitas), Voverait\u0117s<\/td><\/tr><tr><td><strong>NAUJI MAISTO PRODUKTAI<\/strong><\/td><\/tr><tr><td>Alavijas, Kininis \u017een\u0161enis, Aronij\u0173 uogos, Migdol\u0173 pienas, Baobabo vaisius, Naminis svirplys, Chia s\u0117klos, Nori (J\u016br\u017eol\u0117), Chlorella (\u017ealieji dumbliai), Peruvin\u0117 pipirn\u0117, Didysis mil\u010dius, Sk\u0117rys keleivis, Dygmin\u0173 aliejus, Spirulina, Ginkmedis, Tapijoka (Valgomasis manijokas), Guarana, Varnal\u0117\u0161\u0173 \u0161aknys, Jakono \u0161aknis, Wakame ( j\u016briniai dumbliai), Kiaulpieni\u0173 \u0161aknys<\/td><\/tr><tr><td><strong>KAVA IR ARBATA<\/strong><\/td><\/tr><tr><td>Aliejin\u0117 moringa, Kinro\u017e\u0117s, Jazminai, Pipirm\u0117t\u0117s, Juodoji arbata, Ramun\u0117l\u0117s, Kakava, \u017dalioji arbata, Kava<\/td><\/tr><tr><td><strong>KITI<\/strong><\/td><\/tr><tr><td>Agar Agaras, Kepimo miel\u0117s, Alaus miel\u0117s, M-Transgliutaminaz\u0117, m\u0117sos klijai, Apyniai, Medus, Aspergillus niger, \u0160eivamed\u017eio \u017eiedai, Cukranendri\u0173 cukrus<\/td><\/tr><tr><td><strong>CCD<\/strong><\/td><\/tr><tr><td>\u017dmogaus laktoferinas<\/td><\/tr><\/tbody><\/table>\t\t\t\t\t\t\t\t<\/div>\n\t\t\t\t<\/div>\n\t\t\t\t\t<\/div>\n\t\t\t\t<\/div>\n\t\t<div class=\"elementor-element elementor-element-7e74c629 e-con-full e-flex e-con e-child\" data-id=\"7e74c629\" data-element_type=\"container\" data-e-type=\"container\" data-settings=\"{&quot;background_background&quot;:&quot;classic&quot;}\">\n\t\t\t\t<div class=\"elementor-element elementor-element-1ebaa48f elementor-widget elementor-widget-ideapark-heading\" data-id=\"1ebaa48f\" data-element_type=\"widget\" data-e-type=\"widget\" data-widget_type=\"ideapark-heading.default\">\n\t\t\t\t<div class=\"elementor-widget-container\">\n\t\t\t\t\t<div class=\"c-ip-heading c-ip-heading--small c-ip-heading--center c-ip-heading--bullet-hide\"><span class=\"c-ip-heading__inner\">REGISTRUOKIT\u0116S INTERNETU<\/span><\/div>\t\t\t\t<\/div>\n\t\t\t\t<\/div>\n\t\t\t\t<div class=\"elementor-element elementor-element-7e940c8a elementor-align-center elementor-widget elementor-widget-button\" data-id=\"7e940c8a\" data-element_type=\"widget\" data-e-type=\"widget\" data-widget_type=\"button.default\">\n\t\t\t\t<div class=\"elementor-widget-container\">\n\t\t\t\t\t\t\t\t\t<div class=\"elementor-button-wrapper\">\n\t\t\t\t\t<a class=\"elementor-button elementor-button-link elementor-size-sm\" href=\"https:\/\/serveonline.lt\/cd3f8281-8a3c-4cda-9f55-0d38b44c062b\/company\" target=\"_blank\">\n\t\t\t\t\t\t<span class=\"elementor-button-content-wrapper\">\n\t\t\t\t\t\t\t\t\t<span class=\"elementor-button-text\">REGISTRACIJA PER SERVE.LT<\/span>\n\t\t\t\t\t<\/span>\n\t\t\t\t\t<\/a>\n\t\t\t\t<\/div>\n\t\t\t\t\t\t\t\t<\/div>\n\t\t\t\t<\/div>\n\t\t\t\t<\/div>\n\t\t<div class=\"elementor-element elementor-element-5c68ca0b e-flex e-con-boxed e-con e-parent\" data-id=\"5c68ca0b\" data-element_type=\"container\" data-e-type=\"container\">\n\t\t\t\t\t<div class=\"e-con-inner\">\n\t\t\t\t<div class=\"elementor-element elementor-element-55a0edff elementor-widget elementor-widget-ideapark-heading\" data-id=\"55a0edff\" data-element_type=\"widget\" data-e-type=\"widget\" data-widget_type=\"ideapark-heading.default\">\n\t\t\t\t<div class=\"elementor-widget-container\">\n\t\t\t\t\t<div class=\"c-ip-heading c-ip-heading--small c-ip-heading--center c-ip-heading--bullet-hide\"><span class=\"c-ip-heading__inner\">SEKITE MUS instagram<\/span><\/div>\t\t\t\t<\/div>\n\t\t\t\t<\/div>\n\t\t\t\t<div class=\"elementor-element elementor-element-4fa46c34 elementor-widget elementor-widget-ideapark-heading\" data-id=\"4fa46c34\" data-element_type=\"widget\" data-e-type=\"widget\" data-widget_type=\"ideapark-heading.default\">\n\t\t\t\t<div class=\"elementor-widget-container\">\n\t\t\t\t\t<div class=\"c-ip-heading c-ip-heading--medium c-ip-heading--center c-ip-heading--bullet-hide\"><span class=\"c-ip-heading__inner\"><a href=\"http:\/\/www.instagram.com\/miamedic.lt\" target=\"_blank\"> @miamedic.lt<\/a><\/span><\/div>\t\t\t\t<\/div>\n\t\t\t\t<\/div>\n\t\t\t\t\t<\/div>\n\t\t\t\t<\/div>\n\t\t\t\t<\/div>","protected":false},"excerpt":{"rendered":"<p>LABORATORINIAI TYRIMAI FOX maisto netoleravimo i\u0161tyrimo programa (283 produktai) Prek\u0117s kodas: 10027 280,00 \u20ac Kraujo pa\u0117mimo mokestis 5,00 \u20ac REGISTRACIJA INTERNETU TYRIMO&hellip;<\/p>","protected":false},"author":1,"featured_media":0,"parent":0,"menu_order":0,"comment_status":"closed","ping_status":"closed","template":"elementor_header_footer","meta":{"footnotes":""},"class_list":["post-11832","page","type-page","status-publish","hentry"],"_links":{"self":[{"href":"https:\/\/miamedic.lt\/en\/wp-json\/wp\/v2\/pages\/11832","targetHints":{"allow":["GET"]}}],"collection":[{"href":"https:\/\/miamedic.lt\/en\/wp-json\/wp\/v2\/pages"}],"about":[{"href":"https:\/\/miamedic.lt\/en\/wp-json\/wp\/v2\/types\/page"}],"author":[{"embeddable":true,"href":"https:\/\/miamedic.lt\/en\/wp-json\/wp\/v2\/users\/1"}],"replies":[{"embeddable":true,"href":"https:\/\/miamedic.lt\/en\/wp-json\/wp\/v2\/comments?post=11832"}],"version-history":[{"count":4,"href":"https:\/\/miamedic.lt\/en\/wp-json\/wp\/v2\/pages\/11832\/revisions"}],"predecessor-version":[{"id":11836,"href":"https:\/\/miamedic.lt\/en\/wp-json\/wp\/v2\/pages\/11832\/revisions\/11836"}],"wp:attachment":[{"href":"https:\/\/miamedic.lt\/en\/wp-json\/wp\/v2\/media?parent=11832"}],"curies":[{"name":"wp","href":"https:\/\/api.w.org\/{rel}","templated":true}]}}