{"id":11817,"date":"2025-10-20T18:37:54","date_gmt":"2025-10-20T18:37:54","guid":{"rendered":"https:\/\/miamedic.lt\/?page_id=11817"},"modified":"2025-10-20T18:39:03","modified_gmt":"2025-10-20T18:39:03","slug":"myfoodprofile-maisto-netoleravimo-standartinis-tyrimas-54-produktai","status":"publish","type":"page","link":"https:\/\/miamedic.lt\/en\/myfoodprofile-maisto-netoleravimo-standartinis-tyrimas-54-produktai\/","title":{"rendered":"Myfoodprofile maisto netoleravimo standartinis tyrimas (54 produktai)"},"content":{"rendered":"<div data-elementor-type=\"wp-page\" data-elementor-id=\"11817\" class=\"elementor elementor-11817\">\n\t\t\t\t<div class=\"elementor-element elementor-element-1c7bde5f e-flex e-con-boxed e-con e-parent\" data-id=\"1c7bde5f\" data-element_type=\"container\" data-e-type=\"container\">\n\t\t\t\t\t<div class=\"e-con-inner\">\n\t\t<div class=\"elementor-element elementor-element-6f429d0d e-con-full e-flex e-con e-child\" data-id=\"6f429d0d\" data-element_type=\"container\" data-e-type=\"container\">\n\t\t\t\t<div class=\"elementor-element elementor-element-387d7c73 elementor-widget elementor-widget-image\" data-id=\"387d7c73\" data-element_type=\"widget\" data-e-type=\"widget\" data-widget_type=\"image.default\">\n\t\t\t\t<div class=\"elementor-widget-container\">\n\t\t\t\t\t\t\t\t\t\t\t\t\t\t\t<img fetchpriority=\"high\" decoding=\"async\" width=\"1800\" height=\"1800\" src=\"https:\/\/miamedic.lt\/wp-content\/uploads\/2025\/10\/laboratoriniai-tyrimai-miamedic.png\" class=\"attachment-full size-full wp-image-11572\" alt=\"laboratoriniai tyrimai miamedic\" srcset=\"https:\/\/miamedic.lt\/wp-content\/uploads\/2025\/10\/laboratoriniai-tyrimai-miamedic.png 1800w, https:\/\/miamedic.lt\/wp-content\/uploads\/2025\/10\/laboratoriniai-tyrimai-miamedic-460x460.png 460w, https:\/\/miamedic.lt\/wp-content\/uploads\/2025\/10\/laboratoriniai-tyrimai-miamedic-1520x1520.png 1520w, https:\/\/miamedic.lt\/wp-content\/uploads\/2025\/10\/laboratoriniai-tyrimai-miamedic-115x115.png 115w, https:\/\/miamedic.lt\/wp-content\/uploads\/2025\/10\/laboratoriniai-tyrimai-miamedic-760x760.png 760w, https:\/\/miamedic.lt\/wp-content\/uploads\/2025\/10\/laboratoriniai-tyrimai-miamedic-12x12.png 12w, https:\/\/miamedic.lt\/wp-content\/uploads\/2025\/10\/laboratoriniai-tyrimai-miamedic-920x920.png 920w, https:\/\/miamedic.lt\/wp-content\/uploads\/2025\/10\/laboratoriniai-tyrimai-miamedic-145x145.png 145w, https:\/\/miamedic.lt\/wp-content\/uploads\/2025\/10\/laboratoriniai-tyrimai-miamedic-290x290.png 290w, https:\/\/miamedic.lt\/wp-content\/uploads\/2025\/10\/laboratoriniai-tyrimai-miamedic-50x50.png 50w, https:\/\/miamedic.lt\/wp-content\/uploads\/2025\/10\/laboratoriniai-tyrimai-miamedic-100x100.png 100w\" sizes=\"(max-width: 1800px) 100vw, 1800px\" \/>\t\t\t\t\t\t\t\t\t\t\t\t\t\t\t<\/div>\n\t\t\t\t<\/div>\n\t\t\t\t<\/div>\n\t\t<div class=\"elementor-element elementor-element-4ee05731 e-con-full e-flex e-con e-child\" data-id=\"4ee05731\" data-element_type=\"container\" data-e-type=\"container\">\n\t\t\t\t<div class=\"elementor-element elementor-element-4db12e1d elementor-widget elementor-widget-ideapark-heading\" data-id=\"4db12e1d\" data-element_type=\"widget\" data-e-type=\"widget\" data-widget_type=\"ideapark-heading.default\">\n\t\t\t\t<div class=\"elementor-widget-container\">\n\t\t\t\t\t<div class=\"c-ip-heading c-ip-heading--small c-ip-heading--center c-ip-heading--bullet-hide\"><span class=\"c-ip-heading__inner\">LABORATORINIAI TYRIMAI<\/span><\/div>\t\t\t\t<\/div>\n\t\t\t\t<\/div>\n\t\t\t\t<div class=\"elementor-element elementor-element-69ed5542 elementor-widget elementor-widget-ideapark-heading\" data-id=\"69ed5542\" data-element_type=\"widget\" data-e-type=\"widget\" data-widget_type=\"ideapark-heading.default\">\n\t\t\t\t<div class=\"elementor-widget-container\">\n\t\t\t\t\t<div class=\"c-ip-heading c-ip-heading--medium c-ip-heading--center c-ip-heading--bullet-hide\"><span class=\"c-ip-heading__inner\">Myfoodprofile maisto netoleravimo standartinis tyrimas (54 produktai)<\/span><\/div>\t\t\t\t<\/div>\n\t\t\t\t<\/div>\n\t\t\t\t<div class=\"elementor-element elementor-element-24e8efbd elementor-widget elementor-widget-ideapark-heading\" data-id=\"24e8efbd\" data-element_type=\"widget\" data-e-type=\"widget\" data-widget_type=\"ideapark-heading.default\">\n\t\t\t\t<div class=\"elementor-widget-container\">\n\t\t\t\t\t<div class=\"c-ip-heading c-ip-heading--medium c-ip-heading--center c-ip-heading--bullet-hide\"><span class=\"c-ip-heading__inner\">Prek\u0117s kodas: 10026<\/span><\/div>\t\t\t\t<\/div>\n\t\t\t\t<\/div>\n\t\t<div class=\"elementor-element elementor-element-4f4fe35 e-con-full e-flex e-con e-child\" data-id=\"4f4fe35\" data-element_type=\"container\" data-e-type=\"container\">\n\t\t<div class=\"elementor-element elementor-element-18d786e9 e-con-full e-flex e-con e-child\" data-id=\"18d786e9\" data-element_type=\"container\" data-e-type=\"container\" data-settings=\"{&quot;background_background&quot;:&quot;classic&quot;}\">\n\t\t\t\t<div class=\"elementor-element elementor-element-1f611702 elementor-widget elementor-widget-heading\" data-id=\"1f611702\" data-element_type=\"widget\" data-e-type=\"widget\" data-widget_type=\"heading.default\">\n\t\t\t\t<div class=\"elementor-widget-container\">\n\t\t\t\t\t<h2 class=\"elementor-heading-title elementor-size-default\">104,00 \u20ac<\/h2>\t\t\t\t<\/div>\n\t\t\t\t<\/div>\n\t\t\t\t<\/div>\n\t\t\t\t<\/div>\n\t\t<div class=\"elementor-element elementor-element-42ae9f9 e-con-full e-flex e-con e-child\" data-id=\"42ae9f9\" data-element_type=\"container\" data-e-type=\"container\">\n\t\t\t\t<div class=\"elementor-element elementor-element-69e281f7 elementor-view-default elementor-position-block-start elementor-mobile-position-block-start elementor-widget elementor-widget-icon-box\" data-id=\"69e281f7\" data-element_type=\"widget\" data-e-type=\"widget\" data-widget_type=\"icon-box.default\">\n\t\t\t\t<div class=\"elementor-widget-container\">\n\t\t\t\t\t\t\t<div class=\"elementor-icon-box-wrapper\">\n\n\t\t\t\t\t\t<div class=\"elementor-icon-box-icon\">\n\t\t\t\t<span  class=\"elementor-icon\">\n\t\t\t\t<svg aria-hidden=\"true\" class=\"e-font-icon-svg e-fas-info-circle\" viewbox=\"0 0 512 512\" xmlns=\"http:\/\/www.w3.org\/2000\/svg\"><path d=\"M256 8C119.043 8 8 119.083 8 256c0 136.997 111.043 248 248 248s248-111.003 248-248C504 119.083 392.957 8 256 8zm0 110c23.196 0 42 18.804 42 42s-18.804 42-42 42-42-18.804-42-42 18.804-42 42-42zm56 254c0 6.627-5.373 12-12 12h-88c-6.627 0-12-5.373-12-12v-24c0-6.627 5.373-12 12-12h12v-64h-12c-6.627 0-12-5.373-12-12v-24c0-6.627 5.373-12 12-12h64c6.627 0 12 5.373 12 12v100h12c6.627 0 12 5.373 12 12v24z\"><\/path><\/svg>\t\t\t\t<\/span>\n\t\t\t<\/div>\n\t\t\t\n\t\t\t\t\t\t<div class=\"elementor-icon-box-content\">\n\n\t\t\t\t\t\t\t\t\t<h3 class=\"elementor-icon-box-title\">\n\t\t\t\t\t\t<span  >\n\t\t\t\t\t\t\tKraujo pa\u0117mimo mokestis 5,00 \u20ac \t\t\t\t\t\t<\/span>\n\t\t\t\t\t<\/h3>\n\t\t\t\t\n\t\t\t\t\n\t\t\t<\/div>\n\t\t\t\n\t\t<\/div>\n\t\t\t\t\t\t<\/div>\n\t\t\t\t<\/div>\n\t\t\t\t<div class=\"elementor-element elementor-element-1a441f14 elementor-align-center elementor-widget elementor-widget-button\" data-id=\"1a441f14\" data-element_type=\"widget\" data-e-type=\"widget\" data-widget_type=\"button.default\">\n\t\t\t\t<div class=\"elementor-widget-container\">\n\t\t\t\t\t\t\t\t\t<div class=\"elementor-button-wrapper\">\n\t\t\t\t\t<a class=\"elementor-button elementor-button-link elementor-size-sm\" href=\"https:\/\/serveonline.lt\/cd3f8281-8a3c-4cda-9f55-0d38b44c062b\/company\" target=\"_blank\">\n\t\t\t\t\t\t<span class=\"elementor-button-content-wrapper\">\n\t\t\t\t\t\t\t\t\t<span class=\"elementor-button-text\">REGISTRACIJA INTERNETU<\/span>\n\t\t\t\t\t<\/span>\n\t\t\t\t\t<\/a>\n\t\t\t\t<\/div>\n\t\t\t\t\t\t\t\t<\/div>\n\t\t\t\t<\/div>\n\t\t\t\t<\/div>\n\t\t\t\t<\/div>\n\t\t\t\t\t<\/div>\n\t\t\t\t<\/div>\n\t\t<div class=\"elementor-element elementor-element-4afe7186 e-flex e-con-boxed e-con e-parent\" data-id=\"4afe7186\" data-element_type=\"container\" data-e-type=\"container\" data-settings=\"{&quot;background_background&quot;:&quot;classic&quot;}\">\n\t\t\t\t\t<div class=\"e-con-inner\">\n\t\t\t\t<div class=\"elementor-element elementor-element-325c6c52 elementor-widget elementor-widget-ideapark-heading\" data-id=\"325c6c52\" data-element_type=\"widget\" data-e-type=\"widget\" data-widget_type=\"ideapark-heading.default\">\n\t\t\t\t<div class=\"elementor-widget-container\">\n\t\t\t\t\t<div class=\"c-ip-heading c-ip-heading--medium c-ip-heading--center c-ip-heading--bullet-hide\"><span class=\"c-ip-heading__inner\">TYRIMO APRA\u0160YMAS<\/span><\/div>\t\t\t\t<\/div>\n\t\t\t\t<\/div>\n\t\t\t\t\t<\/div>\n\t\t\t\t<\/div>\n\t\t<div class=\"elementor-element elementor-element-15891548 e-flex e-con-boxed e-con e-parent\" data-id=\"15891548\" data-element_type=\"container\" data-e-type=\"container\">\n\t\t\t\t\t<div class=\"e-con-inner\">\n\t\t\t\t<div class=\"elementor-element elementor-element-69e92e5a elementor-widget elementor-widget-text-editor\" data-id=\"69e92e5a\" data-element_type=\"widget\" data-e-type=\"widget\" data-widget_type=\"text-editor.default\">\n\t\t\t\t<div class=\"elementor-widget-container\">\n\t\t\t\t\t\t\t\t\t<p><strong>Testo rezultatus \u012ftakoja mityba likus kelioms savait\u0117ms iki testo atlikimo.<\/strong><\/p><p>Jei ilgesn\u012f laik\u0105 nevartotojoje tam tikro maisto produkto, gali b\u016bti, kad j\u016bs\u0173 kraujo m\u0117ginyje nenustatoma arba nustatoma labai nedaug IgG antik\u016bn\u0173 prie\u0161 maisto produkto antigenus.\u00a0<\/p><p><strong>Kod\u0117l\u00a0 IgG antik\u016bn\u0173 rezultatai reaguoja \u012f maisto produktus, kuri\u0173 anks\u010diau niekada nevalg\u0117te ?<\/strong><\/p><p>Kai kuri\u0173 skirtinguose maisto produktuose esan\u010di\u0173 baltym\u0173 (antigen\u0173) strukt\u016bra yra labai pana\u0161i. Tod\u0117l organizmo gaminami antik\u016bnai gali atpa\u017einti ne tik antigenus, d\u0117l kuri\u0173 jie susidar\u0117, bet ir kit\u0173 maisto produkt\u0173 antigenus. Tokia kry\u017emin\u0117 reakcija ir gali b\u016bti prie\u017eastis, d\u0117l kurios j\u016bs\u0173 tyrim\u0173 rezultatai parodo padid\u0117jusi\u0105 reakcij\u0105 \u012f maisto produktus, kuri\u0173 anks\u010diau niekada nevalg\u0117te. Galimai anks\u010diau nes\u0105moningai valg\u0117te ir maisto produkt\u0173 sudedam\u0173j\u0173 dali\u0173, sukelian\u010di\u0173 \u0161i\u0105 reakcij\u0105. Pavyzd\u017eiui, maisto papilduose ir kosmetikos produktuose gali b\u016bti nusiskundim\u0173 sukelian\u010di\u0173 maisto antigen\u0173.\u00a0<\/p><p><strong>\u00a0Ar maisto netoleravimo testas tinka ir vaikams?\u00a0<\/strong><\/p><p>\u0160iuo metu n\u0117ra gairi\u0173, kuriose b\u016bt\u0173 nurodytas minimalus am\u017eius, kur\u012f pasiekus b\u016bt\u0173 galima atlikti IgG padid\u0117jusio jautrumo maistui test\u0105. Kadangi k\u016bdikio imunin\u0117 sistema dar yra vystymosi faz\u0117je, nerekomenduojama maisto netoleravimo testo atlikti jaunesniems negu dvej\u0173 met\u0173 am\u017eiaus vaikams.<\/p><p>Atliekant maisto netoleravimo tyrim\u0105 yra nustatomi IgG klas\u0117s antik\u016bnai prie\u0161 maist\u0105 bei maisto priedus. Priklausomai nuo to, kokia organ\u0173 sistema pa\u017eeid\u017eiama, maisto netoleravimas pasirei\u0161kia \u012fvairiais simptomais:<\/p><ul><li><strong>Vir\u0161kinamajame trankte <\/strong>viduriavimu, viduri\u0173 u\u017ekiet\u0117jimu, pilvo p\u016btimu, pykinimu, skrand\u017eio veiklos sutrikimu, dirgliosios \u017earnos sindromu;<\/li><li><strong>Odoje <\/strong>nie\u017euliu, b\u0117rimu, egzema, dilg\u0117line, akne, \u017evyneline;<\/li><li><strong>Judesio sistemoje <\/strong>s\u0105nari\u0173 skausmais, artritu, raumen\u0173 spazmais;<\/li><li><strong>Nerv\u0173 sistemoje <\/strong>galvos skausmais, migrena, nerimu, depresija, l\u0117tiniu nuovargiu;<\/li><li><strong>Kv\u0117pavimo sistemoje <\/strong>astma, l\u0117tine sloga, sinusitu;<\/li><li><strong>Svorio problemomis <\/strong>vir\u0161svoriu, svorio netekimu.<\/li><\/ul><p>\u00a0<\/p>\t\t\t\t\t\t\t\t<\/div>\n\t\t\t\t<\/div>\n\t\t\t\t\t<\/div>\n\t\t\t\t<\/div>\n\t\t<div class=\"elementor-element elementor-element-381ff9f4 e-con-full e-flex e-con e-child\" data-id=\"381ff9f4\" data-element_type=\"container\" data-e-type=\"container\" data-settings=\"{&quot;background_background&quot;:&quot;classic&quot;}\">\n\t\t\t\t<div class=\"elementor-element elementor-element-2040a40e elementor-widget elementor-widget-ideapark-heading\" data-id=\"2040a40e\" data-element_type=\"widget\" data-e-type=\"widget\" data-widget_type=\"ideapark-heading.default\">\n\t\t\t\t<div class=\"elementor-widget-container\">\n\t\t\t\t\t<div class=\"c-ip-heading c-ip-heading--small c-ip-heading--center c-ip-heading--bullet-hide\"><span class=\"c-ip-heading__inner\">REGISTRUOKIT\u0116S INTERNETU<\/span><\/div>\t\t\t\t<\/div>\n\t\t\t\t<\/div>\n\t\t\t\t<div class=\"elementor-element elementor-element-2871ddeb elementor-align-center elementor-widget elementor-widget-button\" data-id=\"2871ddeb\" data-element_type=\"widget\" data-e-type=\"widget\" data-widget_type=\"button.default\">\n\t\t\t\t<div class=\"elementor-widget-container\">\n\t\t\t\t\t\t\t\t\t<div class=\"elementor-button-wrapper\">\n\t\t\t\t\t<a class=\"elementor-button elementor-button-link elementor-size-sm\" href=\"https:\/\/serveonline.lt\/cd3f8281-8a3c-4cda-9f55-0d38b44c062b\/company\" target=\"_blank\">\n\t\t\t\t\t\t<span class=\"elementor-button-content-wrapper\">\n\t\t\t\t\t\t\t\t\t<span class=\"elementor-button-text\">REGISTRACIJA PER SERVE.LT<\/span>\n\t\t\t\t\t<\/span>\n\t\t\t\t\t<\/a>\n\t\t\t\t<\/div>\n\t\t\t\t\t\t\t\t<\/div>\n\t\t\t\t<\/div>\n\t\t\t\t<\/div>\n\t\t<div class=\"elementor-element elementor-element-3774f5bc e-flex e-con-boxed e-con e-parent\" data-id=\"3774f5bc\" data-element_type=\"container\" data-e-type=\"container\">\n\t\t\t\t\t<div class=\"e-con-inner\">\n\t\t\t\t<div class=\"elementor-element elementor-element-43f75c48 elementor-widget elementor-widget-ideapark-heading\" data-id=\"43f75c48\" data-element_type=\"widget\" data-e-type=\"widget\" data-widget_type=\"ideapark-heading.default\">\n\t\t\t\t<div class=\"elementor-widget-container\">\n\t\t\t\t\t<div class=\"c-ip-heading c-ip-heading--small c-ip-heading--center c-ip-heading--bullet-hide\"><span class=\"c-ip-heading__inner\">SEKITE MUS instagram<\/span><\/div>\t\t\t\t<\/div>\n\t\t\t\t<\/div>\n\t\t\t\t<div class=\"elementor-element elementor-element-29f55dd5 elementor-widget elementor-widget-ideapark-heading\" data-id=\"29f55dd5\" data-element_type=\"widget\" data-e-type=\"widget\" data-widget_type=\"ideapark-heading.default\">\n\t\t\t\t<div class=\"elementor-widget-container\">\n\t\t\t\t\t<div class=\"c-ip-heading c-ip-heading--medium c-ip-heading--center c-ip-heading--bullet-hide\"><span class=\"c-ip-heading__inner\"><a href=\"http:\/\/www.instagram.com\/miamedic.lt\" target=\"_blank\"> @miamedic.lt<\/a><\/span><\/div>\t\t\t\t<\/div>\n\t\t\t\t<\/div>\n\t\t\t\t\t<\/div>\n\t\t\t\t<\/div>\n\t\t\t\t<\/div>","protected":false},"excerpt":{"rendered":"<p>LABORATORINIAI TYRIMAI Myfoodprofile maisto netoleravimo standartinis tyrimas (54 produktai) Prek\u0117s kodas: 10026 104,00 \u20ac Kraujo pa\u0117mimo mokestis 5,00 \u20ac REGISTRACIJA INTERNETU TYRIMO&hellip;<\/p>","protected":false},"author":1,"featured_media":0,"parent":0,"menu_order":0,"comment_status":"closed","ping_status":"closed","template":"elementor_header_footer","meta":{"footnotes":""},"class_list":["post-11817","page","type-page","status-publish","hentry"],"_links":{"self":[{"href":"https:\/\/miamedic.lt\/en\/wp-json\/wp\/v2\/pages\/11817","targetHints":{"allow":["GET"]}}],"collection":[{"href":"https:\/\/miamedic.lt\/en\/wp-json\/wp\/v2\/pages"}],"about":[{"href":"https:\/\/miamedic.lt\/en\/wp-json\/wp\/v2\/types\/page"}],"author":[{"embeddable":true,"href":"https:\/\/miamedic.lt\/en\/wp-json\/wp\/v2\/users\/1"}],"replies":[{"embeddable":true,"href":"https:\/\/miamedic.lt\/en\/wp-json\/wp\/v2\/comments?post=11817"}],"version-history":[{"count":4,"href":"https:\/\/miamedic.lt\/en\/wp-json\/wp\/v2\/pages\/11817\/revisions"}],"predecessor-version":[{"id":11821,"href":"https:\/\/miamedic.lt\/en\/wp-json\/wp\/v2\/pages\/11817\/revisions\/11821"}],"wp:attachment":[{"href":"https:\/\/miamedic.lt\/en\/wp-json\/wp\/v2\/media?parent=11817"}],"curies":[{"name":"wp","href":"https:\/\/api.w.org\/{rel}","templated":true}]}}