{"id":11786,"date":"2025-10-20T18:28:36","date_gmt":"2025-10-20T18:28:36","guid":{"rendered":"https:\/\/miamedic.lt\/?page_id=11786"},"modified":"2025-10-20T18:29:08","modified_gmt":"2025-10-20T18:29:08","slug":"vitaminas-h","status":"publish","type":"page","link":"https:\/\/miamedic.lt\/en\/vitaminas-h\/","title":{"rendered":"Vitaminas H"},"content":{"rendered":"<div data-elementor-type=\"wp-page\" data-elementor-id=\"11786\" class=\"elementor elementor-11786\">\n\t\t\t\t<div class=\"elementor-element elementor-element-79bbcbd7 e-flex e-con-boxed e-con e-parent\" data-id=\"79bbcbd7\" data-element_type=\"container\" data-e-type=\"container\">\n\t\t\t\t\t<div class=\"e-con-inner\">\n\t\t<div class=\"elementor-element elementor-element-28d3f4ae e-con-full e-flex e-con e-child\" data-id=\"28d3f4ae\" data-element_type=\"container\" data-e-type=\"container\">\n\t\t\t\t<div class=\"elementor-element elementor-element-49056030 elementor-widget elementor-widget-image\" data-id=\"49056030\" data-element_type=\"widget\" data-e-type=\"widget\" data-widget_type=\"image.default\">\n\t\t\t\t<div class=\"elementor-widget-container\">\n\t\t\t\t\t\t\t\t\t\t\t\t\t\t\t<img fetchpriority=\"high\" decoding=\"async\" width=\"1800\" height=\"1800\" src=\"https:\/\/miamedic.lt\/wp-content\/uploads\/2025\/10\/laboratoriniai-tyrimai-miamedic.png\" class=\"attachment-full size-full wp-image-11572\" alt=\"laboratoriniai tyrimai miamedic\" srcset=\"https:\/\/miamedic.lt\/wp-content\/uploads\/2025\/10\/laboratoriniai-tyrimai-miamedic.png 1800w, https:\/\/miamedic.lt\/wp-content\/uploads\/2025\/10\/laboratoriniai-tyrimai-miamedic-460x460.png 460w, https:\/\/miamedic.lt\/wp-content\/uploads\/2025\/10\/laboratoriniai-tyrimai-miamedic-1520x1520.png 1520w, https:\/\/miamedic.lt\/wp-content\/uploads\/2025\/10\/laboratoriniai-tyrimai-miamedic-115x115.png 115w, https:\/\/miamedic.lt\/wp-content\/uploads\/2025\/10\/laboratoriniai-tyrimai-miamedic-760x760.png 760w, https:\/\/miamedic.lt\/wp-content\/uploads\/2025\/10\/laboratoriniai-tyrimai-miamedic-12x12.png 12w, https:\/\/miamedic.lt\/wp-content\/uploads\/2025\/10\/laboratoriniai-tyrimai-miamedic-920x920.png 920w, https:\/\/miamedic.lt\/wp-content\/uploads\/2025\/10\/laboratoriniai-tyrimai-miamedic-145x145.png 145w, https:\/\/miamedic.lt\/wp-content\/uploads\/2025\/10\/laboratoriniai-tyrimai-miamedic-290x290.png 290w, https:\/\/miamedic.lt\/wp-content\/uploads\/2025\/10\/laboratoriniai-tyrimai-miamedic-50x50.png 50w, https:\/\/miamedic.lt\/wp-content\/uploads\/2025\/10\/laboratoriniai-tyrimai-miamedic-100x100.png 100w\" sizes=\"(max-width: 1800px) 100vw, 1800px\" \/>\t\t\t\t\t\t\t\t\t\t\t\t\t\t\t<\/div>\n\t\t\t\t<\/div>\n\t\t\t\t<\/div>\n\t\t<div class=\"elementor-element elementor-element-6b235db5 e-con-full e-flex e-con e-child\" data-id=\"6b235db5\" data-element_type=\"container\" data-e-type=\"container\">\n\t\t\t\t<div class=\"elementor-element elementor-element-19fc9c9b elementor-widget elementor-widget-ideapark-heading\" data-id=\"19fc9c9b\" data-element_type=\"widget\" data-e-type=\"widget\" data-widget_type=\"ideapark-heading.default\">\n\t\t\t\t<div class=\"elementor-widget-container\">\n\t\t\t\t\t<div class=\"c-ip-heading c-ip-heading--small c-ip-heading--center c-ip-heading--bullet-hide\"><span class=\"c-ip-heading__inner\">LABORATORINIAI TYRIMAI<\/span><\/div>\t\t\t\t<\/div>\n\t\t\t\t<\/div>\n\t\t\t\t<div class=\"elementor-element elementor-element-4d2464b5 elementor-widget elementor-widget-ideapark-heading\" data-id=\"4d2464b5\" data-element_type=\"widget\" data-e-type=\"widget\" data-widget_type=\"ideapark-heading.default\">\n\t\t\t\t<div class=\"elementor-widget-container\">\n\t\t\t\t\t<div class=\"c-ip-heading c-ip-heading--medium c-ip-heading--center c-ip-heading--bullet-hide\"><span class=\"c-ip-heading__inner\">Vitaminas H (Biotinas)<\/span><\/div>\t\t\t\t<\/div>\n\t\t\t\t<\/div>\n\t\t\t\t<div class=\"elementor-element elementor-element-503f18ed elementor-widget elementor-widget-ideapark-heading\" data-id=\"503f18ed\" data-element_type=\"widget\" data-e-type=\"widget\" data-widget_type=\"ideapark-heading.default\">\n\t\t\t\t<div class=\"elementor-widget-container\">\n\t\t\t\t\t<div class=\"c-ip-heading c-ip-heading--medium c-ip-heading--center c-ip-heading--bullet-hide\"><span class=\"c-ip-heading__inner\">Prek\u0117s kodas: 18922<\/span><\/div>\t\t\t\t<\/div>\n\t\t\t\t<\/div>\n\t\t<div class=\"elementor-element elementor-element-149fcefd e-con-full e-flex e-con e-child\" data-id=\"149fcefd\" data-element_type=\"container\" data-e-type=\"container\">\n\t\t<div class=\"elementor-element elementor-element-642117c1 e-con-full e-flex e-con e-child\" data-id=\"642117c1\" data-element_type=\"container\" data-e-type=\"container\" data-settings=\"{&quot;background_background&quot;:&quot;classic&quot;}\">\n\t\t\t\t<div class=\"elementor-element elementor-element-795a6584 elementor-widget elementor-widget-heading\" data-id=\"795a6584\" data-element_type=\"widget\" data-e-type=\"widget\" data-widget_type=\"heading.default\">\n\t\t\t\t<div class=\"elementor-widget-container\">\n\t\t\t\t\t<h2 class=\"elementor-heading-title elementor-size-default\">99,00 \u20ac<\/h2>\t\t\t\t<\/div>\n\t\t\t\t<\/div>\n\t\t\t\t<\/div>\n\t\t\t\t<\/div>\n\t\t<div class=\"elementor-element elementor-element-3b1d9866 e-con-full e-flex e-con e-child\" data-id=\"3b1d9866\" data-element_type=\"container\" data-e-type=\"container\">\n\t\t\t\t<div class=\"elementor-element elementor-element-5a7dd7f9 elementor-view-default elementor-position-block-start elementor-mobile-position-block-start elementor-widget elementor-widget-icon-box\" data-id=\"5a7dd7f9\" data-element_type=\"widget\" data-e-type=\"widget\" data-widget_type=\"icon-box.default\">\n\t\t\t\t<div class=\"elementor-widget-container\">\n\t\t\t\t\t\t\t<div class=\"elementor-icon-box-wrapper\">\n\n\t\t\t\t\t\t<div class=\"elementor-icon-box-icon\">\n\t\t\t\t<span  class=\"elementor-icon\">\n\t\t\t\t<svg aria-hidden=\"true\" class=\"e-font-icon-svg e-fas-info-circle\" viewbox=\"0 0 512 512\" xmlns=\"http:\/\/www.w3.org\/2000\/svg\"><path d=\"M256 8C119.043 8 8 119.083 8 256c0 136.997 111.043 248 248 248s248-111.003 248-248C504 119.083 392.957 8 256 8zm0 110c23.196 0 42 18.804 42 42s-18.804 42-42 42-42-18.804-42-42 18.804-42 42-42zm56 254c0 6.627-5.373 12-12 12h-88c-6.627 0-12-5.373-12-12v-24c0-6.627 5.373-12 12-12h12v-64h-12c-6.627 0-12-5.373-12-12v-24c0-6.627 5.373-12 12-12h64c6.627 0 12 5.373 12 12v100h12c6.627 0 12 5.373 12 12v24z\"><\/path><\/svg>\t\t\t\t<\/span>\n\t\t\t<\/div>\n\t\t\t\n\t\t\t\t\t\t<div class=\"elementor-icon-box-content\">\n\n\t\t\t\t\t\t\t\t\t<h3 class=\"elementor-icon-box-title\">\n\t\t\t\t\t\t<span  >\n\t\t\t\t\t\t\tKraujo pa\u0117mimo mokestis 5,00 \u20ac \t\t\t\t\t\t<\/span>\n\t\t\t\t\t<\/h3>\n\t\t\t\t\n\t\t\t\t\n\t\t\t<\/div>\n\t\t\t\n\t\t<\/div>\n\t\t\t\t\t\t<\/div>\n\t\t\t\t<\/div>\n\t\t\t\t<div class=\"elementor-element elementor-element-70aba7a2 elementor-align-center elementor-widget elementor-widget-button\" data-id=\"70aba7a2\" data-element_type=\"widget\" data-e-type=\"widget\" data-widget_type=\"button.default\">\n\t\t\t\t<div class=\"elementor-widget-container\">\n\t\t\t\t\t\t\t\t\t<div class=\"elementor-button-wrapper\">\n\t\t\t\t\t<a class=\"elementor-button elementor-button-link elementor-size-sm\" href=\"https:\/\/serveonline.lt\/cd3f8281-8a3c-4cda-9f55-0d38b44c062b\/company\" target=\"_blank\">\n\t\t\t\t\t\t<span class=\"elementor-button-content-wrapper\">\n\t\t\t\t\t\t\t\t\t<span class=\"elementor-button-text\">REGISTRACIJA INTERNETU<\/span>\n\t\t\t\t\t<\/span>\n\t\t\t\t\t<\/a>\n\t\t\t\t<\/div>\n\t\t\t\t\t\t\t\t<\/div>\n\t\t\t\t<\/div>\n\t\t\t\t<\/div>\n\t\t\t\t<\/div>\n\t\t\t\t\t<\/div>\n\t\t\t\t<\/div>\n\t\t<div class=\"elementor-element elementor-element-4a36ad19 e-flex e-con-boxed e-con e-parent\" data-id=\"4a36ad19\" data-element_type=\"container\" data-e-type=\"container\" data-settings=\"{&quot;background_background&quot;:&quot;classic&quot;}\">\n\t\t\t\t\t<div class=\"e-con-inner\">\n\t\t\t\t<div class=\"elementor-element elementor-element-5ddc4067 elementor-widget elementor-widget-ideapark-heading\" data-id=\"5ddc4067\" data-element_type=\"widget\" data-e-type=\"widget\" data-widget_type=\"ideapark-heading.default\">\n\t\t\t\t<div class=\"elementor-widget-container\">\n\t\t\t\t\t<div class=\"c-ip-heading c-ip-heading--medium c-ip-heading--center c-ip-heading--bullet-hide\"><span class=\"c-ip-heading__inner\">TYRIMO APRA\u0160YMAS<\/span><\/div>\t\t\t\t<\/div>\n\t\t\t\t<\/div>\n\t\t\t\t\t<\/div>\n\t\t\t\t<\/div>\n\t\t<div class=\"elementor-element elementor-element-2f66428c e-flex e-con-boxed e-con e-parent\" data-id=\"2f66428c\" data-element_type=\"container\" data-e-type=\"container\">\n\t\t\t\t\t<div class=\"e-con-inner\">\n\t\t\t\t<div class=\"elementor-element elementor-element-7d148a4e elementor-widget elementor-widget-text-editor\" data-id=\"7d148a4e\" data-element_type=\"widget\" data-e-type=\"widget\" data-widget_type=\"text-editor.default\">\n\t\t\t\t<div class=\"elementor-widget-container\">\n\t\t\t\t\t\t\t\t\t<p data-end=\"560\" data-start=\"122\"><strong data-end=\"175\" data-start=\"122\">Biotinas (vitaminas B7, dar vadinamas vitaminu H)<\/strong> \u2013 tai vandenyje tirpus <strong data-end=\"221\" data-start=\"199\">B grup\u0117s vitaminas<\/strong>, b\u016btinas daugeliui <strong data-end=\"273\" data-start=\"241\">organizmo med\u017eiag\u0173 apykaitos<\/strong>ir <strong data-end=\"302\" data-start=\"277\">reguliacini\u0173 funkcij\u0173<\/strong>. Jis dalyvauja <strong data-end=\"354\" data-start=\"318\">angliavandeni\u0173, baltym\u0173, riebal\u0173<\/strong> apykaitoje, padeda reguliuoti <strong data-end=\"421\" data-start=\"385\">cholesterolio ir gliukoz\u0117s kiek\u012f<\/strong>, svarbus <strong data-end=\"460\" data-start=\"431\">homocisteino metabolizmui<\/strong>, <strong data-end=\"483\" data-start=\"462\">energijos gamybai<\/strong>, <strong data-end=\"511\" data-start=\"485\">nerv\u0173 sistemos veiklai<\/strong>, <strong data-end=\"537\" data-start=\"513\">psichologinei b\u016bklei<\/strong> ir <strong data-end=\"559\" data-is-only-node=\"\" data-start=\"541\">kraujo gamybai<\/strong>.<\/p><p data-end=\"837\" data-start=\"562\">Biotinas padeda palaikyti <strong data-end=\"611\" data-start=\"588\">normali\u0105 odos b\u016bkl\u0119<\/strong>, <strong data-end=\"631\" data-start=\"613\">stiprina nagus<\/strong>, <strong data-end=\"659\" data-start=\"633\">ma\u017eina plauk\u0173 slinkim\u0105<\/strong>, <strong data-end=\"685\" data-start=\"661\">l\u0117tina odos sen\u0117jim\u0105<\/strong> ir <strong data-end=\"722\" data-start=\"689\">slopina u\u017edegiminius procesus<\/strong>. Jis taip pat dalyvauja <strong data-end=\"766\" data-start=\"747\">prakaito liauk\u0173<\/strong>, <strong data-end=\"781\" data-start=\"768\">s\u0117klid\u017ei\u0173<\/strong> veiklos reguliavime ir <strong data-end=\"836\" data-start=\"805\">stiprina vitamino C poveik\u012f<\/strong>.<\/p><p data-end=\"1098\" data-start=\"839\">Biotino tr\u016bkumas pasirei\u0161kia:<br \/>\u2013 odos sausumu, u\u017edegimais (ypa\u010d aplink akis, l\u016bpas, nos\u012f, i\u0161ang\u0119),<br data-end=\"939\" data-start=\"936\" \/>\u2013 plauk\u0173 slinkimu, prie\u0161laikiniu \u017eilimu, nag\u0173 silpnumu,<br data-end=\"997\" data-start=\"994\" \/>\u2013 nuovargiu, pykinimu, raumen\u0173 skausmais, gal\u016bni\u0173 tirpimu,<br data-end=\"1058\" data-start=\"1055\" \/>\u2013 apetito stoka, egzemomis, dermatitais.<\/p><p data-end=\"1403\" data-start=\"1100\">Biotino galima rasti daugelyje maisto produkt\u0173: <strong data-end=\"1402\" data-start=\"1148\">kiau\u0161inio trynyje, m\u0117soje (vi\u0161tienoje, ver\u0161ienoje, kepenyse, inkstuose), \u017euvyje (sardin\u0117je, la\u0161i\u0161oje), j\u016bros g\u0117ryb\u0117se (austr\u0117se), pieno produktuose, gr\u016bduose, kruopose (avi\u017eose, ry\u017eiuose), rie\u0161utuose, \u017eirniuose, pievagrybiuose, vaisiuose ir dar\u017eov\u0117se<\/strong>.<\/p><p data-end=\"1583\" data-start=\"1405\"><strong data-end=\"1426\" data-start=\"1405\">Tyrimo principas:<\/strong> Biotino koncentracija nustatoma i\u0161 veninio kraujo imunochemine ar spektrofotometrine analize. Rezultatai da\u017eniausiai pateikiami ng\/ml arba nmol\/l vienetais.<\/p><p data-end=\"1604\" data-start=\"1585\"><strong data-end=\"1604\" data-start=\"1585\">Rekomendacijos:<\/strong><\/p><ul><li data-end=\"2182\" data-start=\"1606\">Rekomenduojama atlikti esant odos b\u016bkl\u0117s pablog\u0117jimui, plauk\u0173 slinkimui, silpniems nagams.<\/li><li data-end=\"2182\" data-start=\"1606\">Naudinga vertinant l\u0117tin\u012f nuovarg\u012f, raumen\u0173 skausmus, neurologinius simptomus ar prast\u0105 apetit\u0105.<\/li><li data-end=\"2182\" data-start=\"1606\">Skiriama pacientams, turintiems vir\u0161kinimo sutrikim\u0173, vartojantiems ilgalaik\u0119 antibiotik\u0173 ar prie\u0161traukulini\u0173 vaist\u0173 terapij\u0105.<\/li><li data-end=\"2182\" data-start=\"1606\">Gali b\u016bti atliekama vertinant bendr\u0105 mitybos b\u016bkl\u0119, ypa\u010d vegetarams, veganams, k\u016bdikiams, n\u0117\u0161\u010diosioms.<\/li><li data-end=\"2182\" data-start=\"1606\">Tyrimui rekomenduojama atvykti nevalgius, bent 8 val. prie\u0161 tyrim\u0105 nevartoti biotino papild\u0173 (ypa\u010d d\u0117l j\u0173 poveikio kit\u0173 tyrim\u0173 rezultat\u0173 i\u0161kraipymui).<\/li><\/ul>\t\t\t\t\t\t\t\t<\/div>\n\t\t\t\t<\/div>\n\t\t\t\t\t<\/div>\n\t\t\t\t<\/div>\n\t\t<div class=\"elementor-element elementor-element-5f14cdd9 e-con-full e-flex e-con e-child\" data-id=\"5f14cdd9\" data-element_type=\"container\" data-e-type=\"container\" data-settings=\"{&quot;background_background&quot;:&quot;classic&quot;}\">\n\t\t\t\t<div class=\"elementor-element elementor-element-2e40f22c elementor-widget elementor-widget-ideapark-heading\" data-id=\"2e40f22c\" data-element_type=\"widget\" data-e-type=\"widget\" data-widget_type=\"ideapark-heading.default\">\n\t\t\t\t<div class=\"elementor-widget-container\">\n\t\t\t\t\t<div class=\"c-ip-heading c-ip-heading--small c-ip-heading--center c-ip-heading--bullet-hide\"><span class=\"c-ip-heading__inner\">REGISTRUOKIT\u0116S INTERNETU<\/span><\/div>\t\t\t\t<\/div>\n\t\t\t\t<\/div>\n\t\t\t\t<div class=\"elementor-element elementor-element-47b81c8c elementor-align-center elementor-widget elementor-widget-button\" data-id=\"47b81c8c\" data-element_type=\"widget\" data-e-type=\"widget\" data-widget_type=\"button.default\">\n\t\t\t\t<div class=\"elementor-widget-container\">\n\t\t\t\t\t\t\t\t\t<div class=\"elementor-button-wrapper\">\n\t\t\t\t\t<a class=\"elementor-button elementor-button-link elementor-size-sm\" href=\"https:\/\/serveonline.lt\/cd3f8281-8a3c-4cda-9f55-0d38b44c062b\/company\" target=\"_blank\">\n\t\t\t\t\t\t<span class=\"elementor-button-content-wrapper\">\n\t\t\t\t\t\t\t\t\t<span class=\"elementor-button-text\">REGISTRACIJA PER SERVE.LT<\/span>\n\t\t\t\t\t<\/span>\n\t\t\t\t\t<\/a>\n\t\t\t\t<\/div>\n\t\t\t\t\t\t\t\t<\/div>\n\t\t\t\t<\/div>\n\t\t\t\t<\/div>\n\t\t<div class=\"elementor-element elementor-element-74ce3252 e-flex e-con-boxed e-con e-parent\" data-id=\"74ce3252\" data-element_type=\"container\" data-e-type=\"container\">\n\t\t\t\t\t<div class=\"e-con-inner\">\n\t\t\t\t<div class=\"elementor-element elementor-element-1ae4a4b9 elementor-widget elementor-widget-ideapark-heading\" data-id=\"1ae4a4b9\" data-element_type=\"widget\" data-e-type=\"widget\" data-widget_type=\"ideapark-heading.default\">\n\t\t\t\t<div class=\"elementor-widget-container\">\n\t\t\t\t\t<div class=\"c-ip-heading c-ip-heading--small c-ip-heading--center c-ip-heading--bullet-hide\"><span class=\"c-ip-heading__inner\">SEKITE MUS instagram<\/span><\/div>\t\t\t\t<\/div>\n\t\t\t\t<\/div>\n\t\t\t\t<div class=\"elementor-element elementor-element-1ae8622b elementor-widget elementor-widget-ideapark-heading\" data-id=\"1ae8622b\" data-element_type=\"widget\" data-e-type=\"widget\" data-widget_type=\"ideapark-heading.default\">\n\t\t\t\t<div class=\"elementor-widget-container\">\n\t\t\t\t\t<div class=\"c-ip-heading c-ip-heading--medium c-ip-heading--center c-ip-heading--bullet-hide\"><span class=\"c-ip-heading__inner\"><a href=\"http:\/\/www.instagram.com\/miamedic.lt\" target=\"_blank\"> @miamedic.lt<\/a><\/span><\/div>\t\t\t\t<\/div>\n\t\t\t\t<\/div>\n\t\t\t\t\t<\/div>\n\t\t\t\t<\/div>\n\t\t\t\t<\/div>","protected":false},"excerpt":{"rendered":"<p>LABORATORINIAI TYRIMAI Vitaminas H (Biotinas) Prek\u0117s kodas: 18922 99,00 \u20ac Kraujo pa\u0117mimo mokestis 5,00 \u20ac REGISTRACIJA INTERNETU TYRIMO APRA\u0160YMAS Biotinas (vitaminas B7,&hellip;<\/p>","protected":false},"author":1,"featured_media":0,"parent":0,"menu_order":0,"comment_status":"closed","ping_status":"closed","template":"elementor_header_footer","meta":{"footnotes":""},"class_list":["post-11786","page","type-page","status-publish","hentry"],"_links":{"self":[{"href":"https:\/\/miamedic.lt\/en\/wp-json\/wp\/v2\/pages\/11786","targetHints":{"allow":["GET"]}}],"collection":[{"href":"https:\/\/miamedic.lt\/en\/wp-json\/wp\/v2\/pages"}],"about":[{"href":"https:\/\/miamedic.lt\/en\/wp-json\/wp\/v2\/types\/page"}],"author":[{"embeddable":true,"href":"https:\/\/miamedic.lt\/en\/wp-json\/wp\/v2\/users\/1"}],"replies":[{"embeddable":true,"href":"https:\/\/miamedic.lt\/en\/wp-json\/wp\/v2\/comments?post=11786"}],"version-history":[{"count":4,"href":"https:\/\/miamedic.lt\/en\/wp-json\/wp\/v2\/pages\/11786\/revisions"}],"predecessor-version":[{"id":11790,"href":"https:\/\/miamedic.lt\/en\/wp-json\/wp\/v2\/pages\/11786\/revisions\/11790"}],"wp:attachment":[{"href":"https:\/\/miamedic.lt\/en\/wp-json\/wp\/v2\/media?parent=11786"}],"curies":[{"name":"wp","href":"https:\/\/api.w.org\/{rel}","templated":true}]}}