{"id":11781,"date":"2025-10-20T18:27:07","date_gmt":"2025-10-20T18:27:07","guid":{"rendered":"https:\/\/miamedic.lt\/?page_id=11781"},"modified":"2025-10-20T18:27:45","modified_gmt":"2025-10-20T18:27:45","slug":"vitaminas-k","status":"publish","type":"page","link":"https:\/\/miamedic.lt\/en\/vitaminas-k\/","title":{"rendered":"Vitaminas K"},"content":{"rendered":"<div data-elementor-type=\"wp-page\" data-elementor-id=\"11781\" class=\"elementor elementor-11781\">\n\t\t\t\t<div class=\"elementor-element elementor-element-67111ca7 e-flex e-con-boxed e-con e-parent\" data-id=\"67111ca7\" data-element_type=\"container\" data-e-type=\"container\">\n\t\t\t\t\t<div class=\"e-con-inner\">\n\t\t<div class=\"elementor-element elementor-element-50303d1d e-con-full e-flex e-con e-child\" data-id=\"50303d1d\" data-element_type=\"container\" data-e-type=\"container\">\n\t\t\t\t<div class=\"elementor-element elementor-element-635f327d elementor-widget elementor-widget-image\" data-id=\"635f327d\" data-element_type=\"widget\" data-e-type=\"widget\" data-widget_type=\"image.default\">\n\t\t\t\t<div class=\"elementor-widget-container\">\n\t\t\t\t\t\t\t\t\t\t\t\t\t\t\t<img fetchpriority=\"high\" decoding=\"async\" width=\"1800\" height=\"1800\" src=\"https:\/\/miamedic.lt\/wp-content\/uploads\/2025\/10\/laboratoriniai-tyrimai-miamedic.png\" class=\"attachment-full size-full wp-image-11572\" alt=\"laboratoriniai tyrimai miamedic\" srcset=\"https:\/\/miamedic.lt\/wp-content\/uploads\/2025\/10\/laboratoriniai-tyrimai-miamedic.png 1800w, https:\/\/miamedic.lt\/wp-content\/uploads\/2025\/10\/laboratoriniai-tyrimai-miamedic-460x460.png 460w, https:\/\/miamedic.lt\/wp-content\/uploads\/2025\/10\/laboratoriniai-tyrimai-miamedic-1520x1520.png 1520w, https:\/\/miamedic.lt\/wp-content\/uploads\/2025\/10\/laboratoriniai-tyrimai-miamedic-115x115.png 115w, https:\/\/miamedic.lt\/wp-content\/uploads\/2025\/10\/laboratoriniai-tyrimai-miamedic-760x760.png 760w, https:\/\/miamedic.lt\/wp-content\/uploads\/2025\/10\/laboratoriniai-tyrimai-miamedic-12x12.png 12w, https:\/\/miamedic.lt\/wp-content\/uploads\/2025\/10\/laboratoriniai-tyrimai-miamedic-920x920.png 920w, https:\/\/miamedic.lt\/wp-content\/uploads\/2025\/10\/laboratoriniai-tyrimai-miamedic-145x145.png 145w, https:\/\/miamedic.lt\/wp-content\/uploads\/2025\/10\/laboratoriniai-tyrimai-miamedic-290x290.png 290w, https:\/\/miamedic.lt\/wp-content\/uploads\/2025\/10\/laboratoriniai-tyrimai-miamedic-50x50.png 50w, https:\/\/miamedic.lt\/wp-content\/uploads\/2025\/10\/laboratoriniai-tyrimai-miamedic-100x100.png 100w\" sizes=\"(max-width: 1800px) 100vw, 1800px\" \/>\t\t\t\t\t\t\t\t\t\t\t\t\t\t\t<\/div>\n\t\t\t\t<\/div>\n\t\t\t\t<\/div>\n\t\t<div class=\"elementor-element elementor-element-6e81fb3d e-con-full e-flex e-con e-child\" data-id=\"6e81fb3d\" data-element_type=\"container\" data-e-type=\"container\">\n\t\t\t\t<div class=\"elementor-element elementor-element-6a740186 elementor-widget elementor-widget-ideapark-heading\" data-id=\"6a740186\" data-element_type=\"widget\" data-e-type=\"widget\" data-widget_type=\"ideapark-heading.default\">\n\t\t\t\t<div class=\"elementor-widget-container\">\n\t\t\t\t\t<div class=\"c-ip-heading c-ip-heading--small c-ip-heading--center c-ip-heading--bullet-hide\"><span class=\"c-ip-heading__inner\">LABORATORINIAI TYRIMAI<\/span><\/div>\t\t\t\t<\/div>\n\t\t\t\t<\/div>\n\t\t\t\t<div class=\"elementor-element elementor-element-55b4202a elementor-widget elementor-widget-ideapark-heading\" data-id=\"55b4202a\" data-element_type=\"widget\" data-e-type=\"widget\" data-widget_type=\"ideapark-heading.default\">\n\t\t\t\t<div class=\"elementor-widget-container\">\n\t\t\t\t\t<div class=\"c-ip-heading c-ip-heading--medium c-ip-heading--center c-ip-heading--bullet-hide\"><span class=\"c-ip-heading__inner\">Vitaminas K (Filochinonas)<\/span><\/div>\t\t\t\t<\/div>\n\t\t\t\t<\/div>\n\t\t\t\t<div class=\"elementor-element elementor-element-6fe8f9ed elementor-widget elementor-widget-ideapark-heading\" data-id=\"6fe8f9ed\" data-element_type=\"widget\" data-e-type=\"widget\" data-widget_type=\"ideapark-heading.default\">\n\t\t\t\t<div class=\"elementor-widget-container\">\n\t\t\t\t\t<div class=\"c-ip-heading c-ip-heading--medium c-ip-heading--center c-ip-heading--bullet-hide\"><span class=\"c-ip-heading__inner\">Prek\u0117s kodas: 18923<\/span><\/div>\t\t\t\t<\/div>\n\t\t\t\t<\/div>\n\t\t<div class=\"elementor-element elementor-element-70276c38 e-con-full e-flex e-con e-child\" data-id=\"70276c38\" data-element_type=\"container\" data-e-type=\"container\">\n\t\t<div class=\"elementor-element elementor-element-4db0be3 e-con-full e-flex e-con e-child\" data-id=\"4db0be3\" data-element_type=\"container\" data-e-type=\"container\" data-settings=\"{&quot;background_background&quot;:&quot;classic&quot;}\">\n\t\t\t\t<div class=\"elementor-element elementor-element-9243118 elementor-widget elementor-widget-heading\" data-id=\"9243118\" data-element_type=\"widget\" data-e-type=\"widget\" data-widget_type=\"heading.default\">\n\t\t\t\t<div class=\"elementor-widget-container\">\n\t\t\t\t\t<h2 class=\"elementor-heading-title elementor-size-default\">99,00 \u20ac<\/h2>\t\t\t\t<\/div>\n\t\t\t\t<\/div>\n\t\t\t\t<\/div>\n\t\t\t\t<\/div>\n\t\t<div class=\"elementor-element elementor-element-6f3582ee e-con-full e-flex e-con e-child\" data-id=\"6f3582ee\" data-element_type=\"container\" data-e-type=\"container\">\n\t\t\t\t<div class=\"elementor-element elementor-element-4967a036 elementor-view-default elementor-position-block-start elementor-mobile-position-block-start elementor-widget elementor-widget-icon-box\" data-id=\"4967a036\" data-element_type=\"widget\" data-e-type=\"widget\" data-widget_type=\"icon-box.default\">\n\t\t\t\t<div class=\"elementor-widget-container\">\n\t\t\t\t\t\t\t<div class=\"elementor-icon-box-wrapper\">\n\n\t\t\t\t\t\t<div class=\"elementor-icon-box-icon\">\n\t\t\t\t<span  class=\"elementor-icon\">\n\t\t\t\t<svg aria-hidden=\"true\" class=\"e-font-icon-svg e-fas-info-circle\" viewbox=\"0 0 512 512\" xmlns=\"http:\/\/www.w3.org\/2000\/svg\"><path d=\"M256 8C119.043 8 8 119.083 8 256c0 136.997 111.043 248 248 248s248-111.003 248-248C504 119.083 392.957 8 256 8zm0 110c23.196 0 42 18.804 42 42s-18.804 42-42 42-42-18.804-42-42 18.804-42 42-42zm56 254c0 6.627-5.373 12-12 12h-88c-6.627 0-12-5.373-12-12v-24c0-6.627 5.373-12 12-12h12v-64h-12c-6.627 0-12-5.373-12-12v-24c0-6.627 5.373-12 12-12h64c6.627 0 12 5.373 12 12v100h12c6.627 0 12 5.373 12 12v24z\"><\/path><\/svg>\t\t\t\t<\/span>\n\t\t\t<\/div>\n\t\t\t\n\t\t\t\t\t\t<div class=\"elementor-icon-box-content\">\n\n\t\t\t\t\t\t\t\t\t<h3 class=\"elementor-icon-box-title\">\n\t\t\t\t\t\t<span  >\n\t\t\t\t\t\t\tKraujo pa\u0117mimo mokestis 5,00 \u20ac \t\t\t\t\t\t<\/span>\n\t\t\t\t\t<\/h3>\n\t\t\t\t\n\t\t\t\t\n\t\t\t<\/div>\n\t\t\t\n\t\t<\/div>\n\t\t\t\t\t\t<\/div>\n\t\t\t\t<\/div>\n\t\t\t\t<div class=\"elementor-element elementor-element-5e282d3b elementor-align-center elementor-widget elementor-widget-button\" data-id=\"5e282d3b\" data-element_type=\"widget\" data-e-type=\"widget\" data-widget_type=\"button.default\">\n\t\t\t\t<div class=\"elementor-widget-container\">\n\t\t\t\t\t\t\t\t\t<div class=\"elementor-button-wrapper\">\n\t\t\t\t\t<a class=\"elementor-button elementor-button-link elementor-size-sm\" href=\"https:\/\/serveonline.lt\/cd3f8281-8a3c-4cda-9f55-0d38b44c062b\/company\" target=\"_blank\">\n\t\t\t\t\t\t<span class=\"elementor-button-content-wrapper\">\n\t\t\t\t\t\t\t\t\t<span class=\"elementor-button-text\">REGISTRACIJA INTERNETU<\/span>\n\t\t\t\t\t<\/span>\n\t\t\t\t\t<\/a>\n\t\t\t\t<\/div>\n\t\t\t\t\t\t\t\t<\/div>\n\t\t\t\t<\/div>\n\t\t\t\t<\/div>\n\t\t\t\t<\/div>\n\t\t\t\t\t<\/div>\n\t\t\t\t<\/div>\n\t\t<div class=\"elementor-element elementor-element-2add2036 e-flex e-con-boxed e-con e-parent\" data-id=\"2add2036\" data-element_type=\"container\" data-e-type=\"container\" data-settings=\"{&quot;background_background&quot;:&quot;classic&quot;}\">\n\t\t\t\t\t<div class=\"e-con-inner\">\n\t\t\t\t<div class=\"elementor-element elementor-element-75cd9952 elementor-widget elementor-widget-ideapark-heading\" data-id=\"75cd9952\" data-element_type=\"widget\" data-e-type=\"widget\" data-widget_type=\"ideapark-heading.default\">\n\t\t\t\t<div class=\"elementor-widget-container\">\n\t\t\t\t\t<div class=\"c-ip-heading c-ip-heading--medium c-ip-heading--center c-ip-heading--bullet-hide\"><span class=\"c-ip-heading__inner\">TYRIMO APRA\u0160YMAS<\/span><\/div>\t\t\t\t<\/div>\n\t\t\t\t<\/div>\n\t\t\t\t\t<\/div>\n\t\t\t\t<\/div>\n\t\t<div class=\"elementor-element elementor-element-716a65f3 e-flex e-con-boxed e-con e-parent\" data-id=\"716a65f3\" data-element_type=\"container\" data-e-type=\"container\">\n\t\t\t\t\t<div class=\"e-con-inner\">\n\t\t\t\t<div class=\"elementor-element elementor-element-7c9951f3 elementor-widget elementor-widget-text-editor\" data-id=\"7c9951f3\" data-element_type=\"widget\" data-e-type=\"widget\" data-widget_type=\"text-editor.default\">\n\t\t\t\t<div class=\"elementor-widget-container\">\n\t\t\t\t\t\t\t\t\t<p>Laboratorinis tyrimas, skirtas vitamino K (dar \u017einomo kaip filochinonas) lygiui nustatyti kraujyje, yra svarbus diagnostinis \u012frankis, padedantis \u012fvertinti \u017emogaus sveikatos b\u016bkl\u0119, ypa\u010d kraujo kre\u0161\u0117jimo sistemos funkcionavim\u0105. Vitaminas K yra b\u016btinas kraujo kre\u0161\u0117jimui, kaul\u0173 sveikatai ir tinkamam kalcio apykaitos reguliavimui. \u0160io tyrimo pagalba galima nustatyti galimus organizmo sutrikimus, steb\u0117ti tam tikr\u0173 lig\u0173 eig\u0105 ar \u012fvertinti gydymo efektyvum\u0105.<br \/><br \/><strong>Tyrimo paskirtis<\/strong><br \/><br \/>Vitaminas K tyrimas padeda nustatyti \u0161io vitamino tr\u016bkum\u0105 ar pertekli\u0173 organizme. Tr\u016bkumas gali sukelti kraujo kre\u0161\u0117jimo sutrikimus, d\u0117l kuri\u0173 atsiranda padid\u0117j\u0119s kraujavimo pavojus. Tuo tarpu perteklius gali rodyti kitas sveikatos problemas. Tyrimas da\u017enai rekomenduojamas asmenims, kuriems pasirei\u0161kia neai\u0161kios kilm\u0117s kraujavimai, arba tiems, kurie serga kepen\u0173 ligomis, nes kepenys yra pagrindinis organas, atsakingas u\u017e vitamino K metabolizm\u0105. Taip pat \u0161is tyrimas gali b\u016bti naudingas pacientams, vartojantiems tam tikrus vaistus, kurie gali paveikti vitamino K lyg\u012f.<br \/><br \/><strong>Simptomai ir indikacijos<\/strong><br \/><br \/>Gydytojai gali rekomenduoti vitamino K tyrim\u0105, jei pacientui pasirei\u0161kia tokie simptomai kaip da\u017eni nosies kraujavimai, danten\u0173 kraujavimas, ilgai nustoja kraujuoti \u017eaizdos arba m\u0117lyn\u0117s atsiranda be ai\u0161kios prie\u017easties. Profilakti\u0161kai tyrimas gali b\u016bti atliekamas n\u0117\u0161\u010dioms moterims, naujagimiams ar \u017emon\u0117ms, kuriems gresia osteoporoz\u0117. L\u0117tin\u0117s ligos, tokios kaip Krono liga ar celiakija, kurios gali sutrikdyti maistini\u0173 med\u017eiag\u0173 \u012fsisavinim\u0105, taip pat gali b\u016bti prie\u017eastis pasitikrinti vitamino K lyg\u012f.<br \/><br \/><strong>Tyrimo eiga<\/strong><br \/><br \/>Vitaminas K tyrimas atliekamas paimant kraujo m\u0117gin\u012f i\u0161 venos. Proced\u016bra yra greita ir paprasta, paprastai u\u017etrunkanti tik kelias minutes. Specialaus pasiruo\u0161imo da\u017eniausiai nereikia, ta\u010diau gali b\u016bti patarta nevartoti tam tikr\u0173 vaist\u0173 ar papild\u0173 prie\u0161 tyrim\u0105, kad rezultatai neb\u016bt\u0173 i\u0161kraipyti. Rezultatai paprastai b\u016bna paruo\u0161ti per kelias dienas.<br \/><br \/><strong>Rezultat\u0173 interpretavimas<\/strong><br \/><br \/>Padid\u0117j\u0119s vitamino K lygis gali rodyti pernelyg didel\u012f \u0161io vitamino vartojim\u0105 arba kitus sveikatos sutrikimus, pavyzd\u017eiui, kepen\u0173 ligas. Ma\u017eas vitamino K kiekis gali sukelti kraujo kre\u0161\u0117jimo problemas. Rezultatai gali b\u016bti laikini ir priklausyti nuo dietos ar vaist\u0173 vartojimo. Jei tyrimo rezultatai yra ne\u012fprasti, b\u016btina pasikonsultuoti su gydytoju, kuris gali rekomenduoti papildomus tyrimus arba gydym\u0105.<br \/><br \/><strong>Reik\u0161m\u0117 sveikatai<\/strong><br \/><br \/>Vitaminas K tyrimas yra svarbus, nes padeda i\u0161vengti komplikacij\u0173, susijusi\u0173 su kraujavimo sutrikimais, ir leid\u017eia laiku nustatyti bei gydyti tr\u016bkum\u0105 ar pertekli\u0173. Tai ypa\u010d svarbu \u017emon\u0117ms, kuriems gresia kraujavimo rizika arba kurie turi tam tikr\u0173 l\u0117tini\u0173 lig\u0173. Atlikus tyrim\u0105 ir nustatant tinkamus \u017eingsnius, galima u\u017ekirsti keli\u0105 rimtesniems sveikatos sutrikimams, u\u017etikrinant geresn\u0119 bendr\u0105 sveikatos b\u016bkl\u0119 ir gyvenimo kokyb\u0119.<\/p>\t\t\t\t\t\t\t\t<\/div>\n\t\t\t\t<\/div>\n\t\t\t\t\t<\/div>\n\t\t\t\t<\/div>\n\t\t<div class=\"elementor-element elementor-element-5cd2732e e-con-full e-flex e-con e-child\" data-id=\"5cd2732e\" data-element_type=\"container\" data-e-type=\"container\" data-settings=\"{&quot;background_background&quot;:&quot;classic&quot;}\">\n\t\t\t\t<div class=\"elementor-element elementor-element-63c69bd0 elementor-widget elementor-widget-ideapark-heading\" data-id=\"63c69bd0\" data-element_type=\"widget\" data-e-type=\"widget\" data-widget_type=\"ideapark-heading.default\">\n\t\t\t\t<div class=\"elementor-widget-container\">\n\t\t\t\t\t<div class=\"c-ip-heading c-ip-heading--small c-ip-heading--center c-ip-heading--bullet-hide\"><span class=\"c-ip-heading__inner\">REGISTRUOKIT\u0116S INTERNETU<\/span><\/div>\t\t\t\t<\/div>\n\t\t\t\t<\/div>\n\t\t\t\t<div class=\"elementor-element elementor-element-19a48de8 elementor-align-center elementor-widget elementor-widget-button\" data-id=\"19a48de8\" data-element_type=\"widget\" data-e-type=\"widget\" data-widget_type=\"button.default\">\n\t\t\t\t<div class=\"elementor-widget-container\">\n\t\t\t\t\t\t\t\t\t<div class=\"elementor-button-wrapper\">\n\t\t\t\t\t<a class=\"elementor-button elementor-button-link elementor-size-sm\" href=\"https:\/\/serveonline.lt\/cd3f8281-8a3c-4cda-9f55-0d38b44c062b\/company\" target=\"_blank\">\n\t\t\t\t\t\t<span class=\"elementor-button-content-wrapper\">\n\t\t\t\t\t\t\t\t\t<span class=\"elementor-button-text\">REGISTRACIJA PER SERVE.LT<\/span>\n\t\t\t\t\t<\/span>\n\t\t\t\t\t<\/a>\n\t\t\t\t<\/div>\n\t\t\t\t\t\t\t\t<\/div>\n\t\t\t\t<\/div>\n\t\t\t\t<\/div>\n\t\t<div class=\"elementor-element elementor-element-46dc0bfb e-flex e-con-boxed e-con e-parent\" data-id=\"46dc0bfb\" data-element_type=\"container\" data-e-type=\"container\">\n\t\t\t\t\t<div class=\"e-con-inner\">\n\t\t\t\t<div class=\"elementor-element elementor-element-17cdfbac elementor-widget elementor-widget-ideapark-heading\" data-id=\"17cdfbac\" data-element_type=\"widget\" data-e-type=\"widget\" data-widget_type=\"ideapark-heading.default\">\n\t\t\t\t<div class=\"elementor-widget-container\">\n\t\t\t\t\t<div class=\"c-ip-heading c-ip-heading--small c-ip-heading--center c-ip-heading--bullet-hide\"><span class=\"c-ip-heading__inner\">SEKITE MUS instagram<\/span><\/div>\t\t\t\t<\/div>\n\t\t\t\t<\/div>\n\t\t\t\t<div class=\"elementor-element elementor-element-68fdd4e0 elementor-widget elementor-widget-ideapark-heading\" data-id=\"68fdd4e0\" data-element_type=\"widget\" data-e-type=\"widget\" data-widget_type=\"ideapark-heading.default\">\n\t\t\t\t<div class=\"elementor-widget-container\">\n\t\t\t\t\t<div class=\"c-ip-heading c-ip-heading--medium c-ip-heading--center c-ip-heading--bullet-hide\"><span class=\"c-ip-heading__inner\"><a href=\"http:\/\/www.instagram.com\/miamedic.lt\" target=\"_blank\"> @miamedic.lt<\/a><\/span><\/div>\t\t\t\t<\/div>\n\t\t\t\t<\/div>\n\t\t\t\t\t<\/div>\n\t\t\t\t<\/div>\n\t\t\t\t<\/div>","protected":false},"excerpt":{"rendered":"<p>LABORATORINIAI TYRIMAI Vitaminas K (Filochinonas) Prek\u0117s kodas: 18923 99,00 \u20ac Kraujo pa\u0117mimo mokestis 5,00 \u20ac REGISTRACIJA INTERNETU TYRIMO APRA\u0160YMAS Laboratorinis tyrimas, skirtas&hellip;<\/p>","protected":false},"author":1,"featured_media":0,"parent":0,"menu_order":0,"comment_status":"closed","ping_status":"closed","template":"elementor_header_footer","meta":{"footnotes":""},"class_list":["post-11781","page","type-page","status-publish","hentry"],"_links":{"self":[{"href":"https:\/\/miamedic.lt\/en\/wp-json\/wp\/v2\/pages\/11781","targetHints":{"allow":["GET"]}}],"collection":[{"href":"https:\/\/miamedic.lt\/en\/wp-json\/wp\/v2\/pages"}],"about":[{"href":"https:\/\/miamedic.lt\/en\/wp-json\/wp\/v2\/types\/page"}],"author":[{"embeddable":true,"href":"https:\/\/miamedic.lt\/en\/wp-json\/wp\/v2\/users\/1"}],"replies":[{"embeddable":true,"href":"https:\/\/miamedic.lt\/en\/wp-json\/wp\/v2\/comments?post=11781"}],"version-history":[{"count":4,"href":"https:\/\/miamedic.lt\/en\/wp-json\/wp\/v2\/pages\/11781\/revisions"}],"predecessor-version":[{"id":11785,"href":"https:\/\/miamedic.lt\/en\/wp-json\/wp\/v2\/pages\/11781\/revisions\/11785"}],"wp:attachment":[{"href":"https:\/\/miamedic.lt\/en\/wp-json\/wp\/v2\/media?parent=11781"}],"curies":[{"name":"wp","href":"https:\/\/api.w.org\/{rel}","templated":true}]}}